{"id":10507,"date":"2020-05-07T08:34:54","date_gmt":"2020-05-07T08:34:54","guid":{"rendered":"https:\/\/live-english.net\/?page_id=10507"},"modified":"2023-06-21T13:07:38","modified_gmt":"2023-06-21T13:07:38","slug":"medizinisches-englisch","status":"publish","type":"page","link":"https:\/\/live-english.net\/de\/online-englisch-kurse\/business-englisch-lernen-online\/medizinisches-englisch\/","title":{"rendered":"Kurs f\u00fcr berufsbezogenes Englisch: medizinisches Englisch"},"content":{"rendered":"<p>Wenn Sie unmittelbar oder mittelbar im Medizinbereich t\u00e4tig sind, k\u00f6nnen Sie mithilfe dieses speziellen Online-Kurses f\u00fcr medizinbezogenes Englisch Ihre englischen Sprachkenntnisse anhand von Themen rund um die Medizin trainieren.<\/p>\n<h2>Warum Sie sich f\u00fcr das Kursangebot Medical English entscheiden sollten<\/h2>\n<p>Auch wenn Sie als Fachkraft im Medizinsektor wissen wie Sie komplexe medizinische Fachausdr\u00fccke verwenden, K\u00f6rperteile benennen und die Wirkweise bestimmter Medikamente erkl\u00e4ren k\u00f6nnen, kommen Ihnen die Begriffe eventuell nicht so leicht \u00fcber die Lippen, wenn Sie auf Englisch \u00fcber den Krankheitsverlauf eines Patienten sprechen sollen, sich auf einem internationalen medizinischen Fachkongress unterhalten oder in einer arbeitsbezogenen Situation auf Englisch kommunizieren m\u00fcssen.<br \/>\n<aside id=\"custom_html-81\" class=\"widget_text widget widget_custom_html amr_widget\"><div class=\"textwidget custom-html-widget\"><!--EN-->\r\n <!--FR-->\r\n<!--IT-->\r\n<aside id=\"custom_html-84\" class=\"widget_text widget widget_custom_html amr_widget\"><div class=\"textwidget custom-html-widget\"><a href=\"https:\/\/member.booknstart.com\/trial-registration?lg=de&amp;referred_by=sCTA&amp;office_id=3\" title=\"Book a Free Trial Lesson\" target=\"_blank\" rel=\"noopener\"><img decoding=\"async\" src=\"https:\/\/live-english.net\/wp-content\/uploads\/2023\/02\/sCTA-de.jpg\" alt=\"Book your Free English Trial lesson\" \/><\/a><\/div><\/aside><!--DE-->\r\n <!--ES-->\r\n <!--HE\r\n[do_widget id=custom_html-72] <!--RU-->\r\n<div>\r\n\t<br><br>\r\n<\/div><\/div><\/aside><\/p>\n<h2>Woraus besteht der Inhalt des Kurses Medical English?<\/h2>\n<p>Der Online-Kurs mit einer Live-English.net-Lehrkraft, deren Muttersprache Englisch ist, umfasst Folgendes:<\/p>\n<ul>\n<li>Verwendung spezifischer Unterrichtsmaterialien aus der sogenannten Study Box mit Fokus auf medizinische Themen sowie aktuelle Fragestellungen aus dem Bereich<\/li>\n<li>Praktische \u00dcbungen zur Anwendung Ihrer Englischkenntnisse mit dem Ziel, ein besseres Gesp\u00fcr f\u00fcr die berufsbezogene Kommunikation in englischer Sprache zu erhalten<\/li>\n<li>Verbesserung der Redegewandtheit und Richtigkeit Ihrer Sprachanwendung, da dies in Ihrem medizinischen Beruf von zentraler Bedeutung ist<\/li>\n<\/ul>\n<p>Dieser Kurs hilft Ihnen dabei, Ihren medizinbezogenen und nicht-medizinbezogenen Wortschatz auszuweiten, damit Sie sich in Ihrem Beruf weiterentwickeln k\u00f6nnen. Es wird Ihnen leichter fallen, die umgangssprachlichen Ausdr\u00fccke Ihrer Kollegen, Patienten oder Kunden zu verstehen, insbesondere Redewendungen.<\/p>\n<h2>An wen richtet sich das Kursangebot \u201eMedical English\u201c?<\/h2>\n<p>Bei der Gestaltung des Live-English.net-Kurses lag der Blick auf Fachkr\u00e4fte, die in einem medizinbezogenen Arbeitsbereich t\u00e4tig sind. Er bietet diesen die M\u00f6glichkeit, Englisch anhand von Themen zu \u00fcben, die f\u00fcr sie wirklich von Belang sind. Die Lehrkr\u00e4fte, die diesen Kurs leiten, sind Muttersprachler mit Kenntnissen und Erfahrung in Sachgebieten mit Medizinbezug und verstehen medizinische Fachbegriffe.<\/p>\n<p>Unter denen, die sich f\u00fcr diesen Englischkurs entscheiden, finden sich \u00c4rzte, Krankenpfleger, Zahn\u00e4rzte, Pflegekr\u00e4fte, Apotheker, Physiotherapeuten, Ergotherapeuten, B\u00fcrokr\u00e4fte im Medizinbereich, Krankenhausangestellte, Mitarbeiter der Krankenhausverwaltung, Radiologen, Medizinforscher, Praktiker der Alternativ- und Komplement\u00e4rmedizin sowie Vertriebsangestellte f\u00fcr Medizinprodukte und Arzneimittel.<\/p>\n<h2>Wie l\u00e4uft das Online-Kursangebot Medical English in der Praxis ab?<\/h2>\n<p>Wenn Sie sich f\u00fcr einen Medical-English-Kurs entscheiden, erhalten Sie Zugriff auf eine Vielzahl an Ressourcen in der Study Box mit Fokus auf medizinbezogenen Neuigkeiten. Die Lehrkr\u00e4fte verf\u00fcgen \u00fcber spezifische Erfahrungen darin, englische medizinische Fachsprache zu vermitteln. F\u00fcr ihre Unterrichtseinheiten verwenden sie Skype und Zoom oder einfach das Telefon. Sie sind mit der Fachsprache vertraut und kennen die p\u00e4dagogischen Ressourcen des Kurses Medical English. Pro Woche eine Unterrichtseinheit abzuhalten ist ideal f\u00fcr alle, deren berufsbezogene Englischkenntnisse bereits ein gutes Niveau haben und die es sich zum Ziel gesetzt haben, ihren Kenntnisstand zu halten. Wenn das Ziel darin besteht, die Kenntnisse auszuweiten, empfehlen wir 2 bis 3 Unterrichtseinheiten eines Konversationskurses. Es hat sich zudem bew\u00e4hrt, mit 2 unterschiedlichen Lehrkr\u00e4ften zu lernen, um sich nicht an einen bestimmten Akzent zu gew\u00f6hnen.<br \/>\nWir m\u00f6chten Sie auch noch darauf aufmerksam machen, dass wir ein spezielles Angebot f\u00fcr alle haben, die daran interessiert sind, ihr <a title=\"Englisch in unterschiedlichen Berufsfeldern\" href=\"https:\/\/live-english.net\/english-courses\/business-english-course\/\">Englisch in unterschiedlichen Berufsfeldern<\/a> zu verbessern.<\/p>\n<p>Wollen Sie mehr \u00fcber unsere Online-Kurse f\u00fcr Medical English erfahren? Melden Sie sich jetzt f\u00fcr eine <a title=\"kostenlose Englisch Probestunde\" href=\"https:\/\/live-english.net\/free-trial\/\">kostenlose Probestunde<\/a> an und besprechen Sie mit einem unserer Lehrer, welche Lernziele und Anforderungen Sie haben.<\/p>\n <aside id=\"custom_html-66\" class=\"widget_text widget widget_custom_html amr_widget\"><div class=\"textwidget custom-html-widget\"><div>\r\n\t<br><br>\r\n<\/div>\r\n<!--EN-->\r\n <!--FR-->\r\n<!--IT-->\r\n<aside id=\"custom_html-77\" class=\"widget_text widget widget_custom_html amr_widget\"><div class=\"textwidget custom-html-widget\"><div><a href=\"https:\/\/member.booknstart.com\/trial-registration?lg=de&amp;referred_by=CTA&amp;office_id=3\" title=\"Book a Free Trial Lesson\" target=\"_blank\" rel=\"noopener\"><img alt=\"Book your free English trial lesson\" src='https:\/\/live-english.net\/wp-content\/uploads\/2023\/02\/CTA-probestunde.jpg'><\/a>\t\r\n<\/div><\/div><\/aside><!--DE-->\r\n <!--ES-->\r\n <!--HE-->\r\n <!--RU--><\/div><\/aside>","protected":false},"excerpt":{"rendered":"<p>Wenn Sie unmittelbar oder mittelbar im Medizinbereich t\u00e4tig sind, k\u00f6nnen Sie mithilfe dieses speziellen Online-Kurses f\u00fcr medizinbezogenes Englisch Ihre englischen Sprachkenntnisse anhand von Themen rund um die Medizin trainieren. Warum Sie sich f\u00fcr das Kursangebot Medical English entscheiden sollten Auch<\/p>\n","protected":false},"author":1,"featured_media":29487,"parent":444,"menu_order":0,"comment_status":"closed","ping_status":"closed","template":"","meta":{"_monsterinsights_skip_tracking":false,"_monsterinsights_sitenote_active":false,"_monsterinsights_sitenote_note":"","_monsterinsights_sitenote_category":0,"footnotes":""},"class_list":["post-10507","page","type-page","status-publish","hentry"],"_links":{"self":[{"href":"https:\/\/live-english.net\/de\/wp-json\/wp\/v2\/pages\/10507","targetHints":{"allow":["GET"]}}],"collection":[{"href":"https:\/\/live-english.net\/de\/wp-json\/wp\/v2\/pages"}],"about":[{"href":"https:\/\/live-english.net\/de\/wp-json\/wp\/v2\/types\/page"}],"author":[{"embeddable":true,"href":"https:\/\/live-english.net\/de\/wp-json\/wp\/v2\/users\/1"}],"replies":[{"embeddable":true,"href":"https:\/\/live-english.net\/de\/wp-json\/wp\/v2\/comments?post=10507"}],"version-history":[{"count":6,"href":"https:\/\/live-english.net\/de\/wp-json\/wp\/v2\/pages\/10507\/revisions"}],"predecessor-version":[{"id":29495,"href":"https:\/\/live-english.net\/de\/wp-json\/wp\/v2\/pages\/10507\/revisions\/29495"}],"up":[{"embeddable":true,"href":"https:\/\/live-english.net\/de\/wp-json\/wp\/v2\/pages\/444"}],"wp:featuredmedia":[{"embeddable":true,"href":"https:\/\/live-english.net\/de\/wp-json\/wp\/v2\/media\/29487"}],"wp:attachment":[{"href":"https:\/\/live-english.net\/de\/wp-json\/wp\/v2\/media?parent=10507"}],"curies":[{"name":"wp","href":"https:\/\/api.w.org\/{rel}","templated":true}]}}