{"id":10563,"date":"2020-05-07T10:55:56","date_gmt":"2020-05-07T10:55:56","guid":{"rendered":"https:\/\/live-english.net\/?page_id=10563"},"modified":"2023-06-21T08:27:55","modified_gmt":"2023-06-21T08:27:55","slug":"berufsbezogenes-englisch-personalwesen","status":"publish","type":"page","link":"https:\/\/live-english.net\/de\/online-englisch-kurse\/business-englisch-lernen-online\/berufsbezogenes-englisch-personalwesen\/","title":{"rendered":"Kurs f\u00fcr berufsbezogenes Englisch \u2013 Personalwesen"},"content":{"rendered":"<p>Sind Sie im Personalwesen t\u00e4tig oder hat Ihre Arbeit etwas mit Personalwesen zu tun? Dann ist dieser Englischkurs mit seinem spezifischen Blick auf Fragen des Personalwesens wie f\u00fcr Sie gemacht.<br \/>\nThemen aus dem Bereich Personalwesen bestimmen das Programm dieses Kurses. Unsere Lehrer sind Muttersprachler und haben ebenfalls im Personalwesen gearbeitet. So wird es Ihnen gelingen, ein ganz anderes Niveau im Englischen zu erreichen.<\/p>\n<h2>Was genau versteckt sich hinter dem Kursangebot Business English Personalwesen?<\/h2>\n<p>Personalverwaltung umfasst sowohl strategische als auch \u00fcbergreifende Ans\u00e4tze zur F\u00fchrung von Menschen, zur Arbeitsplatzkultur und zum Arbeitsumfeld.<br \/>\nMitarbeiter aus dem Personalwesen haben die Aufgabe, sicherzustellen, dass das wichtigste Gut des Unternehmens \u2013 sein Humankapital \u2013 durch die Entwicklung und Verwaltung von Programmen, Richtlinien und Verfahrensregeln gef\u00f6rdert und unterst\u00fctzt wird. Au\u00dferdem ist ihnen daran gelegen, durch effektive Beziehungen zwischen Arbeitnehmer und Arbeitgeber ein positives Arbeitsumfeld zu schaffen. F\u00fcr Mitglieder von Teams, die auf internationaler Ebene wachsen, und f\u00fcr Unternehmen, die ihre Gesch\u00e4ftst\u00e4tigkeit im Ausland ausweiten wollen, ist es unverzichtbar, die englische Sprache sicher zu beherrschen und die n\u00f6tigen Fachausdr\u00fccke aus dem Personalwesen zu kennen, um mit Kollegen im Ausland zusammenzuarbeiten und zu kommunizieren.<br \/>\n<aside id=\"custom_html-81\" class=\"widget_text widget widget_custom_html amr_widget\"><div class=\"textwidget custom-html-widget\"><!--EN-->\r\n <!--FR-->\r\n<!--IT-->\r\n<aside id=\"custom_html-84\" class=\"widget_text widget widget_custom_html amr_widget\"><div class=\"textwidget custom-html-widget\"><a href=\"https:\/\/member.booknstart.com\/trial-registration?lg=de&amp;referred_by=sCTA&amp;office_id=3\" title=\"Book a Free Trial Lesson\" target=\"_blank\" rel=\"noopener\"><img decoding=\"async\" src=\"https:\/\/live-english.net\/wp-content\/uploads\/2023\/02\/sCTA-de.jpg\" alt=\"Book your Free English Trial lesson\" \/><\/a><\/div><\/aside><!--DE-->\r\n <!--ES-->\r\n <!--HE\r\n[do_widget id=custom_html-72] <!--RU-->\r\n<div>\r\n\t<br><br>\r\n<\/div><\/div><\/aside><\/p>\n<h2>Woraus besteht der Inhalt des Kurses Business English Personalwesen?<\/h2>\n<p>Personalwesen ist ein extrem weites Feld. Je nachdem, wie Ihre individuellen Anforderungen lauten, k\u00f6nnen in den Sprachkursen viele unterschiedliche Aspekte behandelt werden, wie z. B.:<\/p>\n<ul>\n<li>Verg\u00fctung und Arbeitgeberleistungen<\/li>\n<li>Mitarbeiterbindung<\/li>\n<li>Arbeitsrecht<\/li>\n<li>Feuern von Mitarbeitern<\/li>\n<li>Bewerbungsgespr\u00e4che aus der Perspektive des Personalwesens<\/li>\n<li>Beziehungen zu Tarifpartnern und Angestellten<\/li>\n<li>Organisationsentwicklung<\/li>\n<li>Personalbeschaffung<\/li>\n<li>Arbeitsplatzabbau<\/li>\n<li>Auswahl<\/li>\n<li>Mitarbeiterschulung und -entwicklung<\/li>\n<li>Strategische Planung<\/li>\n<li>Fort- und Weiterbildungen<\/li>\n<li>Arbeitsplatzpsychologie<\/li>\n<\/ul>\n<h2>Englischkurs Personalwesen: An wen richtet sich dieses Angebot?<\/h2>\n<p>Idealerweise befinden sich Ihre Englischkenntnisse bereits auf mittlerem Niveau oder dar\u00fcber. Der berufliche Hintergrund der Kursteilnehmer kann sehr unterschiedlich sein. Egal, ob Sie ein kleines Unternehmen f\u00fchren oder f\u00fcr eine Arbeitsvermittlung, als Headhunter, F\u00fchrungskraft im Personalwesen, Nachwuchskraft in der Unternehmensf\u00fchrung, Personalvermittler, Verantwortlicher f\u00fcr Schulungen und Personalentwicklung oder Fachkraft f\u00fcr die Entwicklung von Schulungsprogrammen arbeiten, werden Sie f\u00fcr sich pers\u00f6nlich wertvolle Erkenntnisse und Informationen aus diesem Englischkurs mitnehmen.<\/p>\n<h2>Wie l\u00e4uft das Online-Kursangebot Business English Personalwesen in der Praxis ab?<\/h2>\n<p>Wenn Sie sich f\u00fcr einen Personalwesen-Englischkurs entscheiden, erhalten Sie Zugriff auf eine Vielzahl an Ressourcen in der Study Box mit Fokus auf personalwesenbezogene Neuigkeiten. Die Lehrer sind erfahrene Englischlehrkr\u00e4fte und kennen sich im Bereich Personalwesen gut aus. F\u00fcr ihre Unterrichtseinheiten verwenden sie online Skype und Zoom oder einfach das Telefon. Sie sind mit der Fachsprache vertraut und kennen die p\u00e4dagogischen Ressourcen des Kurses Englisch f\u00fcr das Personalwesen. Pro Woche eine Unterrichtseinheit abzuhalten ist ideal f\u00fcr alle, deren berufsbezogene Englischkenntnisse bereits ein gutes Niveau haben und die sich zum Ziel gesetzt haben, ihren Kenntnisstand zu halten. Wenn das Ziel darin besteht, die Kenntnisse auszuweiten, empfehlen wir 2 bis 3 Englischstunden. Es hat sich zudem bew\u00e4hrt, mit 2 unterschiedlichen Lehrkr\u00e4ften zu lernen, um sich nicht an einen bestimmten Akzent zu gew\u00f6hnen.<br \/>\nWir m\u00f6chten Sie auch noch darauf aufmerksam machen, dass wir ein spezielles Angebot f\u00fcr alle haben, die daran interessiert sind, ihr <a href=\"https:\/\/live-english.net\/english-courses\/business-english-course\/\" title=\"Englisch in unterschiedlichen Berufsfeldern\">Englisch in unterschiedlichen Berufsfeldern<\/a> zu verbessern.<\/p>\n<p>Wollen Sie mehr \u00fcber unsere Online-Kurse f\u00fcr Englisch f\u00fcr das Personalwesen erfahren? Melden Sie sich jetzt f\u00fcr eine <a href=\"https:\/\/live-english.net\/free-trial\/\" title=\"kostenlose Englisch Probestunde\">kostenlose Probestunde<\/a> an und besprechen Sie mit einem unserer Lehrer, welche Lernziele und Anforderungen Sie haben.<\/p>\n <aside id=\"custom_html-66\" class=\"widget_text widget widget_custom_html amr_widget\"><div class=\"textwidget custom-html-widget\"><div>\r\n\t<br><br>\r\n<\/div>\r\n<!--EN-->\r\n <!--FR-->\r\n<!--IT-->\r\n<aside id=\"custom_html-77\" class=\"widget_text widget widget_custom_html amr_widget\"><div class=\"textwidget custom-html-widget\"><div><a href=\"https:\/\/member.booknstart.com\/trial-registration?lg=de&amp;referred_by=CTA&amp;office_id=3\" title=\"Book a Free Trial Lesson\" target=\"_blank\" rel=\"noopener\"><img alt=\"Book your free English trial lesson\" src='https:\/\/live-english.net\/wp-content\/uploads\/2023\/02\/CTA-probestunde.jpg'><\/a>\t\r\n<\/div><\/div><\/aside><!--DE-->\r\n <!--ES-->\r\n <!--HE-->\r\n <!--RU--><\/div><\/aside>","protected":false},"excerpt":{"rendered":"<p>Sind Sie im Personalwesen t\u00e4tig oder hat Ihre Arbeit etwas mit Personalwesen zu tun? Dann ist dieser Englischkurs mit seinem spezifischen Blick auf Fragen des Personalwesens wie f\u00fcr Sie gemacht. Themen aus dem Bereich Personalwesen bestimmen das Programm dieses Kurses.<\/p>\n","protected":false},"author":1,"featured_media":29361,"parent":444,"menu_order":0,"comment_status":"closed","ping_status":"closed","template":"","meta":{"_monsterinsights_skip_tracking":false,"_monsterinsights_sitenote_active":false,"_monsterinsights_sitenote_note":"","_monsterinsights_sitenote_category":0,"footnotes":""},"class_list":["post-10563","page","type-page","status-publish","hentry"],"_links":{"self":[{"href":"https:\/\/live-english.net\/de\/wp-json\/wp\/v2\/pages\/10563","targetHints":{"allow":["GET"]}}],"collection":[{"href":"https:\/\/live-english.net\/de\/wp-json\/wp\/v2\/pages"}],"about":[{"href":"https:\/\/live-english.net\/de\/wp-json\/wp\/v2\/types\/page"}],"author":[{"embeddable":true,"href":"https:\/\/live-english.net\/de\/wp-json\/wp\/v2\/users\/1"}],"replies":[{"embeddable":true,"href":"https:\/\/live-english.net\/de\/wp-json\/wp\/v2\/comments?post=10563"}],"version-history":[{"count":2,"href":"https:\/\/live-english.net\/de\/wp-json\/wp\/v2\/pages\/10563\/revisions"}],"predecessor-version":[{"id":29369,"href":"https:\/\/live-english.net\/de\/wp-json\/wp\/v2\/pages\/10563\/revisions\/29369"}],"up":[{"embeddable":true,"href":"https:\/\/live-english.net\/de\/wp-json\/wp\/v2\/pages\/444"}],"wp:featuredmedia":[{"embeddable":true,"href":"https:\/\/live-english.net\/de\/wp-json\/wp\/v2\/media\/29361"}],"wp:attachment":[{"href":"https:\/\/live-english.net\/de\/wp-json\/wp\/v2\/media?parent=10563"}],"curies":[{"name":"wp","href":"https:\/\/api.w.org\/{rel}","templated":true}]}}