{"id":10979,"date":"2020-05-24T11:00:49","date_gmt":"2020-05-24T11:00:49","guid":{"rendered":"https:\/\/live-english.net\/?page_id=10979"},"modified":"2023-02-13T08:09:10","modified_gmt":"2023-02-13T08:09:10","slug":"professioneller-englischkurs-wissenschaft-technologie","status":"publish","type":"page","link":"https:\/\/live-english.net\/de\/online-englisch-kurse\/business-englisch-lernen-online\/professioneller-englischkurs-wissenschaft-technologie\/","title":{"rendered":"Professioneller Englischkurs: Wissenschaft und Technologie"},"content":{"rendered":"<p>Haben Sie das Gef\u00fchl, dass Sie in beruflichen Situationen M\u00fche haben, sich auf Englisch auszudr\u00fccken? Dieser Englischkurs f\u00fcr Fachkr\u00e4fte in Wissenschaft und Technologie wird Ihnen eine gro\u00dfe Hilfe sein.<\/p>\n<h2>F\u00fcr wen eignet sich der professionelle Englischkurs, der auf wissenschaftliches Englisch spezialisiert ist?<\/h2>\n<p>Fachkr\u00e4fte aus den folgenden Bereichen sollten in einem sicheren Umfeld ihre englischen Konversationsf\u00e4higkeiten verbessern:<\/p>\n<ul>\n<li>Ingenieure<\/li>\n<li>Chemieingenieure<\/li>\n<li>Informatiker<\/li>\n<li>Software-Analytiker<\/li>\n<li>Systemadministratoren<\/li>\n<li>R&#038;D manager<\/li>\n<li>Andere wissenschaftsbezogene Berufe<\/li>\n<\/ul>\n<h2>Warum sollten Sie an einem professionellen Englischkurs, spezialisiert auf Wissenschaft und Technologie, teilnehmen?<\/h2>\n<p>Die meisten dieser Berufe erfordern, dass Sie Englisch lernen. Deshalb kommen Sie wohl einigerma\u00dfen zurecht und k\u00f6nnen in bestimmten Bereichen Ihres Berufsfeldes kommunizieren, aber Sie sollten Ihre allgemeinen Konversationsfertigkeiten und Ihren gesamten Wortschatz verbessern.<\/p>\n<p>Sie denken jetzt, dass es Zeit wird, in Ihre Englischkenntnisse zu investieren, damit Sie mehr Selbstvertrauen gewinnen, wenn Sie mit Kollegen, Kunden oder Gesch\u00e4ftspartnern Englisch sprechen. Dann wird es auch kein Problem mehr sein, an Besprechungen und Konferenzen auf Englisch teilzunehmen und sogar Networking in Englisch zu betreiben.<\/p>\n<h2>Was beinhaltet der professionelle Englischkurs f\u00fcr Fachkr\u00e4fte, spezialisiert auf Wissenschaft und Technologie?<\/h2>\n<p>In diesem Kurs lernen Sie mit Lehrern, die mit Wissenschaft und Technologie vertraut sind. Sie stellen Ihnen den Wortschatz zur Verf\u00fcgung, den Sie in bestimmten beruflichen Situationen ben\u00f6tigen. <\/p>\n<p>Au\u00dferdem k\u00f6nnen Sie in unserer Study Box Artikel aus Wissenschaft und Technologie ausw\u00e4hlen. Sie k\u00f6nnen Artikel vieler unterschiedlicher Quellen lesen und Themen diskutieren, die Ihr Berufsfeld betreffen.<\/p>\n<p>Wir m\u00f6chten Sie auch dazu anregen, Artikel au\u00dferhalb Ihrer Komfortzone zu w\u00e4hlen, um neues Vokabular zu lernen und im Bedarfsfall Unklarheiten zur Grammatik zu \u00fcberpr\u00fcfen. <\/p>\n<p><iframe width=\"560\" height=\"315\" src=\"https:\/\/www.youtube.com\/embed\/KnFxsk3KE7Y\" frameborder=\"0\" allow=\"accelerometer; autoplay; encrypted-media; gyroscope; picture-in-picture\" allowfullscreen><\/iframe><\/p>\n<h2>Wie findet der professionelle Englischkurs f\u00fcr Wissenschaft und Technologie statt?<\/h2>\n<p>Durch die Wahl wissenschaftlichen Englischunterrichts erhalten Sie Zugang zu einer gro\u00dfen Bandbreite von Materialien in der Study Box, die auf Wissenschaft und Technologie spezialisiert ist. Die Lehrer unterrichten online per Skype, Zoom oder Telefon und wurden nicht nur aufgrund ihres Wissens und ihrer Berufserfahrung in diesem Bereich ausgew\u00e4hlt, sondern auch dazu ausgebildet, Ihnen eine optimale Lernerfahrung zu bieten. Eine Sitzung pro Woche ist ausgezeichnet f\u00fcr Personen, die bereits gute Kenntnisse in wissenschaftlichem Englisch besitzen und deren Ziel haupts\u00e4chlich darin besteht, ihr sprachliches Niveau aufrechtzuerhalten. Wenn Sie sich als Ziel gesetzt haben, Ihr Sprachniveau zu verbessern, empfehlen wir 2 bis 3 Englischlektionen pro Woche. Eine gute \u00dcbung ist auch der Unterricht mit 2 Lehrern, damit Sie sich nicht zu sehr an einen bestimmten Akzent gew\u00f6hnen.<\/p>\n<p>Live-English.net hat seit 2007 tausenden von Fachkr\u00e4ften aus dem Gebiet der Wissenschaft und Technologie geholfen, ihr professionelles Englisch zu verbessern. Informieren Sie sich, wie wir Ihnen helfen k\u00f6nnen. <a href=\"https:\/\/live-english.net\/free-trial\/\">Melden Sie sich zu einer Probelektion an<\/a>!<\/p>\n <aside id=\"custom_html-66\" class=\"widget_text widget widget_custom_html amr_widget\"><div class=\"textwidget custom-html-widget\"><div>\r\n\t<br><br>\r\n<\/div>\r\n<!--EN-->\r\n <!--FR-->\r\n<!--IT-->\r\n<aside id=\"custom_html-77\" class=\"widget_text widget widget_custom_html amr_widget\"><div class=\"textwidget custom-html-widget\"><div><a href=\"https:\/\/member.booknstart.com\/trial-registration?lg=de&amp;referred_by=CTA&amp;office_id=3\" title=\"Book a Free Trial Lesson\" target=\"_blank\" rel=\"noopener\"><img alt=\"Book your free English trial lesson\" src='https:\/\/live-english.net\/wp-content\/uploads\/2023\/02\/CTA-probestunde.jpg'><\/a>\t\r\n<\/div><\/div><\/aside><!--DE-->\r\n <!--ES-->\r\n <!--HE-->\r\n <!--RU--><\/div><\/aside>","protected":false},"excerpt":{"rendered":"<p>Haben Sie das Gef\u00fchl, dass Sie in beruflichen Situationen M\u00fche haben, sich auf Englisch auszudr\u00fccken? Dieser Englischkurs f\u00fcr Fachkr\u00e4fte in Wissenschaft und Technologie wird Ihnen eine gro\u00dfe Hilfe sein. F\u00fcr wen eignet sich der professionelle Englischkurs, der auf wissenschaftliches Englisch<\/p>\n","protected":false},"author":1,"featured_media":24247,"parent":444,"menu_order":0,"comment_status":"closed","ping_status":"closed","template":"","meta":{"_monsterinsights_skip_tracking":false,"_monsterinsights_sitenote_active":false,"_monsterinsights_sitenote_note":"","_monsterinsights_sitenote_category":0,"footnotes":""},"class_list":["post-10979","page","type-page","status-publish","hentry"],"_links":{"self":[{"href":"https:\/\/live-english.net\/de\/wp-json\/wp\/v2\/pages\/10979","targetHints":{"allow":["GET"]}}],"collection":[{"href":"https:\/\/live-english.net\/de\/wp-json\/wp\/v2\/pages"}],"about":[{"href":"https:\/\/live-english.net\/de\/wp-json\/wp\/v2\/types\/page"}],"author":[{"embeddable":true,"href":"https:\/\/live-english.net\/de\/wp-json\/wp\/v2\/users\/1"}],"replies":[{"embeddable":true,"href":"https:\/\/live-english.net\/de\/wp-json\/wp\/v2\/comments?post=10979"}],"version-history":[{"count":1,"href":"https:\/\/live-english.net\/de\/wp-json\/wp\/v2\/pages\/10979\/revisions"}],"predecessor-version":[{"id":24255,"href":"https:\/\/live-english.net\/de\/wp-json\/wp\/v2\/pages\/10979\/revisions\/24255"}],"up":[{"embeddable":true,"href":"https:\/\/live-english.net\/de\/wp-json\/wp\/v2\/pages\/444"}],"wp:featuredmedia":[{"embeddable":true,"href":"https:\/\/live-english.net\/de\/wp-json\/wp\/v2\/media\/24247"}],"wp:attachment":[{"href":"https:\/\/live-english.net\/de\/wp-json\/wp\/v2\/media?parent=10979"}],"curies":[{"name":"wp","href":"https:\/\/api.w.org\/{rel}","templated":true}]}}