{"id":11012,"date":"2020-05-24T12:50:51","date_gmt":"2020-05-24T12:50:51","guid":{"rendered":"https:\/\/live-english.net\/?page_id=11012"},"modified":"2025-11-27T12:00:45","modified_gmt":"2025-11-27T12:00:45","slug":"kurs-allgemeines-geschaeftsenglisch","status":"publish","type":"page","link":"https:\/\/live-english.net\/de\/online-englisch-kurse\/business-englisch-lernen-online\/kurs-allgemeines-geschaeftsenglisch\/","title":{"rendered":"Kurs f\u00fcr allgemeines Gesch\u00e4ftsenglisch"},"content":{"rendered":"<p>Wenn Sie darauf abzielen, allgemeine Gesch\u00e4ftsthemen mit Kollegen oder Kunden in Englisch besprechen zu k\u00f6nnen, dann ist das der richtige Kurs f\u00fcr Sie. Sie werden online von muttersprachlichen Englischlehrern per Zoom oder Google Meet unterrichtet, die aus erster Hand Gesch\u00e4ftsenglisch beherrschen und professionelle Gesch\u00e4ftserfahrung besitzen.<\/p>\n<h2>Warum sollte man sich auf allgemeines Gesch\u00e4ftsenglisch konzentrieren?<\/h2>\n<p>Gesch\u00e4ftsenglisch wird sehr h\u00e4ufig in allen Berufsfeldern verwendet, besonders in solchen, die mit Handel und Verkauf zu tun haben und es unterscheidet sich deutlich von allgemeinem Englisch an sich. Durch die Konzentration auf Gesch\u00e4ftsthemen erwerben Sie mehr Selbstvertrauen in Englisch, wenn Sie mit Kollegen und Kunden auf Englisch kommunizieren.<\/p>\n<p>Dieser Kursverlauf ist zudem sehr flexibel. Wenn es Ihnen lieber ist, k\u00f6nnen Sie sich zeitweise auf berufsbezogenes Englisch konzentrieren und einen anderen Teil des Unterrichts darauf verwenden, Ihre allgemeinen Englischkenntnisse aufzufrischen. Sie ben\u00f6tigen schlie\u00dflich gute grammatische Grundkenntnisse und einen allgemeinen Wortschatz, um flie\u00dfend Gesch\u00e4ftsenglisch zu sprechen.<br \/>\n<aside id=\"custom_html-81\" class=\"widget_text widget widget_custom_html amr_widget\"><div class=\"textwidget custom-html-widget\"><!--EN-->\r\n <!--FR-->\r\n<!--IT-->\r\n<aside id=\"custom_html-84\" class=\"widget_text widget widget_custom_html amr_widget\"><div class=\"textwidget custom-html-widget\"><a href=\"https:\/\/member.booknstart.com\/trial-registration?lg=de&amp;referred_by=sCTA&amp;office_id=3\" title=\"Book a Free Trial Lesson\" target=\"_blank\" rel=\"noopener\"><img decoding=\"async\" src=\"https:\/\/live-english.net\/wp-content\/uploads\/2023\/02\/sCTA-de.jpg\" alt=\"Book your Free English Trial lesson\" \/><\/a><\/div><\/aside><!--DE-->\r\n <!--ES-->\r\n <!--HE\r\n[do_widget id=custom_html-72] <!--RU-->\r\n<div>\r\n\t<br><br>\r\n<\/div><\/div><\/aside><\/p>\n<h2>Was beinhaltet der Kurs f\u00fcr allgemeines Gesch\u00e4ftsenglisch?<\/h2>\n<p>Wenn Sie den Online-Kurs f\u00fcr Gesch\u00e4ftsenglisch w\u00e4hlen, lernen Sie mit muttersprachlichen Englischlehrern, die sich auf dieses Berufsfeld spezialisiert haben. Es ist ein gro\u00dfer Vorteil, von Lehrern unterrichtet zu werden, die diesen speziellen Bereich der englischen Sprache auch aktiv anwenden.<\/p>\n<p>Wir bieten Ihnen ebenfalls Material, um Ihre Englischfertigkeiten in Ihrem speziellen Berufsfeld zu erweitern. Sie erhalten Zugang zu allgemeinen Quellen des Gesch\u00e4ftsenglisch, die Ihnen bei der Verbesserung von Wortschatz, Grammatik und der Sprachgewandtheit helfen.<\/p>\n<h2>Kurs f\u00fcr allgemeines Gesch\u00e4ftsenglisch: F\u00fcr welche Personen eignet er sich?<\/h2>\n<p>Wenn Sie eine Fachkraft sind, die Englisch im Beruf ben\u00f6tigt, dann ist das der richtige Kurs f\u00fcr Sie.<\/p>\n<p>Gute Sprachkenntnisse in Gesch\u00e4ftsenglisch k\u00f6nnen Ihre Karriere und Ihren Erfolg in der Firma f\u00f6rdern und in allen Berufsbereichen neue Chancen er\u00f6ffnen. Wenn Sie auf internationaler Ebene t\u00e4tig sein m\u00f6chten, ist Gesch\u00e4ftsenglisch der Schl\u00fcssel, der die meisten T\u00fcren zur heutigen Gesch\u00e4ftswelt \u00f6ffnet.<\/p>\n<p>Als Fachkraft h\u00e4ngt Ihr berufliches Fortkommen von dem Wert ab, den Sie in ein Unternehmen einbringen. Mit guten Kenntnissen in Gesch\u00e4ftsenglisch steuern Sie eine wertvolle F\u00e4higkeit bei, die bei Ihrer Kommunikation mit potentiellen oder bestehenden Kunden, Partnern oder Tochterfirmen grundlegende Bedeutung hat.Online-Unterricht in Business-Englisch ist die beste Investition, die Sie jemals in Ihre Karriere t\u00e4tigen k\u00f6nnen.<\/p>\n<h2>Live-English Club<\/h2>\n<p>Zus\u00e4tzlich zu den individuellen Online-Lektionen beinhaltet ein General Business English-Kurs auch den Zugang zu unserem<a title=\"Live-English Club\" href=\"https:\/\/live-english.net\/de\/virtuelle-sprachschule\/live-english-club-gruppenunterricht-englisch\/\"> Live-English Club<\/a>, welcher von einer unserer Lehrpersonen geleitet wird. Wir wissen, wie wichtig praktische \u00dcbungen sind.<\/p>\n<p>Einmal im Monat befasst sich der Live-English Club mit einem gesch\u00e4ftlichen Thema wie z. B. ethische Gesch\u00e4ftspraktiken, Stressbew\u00e4ltigung am Arbeitsplatz, Marketing f\u00fcr Ihr Unternehmen auf Englisch und vieles mehr. Sehen Sie sich das im folgenden Video an:<br \/>\n<iframe title=\"YouTube video player\" src=\"https:\/\/www.youtube.com\/embed\/ZGwiav7pXgE\" width=\"560\" height=\"315\" frameborder=\"0\" allowfullscreen=\"allowfullscreen\"><\/iframe><\/p>\n<p>M\u00f6chten Sie Ihr Business-Englisch auf die n\u00e4chste Stufe bringen? Melden Sie sich jetzt f\u00fcr eine <a title=\" kostenlose Probelektion\" href=\"https:\/\/live-english.net\/de\/entdecken\/\">kostenlose Probelektion<\/a> an und besprechen Sie Ihre Anspr\u00fcche und Zielsetzungen mit einer unserer Lehrpersonen.<\/p>\n<table>\n<tbody>\n<tr>\n<td bgcolor=\"#F8F8F8\" width=\"500\">\n<h2>Lernmaterialien f\u00fcr Gesch\u00e4ftsenglisch: freier Zugang zu unserem Workbook<\/h2>\n<p>Mit der Teilnahme am Kurs f\u00fcr Gesch\u00e4ftsenglisch erhalten Sie freien Zugang zu einem Workbook, das 20 gesch\u00e4ftliche Themen abdeckt zusammen mit dem Schl\u00fcsselvokabular, Fragen hinsichtlich eines spezifischen Gesch\u00e4ftsthemas und einer praktischen Fallstudie, um das Gelernte anzuwenden.<\/p>\n<p>Sie k\u00f6nnen das Online-Workbook f\u00fcr Lektionen verwenden, wenn Sie eine gro\u00dfe Bandbreite von Themen in Gesch\u00e4ftsenglisch abdecken m\u00f6chten.<\/p>\n<p><img decoding=\"async\" class=\"aligncenter size-medium wp-image-3373\" src=\"https:\/\/live-english.net\/wp-content\/uploads\/2022\/12\/business-english-ebook.jpeg\" alt=\"Business Englisch ebook\" height=\"300\" \/><br \/>\nTragen Sie Ihre Daten ein und Sie erhalten eine kostenlose Probe-Einheit aus unserem Workbook f\u00fcr Gesch\u00e4ftsenglisch.<\/p>\n<hr \/>\n<form class=\"af-form-wrapper\" accept-charset=\"UTF-8\" action=\"https:\/\/member.booknstart.com\/lead\" method=\"post\">\n<div style=\"display: none;\"><input name=\"office\" type=\"hidden\" value=\"3\" \/><br \/>\n<input name=\"email\" type=\"hidden\" value=\"\" \/><br \/>\n<input name=\"lg\" type=\"hidden\" value=\"de\" \/><br \/>\n<input name=\"leadsource\" type=\"hidden\" value=\"8\" \/><br \/>\n<input name=\"redirect\" type=\"hidden\" value=\"21\" \/><\/div>\n<div id=\"af-form-484139495\" class=\"af-form\">\n<div id=\"af-body-484139495\" class=\"af-body af-standards\">\n<div class=\"af-element\">\n<p><label class=\"previewLabel\" for=\"awf_field-34440661-first\">Vorname:<\/label><\/p>\n<div class=\"af-textWrap\"><input id=\"awf_field-34440661-first\" class=\"text\" tabindex=\"400\" name=\"fname\" type=\"text\" value=\"\" \/><\/div>\n<div class=\"af-clear\"><\/div>\n<\/div>\n<div class=\"af-element\">\n<p><label class=\"previewLabel\" for=\"awf_field-34440661-last\">Nachname:<\/label><\/p>\n<div class=\"af-textWrap\"><input id=\"awf_field-34440661-last\" class=\"text\" tabindex=\"401\" name=\"lname\" type=\"text\" value=\"\" \/><\/div>\n<div class=\"af-clear\"><\/div>\n<\/div>\n<div class=\"af-element\">\n<p><label class=\"previewLabel\" for=\"awf_field-34440662\">Email: <\/label><\/p>\n<div class=\"af-textWrap\"><input id=\"awf_field-34440662\" class=\"text\" tabindex=\"402\" name=\"alternate\" type=\"text\" value=\"\" \/><\/div>\n<div class=\"af-clear\"><\/div>\n<\/div>\n<div class=\"af-element buttonContainer\">\n<p><input class=\"submit\" tabindex=\"403\" name=\"submit\" type=\"submit\" value=\"Submit\" \/><\/p>\n<div class=\"af-clear\"><\/div>\n<\/div>\n<div class=\"af-element privacyPolicy\" style=\"text-align: center;\">\n<p>Wir respektieren Ihre Privatsph\u00e4re und richten uns nach der Allgemeinen Datenschutzverordnung<\/p>\n<div class=\"af-clear\"><\/div>\n<\/div>\n<\/div>\n<\/div>\n<\/form>\n<\/td>\n<\/tr>\n<\/tbody>\n<\/table>\n<h2>Blog zu Gesch\u00e4ftsenglisch<\/h2>\n<p>Sehen Sie sich auch gerne unseren <a title=\" Blog zu Gesch\u00e4ftsenglisch\" href=\"https:\/\/live-english.net\/de\/category\/business-englisch\/\">Blog zu Gesch\u00e4ftsenglisch<\/a> an, um Ihre Kenntnisse zu verbessern: Mit Videos und Artikeln werden unterschiedliche englische Themen behandelt. Das Material zu Gesch\u00e4ftsenglisch aus Nachrichten, Artikeln und Videos hilft Ihnen, Ihren Wortschatz und Ihre Sprachgewandtheit zu verbessern.<\/p>\n<hr \/>\n <aside id=\"custom_html-66\" class=\"widget_text widget widget_custom_html amr_widget\"><div class=\"textwidget custom-html-widget\"><div>\r\n\t<br><br>\r\n<\/div>\r\n<!--EN-->\r\n <!--FR-->\r\n<!--IT-->\r\n<aside id=\"custom_html-77\" class=\"widget_text widget widget_custom_html amr_widget\"><div class=\"textwidget custom-html-widget\"><div><a href=\"https:\/\/member.booknstart.com\/trial-registration?lg=de&amp;referred_by=CTA&amp;office_id=3\" title=\"Book a Free Trial Lesson\" target=\"_blank\" rel=\"noopener\"><img alt=\"Book your free English trial lesson\" src='https:\/\/live-english.net\/wp-content\/uploads\/2023\/02\/CTA-probestunde.jpg'><\/a>\t\r\n<\/div><\/div><\/aside><!--DE-->\r\n <!--ES-->\r\n <!--HE-->\r\n <!--RU--><\/div><\/aside>","protected":false},"excerpt":{"rendered":"<p>Wenn Sie darauf abzielen, allgemeine Gesch\u00e4ftsthemen mit Kollegen oder Kunden in Englisch besprechen zu k\u00f6nnen, dann ist das der richtige Kurs f\u00fcr Sie. Sie werden online von muttersprachlichen Englischlehrern per Zoom oder Google Meet unterrichtet, die aus erster Hand Gesch\u00e4ftsenglisch<\/p>\n","protected":false},"author":1,"featured_media":29146,"parent":444,"menu_order":1,"comment_status":"closed","ping_status":"closed","template":"","meta":{"_monsterinsights_skip_tracking":false,"_monsterinsights_sitenote_active":false,"_monsterinsights_sitenote_note":"","_monsterinsights_sitenote_category":0,"footnotes":""},"class_list":["post-11012","page","type-page","status-publish","hentry"],"_links":{"self":[{"href":"https:\/\/live-english.net\/de\/wp-json\/wp\/v2\/pages\/11012","targetHints":{"allow":["GET"]}}],"collection":[{"href":"https:\/\/live-english.net\/de\/wp-json\/wp\/v2\/pages"}],"about":[{"href":"https:\/\/live-english.net\/de\/wp-json\/wp\/v2\/types\/page"}],"author":[{"embeddable":true,"href":"https:\/\/live-english.net\/de\/wp-json\/wp\/v2\/users\/1"}],"replies":[{"embeddable":true,"href":"https:\/\/live-english.net\/de\/wp-json\/wp\/v2\/comments?post=11012"}],"version-history":[{"count":9,"href":"https:\/\/live-english.net\/de\/wp-json\/wp\/v2\/pages\/11012\/revisions"}],"predecessor-version":[{"id":43934,"href":"https:\/\/live-english.net\/de\/wp-json\/wp\/v2\/pages\/11012\/revisions\/43934"}],"up":[{"embeddable":true,"href":"https:\/\/live-english.net\/de\/wp-json\/wp\/v2\/pages\/444"}],"wp:featuredmedia":[{"embeddable":true,"href":"https:\/\/live-english.net\/de\/wp-json\/wp\/v2\/media\/29146"}],"wp:attachment":[{"href":"https:\/\/live-english.net\/de\/wp-json\/wp\/v2\/media?parent=11012"}],"curies":[{"name":"wp","href":"https:\/\/api.w.org\/{rel}","templated":true}]}}