{"id":11469,"date":"2020-06-16T09:07:54","date_gmt":"2020-06-16T09:07:54","guid":{"rendered":"https:\/\/live-english.net\/?page_id=11469"},"modified":"2023-06-22T07:40:38","modified_gmt":"2023-06-22T07:40:38","slug":"business-englisch-kurs-persoenlichkeitsentwicklung","status":"publish","type":"page","link":"https:\/\/live-english.net\/de\/online-englisch-kurse\/business-englisch-lernen-online\/business-englisch-kurs-persoenlichkeitsentwicklung\/","title":{"rendered":"Business-Englisch-Kurs: Pers\u00f6nlichkeitsentwicklung"},"content":{"rendered":"<p>Lernen Sie Englisch und konzentrieren Sie sich mit Unterst\u00fctzung unserer Auswahl an muttersprachlichen Englisch-Lehrer*innen, die sich in diesem Bereich bestens auskennen, auf Themen im Bereich der Pers\u00f6nlichkeitsentwicklung.<\/p>\n<h2>Was ist Pers\u00f6nlichkeitsentwicklung<\/h2>\n<p>In den Bereich der Pers\u00f6nlichkeitsentwicklung fallen oft die sogenannten \u201eSoftskills\u201c. Auf dem heutigen Arbeitsmarkt wird stark darauf geachtet, dass Angestellte \u00fcber diese F\u00e4higkeiten verf\u00fcgen, unabh\u00e4ngig von ihrer Position. Ein Vertriebs- und Marketing-Manager sollte zum Beispiel \u00fcber eine hohe Eigenmotivation, Kommunikations- und Verhandlungsf\u00e4higkeiten und emotionale Intelligenz verf\u00fcgen!<\/p>\n<p>Pers\u00f6nlichkeitsentwicklung deckt Aktivit\u00e4ten ab, die das Bewusstsein und die eigene Identit\u00e4t st\u00e4rken, Talente und Potential f\u00f6rdern, Humankapital aufbauen und die Anstellungsf\u00e4higkeit verbessern. Au\u00dferdem verbessern sie die Lebensqualit\u00e4t und tragen dazu bei, dass Lebenstr\u00e4ume und Ziele erreicht werden k\u00f6nnen.<\/p>\n<p>Den Umgang mit diesen Themen auf Englisch zu erlernen, wird Ihnen dabei helfen, Ihre Kommunikationsf\u00e4higkeiten in einem internationalen Umfeld zu verbessern.<\/p>\n<h2>Was ist im Business-Englisch-Kurs im Bereich Pers\u00f6nlichkeitsentwicklung enthalten?<\/h2>\n<p>Der Bereich der Pers\u00f6nlichkeitsentwicklung ist breit gef\u00e4chert. Der Englisch-Unterricht kann die folgenden Themenbereiche abdecken: <\/p>\n<ul>\n<li>Ver\u00e4nderungsmanagement<\/li>\n<li>Coaching, mentoring<\/li>\n<li>Kommunikation<\/li>\n<li>Soziale Kompetenzen<\/li>\n<li>F\u00fchrung<\/li>\n<li>Zuh\u00f6rf\u00e4higkeit<\/li>\n<li>Motivation<\/li>\n<li>Verhandlungsf\u00e4higkeit<\/li>\n<li>Teamarbeit<\/li>\n<li>Zeitmanagement<\/li>\n<\/ul>\n<aside id=\"custom_html-81\" class=\"widget_text widget widget_custom_html amr_widget\"><div class=\"textwidget custom-html-widget\"><!--EN-->\r\n <!--FR-->\r\n<!--IT-->\r\n<aside id=\"custom_html-84\" class=\"widget_text widget widget_custom_html amr_widget\"><div class=\"textwidget custom-html-widget\"><a href=\"https:\/\/member.booknstart.com\/trial-registration?lg=de&amp;referred_by=sCTA&amp;office_id=3\" title=\"Book a Free Trial Lesson\" target=\"_blank\" rel=\"noopener\"><img decoding=\"async\" src=\"https:\/\/live-english.net\/wp-content\/uploads\/2023\/02\/sCTA-de.jpg\" alt=\"Book your Free English Trial lesson\" \/><\/a><\/div><\/aside><!--DE-->\r\n <!--ES-->\r\n <!--HE\r\n[do_widget id=custom_html-72] <!--RU-->\r\n<div>\r\n\t<br><br>\r\n<\/div><\/div><\/aside>\n<h2>Englisch-Kurs im Bereich Pers\u00f6nlichkeitsentwicklung: F\u00fcr wen ist der Kurs geeignet? <\/h2>\n<p>Im Idealfall haben Sie bereits Englisch-Kenntnisse auf mittlerem oder h\u00f6herem Niveau. Sie interessieren sich f\u00fcr Pers\u00f6nlichkeitsentwicklung im Allgemeinen und m\u00f6chten Ihr Englisch in diesen Themenbereichen verbessern. Der Kurs eignet sich ganz besonders f\u00fcr Lehrer*innen, F\u00fchrer*innen, Berater*innen, Manager*innen, Life Coach*innen oder Mentor*innen.<\/p>\n<h2>Wie l\u00e4uft der Online-Unterricht des Business-Englisch-Kurses im Bereich Pers\u00f6nlichkeitsentwicklung ab?<\/h2>\n<p>Wenn Sie sich f\u00fcr den Englisch-Unterricht im Bereich Pers\u00f6nlichkeitsentwicklung entscheiden, erhalten Sie Zugang zu einer ganzen Bandbreite an Ressourcen in der Study-Box mit Schwerpunkt Pers\u00f6nlichkeitsentwicklung. Die Lehrer*innen, die den Unterricht via Skype, Zoom oder Telefon anbieten, haben Erfahrung mit dem Unterrichten der englischen Sprache und kennen sich mit Pers\u00f6nlichkeitsentwicklung aus. Sie sind mit der Terminologie und den p\u00e4dagogischen Ressourcen des Englischkurses im Bereich Pers\u00f6nlichkeitsentwicklung vertraut. Eine Stunde die Woche eignet sich gut f\u00fcr Menschen, die bereits gutes, professionelles Englisch sprechen, und dieses Niveau beibehalten m\u00f6chten. Wenn es stattdessen Ihr Ziel ist, sich um ein Niveau zu verbessern, dann sind zwei bis drei Englisch-Stunden empfehlenswert. Es ist au\u00dferdem eine gute Idee, mit zwei unterschiedlichen Lehrern zu lernen, so dass Sie sich nicht nur an einen bestimmten Akzent gew\u00f6hnen.<\/p>\n<p>Bitte beachten Sie, dass wir auch einen Kurs f\u00fcr Interessent*innen anbieten, die ihr <a href=\"https:\/\/live-english.net\/english-courses\/business-english-course\/\" title=\"Business Englisch\">Business-Englisch<\/a> in unterschiedlichen Fachbereichen verbessern m\u00f6chten. <\/p>\n<p>M\u00f6chten Sie mehr \u00fcber unseren Online-Englisch-Sprachkurs im Bereich Pers\u00f6nlichkeitsentwicklung erfahren? Registrieren Sie sich jetzt, um eine <a href=\"https:\/\/live-english.net\/free-trial\/\" title=\"kostenlose Englisch-Probestunden\">kostenlose Probe-Stunde<\/a> zu erhalten und Ihre Bed\u00fcrfnisse und Ziele mit einem*einer unserer Sprachlehrer*innen zu besprechen.<\/p>\n <aside id=\"custom_html-66\" class=\"widget_text widget widget_custom_html amr_widget\"><div class=\"textwidget custom-html-widget\"><div>\r\n\t<br><br>\r\n<\/div>\r\n<!--EN-->\r\n <!--FR-->\r\n<!--IT-->\r\n<aside id=\"custom_html-77\" class=\"widget_text widget widget_custom_html amr_widget\"><div class=\"textwidget custom-html-widget\"><div><a href=\"https:\/\/member.booknstart.com\/trial-registration?lg=de&amp;referred_by=CTA&amp;office_id=3\" title=\"Book a Free Trial Lesson\" target=\"_blank\" rel=\"noopener\"><img alt=\"Book your free English trial lesson\" src='https:\/\/live-english.net\/wp-content\/uploads\/2023\/02\/CTA-probestunde.jpg'><\/a>\t\r\n<\/div><\/div><\/aside><!--DE-->\r\n <!--ES-->\r\n <!--HE-->\r\n <!--RU--><\/div><\/aside>","protected":false},"excerpt":{"rendered":"<p>Lernen Sie Englisch und konzentrieren Sie sich mit Unterst\u00fctzung unserer Auswahl an muttersprachlichen Englisch-Lehrer*innen, die sich in diesem Bereich bestens auskennen, auf Themen im Bereich der Pers\u00f6nlichkeitsentwicklung. Was ist Pers\u00f6nlichkeitsentwicklung In den Bereich der Pers\u00f6nlichkeitsentwicklung fallen oft die sogenannten \u201eSoftskills\u201c.<\/p>\n","protected":false},"author":1,"featured_media":29552,"parent":444,"menu_order":0,"comment_status":"closed","ping_status":"closed","template":"","meta":{"_monsterinsights_skip_tracking":false,"_monsterinsights_sitenote_active":false,"_monsterinsights_sitenote_note":"","_monsterinsights_sitenote_category":0,"footnotes":""},"class_list":["post-11469","page","type-page","status-publish","hentry"],"_links":{"self":[{"href":"https:\/\/live-english.net\/de\/wp-json\/wp\/v2\/pages\/11469","targetHints":{"allow":["GET"]}}],"collection":[{"href":"https:\/\/live-english.net\/de\/wp-json\/wp\/v2\/pages"}],"about":[{"href":"https:\/\/live-english.net\/de\/wp-json\/wp\/v2\/types\/page"}],"author":[{"embeddable":true,"href":"https:\/\/live-english.net\/de\/wp-json\/wp\/v2\/users\/1"}],"replies":[{"embeddable":true,"href":"https:\/\/live-english.net\/de\/wp-json\/wp\/v2\/comments?post=11469"}],"version-history":[{"count":2,"href":"https:\/\/live-english.net\/de\/wp-json\/wp\/v2\/pages\/11469\/revisions"}],"predecessor-version":[{"id":29560,"href":"https:\/\/live-english.net\/de\/wp-json\/wp\/v2\/pages\/11469\/revisions\/29560"}],"up":[{"embeddable":true,"href":"https:\/\/live-english.net\/de\/wp-json\/wp\/v2\/pages\/444"}],"wp:featuredmedia":[{"embeddable":true,"href":"https:\/\/live-english.net\/de\/wp-json\/wp\/v2\/media\/29552"}],"wp:attachment":[{"href":"https:\/\/live-english.net\/de\/wp-json\/wp\/v2\/media?parent=11469"}],"curies":[{"name":"wp","href":"https:\/\/api.w.org\/{rel}","templated":true}]}}