{"id":11491,"date":"2020-06-16T09:43:48","date_gmt":"2020-06-16T09:43:48","guid":{"rendered":"https:\/\/live-english.net\/?page_id=11491"},"modified":"2023-06-14T05:58:02","modified_gmt":"2023-06-14T05:58:02","slug":"englisch-konversationskurs-verschiedene-akzente","status":"publish","type":"page","link":"https:\/\/live-english.net\/de\/online-englisch-kurse\/englisch-konversationskurse\/englisch-konversationskurs-verschiedene-akzente\/","title":{"rendered":"Englisch-Konversationskurs: Verschiedene Akzente"},"content":{"rendered":"<p>Man kann nie wissen, aus welchem Land das muttersprachliche Englisch Ihrer Kollegen oder Partner sein wird.<br \/>\nWir empfehlen Ihnen daher, von zwei bis drei unterschiedlichen Lehrer*innen zu lernen und so verschiedene Akzente zu h\u00f6ren. Am besten gew\u00f6hnen Sie sich nicht an einen bestimmten Akzent, denn im wahren Leben werden Sie mit Menschen aus den Vereinigten Staaten, Gro\u00dfbritannien aber auch aus Australien, Neuseeland, S\u00fcdafrika und vielen anderen L\u00e4ndern sprechen. Warum sich also auf den Unterricht mit Lehrer*innen aus nur einem Land begrenzen?<br \/>\n<aside id=\"custom_html-81\" class=\"widget_text widget widget_custom_html amr_widget\"><div class=\"textwidget custom-html-widget\"><!--EN-->\r\n <!--FR-->\r\n<!--IT-->\r\n<aside id=\"custom_html-84\" class=\"widget_text widget widget_custom_html amr_widget\"><div class=\"textwidget custom-html-widget\"><a href=\"https:\/\/member.booknstart.com\/trial-registration?lg=de&amp;referred_by=sCTA&amp;office_id=3\" title=\"Book a Free Trial Lesson\" target=\"_blank\" rel=\"noopener\"><img decoding=\"async\" src=\"https:\/\/live-english.net\/wp-content\/uploads\/2023\/02\/sCTA-de.jpg\" alt=\"Book your Free English Trial lesson\" \/><\/a><\/div><\/aside><!--DE-->\r\n <!--ES-->\r\n <!--HE\r\n[do_widget id=custom_html-72] <!--RU-->\r\n<div>\r\n\t<br><br>\r\n<\/div><\/div><\/aside><\/p>\n<h2>Was genau ist der Englisch-Konversationskurs mit verschiedenen Akzenten?<\/h2>\n<p>Dieser Englisch-Konversationskurs bietet Ihnen die M\u00f6glichkeit, Englisch von unterschiedlichen Lehrer*innen aus L\u00e4ndern zu lernen, deren offizielle erste Sprache Englisch ist (USA, Gro\u00dfbritannien, Kanada, Australien, S\u00fcdafrika, Neuseeland). Das Ziel ist eine vollst\u00e4ndige Immersion, als w\u00fcrden Sie durch diese L\u00e4nger reisen.<br \/>\n<img fetchpriority=\"high\" decoding=\"async\" src=\"https:\/\/live-english.net\/wp-content\/uploads\/2021\/07\/Mix-of-Accents-English-Speaking-Countries-1-scaled.jpg\" alt=\"\" width=\"2560\" height=\"1148\" class=\"alignnone size-full wp-image-14651\" srcset=\"https:\/\/live-english.net\/wp-content\/uploads\/2021\/07\/Mix-of-Accents-English-Speaking-Countries-1-scaled.jpg 2560w, https:\/\/live-english.net\/wp-content\/uploads\/2021\/07\/Mix-of-Accents-English-Speaking-Countries-1-300x135.jpg 300w, https:\/\/live-english.net\/wp-content\/uploads\/2021\/07\/Mix-of-Accents-English-Speaking-Countries-1-1024x459.jpg 1024w, https:\/\/live-english.net\/wp-content\/uploads\/2021\/07\/Mix-of-Accents-English-Speaking-Countries-1-768x345.jpg 768w, https:\/\/live-english.net\/wp-content\/uploads\/2021\/07\/Mix-of-Accents-English-Speaking-Countries-1-1536x689.jpg 1536w, https:\/\/live-english.net\/wp-content\/uploads\/2021\/07\/Mix-of-Accents-English-Speaking-Countries-1-2048x919.jpg 2048w\" sizes=\"(max-width: 2560px) 100vw, 2560px\" \/><\/p>\n<h2>Was ist im Englisch-Konversationskurs mit verschiedenen Akzenten enthalten?<\/h2>\n<p>Das Lernen von muttersprachlichen Englisch-Lehrer*innen aus so vielen L\u00e4ndern erm\u00f6glicht es Ihnen, an verschiedenen F\u00e4higkeiten zu arbeiten:<\/p>\n<ul>\n<li>Sie arbeiten daran, Ihren eigenen Englisch-Akzent zu verbessern und bekommen die Unterschiede in der Aussprache und Grammatik zwischen dem amerikanischen und dem britischen Englisch erkl\u00e4rt<\/li>\n<li>Sie lernen die angels\u00e4chsische Kultur besser kennen<\/li>\n<li>Es wird Ihnen leichter fallen, englische Muttersprachler zu verstehen, egal woher diese kommen<\/li>\n<li>Sie haben die M\u00f6glichkeit, mit Englisch-Lehrer*innen aus unterschiedlichen L\u00e4ndern zu sprechen und die Unterschiede und \u00c4hnlichkeiten zwischen den L\u00e4ndern zu verstehen<\/li>\n<\/ul>\n<p>Entdecken Sie, was unsere Lehrerin Sharon \u00fcber den englischen Konversationsunterricht in Bezug auf die Kultur denkt.<\/p>\n<p><iframe width=\"560\" height=\"315\" src=\"https:\/\/www.youtube.com\/embed\/Ogzs_IGY27w\" frameborder=\"0\" allow=\"accelerometer; autoplay; encrypted-media; gyroscope; picture-in-picture\" allowfullscreen><\/iframe><\/p>\n<h2>F\u00fcr wen ist der Englisch-Konversationskurs mit verschiedenen Akzenten geeignet?<\/h2>\n<p>Der Englisch-Konversationskurs mit verschiedenen Akzenten eignet sich f\u00fcr jede*n, Student*innen, Fachkr\u00e4fte, Reisende, die daran interessiert sind, ihr Englisch in einem internationalen Umfeld zu verbessern. Viele Menschen, die diesen Kurs gemacht haben, haben einige Zeit in einem englischsprachigen Land verbracht oder planen, bald eines zu besuchen.<\/p>\n<p>Bitte beachten Sie, dass Sie, falls Sie konkret mit Lehrer*innen mit dem <a href=\"https:\/\/live-english.net\/english-courses\/spoken-english-course\/english-conversation-course-american-accent\/\" title=\"amerikanischen Akzent\">amerikanischen Akzent<\/a> oder dem <a href=\"https:\/\/live-english.net\/english-courses\/spoken-english-course\/english-conversation-course-british-accent\/\" title=\"britischen Akzent\">britischen Akzent<\/a>sprechen m\u00f6chten, Sie direkt entsprechende Kurse daf\u00fcr w\u00e4hlen k\u00f6nnen.<\/p>\n<p>Wenn Sie sich f\u00fcr Englisch-Unterricht mit verschiedenen Akzenten entscheiden, erhalten Sie Zugriff auf eine gro\u00dfe Bandbreite an Ressourcen in der Study-Box. Die Lehrer*innen, die Sie online via Skype, Zoom oder Telefon unterrichten, sind au\u00dferdem aus vielen unterschiedlichen englischsprachigen L\u00e4ndern. Eine Stunde die Woche eignet sich gut f\u00fcr Menschen, die bereits gutes Englisch sprechen, und haupts\u00e4chlich dieses Niveau beibehalten m\u00f6chten. Wenn es Ihr Ziel ist, sich um ein Niveau zu verbessern, dann sind zwei bis drei Englisch-Konversationsstunden empfehlenswert. Es ist au\u00dferdem eine gute Idee, von zwei unterschiedlichen Lehrer*innen zu lernen, so dass Sie sich nicht nur an einen bestimmten Akzent gew\u00f6hnen.<\/p>\n<p><strong>M\u00f6chten Sie mehr \u00fcber unseren Englisch-Konversationskurs mit verschiedenen Akzenten erfahren? Registrieren Sie sich jetzt, um eine <a href=\"https:\/\/live-english.net\/free-trial\/\" title=\"kostenlose Englisch-Probestunde\">kostenlose Probestunde<\/a> zu erhalten und Ihre Bed\u00fcrfnisse und Ziele mit einem*einer unserer Lehrer*innen zu besprechen.<\/strong><\/p>\n <aside id=\"custom_html-66\" class=\"widget_text widget widget_custom_html amr_widget\"><div class=\"textwidget custom-html-widget\"><div>\r\n\t<br><br>\r\n<\/div>\r\n<!--EN-->\r\n <!--FR-->\r\n<!--IT-->\r\n<aside id=\"custom_html-77\" class=\"widget_text widget widget_custom_html amr_widget\"><div class=\"textwidget custom-html-widget\"><div><a href=\"https:\/\/member.booknstart.com\/trial-registration?lg=de&amp;referred_by=CTA&amp;office_id=3\" title=\"Book a Free Trial Lesson\" target=\"_blank\" rel=\"noopener\"><img alt=\"Book your free English trial lesson\" src='https:\/\/live-english.net\/wp-content\/uploads\/2023\/02\/CTA-probestunde.jpg'><\/a>\t\r\n<\/div><\/div><\/aside><!--DE-->\r\n <!--ES-->\r\n <!--HE-->\r\n <!--RU--><\/div><\/aside>","protected":false},"excerpt":{"rendered":"<p>Man kann nie wissen, aus welchem Land das muttersprachliche Englisch Ihrer Kollegen oder Partner sein wird. Wir empfehlen Ihnen daher, von zwei bis drei unterschiedlichen Lehrer*innen zu lernen und so verschiedene Akzente zu h\u00f6ren. Am besten gew\u00f6hnen Sie sich nicht<\/p>\n","protected":false},"author":1,"featured_media":28928,"parent":453,"menu_order":0,"comment_status":"closed","ping_status":"closed","template":"","meta":{"_monsterinsights_skip_tracking":false,"_monsterinsights_sitenote_active":false,"_monsterinsights_sitenote_note":"","_monsterinsights_sitenote_category":0,"footnotes":""},"class_list":["post-11491","page","type-page","status-publish","hentry"],"_links":{"self":[{"href":"https:\/\/live-english.net\/de\/wp-json\/wp\/v2\/pages\/11491","targetHints":{"allow":["GET"]}}],"collection":[{"href":"https:\/\/live-english.net\/de\/wp-json\/wp\/v2\/pages"}],"about":[{"href":"https:\/\/live-english.net\/de\/wp-json\/wp\/v2\/types\/page"}],"author":[{"embeddable":true,"href":"https:\/\/live-english.net\/de\/wp-json\/wp\/v2\/users\/1"}],"replies":[{"embeddable":true,"href":"https:\/\/live-english.net\/de\/wp-json\/wp\/v2\/comments?post=11491"}],"version-history":[{"count":3,"href":"https:\/\/live-english.net\/de\/wp-json\/wp\/v2\/pages\/11491\/revisions"}],"predecessor-version":[{"id":25782,"href":"https:\/\/live-english.net\/de\/wp-json\/wp\/v2\/pages\/11491\/revisions\/25782"}],"up":[{"embeddable":true,"href":"https:\/\/live-english.net\/de\/wp-json\/wp\/v2\/pages\/453"}],"wp:featuredmedia":[{"embeddable":true,"href":"https:\/\/live-english.net\/de\/wp-json\/wp\/v2\/media\/28928"}],"wp:attachment":[{"href":"https:\/\/live-english.net\/de\/wp-json\/wp\/v2\/media?parent=11491"}],"curies":[{"name":"wp","href":"https:\/\/api.w.org\/{rel}","templated":true}]}}