{"id":12327,"date":"2020-08-16T08:07:01","date_gmt":"2020-08-16T08:07:01","guid":{"rendered":"https:\/\/live-english.net\/?page_id=12327"},"modified":"2023-06-22T09:40:01","modified_gmt":"2023-06-22T09:40:01","slug":"ielts-vorbereitung","status":"publish","type":"page","link":"https:\/\/live-english.net\/de\/online-englisch-kurse\/vorbereitung-englischpruefungen\/ielts-vorbereitung\/","title":{"rendered":"Vorbereitung f\u00fcr die Englischpr\u00fcfung: IELTS"},"content":{"rendered":"<p>Das IELTS-Online-Training mit Live-English.net deckt alle Bereiche, die Sie zum Bestehen der Pr\u00fcfung ben\u00f6tigen, ab. Die f\u00fcr diesen Kurs zust\u00e4ndigen Online-Englischlehrer wurden extra zur Erteilung dieses Unterrichts ausgebildet. Einige von ihnen sind sogar IELTS-Pr\u00fcfer.<\/p>\n<h2>Was ist die IELTS-Pr\u00fcfung?<\/h2>\n<p>IELTS steht f\u00fcr International English Language Testing System und ist einer der wichtigsten Pr\u00fcfungen in Bezug auf die internationale Verwendung der englischen Sprache. Es gibt zwei Arten: Der <strong>IELTS Academic Test<\/strong> ist f\u00fcr Personen geeignet, die an einer englischsprachigen Universit\u00e4t studieren oder sich beruflich einschreiben m\u00f6chten. Der <strong>IELTS Training-Test<\/strong> wird f\u00fcr alle anderen Einwanderungs- und Besch\u00e4ftigungszwecke verwendet, z. B. wenn Sie nach Kanada, in die USA, nach Irland, Gro\u00dfbritannien, Neuseeland oder Australien einreisen m\u00f6chten. In beiden Versionen werden die F\u00e4higkeiten in den Bereichen H\u00f6rverst\u00e4ndnis, Leseverst\u00e4ndnis, Schreiben und Sprechen auf Englisch gepr\u00fcft.<\/p>\n<p>Die <a title=\"IELTS-Verst\u00e4ndnispr\u00fcfung\" href=\"https:\/\/live-english.net\/ielts-listening-tips\/\">IELTS-Verst\u00e4ndnispr\u00fcfung<\/a> ist ein 30-min\u00fctiger Test. Die vier Bereiche, die der\/die Kandidat\/in absolvieren muss, bestehen aus H\u00f6rbeispielen (Dialoge bzw. Monologe), die nur einmal abgespielt werden.<\/p>\n<p>Die <a title=\"IELTS-Lesepr\u00fcfung\" href=\"https:\/\/live-english.net\/reading-section-ielts\/\">IELTS-Lesepr\u00fcfung<\/a> ist ein 60-min\u00fctiger Test. Es gibt drei Bereiche: von einem ganz einfachen bis hin zu einem recht schwierigen.<\/p>\n<p>Die <a title=\"IELTS-Schreibpr\u00fcfung\" href=\"https:\/\/live-english.net\/writing-ielts\/\">IELTS-Schreibpr\u00fcfung<\/a> ist ein 60-min\u00fctiger Test. Er besteht aus zwei Schreibaufgaben, die erf\u00fcllt werden m\u00fcssen.<\/p>\n<p>Die <a title=\"IELTS-Sprachpr\u00fcfung\" href=\"https:\/\/live-english.net\/score-you-want-ielts-speaking\/\">IELTS-Sprachpr\u00fcfung<\/a> wird unter Leitung eines IELTS-Pr\u00fcfers durchgef\u00fchrt und ist dreiteilig: eine Befragung, ein ein- oder zweimin\u00fctiger Monolog \u00fcber ein bestimmtes Thema und ein anschlie\u00dfendes, darauf bezogenes Gespr\u00e4ch. Diese Pr\u00fcfung dauert mindestens 15 Minuten.<br \/>\n<aside id=\"custom_html-81\" class=\"widget_text widget widget_custom_html amr_widget\"><div class=\"textwidget custom-html-widget\"><!--EN-->\r\n <!--FR-->\r\n<!--IT-->\r\n<aside id=\"custom_html-84\" class=\"widget_text widget widget_custom_html amr_widget\"><div class=\"textwidget custom-html-widget\"><a href=\"https:\/\/member.booknstart.com\/trial-registration?lg=de&amp;referred_by=sCTA&amp;office_id=3\" title=\"Book a Free Trial Lesson\" target=\"_blank\" rel=\"noopener\"><img decoding=\"async\" src=\"https:\/\/live-english.net\/wp-content\/uploads\/2023\/02\/sCTA-de.jpg\" alt=\"Book your Free English Trial lesson\" \/><\/a><\/div><\/aside><!--DE-->\r\n <!--ES-->\r\n <!--HE\r\n[do_widget id=custom_html-72] <!--RU-->\r\n<div>\r\n\t<br><br>\r\n<\/div><\/div><\/aside><\/p>\n<h2>Warum ist der IELTS-Sprachtest so wichtig?<\/h2>\n<p>Alle Teile der IELTS-Pr\u00fcfung sind gleicherma\u00dfen wichtig. Dennoch ist der IELTS-Sprachtest, der Teil der Pr\u00fcfung, vor dem die Mehrheit der Sch\u00fcler am meisten Angst hat.<\/p>\n<p>Viele f\u00fchlen sich nicht wohl dabei, vor einem Pr\u00fcfer Englisch zu sprechen. Sie haben oft Angst, Grammatikfehler zu machen, unsicher zu wirken oder eine Frage nicht zu verstehen. In manchen F\u00e4llen erhalten sie eine niedrige Bewertung, weil sie nicht genau wissen, worum es beim IELTS Speaking wirklich geht \u2013 es geht nicht um Ihr Wissen oder das abgefragte Thema, sondern darum, Ihre Gedanken in einer logischen, koh\u00e4renten Weise auszudr\u00fccken. Bewertet werden ausschlie\u00dflich Ihre englischen Sprachkenntnisse.<\/p>\n<p>Deshalb werden unsere auf die Vorbereitung der IELTS-Pr\u00fcfung spezialisierten Lehrer Ihnen helfen, Ihr Selbstvertrauen beim Sprechen zu st\u00e4rken, Ihren Wortschatz zu erweitern und sich auf alle wichtigen Dinge f\u00fcr eine erfolgreiche Vorbereitung auf die IELTS-Pr\u00fcfung zu konzentrieren.<\/p>\n<h2>Was beinhaltet die IELTS- Pr\u00fcfungsvorbereitung?<\/h2>\n<ul>\n<li>Die IELTS-Pr\u00fcfung wird Ihnen zuerst vorgestellt. Dann schauen Sie sich die verschiedenen Arten von Testaufgaben an und lernen, wie Sie gut abschneiden k\u00f6nnen. Auf diese Weise entwickeln Sie ein Verst\u00e4ndnis daf\u00fcr, was von ihnen erwartet wird.<\/li>\n<li>Sie bekommen zur \u00dcbung typische Aufgaben aus dem IELTS-Test vorgelegt<\/li>\n<li>Sie erhalten allgemeine Tipps, wie Sie Ihr Englisch auf das n\u00f6tige Niveau bringen k\u00f6nnen<\/li>\n<li>Ihr Lehrer wird Sie motivieren und Ihnen das n\u00f6tige Selbstbewusstsein zum Bestehen der IELTS-Pr\u00fcfung vermitteln<\/li>\n<\/ul>\n<h2>Mit Lehrern und gleichzeitigen IELTS-Experten lernen<\/h2>\n<p>Die Lehrer, die unseren Sch\u00fclern bei der Vorbereitung auf die IELTS-Pr\u00fcfung helfen, haben gro\u00dfe Erfahrung, was die n\u00f6tigen Anforderungen und die verschiedenen zu verbessernden F\u00e4higkeiten betrifft.<\/p>\n<p>Jeremy, Online-Englischlehrer bei Live-English.net, erl\u00e4utert uns gegen\u00fcber die IELTS-Pr\u00fcfung etwas n\u00e4her:<\/p>\n<p><iframe src=\"https:\/\/www.youtube.com\/embed\/SOG7wUygVlE\" width=\"560\" height=\"315\" frameborder=\"0\" allowfullscreen=\"allowfullscreen\"><\/iframe><\/p>\n<h2>F\u00fcr wen eignet sich der Kurs zur Vorbereitung auf die IELTS-Pr\u00fcfung?<\/h2>\n<p>Dieser Kurs eignet sich f\u00fcr jeden, der die IELTS-Pr\u00fcfung ablegen muss. Egal, ob Sie Student, berufst\u00e4tig oder jemand sind, der ins Ausland gehen m\u00f6chte, wir verhelfen Ihnen zu dem von Ihnen ben\u00f6tigten IELTS-Ergebnis. Sie k\u00f6nnen sich im Laufe mehrerer Monate oder kurz vor der IELTS-Pr\u00fcfung mit einem Intensivkurs darauf vorbereiten.<\/p>\n<p><strong>M\u00f6chten Sie mehr \u00fcber den Kurs zur Vorbereitung auf die IELTS-Englischpr\u00fcfung erfahren? Registrieren Sie sich jetzt f\u00fcr eine <a title=\"kostenlose Probestunde\" href=\"https:\/\/live-english.net\/free-trial\/\">kostenlose Probestunde<\/a> und sprechen Sie mit einem unserer Online-Lehrer \u00fcber ihre Bed\u00fcrfnisse und Ziele.<\/strong><\/p>\n <aside id=\"custom_html-66\" class=\"widget_text widget widget_custom_html amr_widget\"><div class=\"textwidget custom-html-widget\"><div>\r\n\t<br><br>\r\n<\/div>\r\n<!--EN-->\r\n <!--FR-->\r\n<!--IT-->\r\n<aside id=\"custom_html-77\" class=\"widget_text widget widget_custom_html amr_widget\"><div class=\"textwidget custom-html-widget\"><div><a href=\"https:\/\/member.booknstart.com\/trial-registration?lg=de&amp;referred_by=CTA&amp;office_id=3\" title=\"Book a Free Trial Lesson\" target=\"_blank\" rel=\"noopener\"><img alt=\"Book your free English trial lesson\" src='https:\/\/live-english.net\/wp-content\/uploads\/2023\/02\/CTA-probestunde.jpg'><\/a>\t\r\n<\/div><\/div><\/aside><!--DE-->\r\n <!--ES-->\r\n <!--HE-->\r\n <!--RU--><\/div><\/aside>","protected":false},"excerpt":{"rendered":"<p>Das IELTS-Online-Training mit Live-English.net deckt alle Bereiche, die Sie zum Bestehen der Pr\u00fcfung ben\u00f6tigen, ab. Die f\u00fcr diesen Kurs zust\u00e4ndigen Online-Englischlehrer wurden extra zur Erteilung dieses Unterrichts ausgebildet. Einige von ihnen sind sogar IELTS-Pr\u00fcfer. Was ist die IELTS-Pr\u00fcfung? IELTS steht<\/p>\n","protected":false},"author":1,"featured_media":29619,"parent":447,"menu_order":0,"comment_status":"closed","ping_status":"closed","template":"","meta":{"_monsterinsights_skip_tracking":false,"_monsterinsights_sitenote_active":false,"_monsterinsights_sitenote_note":"","_monsterinsights_sitenote_category":0,"footnotes":""},"class_list":["post-12327","page","type-page","status-publish","hentry"],"_links":{"self":[{"href":"https:\/\/live-english.net\/de\/wp-json\/wp\/v2\/pages\/12327","targetHints":{"allow":["GET"]}}],"collection":[{"href":"https:\/\/live-english.net\/de\/wp-json\/wp\/v2\/pages"}],"about":[{"href":"https:\/\/live-english.net\/de\/wp-json\/wp\/v2\/types\/page"}],"author":[{"embeddable":true,"href":"https:\/\/live-english.net\/de\/wp-json\/wp\/v2\/users\/1"}],"replies":[{"embeddable":true,"href":"https:\/\/live-english.net\/de\/wp-json\/wp\/v2\/comments?post=12327"}],"version-history":[{"count":6,"href":"https:\/\/live-english.net\/de\/wp-json\/wp\/v2\/pages\/12327\/revisions"}],"predecessor-version":[{"id":29627,"href":"https:\/\/live-english.net\/de\/wp-json\/wp\/v2\/pages\/12327\/revisions\/29627"}],"up":[{"embeddable":true,"href":"https:\/\/live-english.net\/de\/wp-json\/wp\/v2\/pages\/447"}],"wp:featuredmedia":[{"embeddable":true,"href":"https:\/\/live-english.net\/de\/wp-json\/wp\/v2\/media\/29619"}],"wp:attachment":[{"href":"https:\/\/live-english.net\/de\/wp-json\/wp\/v2\/media?parent=12327"}],"curies":[{"name":"wp","href":"https:\/\/api.w.org\/{rel}","templated":true}]}}