{"id":12354,"date":"2020-08-16T08:48:12","date_gmt":"2020-08-16T08:48:12","guid":{"rendered":"https:\/\/live-english.net\/?page_id=12354"},"modified":"2023-06-14T06:19:43","modified_gmt":"2023-06-14T06:19:43","slug":"englischer-sprach-grundstufen","status":"publish","type":"page","link":"https:\/\/live-english.net\/de\/online-englisch-kurse\/englisch-konversationskurse\/englischer-sprach-grundstufen\/","title":{"rendered":"Konversationskurs in englischer Sprach: Grundstufen"},"content":{"rendered":"<p>Als Erwachsener mit wenig Englischpraxis sind Sie vermutlich zu dem Schluss gekommen, dass Englisch mittlerweile \u00fcberall zu finden ist \u2013 weshalb Sie jetzt, was Englisch angeht, endlich in die G\u00e4nge kommen sollten.<br \/>\nUnsere auf den Unterricht von Sch\u00fclern der Grundstufe spezialisierten Englischlehrer wenden unsere erfolgreichen Methoden an, um Ihnen dabei zu helfen, Ihr Englisch zu erweitern und die L\u00fccke zu Ihren Kollegen zu schlie\u00dfen.<br \/>\nSollten Sie Interesse an <a title=\"Englisch-Konversationsunterricht\" href=\"https:\/\/live-english.net\/english-courses\/spoken-english-course\/\">englischem Konversationsunterricht<\/a> f\u00fcr h\u00f6here Stufen haben, schauen Sie sich bitte diese Seite \u00fcber unsere Konversationskurse in englischer Sprache an.<br \/>\n<aside id=\"custom_html-81\" class=\"widget_text widget widget_custom_html amr_widget\"><div class=\"textwidget custom-html-widget\"><!--EN-->\r\n <!--FR-->\r\n<!--IT-->\r\n<aside id=\"custom_html-84\" class=\"widget_text widget widget_custom_html amr_widget\"><div class=\"textwidget custom-html-widget\"><a href=\"https:\/\/member.booknstart.com\/trial-registration?lg=de&amp;referred_by=sCTA&amp;office_id=3\" title=\"Book a Free Trial Lesson\" target=\"_blank\" rel=\"noopener\"><img decoding=\"async\" src=\"https:\/\/live-english.net\/wp-content\/uploads\/2023\/02\/sCTA-de.jpg\" alt=\"Book your Free English Trial lesson\" \/><\/a><\/div><\/aside><!--DE-->\r\n <!--ES-->\r\n <!--HE\r\n[do_widget id=custom_html-72] <!--RU-->\r\n<div>\r\n\t<br><br>\r\n<\/div><\/div><\/aside><\/p>\n<h2>Was ist ein Konversationskurs in englischer Sprache f\u00fcr Grundstufen?<\/h2>\n<p>Es ist nie zu sp\u00e4t, Englisch zu lernen. Dieser Kurs wurde entwickelt, um Erwachsenen mit geringer Englischpraxis zu helfen, ihr Englisch auf den n\u00f6tigen Stand zu bringen.<br \/>\nDie Englischlehrer und gleichzeitigen Muttersprachler, die diesen Kurses geben, wurden zur Anwendung fortschrittlicher Methoden und Schaffung einer Vertrauen vermittelnden Umgebung, \u2013 in der Englisch anhand von Englisch gelehrt wird \u2013 geschult.<\/p>\n<h2>Was ist im Konversationskurs in englischer Sprache f\u00fcr Grundstufen enthalten?<\/h2>\n<p><img fetchpriority=\"high\" decoding=\"async\" src=\"https:\/\/live-english.net\/wp-content\/uploads\/2023\/05\/elementary-levels-1024x1024.jpg\" alt=\"\" width=\"750\" height=\"422\" class=\"alignnone size-large wp-image-26851\" \/><br \/>\nDer Kurs umfasst:<\/p>\n<ul>\n<li>Englischen privaten Konversationsunterricht per Skype oder Zoom in dem von Ihnen gew\u00fcnschten Tempo<\/li>\n<li>Arbeit mit Grundwortschatz und -grammatik<\/li>\n<li>Vom Lehrer bereitgestellte \u00dcbungen zur Festigung des w\u00e4hrend des Unterrichts Gelernten<\/li>\n<li>Stunden mit Schwerpunkt auf der englischen Aussprache<\/li>\n<\/ul>\n<h2>Auf wen ist der Konversationskurs in englischer Sprache f\u00fcr Grundstufen ausgerichtet?<\/h2>\n<p>Dieser Kurs ist f\u00fcr Erwachsene, die seit ihrer Schul- oder Studienzeit nie die M\u00f6glichkeit hatten, Englisch in der Praxis zu \u00fcben, sich aber bewusst sind, dass ihr n\u00e4chstes Ziel darin besteht, gut Englisch zu sprechen.<br \/>\nUnsere Methode basiert auf dem Konzept vollst\u00e4ndiger Immersion \u2013 der beste Weg, um das eigene Englisch zu verbessern und Englisch anhand von Englisch zu lernen. Deshalb ist dieser Englischkurs nicht f\u00fcr Anf\u00e4nger geeignet. Wenn Sie sich aber auf der Stufe A2 befinden, erhalten Sie hier die passenden Werkzeuge und die n\u00f6tige Praxis, um Ihr Englisch erfolgreich auszubauen.<br \/>\nHaben Sie Interesse an unserem Konversationskurs in englischer Sprache f\u00fcr Grundstufen? Registrieren Sie sich jetzt f\u00fcr eine <a title=\"kostenlose Probestunde\" href=\"https:\/\/live-english.net\/free-trial\/\">kostenlose Probestunde<\/a>. Entdecken Sie, wie Privatunterricht per Skype oder Zoom Sie bei der Beherrschung der englischen Sprache voranbringt und gleichzeitig Ihr Selbstvertrauen steigert.<\/p>\n <aside id=\"custom_html-66\" class=\"widget_text widget widget_custom_html amr_widget\"><div class=\"textwidget custom-html-widget\"><div>\r\n\t<br><br>\r\n<\/div>\r\n<!--EN-->\r\n <!--FR-->\r\n<!--IT-->\r\n<aside id=\"custom_html-77\" class=\"widget_text widget widget_custom_html amr_widget\"><div class=\"textwidget custom-html-widget\"><div><a href=\"https:\/\/member.booknstart.com\/trial-registration?lg=de&amp;referred_by=CTA&amp;office_id=3\" title=\"Book a Free Trial Lesson\" target=\"_blank\" rel=\"noopener\"><img alt=\"Book your free English trial lesson\" src='https:\/\/live-english.net\/wp-content\/uploads\/2023\/02\/CTA-probestunde.jpg'><\/a>\t\r\n<\/div><\/div><\/aside><!--DE-->\r\n <!--ES-->\r\n <!--HE-->\r\n <!--RU--><\/div><\/aside>","protected":false},"excerpt":{"rendered":"<p>Als Erwachsener mit wenig Englischpraxis sind Sie vermutlich zu dem Schluss gekommen, dass Englisch mittlerweile \u00fcberall zu finden ist \u2013 weshalb Sie jetzt, was Englisch angeht, endlich in die G\u00e4nge kommen sollten. Unsere auf den Unterricht von Sch\u00fclern der Grundstufe<\/p>\n","protected":false},"author":1,"featured_media":28994,"parent":453,"menu_order":0,"comment_status":"closed","ping_status":"closed","template":"","meta":{"_monsterinsights_skip_tracking":false,"_monsterinsights_sitenote_active":false,"_monsterinsights_sitenote_note":"","_monsterinsights_sitenote_category":0,"footnotes":""},"class_list":["post-12354","page","type-page","status-publish","hentry"],"_links":{"self":[{"href":"https:\/\/live-english.net\/de\/wp-json\/wp\/v2\/pages\/12354","targetHints":{"allow":["GET"]}}],"collection":[{"href":"https:\/\/live-english.net\/de\/wp-json\/wp\/v2\/pages"}],"about":[{"href":"https:\/\/live-english.net\/de\/wp-json\/wp\/v2\/types\/page"}],"author":[{"embeddable":true,"href":"https:\/\/live-english.net\/de\/wp-json\/wp\/v2\/users\/1"}],"replies":[{"embeddable":true,"href":"https:\/\/live-english.net\/de\/wp-json\/wp\/v2\/comments?post=12354"}],"version-history":[{"count":6,"href":"https:\/\/live-english.net\/de\/wp-json\/wp\/v2\/pages\/12354\/revisions"}],"predecessor-version":[{"id":26862,"href":"https:\/\/live-english.net\/de\/wp-json\/wp\/v2\/pages\/12354\/revisions\/26862"}],"up":[{"embeddable":true,"href":"https:\/\/live-english.net\/de\/wp-json\/wp\/v2\/pages\/453"}],"wp:featuredmedia":[{"embeddable":true,"href":"https:\/\/live-english.net\/de\/wp-json\/wp\/v2\/media\/28994"}],"wp:attachment":[{"href":"https:\/\/live-english.net\/de\/wp-json\/wp\/v2\/media?parent=12354"}],"curies":[{"name":"wp","href":"https:\/\/api.w.org\/{rel}","templated":true}]}}