{"id":19179,"date":"2022-02-13T12:57:49","date_gmt":"2022-02-13T12:57:49","guid":{"rendered":"https:\/\/live-english.net\/?page_id=19179"},"modified":"2023-06-23T09:10:26","modified_gmt":"2023-06-23T09:10:26","slug":"cambridge-examen","status":"publish","type":"page","link":"https:\/\/live-english.net\/de\/online-englisch-kurse\/vorbereitung-englischpruefungen\/cambridge-examen\/","title":{"rendered":"Cambridge-Examen"},"content":{"rendered":"<p>Ein Cambridge-Online-Training mit Live-English.net erm\u00f6glicht es Ihnen, alle Themenbereiche abzudecken, die Sie zum Bestehen Ihres Examens ben\u00f6tigen. Die Online-Englisch-Lehrpersonen, welche f\u00fcr diesen Kurs zust\u00e4ndig sind, wurden f\u00fcr die Durchf\u00fchrung dieses Kurses geschult. Einige von ihnen sind sogar Pr\u00fcfungsexperten und -Expertinnen.<\/p>\n<p>W\u00e4hrend einer kostenlosen Probelektion k\u00f6nnen Sie mit einem unserer Berater und Beraterinnen besprechen, bei welchem Teil der Cambridge-Examen Sie Unterst\u00fctzung ben\u00f6tigen &#8211; je nach Ihrem Level und Ihren Zielen. Sie k\u00f6nnen Ihre Lernziele definieren und Ihr Englisch-Level einsch\u00e4tzen lassen, damit Sie Ihre Vorbereitungen auf das Examen an der richtigen Stelle beginnen k\u00f6nnen.<\/p>\n<p>Der beste Ausgangspunkt f\u00fcr ein erfolgreiches Vorbereiten und Bestehen der Cambridge-Examen ist es, Ihre Lernziele zu definieren und den aktuellen Stand Ihres Englisch-Levels zu ermitteln.<br \/>\n<aside id=\"custom_html-81\" class=\"widget_text widget widget_custom_html amr_widget\"><div class=\"textwidget custom-html-widget\"><!--EN-->\r\n <!--FR-->\r\n<!--IT-->\r\n<aside id=\"custom_html-84\" class=\"widget_text widget widget_custom_html amr_widget\"><div class=\"textwidget custom-html-widget\"><a href=\"https:\/\/member.booknstart.com\/trial-registration?lg=de&amp;referred_by=sCTA&amp;office_id=3\" title=\"Book a Free Trial Lesson\" target=\"_blank\" rel=\"noopener\"><img decoding=\"async\" src=\"https:\/\/live-english.net\/wp-content\/uploads\/2023\/02\/sCTA-de.jpg\" alt=\"Book your Free English Trial lesson\" \/><\/a><\/div><\/aside><!--DE-->\r\n <!--ES-->\r\n <!--HE\r\n[do_widget id=custom_html-72] <!--RU-->\r\n<div>\r\n\t<br><br>\r\n<\/div><\/div><\/aside><\/p>\n<h2>Was ist das Cambridge-Englisch-Examen?<\/h2>\n<p>Die Cambridge-Examen sind eine Pr\u00fcfungsreihe f\u00fcr verschieden Englisch-Levels. Jedes bestandene Examen wird mit einem Zertifikat ausgezeichnet, welches kein Verfallsdatum hat! Es handelt sich um die beliebtesten und am h\u00e4ufigsten anerkannten Englisch-Zertifikate, da sie von Unternehmen und Universit\u00e4ten weltweit akzeptiert werden.<\/p>\n<h2>Was beinhaltet die Vorbereitung auf die Cambridge-Examen?<\/h2>\n<ul>\n<li>YSie erhalten eine Einf\u00fchrung in die Cambridge-Examen und gehen die Aufgaben der Abschluss-Examen durch, damit Sie wissen, was von Ihnen erwartet wird.<\/li>\n<li>Sie werden in den Kursen typische Aufgaben aus dem von Ihnen gew\u00e4hlten Cambridge-Examen durcharbeiten.<\/li>\n<li>Sie werden beraten, wie Sie Ihr Englisch-Level verbessern k\u00f6nnen<\/li>\n<li>Au\u00dferdem werden Sie von Ihrer Lehrperson motiviert und unterst\u00fctzt, was Ihnen mehr Selbstvertrauen gibt und das erfolgreiche Bestehen der Pr\u00fcfung f\u00f6rdert.<\/li>\n<\/ul>\n<h2>Auf welche Cambridge-Examen k\u00f6nnen Sie sich mit Live-English.net vorbereiten?<\/h2>\n<div id=\"attachment_15380\" style=\"width: 490px\" class=\"wp-caption alignnone\"><img fetchpriority=\"high\" decoding=\"async\" aria-describedby=\"caption-attachment-15380\" class=\"size-full wp-image-15382\" src=\"https:\/\/live-english.net\/wp-content\/uploads\/2023\/02\/Prepare-cambridge-exams.jpg\" alt=\"\" width=\"480\" height=\"480\" \/><p id=\"caption-attachment-15380\" class=\"wp-caption-text\">Cambridge examen<\/p><\/div>\n<h5>B2 First (zuvor bekannt als Cambridge English: First Certificate in English (FCE)<\/h5>\n<p>B2 First ist das beliebteste Cambridge-Examen, zuvor bekannt als Cambridge English First FCE. Diese Pr\u00fcfung belegt, dass Sie \u00fcber gute Englischkenntnisse verf\u00fcgen, dass Sie in einem englischsprachigen Land leben und arbeiten k\u00f6nnen, und wird von Tausenden von Unternehmen und Bildungseinrichtungen weltweit anerkannt.<\/p>\n<p>Das Bestehen dieser Pr\u00fcfung belegt die F\u00e4higkeit, Ihre Meinung in Wort und Schrift auszudr\u00fccken, klar verst\u00e4ndlich zu schreiben und Berichte, Briefe usw. zu verfassen.<\/p>\n<h5>C1 Advanced (zuvor bekannt als Cambridge English: Advanced CAE)<\/h5>\n<p>Es handelt sich um eine umfassende Qualifikation auf hohem Niveau, die belegt, dass Sie \u00fcber die Sprachkenntnisse verf\u00fcgen, die von Arbeitgebern und Universit\u00e4ten verlangt werden. Er besteht aus 5 Teilen: Lesen, Schreiben, H\u00f6ren, Englischer Sprachgebrauch, Sprechen. Absolventen von C1 Advanced k\u00f6nnen sich flie\u00dfend auf beruflicher Ebene verst\u00e4ndigen und auch einen akademischen Kurs belegen.<\/p>\n<h5>C2 Proficiency (zuvor bekannt als Cambridge English: Proficiency CPE)<\/h5>\n<p>Dies ist die h\u00f6chste Qualifikationsstufe &#8211; der Nachweis, dass Sie die englische Sprache auf h\u00f6chstem Niveau beherrschen. Dies ist das anspruchvollste aller Examen. Das erfolgreiche Bestehen belegt Ihre F\u00e4higkeit, in einem beruflichen und akademischen Umfeld effizient zu arbeiten, zu studieren und zu kommunizieren.<\/p>\n<h2>An welche Zielgruppe ist der Online-Vorbereitungskurs f\u00fcr die Cambridge-Examen gerichtet?<\/h2>\n<p>Obwohl die Cambridge-Examen von Universit\u00e4ten und Unternehmen in der ganzen Welt anerkannt werden, sind sie keine formale Voraussetzung. Das erfolgreiche Bestehen dieser Examen wird Ihre Kommunikationsfertigkeiten im t\u00e4glichen Leben weiterentwickeln und Ihr Englisch nachhaltig verbessern. Zugleich sind Cambridge-Pr\u00fcfungszertifikate ein gro\u00dfer Vorteil bei der Stellenbewerbung in Unternehmen weltweit oder f\u00fcr Studieng\u00e4nge an Universit\u00e4ten.<\/p>\n<p><strong>M\u00f6chten Sie mehr \u00fcber die Vorbereitungskurse f\u00fcr Cambridge-Examen erfahren? Melden Sie sich jetzt f\u00fcr eine <a title=\"kostenlose Probelektion\" href=\"https:\/\/live-english.net\/de\/entdecken\/\">kostenlose Probelektion<\/a> an und besprechen Sie Ihre Anspr\u00fcche und Zielsetzungen mit einer unserer Online-Lehrpersonen.<\/strong><\/p>\n<h2>Fortfahren<\/h2>\n<ul>\n<li>Tipps zur Vorbereitung auf den <a title=\"B2 First Speaking test\" href=\"https:\/\/live-english.net\/de\/first-certificate-in-english-exam-fce-sprachtest\/\">B2 First Speaking test<\/a><\/li>\n<\/ul>\n <aside id=\"custom_html-66\" class=\"widget_text widget widget_custom_html amr_widget\"><div class=\"textwidget custom-html-widget\"><div>\r\n\t<br><br>\r\n<\/div>\r\n<!--EN-->\r\n <!--FR-->\r\n<!--IT-->\r\n<aside id=\"custom_html-77\" class=\"widget_text widget widget_custom_html amr_widget\"><div class=\"textwidget custom-html-widget\"><div><a href=\"https:\/\/member.booknstart.com\/trial-registration?lg=de&amp;referred_by=CTA&amp;office_id=3\" title=\"Book a Free Trial Lesson\" target=\"_blank\" rel=\"noopener\"><img alt=\"Book your free English trial lesson\" src='https:\/\/live-english.net\/wp-content\/uploads\/2023\/02\/CTA-probestunde.jpg'><\/a>\t\r\n<\/div><\/div><\/aside><!--DE-->\r\n <!--ES-->\r\n <!--HE-->\r\n <!--RU--><\/div><\/aside>","protected":false},"excerpt":{"rendered":"<p>Ein Cambridge-Online-Training mit Live-English.net erm\u00f6glicht es Ihnen, alle Themenbereiche abzudecken, die Sie zum Bestehen Ihres Examens ben\u00f6tigen. Die Online-Englisch-Lehrpersonen, welche f\u00fcr diesen Kurs zust\u00e4ndig sind, wurden f\u00fcr die Durchf\u00fchrung dieses Kurses geschult. Einige von ihnen sind sogar Pr\u00fcfungsexperten und -Expertinnen.<\/p>\n","protected":false},"author":1,"featured_media":29710,"parent":447,"menu_order":0,"comment_status":"closed","ping_status":"closed","template":"","meta":{"_monsterinsights_skip_tracking":false,"_monsterinsights_sitenote_active":false,"_monsterinsights_sitenote_note":"","_monsterinsights_sitenote_category":0,"footnotes":""},"class_list":["post-19179","page","type-page","status-publish","hentry"],"_links":{"self":[{"href":"https:\/\/live-english.net\/de\/wp-json\/wp\/v2\/pages\/19179","targetHints":{"allow":["GET"]}}],"collection":[{"href":"https:\/\/live-english.net\/de\/wp-json\/wp\/v2\/pages"}],"about":[{"href":"https:\/\/live-english.net\/de\/wp-json\/wp\/v2\/types\/page"}],"author":[{"embeddable":true,"href":"https:\/\/live-english.net\/de\/wp-json\/wp\/v2\/users\/1"}],"replies":[{"embeddable":true,"href":"https:\/\/live-english.net\/de\/wp-json\/wp\/v2\/comments?post=19179"}],"version-history":[{"count":9,"href":"https:\/\/live-english.net\/de\/wp-json\/wp\/v2\/pages\/19179\/revisions"}],"predecessor-version":[{"id":29718,"href":"https:\/\/live-english.net\/de\/wp-json\/wp\/v2\/pages\/19179\/revisions\/29718"}],"up":[{"embeddable":true,"href":"https:\/\/live-english.net\/de\/wp-json\/wp\/v2\/pages\/447"}],"wp:featuredmedia":[{"embeddable":true,"href":"https:\/\/live-english.net\/de\/wp-json\/wp\/v2\/media\/29710"}],"wp:attachment":[{"href":"https:\/\/live-english.net\/de\/wp-json\/wp\/v2\/media?parent=19179"}],"curies":[{"name":"wp","href":"https:\/\/api.w.org\/{rel}","templated":true}]}}