{"id":19182,"date":"2022-02-13T13:02:43","date_gmt":"2022-02-13T13:02:43","guid":{"rendered":"https:\/\/live-english.net\/?page_id=19182"},"modified":"2023-06-23T08:14:20","modified_gmt":"2023-06-23T08:14:20","slug":"toeic-examen","status":"publish","type":"page","link":"https:\/\/live-english.net\/de\/online-englisch-kurse\/vorbereitung-englischpruefungen\/toeic-examen\/","title":{"rendered":"Pr\u00fcfungsvorbereitung Englisch: TOEIC"},"content":{"rendered":"<p>Ein TOEIC-Training mit Live-English.net erm\u00f6glicht es Ihnen, alle Themen abzudecken, die Sie zum Bestehen Ihrer Pr\u00fcfung ben\u00f6tigen. Die Online-Englischlehrer f\u00fcr diesen Kurs wurden f\u00fcr seine Durchf\u00fchrung geschult.<\/p>\n<h2>Was ist die TOEIC-Pr\u00fcfung?<\/h2>\n<p>TOEIC steht f\u00fcr Test Of English for International Communication und ist bei Berufst\u00e4tigen, die ihre Englischkenntnisse nachweisen wollen, sehr beliebt. Der Test besteht aus zwei Teilen, einem H\u00f6r- und Leseteil und einem Schreib- und Sprechteil. Gepr\u00fcft werden H\u00f6rverstehen und Leseverstehen, die jeweils auf einer Skala von 5 bis 495 Punkten bewertet werden. Die Gesamtpunktzahl ergibt sich aus einer Skala von 10 bis 990 Punkten.<\/p>\n<h2>Was ist in der Online-Vorbereitung auf die TOEIC-Pr\u00fcfung enthalten?<\/h2>\n<ul>\n<li>Sie erhalten eine Einf\u00fchrung in die TOEIC-Pr\u00fcfung, sehen sich die verschiedenen Aufgabentypen der Pr\u00fcfung an und erfahren, wie Sie gut abschneiden k\u00f6nnen, damit Sie verstehen, was von Ihnen erwartet wird.<\/li>\n<li>Sie werden typische Aufgaben aus dem TOEIC \u00fcben<\/li>\n<li>Sie erhalten allgemeine Ratschl\u00e4ge, um Ihr Englisch auf den neuesten Stand zu bringen<\/li>\n<li>Ihre Lehrperson wird Sie motivieren und Ihnen die n\u00f6tige Selbstsicherheit geben, um die Pr\u00fcfung zu bestehen.<\/li>\n<\/ul>\n<aside id=\"custom_html-81\" class=\"widget_text widget widget_custom_html amr_widget\"><div class=\"textwidget custom-html-widget\"><!--EN-->\r\n <!--FR-->\r\n<!--IT-->\r\n<aside id=\"custom_html-84\" class=\"widget_text widget widget_custom_html amr_widget\"><div class=\"textwidget custom-html-widget\"><a href=\"https:\/\/member.booknstart.com\/trial-registration?lg=de&amp;referred_by=sCTA&amp;office_id=3\" title=\"Book a Free Trial Lesson\" target=\"_blank\" rel=\"noopener\"><img decoding=\"async\" src=\"https:\/\/live-english.net\/wp-content\/uploads\/2023\/02\/sCTA-de.jpg\" alt=\"Book your Free English Trial lesson\" \/><\/a><\/div><\/aside><!--DE-->\r\n <!--ES-->\r\n <!--HE\r\n[do_widget id=custom_html-72] <!--RU-->\r\n<div>\r\n\t<br><br>\r\n<\/div><\/div><\/aside>\n<h2>F\u00fcr wen ist der TOEIC-Pr\u00fcfungsvorbereitungskurs gedacht?<\/h2>\n<p>Dieser Kurs ist f\u00fcr jeden geeignet, der die TOEIC-Pr\u00fcfung ablegen muss. Egal, ob Sie studieren, berufst\u00e4tig sind oder umziehen m\u00f6chten, wir helfen Ihnen, die TOEIC-Punktzahl zu erreichen, die Sie brauchen.<\/p>\n<p>You can prepare for the TOEIC over a few months or have an intensive course before the date of your exam.<\/p>\n<h2>Wer unterrichtet Sie bei der TOEIC-Pr\u00fcfungsvorbereitung bei Live-English?<\/h2>\n<p>Bei der TOEIC-Pr\u00fcfung k\u00f6nnen Sie durchfallen oder bestehen. Ziel ist es, Sie so auf die Pr\u00fcfung vorzubereiten, dass Sie die h\u00f6chstm\u00f6gliche Punktzahl erreichen k\u00f6nnen. Deshalb ist es wichtig, dass Sie bei Lehrpersonen lernen, die Erfahrung mit den spezifischen Anforderungen der TOEIC-Pr\u00fcfung haben. Bei Live-English werden Sie von unseren muttersprachigen Englisch-Lehrpersonen durch den TOEIC-Vorbereitungskurs gef\u00fchrt und unterst\u00fctzt, um die bestm\u00f6glichen Resultate zu erzielen.<\/p>\n<h2>Fortfahren<\/h2>\n<ul>\n<li><a title=\"Wie man sich auf das TOEIC-Examen vorbereitet und erfolgreich ist \" href=\"https:\/\/live-english.net\/de\/toeic-pruefung-erfolgreich\/\">Wie man sich auf das TOEIC-Examen vorbereitet und erfolgreich ist <\/a><\/li>\n<li>Hier finden Sie <a title=\"TOEIC Sprechtipps\" href=\"https:\/\/live-english.net\/de\/toeic-sprechtipps\/\">Vorschl\u00e4ge<\/a> um Ihr Ergebnis im TOEIC Speaking Test effektiv zu verbessern<\/li>\n<\/ul>\n<p><strong>M\u00f6chten Sie mehr \u00fcber den Online-Vorbereitungskurs f\u00fcr die TOEIC-Englischpr\u00fcfung erfahren? Melden Sie sich jetzt f\u00fcr eine <a title=\"kostenlose Probelektion\" href=\"https:\/\/live-english.net\/de\/entdecken\/\">kostenlose Probelektion<\/a> und besprechen Sie Ihre Anspr\u00fcche und Zielsetzungen mit einer unserer Online-Lehrpersonen.<\/strong><\/p>\n <aside id=\"custom_html-66\" class=\"widget_text widget widget_custom_html amr_widget\"><div class=\"textwidget custom-html-widget\"><div>\r\n\t<br><br>\r\n<\/div>\r\n<!--EN-->\r\n <!--FR-->\r\n<!--IT-->\r\n<aside id=\"custom_html-77\" class=\"widget_text widget widget_custom_html amr_widget\"><div class=\"textwidget custom-html-widget\"><div><a href=\"https:\/\/member.booknstart.com\/trial-registration?lg=de&amp;referred_by=CTA&amp;office_id=3\" title=\"Book a Free Trial Lesson\" target=\"_blank\" rel=\"noopener\"><img alt=\"Book your free English trial lesson\" src='https:\/\/live-english.net\/wp-content\/uploads\/2023\/02\/CTA-probestunde.jpg'><\/a>\t\r\n<\/div><\/div><\/aside><!--DE-->\r\n <!--ES-->\r\n <!--HE-->\r\n <!--RU--><\/div><\/aside>","protected":false},"excerpt":{"rendered":"<p>Ein TOEIC-Training mit Live-English.net erm\u00f6glicht es Ihnen, alle Themen abzudecken, die Sie zum Bestehen Ihrer Pr\u00fcfung ben\u00f6tigen. Die Online-Englischlehrer f\u00fcr diesen Kurs wurden f\u00fcr seine Durchf\u00fchrung geschult. Was ist die TOEIC-Pr\u00fcfung? TOEIC steht f\u00fcr Test Of English for International Communication<\/p>\n","protected":false},"author":1,"featured_media":29646,"parent":447,"menu_order":0,"comment_status":"closed","ping_status":"closed","template":"","meta":{"_monsterinsights_skip_tracking":false,"_monsterinsights_sitenote_active":false,"_monsterinsights_sitenote_note":"","_monsterinsights_sitenote_category":0,"footnotes":""},"class_list":["post-19182","page","type-page","status-publish","hentry"],"_links":{"self":[{"href":"https:\/\/live-english.net\/de\/wp-json\/wp\/v2\/pages\/19182","targetHints":{"allow":["GET"]}}],"collection":[{"href":"https:\/\/live-english.net\/de\/wp-json\/wp\/v2\/pages"}],"about":[{"href":"https:\/\/live-english.net\/de\/wp-json\/wp\/v2\/types\/page"}],"author":[{"embeddable":true,"href":"https:\/\/live-english.net\/de\/wp-json\/wp\/v2\/users\/1"}],"replies":[{"embeddable":true,"href":"https:\/\/live-english.net\/de\/wp-json\/wp\/v2\/comments?post=19182"}],"version-history":[{"count":5,"href":"https:\/\/live-english.net\/de\/wp-json\/wp\/v2\/pages\/19182\/revisions"}],"predecessor-version":[{"id":29654,"href":"https:\/\/live-english.net\/de\/wp-json\/wp\/v2\/pages\/19182\/revisions\/29654"}],"up":[{"embeddable":true,"href":"https:\/\/live-english.net\/de\/wp-json\/wp\/v2\/pages\/447"}],"wp:featuredmedia":[{"embeddable":true,"href":"https:\/\/live-english.net\/de\/wp-json\/wp\/v2\/media\/29646"}],"wp:attachment":[{"href":"https:\/\/live-english.net\/de\/wp-json\/wp\/v2\/media?parent=19182"}],"curies":[{"name":"wp","href":"https:\/\/api.w.org\/{rel}","templated":true}]}}