{"id":19185,"date":"2022-02-13T13:05:10","date_gmt":"2022-02-13T13:05:10","guid":{"rendered":"https:\/\/live-english.net\/?page_id=19185"},"modified":"2023-06-23T08:37:53","modified_gmt":"2023-06-23T08:37:53","slug":"toefl-examen","status":"publish","type":"page","link":"https:\/\/live-english.net\/de\/online-englisch-kurse\/vorbereitung-englischpruefungen\/toefl-examen\/","title":{"rendered":"TOEFL-Examen"},"content":{"rendered":"<h2>Wass ist der TOEFL test?<\/h2>\n<p>TOEFL steht f\u00fcr &#8222;Test of English as a Foreign Language&#8220; und ist ein sehr beliebter Englischtest. Er testet die F\u00e4higkeiten in den Bereichen H\u00f6ren, Lesen, Schreiben und Sprechen in Englisch f\u00fcr Nicht-Muttersprachler, welche sich an englischsprachigen Universit\u00e4ten einschreiben m\u00f6chten. Reading TOEFL iBT Raw Score Range: 0-45, Listening TOEFL iBT Raw Score Range: 0-34, Speaking TOEFL iBT Raw Score Range: 0-24, Writing TOEFL iBT Raw Score Range: 0-10. Die ben\u00f6tigte Gesamtpunktzahl h\u00e4ngt von den Anforderungen der Universit\u00e4t ab, an der Sie zugelassen werden m\u00f6chten. Es wird von mehr als 10 000 Universit\u00e4ten und Schulen in englischsprachigen L\u00e4ndern auf der ganzen Welt anerkannt.<br \/>\n<aside id=\"custom_html-81\" class=\"widget_text widget widget_custom_html amr_widget\"><div class=\"textwidget custom-html-widget\"><!--EN-->\r\n <!--FR-->\r\n<!--IT-->\r\n<aside id=\"custom_html-84\" class=\"widget_text widget widget_custom_html amr_widget\"><div class=\"textwidget custom-html-widget\"><a href=\"https:\/\/member.booknstart.com\/trial-registration?lg=de&amp;referred_by=sCTA&amp;office_id=3\" title=\"Book a Free Trial Lesson\" target=\"_blank\" rel=\"noopener\"><img decoding=\"async\" src=\"https:\/\/live-english.net\/wp-content\/uploads\/2023\/02\/sCTA-de.jpg\" alt=\"Book your Free English Trial lesson\" \/><\/a><\/div><\/aside><!--DE-->\r\n <!--ES-->\r\n <!--HE\r\n[do_widget id=custom_html-72] <!--RU-->\r\n<div>\r\n\t<br><br>\r\n<\/div><\/div><\/aside><\/p>\n<h2>Warum sollten Sie sich auf den TOEFL-Sprachtest fokussieren?<\/h2>\n<p>Der TOEFL Speaking Pr\u00fcfungsteil ist nachweislich am schwierigsten zu bestehen. Dies kann verschiedene Ursachen haben, aber insgesamt m\u00fcssen Sie \u00fcber gute Kenntnisse des englischen Wortschatzes, der Grammatik und der Aussprache verf\u00fcgen. Er ist in 6 Aufgaben unterteilt &#8211; 2 unabh\u00e4ngige Aufgaben (Sie sprechen \u00fcber Ihre Interessen und Ihre Meinung dazu) und 4 integrierte Aufgaben. Deshalb erfordert der Speaking Pr\u00fcfungstest Ihre volle Aufmerksamkeit. Bei Live-English dreht sich alles um Konversationen. Unsere Lehrpersonen sind auf die Vorbereitung von TOEFL-Examen spezialisiert und helfen Ihnen, Ihre F\u00e4higkeiten zu verbessern und das bestm\u00f6gliche Ergebnis zu erzielen.<\/p>\n<h2>Was ist in der Online-Vorbereitung auf das TOEFL-Examen enthalten?<\/h2>\n<ul>\n<li>Sie erhalten eine Einf\u00fchrung in den TOEFL-Test und gehen die verschiedenen \u00dcbungen des Tests durch und erfahren, wie Sie gut abschneiden k\u00f6nnen. Sie werden verstehen, was von Ihnen erwartet wird.<\/li>\n<li>Sie werden typische \u00dcbungen aus dem TOEFL durcharbeiten.<\/li>\n<li>Sie erhalten allgemeine Ratschl\u00e4ge, um Ihr Englisch auf den neuesten Stand zu bringen<\/li>\n<li>Ihre Lehrperson wird Sie motivieren und Ihnen die n\u00f6tige Selbstsicherheit geben, um den TOEFL zu bestehen.<\/li>\n<\/ul>\n<h2>An welche Zielgruppe ist der Vorbereitungskurs f\u00fcr das TOEFL-Examen gerichtet?<\/h2>\n<p>Wenn Sie studieren und eine Universit\u00e4t oder ein weiterf\u00fchrendes Studium in einem englischsprachigen Land anstreben, ist dieser Kurs genau das Richtige f\u00fcr Sie. Es gibt aber auch Personen, welche die TOEFL-Pr\u00fcfung ablegen um sich in einem bestimmten Bereich zertifizieren zu lassen oder f\u00fcr dies im Rahmen einer Immigration tun. Unabh\u00e4ngig davon warum Sie sich auf die TOEFL-Pr\u00fcfung vorbereiten wollen &#8211; Live-English wird Sie dabei unterst\u00fctzen, die bestm\u00f6glichsten Resultate zu erzielen.<\/p>\n<p><strong>Eine gute Vorbereitung auf Ihren bevorstehenden Englischtest hilft Ihnen sicher und stressfreier in die Pr\u00fcfung zu gehen. \u00dcberzeugen Sie sich selbst und registrieren Sie sich f\u00fcr eine <a title=\"kostenlose Englisch Ersteinsch\u00e4tzung\" href=\"https:\/\/live-english.net\/de\/entdecken\/\">kostenlose Probelektion<\/a><\/strong><\/p>\n <aside id=\"custom_html-66\" class=\"widget_text widget widget_custom_html amr_widget\"><div class=\"textwidget custom-html-widget\"><div>\r\n\t<br><br>\r\n<\/div>\r\n<!--EN-->\r\n <!--FR-->\r\n<!--IT-->\r\n<aside id=\"custom_html-77\" class=\"widget_text widget widget_custom_html amr_widget\"><div class=\"textwidget custom-html-widget\"><div><a href=\"https:\/\/member.booknstart.com\/trial-registration?lg=de&amp;referred_by=CTA&amp;office_id=3\" title=\"Book a Free Trial Lesson\" target=\"_blank\" rel=\"noopener\"><img alt=\"Book your free English trial lesson\" src='https:\/\/live-english.net\/wp-content\/uploads\/2023\/02\/CTA-probestunde.jpg'><\/a>\t\r\n<\/div><\/div><\/aside><!--DE-->\r\n <!--ES-->\r\n <!--HE-->\r\n <!--RU--><\/div><\/aside>","protected":false},"excerpt":{"rendered":"<p>Wass ist der TOEFL test? TOEFL steht f\u00fcr &#8222;Test of English as a Foreign Language&#8220; und ist ein sehr beliebter Englischtest. Er testet die F\u00e4higkeiten in den Bereichen H\u00f6ren, Lesen, Schreiben und Sprechen in Englisch f\u00fcr Nicht-Muttersprachler, welche sich an<\/p>\n","protected":false},"author":1,"featured_media":29682,"parent":447,"menu_order":0,"comment_status":"closed","ping_status":"closed","template":"","meta":{"footnotes":""},"class_list":["post-19185","page","type-page","status-publish","hentry"],"_links":{"self":[{"href":"https:\/\/live-english.net\/de\/wp-json\/wp\/v2\/pages\/19185","targetHints":{"allow":["GET"]}}],"collection":[{"href":"https:\/\/live-english.net\/de\/wp-json\/wp\/v2\/pages"}],"about":[{"href":"https:\/\/live-english.net\/de\/wp-json\/wp\/v2\/types\/page"}],"author":[{"embeddable":true,"href":"https:\/\/live-english.net\/de\/wp-json\/wp\/v2\/users\/1"}],"replies":[{"embeddable":true,"href":"https:\/\/live-english.net\/de\/wp-json\/wp\/v2\/comments?post=19185"}],"version-history":[{"count":5,"href":"https:\/\/live-english.net\/de\/wp-json\/wp\/v2\/pages\/19185\/revisions"}],"predecessor-version":[{"id":29690,"href":"https:\/\/live-english.net\/de\/wp-json\/wp\/v2\/pages\/19185\/revisions\/29690"}],"up":[{"embeddable":true,"href":"https:\/\/live-english.net\/de\/wp-json\/wp\/v2\/pages\/447"}],"wp:featuredmedia":[{"embeddable":true,"href":"https:\/\/live-english.net\/de\/wp-json\/wp\/v2\/media\/29682"}],"wp:attachment":[{"href":"https:\/\/live-english.net\/de\/wp-json\/wp\/v2\/media?parent=19185"}],"curies":[{"name":"wp","href":"https:\/\/api.w.org\/{rel}","templated":true}]}}