{"id":2006,"date":"2018-09-11T18:21:37","date_gmt":"2018-09-11T18:21:37","guid":{"rendered":"https:\/\/live-english.net\/?page_id=2006"},"modified":"2023-06-25T13:08:57","modified_gmt":"2023-06-25T13:08:57","slug":"englisch-schreibkurs","status":"publish","type":"page","link":"https:\/\/live-english.net\/de\/online-englisch-kurse\/englisch-schreibkurs\/","title":{"rendered":"Englisch Schreibkurs"},"content":{"rendered":"<p>Das Schreiben auf Englisch ist eine Herausforderung, wenn es nicht Ihre Muttersprache ist. Es ist schwierig, die Feinheiten der Sprache zu verstehen und wie ein englischer Muttersprachler zu schreiben. Es ist schwierig, klar und pr\u00e4gnant zu schreiben, damit die Person, der wir schreiben, versteht, was wir meinen. Ein Missverst\u00e4ndnis in der schriftlichen Kommunikation kann schwerwiegende Folgen haben!<\/p>\n<p>Aus diesem Grund bietet Live-English.net einen Kurs an, in dem Sie als Nicht-Muttersprachler lernen k\u00f6nnen, Ihre Schreibf\u00e4higkeiten zu verbessern und sie durch gezielte Aufgabenstellungen zu \u00fcben.<\/p>\n<h2>Online Englisch Schreibkurs<\/h2>\n<p>Sie erhalten w\u00f6chentlich eine Aufgabe zu einem allgemeinen Thema in Englischer Sprache, die Sie eigenst\u00e4ndig vorbereiten und uns anschlie\u00dfend innerhalb einer Woche zusenden. Ihre Arbeit wird dann individuell von einem unserer professionellen Englischlehrer korrigiert und kommentiert. Zus\u00e4tzlich zu Korrektur und Feedback erhalten Sie ebenfalls w\u00f6chentlich ein Dokument mit entsprechendem Schl\u00fcsselvokabular, spezifischen Ausdr\u00fccken, sowie Verbesserungstips. <\/p>\n<h2>Registrieren Sie sich f\u00fcr einen online Englisch Schreibkurs<\/h2>\n<h1 style=\"color: #d5822b;\">Bestellen Sie Ihren Englisch Schreibkurs<\/h1>\n<table style=\"padding: 20px 0px 0px 0px; margin: 0px 0px 0px 2px;\" border=\"0\" width=\"603\" cellspacing=\"0\" cellpadding=\"0\">\n<tbody>\n<tr style=\"background: #eff0f1;\">\n<td style=\"width: 151px; text-align: center; font: bold 14px arial; color: #1f1e1e; padding: 5px 0px 5px 0px; border-top: 1px solid #f1c7cb; border-right: 1px solid #f1c7cb;\">Allgemeiner Englischkurs<\/td>\n<td style=\"width: 151px; text-align: center; font: bold 14px arial; color: #1f1e1e; padding: 5px 0px 5px 0px; border-top: 1px solid #f1c7cb; border-right: 1px solid #f1c7cb;\">Business English Kurs<\/td>\n<td style=\"width: 151px; text-align: center; font: bold 14px arial; color: #1f1e1e; padding: 5px 0px 5px 0px; border-top: 1px solid #f1c7cb; border-right: 1px solid #f1c7cb;\">Promotionspreis f\u00fcr beide Kurse<\/td>\n<\/tr>\n<tr>\n<td style=\"width: 151px; text-align: center; font: bold 14px arial; color: #4c4b4b; padding: 5px 0px 5px 0px; border-top: 1px solid #f1c7cb; border-right: 1px solid #f1c7cb;\">89 \u20ac<\/p>\n<p class=\"priceout\"><a href=\"https:\/\/bit.ly\/2sBp9GA\" target=\"_blank\" rel=\"noopener\">Jetzt kaufen<\/a><\/p>\n<\/td>\n<td style=\"width: 151px; text-align: center; font: bold 14px arial; color: #4c4b4b; padding: 5px 0px 5px 0px; border-top: 1px solid #f1c7cb; border-right: 1px solid #f1c7cb;\">99 \u20ac<\/p>\n<p class=\"priceout\"><a href=\"https:\/\/bit.ly\/2sDP7ce\" target=\"_blank\" rel=\"noopener\">Jetzt kaufen<\/a><\/p>\n<\/td>\n<td style=\"width: 151px; text-align: center; font: bold 14px arial; color: #4c4b4b; padding: 5px 0px 5px 0px; border-top: 1px solid #f1c7cb; border-right: 1px solid #f1c7cb;\"><span style=\"text-decoration: line-through;\">188 \u20ac<\/span><br \/>\n110 \u20ac<\/p>\n<p class=\"priceout\"><a href=\"https:\/\/bit.ly\/2xOw18p\" target=\"_blank\" rel=\"noopener\">Jetzt kaufen<\/a><\/p>\n<\/td>\n<\/tr>\n<\/tbody>\n<\/table>\n<h2>Was beinhaltet der allgemeine Englisch-Schreibkurs?<\/h2>\n<p>In diesem Online-Schreibkurs f\u00fcr Englisch werden Sie lernen:<\/p>\n<p>&#8211; 6 <strong>Aufgaben<\/strong> die Sie vorbereiten und an uns schicken, damit Sie \u00fcben und selbst sehen k\u00f6nnen, wie man auf Englisch schreibt<br \/>\n&#8211; 6 <strong>Korrekturen und Kommentare<\/strong> zu Ihrer Arbeit, damit Sie aus Ihren Fehlern lernen und Ihre Schreibf\u00e4higkeiten von einer Aufgabe zur n\u00e4chsten verbessern k\u00f6nnen<br \/>\n&#8211; 6 <strong>Wiederholungsdokumente<\/strong> mmit Schl\u00fcsselvokabeln und -ausdr\u00fccken sowie Tipps zur Verbesserung Ihrer Englisch-Schreibf\u00e4higkeiten<\/p>\n<p>1. \u00dcber sich selbst schreiben<br \/>\n2. Eine Kritik verfassen<br \/>\n3. Briefe schreiben<br \/>\n4. Rezepte<br \/>\n5. Erfolgreiches Widersprechen<br \/>\n6. Einen Aufsatz verfassen (Teil einer Beispielpr\u00fcfung)<\/p>\n<h2>An welche Zielgruppe ist der Online-Kurs &#8222;General English Writing&#8220; gerichtet?<\/h2>\n<p>Obwohl wir uns bei Englisch\u00fcbungen alle auf das Sprechen konzentrieren, wird die Entwicklung von Schreibf\u00e4higkeiten Sie unterst\u00fctzen, Ihr Englisch zu beherrschen und Ihre Gedanken klar und schl\u00fcssig in schriftlicher Form auszudr\u00fccken. Ein Online-Schreibkurs f\u00fcr Englisch wird Ihre Schreibf\u00e4higkeiten verbessern &#8211; unabh\u00e4ngig davon, ob Sie am Anfang Ihres Englischstudiums stehen oder nur Ihre Kenntnisse auffrischen wollen.<\/p>\n<h2>Fordern Sie eine Beispiellektion unseres Englisch Schreibkurses an<\/h2>\n<style type=\"text\/css\">\n#af-form-484139495 .af-body .af-textWrap{width:98%;display:block;float:none;}<br \/>#af-form-484139495 .af-body .privacyPolicy{color:inherit;font-size:11px;font-family:Verdana, sans-serif;}<br \/>#af-form-484139495 .af-body a{color:#094C80;text-decoration:underline;font-style:normal;font-weight:normal;}<br \/>#af-form-484139495 .af-body input.text, #af-form-484139495 .af-body textarea{background-color:#FFFFFF;border-color:#919191;border-width:1px;border-style:solid;color:#000000;text-decoration:none;font-style:normal;font-weight:normal;font-size:12px;font-family:Verdana, sans-serif;}<br \/>#af-form-484139495 .af-body input.text:focus, #af-form-484139495 .af-body textarea:focus{background-color:#FFFAD6;border-color:#030303;border-width:1px;border-style:solid;}<br \/>#af-form-484139495 .af-body label.previewLabel{display:block;float:none;text-align:left;width:auto;color:#000000;text-decoration:none;font-style:normal;font-weight:normal;font-size:11px;font-family:Verdana, sans-serif;}<br \/>#af-form-484139495 .af-body{padding-bottom:15px;padding-top:15px;background-repeat:repeat-x;background-position:inherit;color:inherit;font-size:11px;font-family:Verdana, sans-serif;}<br \/>#af-form-484139495 .af-header{padding-bottom:9px;padding-top:32px;padding-right:10px;padding-left:99px;background-color:transparent;background-repeat:no-repeat;background-position:inherit;border-width:1px;border-bottom-style:none;border-left-style:none;border-right-style:none;border-top-style:none;color:inherit;font-size:16px;font-family:Verdana, sans-serif;}<br \/>#af-form-484139495 .af-quirksMode .bodyText{padding-top:2px;padding-bottom:2px;}<br \/>#af-form-484139495 .af-quirksMode{padding-right:10px;padding-left:10px;}<br \/>#af-form-484139495 .af-standards .af-element{padding-right:10px;padding-left:10px;}<br \/>#af-form-484139495 .bodyText p{margin:1em 0;}<br \/>#af-form-484139495 .buttonContainer input.submit{background-position:top left;background-repeat:repeat-x;background-color:#0057ac;border:1px solid #0057ac;color:#FFFFFF;text-decoration:none;font-style:normal;font-weight:normal;font-size:14px;font-family:Verdana, sans-serif;}<br \/>#af-form-484139495 .buttonContainer input.submit{width:auto;}<br \/>#af-form-484139495 .buttonContainer{text-align:left;}<br \/>#af-form-484139495 body,#af-form-484139495 dl,#af-form-484139495 dt,#af-form-484139495 dd,#af-form-484139495 h1,#af-form-484139495 h2,#af-form-484139495 h3,#af-form-484139495 h4,#af-form-484139495 h5,#af-form-484139495 h6,#af-form-484139495 pre,#af-form-484139495 code,#af-form-484139495 fieldset,#af-form-484139495 legend,#af-form-484139495 blockquote,#af-form-484139495 th,#af-form-484139495 td{float:none;color:inherit;position:static;margin:0;padding:0;}<br \/>#af-form-484139495 button,#af-form-484139495 input,#af-form-484139495 submit,#af-form-484139495 textarea,#af-form-484139495 select,#af-form-484139495 label,#af-form-484139495 optgroup,#af-form-484139495 option{float:none;position:static;margin:0;}<br \/>#af-form-484139495 div{margin:0;}<br \/>#af-form-484139495 fieldset{border:0;}<br \/>#af-form-484139495 form,#af-form-484139495 textarea,.af-form-wrapper,.af-form-close-button,#af-form-484139495 img{float:none;color:inherit;position:static;background-color:none;border:none;margin:0;padding:0;}<br \/>#af-form-484139495 input,#af-form-484139495 button,#af-form-484139495 textarea,#af-form-484139495 select{font-size:100%;}<br \/>#af-form-484139495 p{color:inherit;}<br \/>#af-form-484139495 select,#af-form-484139495 label,#af-form-484139495 optgroup,#af-form-484139495 option{padding:0;}<br \/>#af-form-484139495 table{border-collapse:collapse;border-spacing:0;}<br \/>#af-form-484139495 ul,#af-form-484139495 ol{list-style-image:none;list-style-position:outside;list-style-type:disc;padding-left:40px;}<br \/>#af-form-484139495,#af-form-484139495 .quirksMode{width:100%;max-width:224px;}<br \/>#af-form-484139495.af-quirksMode{overflow-x:hidden;}<br \/>#af-form-484139495{background-color:transparent;border-color:transparent;border-width:1px;border-style:solid;}<br \/>#af-form-484139495{display:block;}<br \/>#af-form-484139495{overflow:hidden;}<br \/>.af-body .af-textWrap{text-align:left;}<br \/>.af-body input.image{border:none!important;}<br \/>.af-body input.submit,.af-body input.image,.af-form .af-element input.button{float:none!important;}<br \/>.af-body input.text{width:100%;float:none;padding:2px!important;}<br \/>.af-body.af-standards input.submit{padding:4px 12px;}<br \/>.af-clear{clear:both;}<br \/>.af-element label{text-align:left;display:block;float:left;}<br \/>.af-element{padding-bottom:5px;padding-top:5px;}<br \/>.af-form-wrapper{text-indent:0;}<br \/>.af-form{text-align:left;margin:auto;}<br \/>.af-header{margin-bottom:0;margin-top:0;padding:10px;}<br \/>.af-quirksMode .af-element{padding-left:0!important;padding-right:0!important;}<br \/>.lastNameContainer{margin-top:10px;}<br \/>.lbl-right .af-element label{text-align:right;}<br \/>body {<br \/>}<br \/><\/style>\n<form class=\"af-form-wrapper\" accept-charset=\"UTF-8\" action=\"https:\/\/booknstart.com\/lead.php\" method=\"post\">\n<div style=\"display: none;\"><input name=\"office\" type=\"hidden\" value=\"3\" \/><br \/>\n<input name=\"email\" type=\"hidden\" value=\"\" \/><br \/>\n<input name=\"lg\" type=\"hidden\" value=\"en\" \/><br \/>\n<input name=\"leadsource\" type=\"hidden\" value=\"6\" \/><br \/>\n<input name=\"redirect\" type=\"hidden\" value=\"24\" \/><\/div>\n<div id=\"af-form-484139495\" class=\"af-form\">\n<div id=\"af-body-484139495\" class=\"af-body af-standards\">\n<div class=\"af-element\">\n<p><label class=\"previewLabel\" for=\"awf_field-34440661-first\">Vorname:<\/label><\/p>\n<div class=\"af-textWrap\"><input id=\"awf_field-34440661-first\" class=\"text\" tabindex=\"500\" name=\"fname\" type=\"text\" value=\"\" \/><\/div>\n<div class=\"af-clear\"><\/div>\n<\/div>\n<div class=\"af-element\">\n<p><label class=\"previewLabel\" for=\"awf_field-34440661-last\">Nachname:<\/label><\/p>\n<div class=\"af-textWrap\"><input id=\"awf_field-34440661-last\" class=\"text\" tabindex=\"501\" name=\"lname\" type=\"text\" value=\"\" \/><\/div>\n<div class=\"af-clear\"><\/div>\n<\/div>\n<div class=\"af-element\">\n<p><label class=\"previewLabel\" for=\"awf_field-34440662\">Email: <\/label><\/p>\n<div class=\"af-textWrap\"><input id=\"awf_field-34440662\" class=\"text\" tabindex=\"502\" name=\"alternate\" type=\"text\" value=\"\" \/><\/div>\n<div class=\"af-clear\"><\/div>\n<\/div>\n<div class=\"af-element buttonContainer\">\n<p><input class=\"submit\" tabindex=\"503\" name=\"submit\" type=\"submit\" value=\"Senden\" \/><\/p>\n<div class=\"af-clear\"><\/div>\n<\/div>\n<div class=\"af-element privacyPolicy\" style=\"text-align: center;\">\n<p>Wir respektieren Ihre Privatsph\u00e4re<\/p>\n<div class=\"af-clear\"><\/div>\n<\/div>\n<\/div>\n<\/div>\n<\/form>\n <aside id=\"custom_html-66\" class=\"widget_text widget widget_custom_html amr_widget\"><div class=\"textwidget custom-html-widget\"><div>\r\n\t<br><br>\r\n<\/div>\r\n<!--EN-->\r\n <!--FR-->\r\n<!--IT-->\r\n<aside id=\"custom_html-77\" class=\"widget_text widget widget_custom_html amr_widget\"><div class=\"textwidget custom-html-widget\"><div><a href=\"https:\/\/member.booknstart.com\/trial-registration?lg=de&amp;referred_by=CTA&amp;office_id=3\" title=\"Book a Free Trial Lesson\" target=\"_blank\" rel=\"noopener\"><img alt=\"Book your free English trial lesson\" src='https:\/\/live-english.net\/wp-content\/uploads\/2023\/02\/CTA-probestunde.jpg'><\/a>\t\r\n<\/div><\/div><\/aside><!--DE-->\r\n <!--ES-->\r\n <!--HE-->\r\n <!--RU--><\/div><\/aside>","protected":false},"excerpt":{"rendered":"<p>Das Schreiben auf Englisch ist eine Herausforderung, wenn es nicht Ihre Muttersprache ist. Es ist schwierig, die Feinheiten der Sprache zu verstehen und wie ein englischer Muttersprachler zu schreiben. Es ist schwierig, klar und pr\u00e4gnant zu schreiben, damit die Person,<\/p>\n","protected":false},"author":1,"featured_media":29734,"parent":441,"menu_order":0,"comment_status":"closed","ping_status":"closed","template":"","meta":{"_monsterinsights_skip_tracking":false,"_monsterinsights_sitenote_active":false,"_monsterinsights_sitenote_note":"","_monsterinsights_sitenote_category":0,"footnotes":""},"class_list":["post-2006","page","type-page","status-publish","hentry"],"_links":{"self":[{"href":"https:\/\/live-english.net\/de\/wp-json\/wp\/v2\/pages\/2006","targetHints":{"allow":["GET"]}}],"collection":[{"href":"https:\/\/live-english.net\/de\/wp-json\/wp\/v2\/pages"}],"about":[{"href":"https:\/\/live-english.net\/de\/wp-json\/wp\/v2\/types\/page"}],"author":[{"embeddable":true,"href":"https:\/\/live-english.net\/de\/wp-json\/wp\/v2\/users\/1"}],"replies":[{"embeddable":true,"href":"https:\/\/live-english.net\/de\/wp-json\/wp\/v2\/comments?post=2006"}],"version-history":[{"count":2,"href":"https:\/\/live-english.net\/de\/wp-json\/wp\/v2\/pages\/2006\/revisions"}],"predecessor-version":[{"id":20297,"href":"https:\/\/live-english.net\/de\/wp-json\/wp\/v2\/pages\/2006\/revisions\/20297"}],"up":[{"embeddable":true,"href":"https:\/\/live-english.net\/de\/wp-json\/wp\/v2\/pages\/441"}],"wp:featuredmedia":[{"embeddable":true,"href":"https:\/\/live-english.net\/de\/wp-json\/wp\/v2\/media\/29734"}],"wp:attachment":[{"href":"https:\/\/live-english.net\/de\/wp-json\/wp\/v2\/media?parent=2006"}],"curies":[{"name":"wp","href":"https:\/\/api.w.org\/{rel}","templated":true}]}}