{"id":2011,"date":"2018-09-11T18:42:52","date_gmt":"2018-09-11T18:42:52","guid":{"rendered":"https:\/\/live-english.net\/?page_id=2011"},"modified":"2023-07-15T04:29:31","modified_gmt":"2023-07-15T04:29:31","slug":"business-english-schreiben","status":"publish","type":"page","link":"https:\/\/live-english.net\/de\/online-englisch-kurse\/business-english-schreiben\/","title":{"rendered":"Business English Schreiben"},"content":{"rendered":"<p>Gesch\u00e4ftskorrespondenz auf Englisch zu f\u00fchren, wenn Englisch nicht Ihre Muttersprache ist, ist gelinde gesagt eine Herausforderung. Wenn Sie eine E-Mail an einen Kollegen oder Kunden im Ausland schreiben m\u00fcssen, m\u00f6chten Sie sichergehen, dass die Person, an die Sie schreiben, die Nachricht genau versteht. Ein Missverst\u00e4ndnis in der schriftlichen Kommunikation kann schwerwiegende Folgen f\u00fcr Ihren Arbeitsplatz und Ihr Unternehmen haben!<\/p>\n<p>Aus diesem Grund bietet Live-English.net einen Kurs an, in dem Sie als Nicht-Muttersprachler lernen k\u00f6nnen, wie Sie Ihre Schreibf\u00e4higkeiten in einem gesch\u00e4ftlichen und beruflichen Kontext verbessern k\u00f6nnen, um durch gezielte Aufgabenstellungen zu \u00fcben.<\/p>\n<h2>Was beinhaltet der Gesch\u00e4ftsenglisch-Schreibkurs online?<\/h2>\n<p>Sie erhalten w\u00f6chentlich eine Aufgabe zu einem allgemeinen Thema in Englischer Sprache, die Sie eigenst\u00e4ndig vorbereiten und uns anschlie\u00dfend innerhalb einer Woche zusenden. Ihre Arbeit wird dann individuell von einem unserer professionellen Englischlehrer korrigiert und kommentiert. Zus\u00e4tzlich zu Korrektur und Feedback erhalten Sie ebenfalls w\u00f6chentlich ein Dokument mit entsprechendem Schl\u00fcsselvokabular, spezifischen Ausdr\u00fccken, sowie Verbesserungstips.<\/p>\n<h1 style=\"color: #d5822b;\">Bestellen Sie Ihren online Englisch Schreibkurs<\/h1>\n<p>Beginnen Sie direkt im Anschluss an Ihrer Registrierung<\/p>\n<table style=\"padding: 20px 0px 0px 0px; margin: 0px 0px 0px 2px;\" border=\"0\" width=\"603\" cellspacing=\"0\" cellpadding=\"0\">\n<tbody>\n<tr style=\"background: #eff0f1;\">\n<td style=\"width: 151px; text-align: center; font: bold 14px arial; color: #1f1e1e; padding: 5px 0px 5px 0px; border-top: 1px solid #f1c7cb; border-right: 1px solid #f1c7cb;\">Allgemeiner Englischkurs<\/td>\n<td style=\"width: 151px; text-align: center; font: bold 14px arial; color: #1f1e1e; padding: 5px 0px 5px 0px; border-top: 1px solid #f1c7cb; border-right: 1px solid #f1c7cb;\">Business English Kurs<\/td>\n<td style=\"width: 151px; text-align: center; font: bold 14px arial; color: #1f1e1e; padding: 5px 0px 5px 0px; border-top: 1px solid #f1c7cb; border-right: 1px solid #f1c7cb;\">Promotionspreis f\u00fcr beide Kurse<\/td>\n<\/tr>\n<tr>\n<td style=\"width: 151px; text-align: center; font: bold 14px arial; color: #4c4b4b; padding: 5px 0px 5px 0px; border-top: 1px solid #f1c7cb; border-right: 1px solid #f1c7cb;\">89 \u20ac<\/p>\n<p class=\"priceout\"><a href=\"https:\/\/bit.ly\/2sBp9GA\" target=\"_blank\" rel=\"noopener\">Jetzt kaufen<\/a><\/p>\n<\/td>\n<td style=\"width: 151px; text-align: center; font: bold 14px arial; color: #4c4b4b; padding: 5px 0px 5px 0px; border-top: 1px solid #f1c7cb; border-right: 1px solid #f1c7cb;\">99 \u20ac<\/p>\n<p class=\"priceout\"><a href=\"https:\/\/bit.ly\/2sDP7ce\" target=\"_blank\" rel=\"noopener\">Jetzt kaufen<\/a><\/p>\n<\/td>\n<td style=\"width: 151px; text-align: center; font: bold 14px arial; color: #4c4b4b; padding: 5px 0px 5px 0px; border-top: 1px solid #f1c7cb; border-right: 1px solid #f1c7cb;\"><span style=\"text-decoration: line-through;\">188 \u20ac<\/span><br \/>\n110 \u20ac<\/p>\n<p class=\"priceout\"><a href=\"https:\/\/bit.ly\/2xOw18p\" target=\"_blank\" rel=\"noopener\">Jetzt kaufen<\/a><\/p>\n<\/td>\n<\/tr>\n<\/tbody>\n<\/table>\n<p>&nbsp;<\/p>\n<p>In diesem Online-Kurs zum Schreiben von Gesch\u00e4ftsenglisch erhalten Sie:<br \/>\n\u2013 6 <strong>Aufgaben<\/strong>, die Sie vorbereiten und an uns schicken, damit Sie \u00fcben und selbst sehen k\u00f6nnen, wie man auf Gesch\u00e4ftsenglisch schreibt<br \/>\n\u2013 6 <strong>Korrekturen und Kommentare<\/strong> zu Ihrer Arbeit, damit Sie aus Ihren Fehlern lernen und Ihre Schreibf\u00e4higkeiten von einer Aufgabe zur n\u00e4chsten verbessern k\u00f6nnen<br \/>\n\u2013 6 <strong>Wiederholungsdokumente<\/strong> mit Schl\u00fcsselvokabeln und -ausdr\u00fccken sowie Tipps zur Verbesserung Ihrer Schreibf\u00e4higkeiten in Business<\/p>\n<h2>Themen des Business English Kurses:<\/h2>\n<p>Der Kurs umfasst die folgenden Business Themen:<br \/>\n1. Wie Sie einen Lebenslauf verfassen<br \/>\n2. Wie Sie Anschreiben und Gesch\u00e4ftsbriefe aufsetzen<br \/>\n3. Business Presentationen und Berichte<br \/>\n4. Wie Sie Business Emails verfassen<br \/>\n5. Wie Sie ein Tagesordnungen f\u00fcr Meetings verfassen<br \/>\n6. Wie Sie Ihr Gesch\u00e4ft schriftlich bewerben<\/p>\n<h2>An welche Zielgruppe ist der Schreibkurs f\u00fcr Business-Englisch gerichtet?<\/h2>\n<p>Im Bereich von Business-Englisch macht die F\u00e4higkeit, sich pr\u00e4zise und professionell auszudr\u00fccken, Ihre Kommunikation effizient.<\/p>\n<p>Wenn Sie auf Stellensuche sind, werden Schreibtechniken zum Verfassen eines ansprechenden Lebenslaufs und Bewerbungsschreibens einen gro\u00dfen Unterschied machen und Sie dabei unterst\u00fctzen, sich von anderen Bewerbern abzuheben.<\/p>\n<p>Am Arbeitsplatz hilft Ihnen das Schreiben von Gesch\u00e4ftsdokumenten in professionellem Business-Englisch, besser zu kommunizieren. Das Verfassen von gesch\u00e4ftlichen E-Mails, Pr\u00e4sentationen und Berichten erfordert eine formellere Sprache und Struktur, muss aber dennoch klar und pr\u00e4gnant sein. Dieser Kurs ist genau das Richtige f\u00fcr Sie, wenn Sie eine dieser Fertigkeiten ausbauen m\u00f6chten.<\/p>\n<h2>Fordern Sie eine Beisspiellektion unseres Business English Schreibkurses an<\/h2>\n<style type=\"text\/css\">\n#af-form-484139495 .af-body .af-textWrap{width:98%;display:block;float:none;}<br \/>\n#af-form-484139495 .af-body .privacyPolicy{color:inherit;font-size:11px;font-family:Verdana, sans-serif;}<br \/>\n#af-form-484139495 .af-body a{color:#094C80;text-decoration:underline;font-style:normal;font-weight:normal;}<br \/>\n#af-form-484139495 .af-body input.text, #af-form-484139495 .af-body textarea{background-color:#FFFFFF;border-color:#919191;border-width:1px;border-style:solid;color:#000000;text-decoration:none;font-style:normal;font-weight:normal;font-size:12px;font-family:Verdana, sans-serif;}<br \/>\n#af-form-484139495 .af-body input.text:focus, #af-form-484139495 .af-body textarea:focus{background-color:#FFFAD6;border-color:#030303;border-width:1px;border-style:solid;}<br \/>\n#af-form-484139495 .af-body label.previewLabel{display:block;float:none;text-align:left;width:auto;color:#000000;text-decoration:none;font-style:normal;font-weight:normal;font-size:11px;font-family:Verdana, sans-serif;}<br \/>\n#af-form-484139495 .af-body{padding-bottom:15px;padding-top:15px;background-repeat:repeat-x;background-position:inherit;color:inherit;font-size:11px;font-family:Verdana, sans-serif;}<br \/>\n#af-form-484139495 .af-header{padding-bottom:9px;padding-top:32px;padding-right:10px;padding-left:99px;background-color:transparent;background-repeat:no-repeat;background-position:inherit;border-width:1px;border-bottom-style:none;border-left-style:none;border-right-style:none;border-top-style:none;color:inherit;font-size:16px;font-family:Verdana, sans-serif;}<br \/>\n#af-form-484139495 .af-quirksMode .bodyText{padding-top:2px;padding-bottom:2px;}<br \/>\n#af-form-484139495 .af-quirksMode{padding-right:10px;padding-left:10px;}<br \/>\n#af-form-484139495 .af-standards .af-element{padding-right:10px;padding-left:10px;}<br \/>\n#af-form-484139495 .bodyText p{margin:1em 0;}<br \/>\n#af-form-484139495 .buttonContainer input.submit{background-position:top left;background-repeat:repeat-x;background-color:#0057ac;border:1px solid #0057ac;color:#FFFFFF;text-decoration:none;font-style:normal;font-weight:normal;font-size:14px;font-family:Verdana, sans-serif;}<br \/>\n#af-form-484139495 .buttonContainer input.submit{width:auto;}<br \/>\n#af-form-484139495 .buttonContainer{text-align:left;}<br \/>\n#af-form-484139495 body,#af-form-484139495 dl,#af-form-484139495 dt,#af-form-484139495 dd,#af-form-484139495 h1,#af-form-484139495 h2,#af-form-484139495 h3,#af-form-484139495 h4,#af-form-484139495 h5,#af-form-484139495 h6,#af-form-484139495 pre,#af-form-484139495 code,#af-form-484139495 fieldset,#af-form-484139495 legend,#af-form-484139495 blockquote,#af-form-484139495 th,#af-form-484139495 td{float:none;color:inherit;position:static;margin:0;padding:0;}<br \/>\n#af-form-484139495 button,#af-form-484139495 input,#af-form-484139495 submit,#af-form-484139495 textarea,#af-form-484139495 select,#af-form-484139495 label,#af-form-484139495 optgroup,#af-form-484139495 option{float:none;position:static;margin:0;}<br \/>\n#af-form-484139495 div{margin:0;}<br \/>\n#af-form-484139495 fieldset{border:0;}<br \/>\n#af-form-484139495 form,#af-form-484139495 textarea,.af-form-wrapper,.af-form-close-button,#af-form-484139495 img{float:none;color:inherit;position:static;background-color:none;border:none;margin:0;padding:0;}<br \/>\n#af-form-484139495 input,#af-form-484139495 button,#af-form-484139495 textarea,#af-form-484139495 select{font-size:100%;}<br \/>\n#af-form-484139495 p{color:inherit;}<br \/>\n#af-form-484139495 select,#af-form-484139495 label,#af-form-484139495 optgroup,#af-form-484139495 option{padding:0;}<br \/>\n#af-form-484139495 table{border-collapse:collapse;border-spacing:0;}<br \/>\n#af-form-484139495 ul,#af-form-484139495 ol{list-style-image:none;list-style-position:outside;list-style-type:disc;padding-left:40px;}<br \/>\n#af-form-484139495,#af-form-484139495 .quirksMode{width:100%;max-width:224px;}<br \/>\n#af-form-484139495.af-quirksMode{overflow-x:hidden;}<br \/>\n#af-form-484139495{background-color:transparent;border-color:transparent;border-width:1px;border-style:solid;}<br \/>\n#af-form-484139495{display:block;}<br \/>\n#af-form-484139495{overflow:hidden;}<br \/>\n.af-body .af-textWrap{text-align:left;}<br \/>\n.af-body input.image{border:none!important;}<br \/>\n.af-body input.submit,.af-body input.image,.af-form .af-element input.button{float:none!important;}<br \/>\n.af-body input.text{width:100%;float:none;padding:2px!important;}<br \/>\n.af-body.af-standards input.submit{padding:4px 12px;}<br \/>\n.af-clear{clear:both;}<br \/>\n.af-element label{text-align:left;display:block;float:left;}<br \/>\n.af-element{padding-bottom:5px;padding-top:5px;}<br \/>\n.af-form-wrapper{text-indent:0;}<br \/>\n.af-form{text-align:left;margin:auto;}<br \/>\n.af-header{margin-bottom:0;margin-top:0;padding:10px;}<br \/>\n.af-quirksMode .af-element{padding-left:0!important;padding-right:0!important;}<br \/>\n.lastNameContainer{margin-top:10px;}<br \/>\n.lbl-right .af-element label{text-align:right;}<br \/>\nbody {<br \/>\n}<br \/>\n<\/style>\n<form class=\"af-form-wrapper\" accept-charset=\"UTF-8\" action=\"https:\/\/booknstart.com\/lead.php\" method=\"post\">\n<div style=\"display: none;\"><input name=\"office\" type=\"hidden\" value=\"3\" \/><br \/>\n<input name=\"email\" type=\"hidden\" value=\"\" \/><br \/>\n<input name=\"lg\" type=\"hidden\" value=\"en\" \/><br \/>\n<input name=\"leadsource\" type=\"hidden\" value=\"5\" \/><br \/>\n<input name=\"redirect\" type=\"hidden\" value=\"23\" \/><\/div>\n<div id=\"af-form-484139495\" class=\"af-form\">\n<div id=\"af-body-484139495\" class=\"af-body af-standards\">\n<div class=\"af-element\"><label class=\"previewLabel\" for=\"awf_field-34440661-first\">Vorname:<\/label><\/p>\n<div class=\"af-textWrap\"><input id=\"awf_field-34440661-first\" class=\"text\" tabindex=\"500\" name=\"fname\" type=\"text\" value=\"\" \/><\/div>\n<div class=\"af-clear\"><\/div>\n<\/div>\n<div class=\"af-element\"><label class=\"previewLabel\" for=\"awf_field-34440661-last\">Nachname:<\/label><\/p>\n<div class=\"af-textWrap\"><input id=\"awf_field-34440661-last\" class=\"text\" tabindex=\"501\" name=\"lname\" type=\"text\" value=\"\" \/><\/div>\n<div class=\"af-clear\"><\/div>\n<\/div>\n<div class=\"af-element\"><label class=\"previewLabel\" for=\"awf_field-34440662\">Email: <\/label><\/p>\n<div class=\"af-textWrap\"><input id=\"awf_field-34440662\" class=\"text\" tabindex=\"502\" name=\"alternate\" type=\"text\" value=\"\" \/><\/div>\n<div class=\"af-clear\"><\/div>\n<\/div>\n<div class=\"af-element buttonContainer\"><input class=\"submit\" tabindex=\"503\" name=\"submit\" type=\"submit\" value=\"Senden\" \/><\/p>\n<div class=\"af-clear\"><\/div>\n<\/div>\n<div class=\"af-element privacyPolicy\" style=\"text-align: center;\">\n<p>Wir respektieren Ihre Privatsph\u00e4re<\/p>\n<\/div>\n<\/div>\n<\/div>\n<\/form>\n <aside id=\"custom_html-66\" class=\"widget_text widget widget_custom_html amr_widget\"><div class=\"textwidget custom-html-widget\"><div>\r\n\t<br><br>\r\n<\/div>\r\n<!--EN-->\r\n <!--FR-->\r\n<!--IT-->\r\n<aside id=\"custom_html-77\" class=\"widget_text widget widget_custom_html amr_widget\"><div class=\"textwidget custom-html-widget\"><div><a href=\"https:\/\/member.booknstart.com\/trial-registration?lg=de&amp;referred_by=CTA&amp;office_id=3\" title=\"Book a Free Trial Lesson\" target=\"_blank\" rel=\"noopener\"><img alt=\"Book your free English trial lesson\" src='https:\/\/live-english.net\/wp-content\/uploads\/2023\/02\/CTA-probestunde.jpg'><\/a>\t\r\n<\/div><\/div><\/aside><!--DE-->\r\n <!--ES-->\r\n <!--HE-->\r\n <!--RU--><\/div><\/aside>","protected":false},"excerpt":{"rendered":"<p>Gesch\u00e4ftskorrespondenz auf Englisch zu f\u00fchren, wenn Englisch nicht Ihre Muttersprache ist, ist gelinde gesagt eine Herausforderung. Wenn Sie eine E-Mail an einen Kollegen oder Kunden im Ausland schreiben m\u00fcssen, m\u00f6chten Sie sichergehen, dass die Person, an die Sie schreiben, die<\/p>\n","protected":false},"author":1,"featured_media":31105,"parent":441,"menu_order":0,"comment_status":"closed","ping_status":"closed","template":"","meta":{"_monsterinsights_skip_tracking":false,"_monsterinsights_sitenote_active":false,"_monsterinsights_sitenote_note":"","_monsterinsights_sitenote_category":0,"footnotes":""},"class_list":["post-2011","page","type-page","status-publish","hentry"],"_links":{"self":[{"href":"https:\/\/live-english.net\/de\/wp-json\/wp\/v2\/pages\/2011","targetHints":{"allow":["GET"]}}],"collection":[{"href":"https:\/\/live-english.net\/de\/wp-json\/wp\/v2\/pages"}],"about":[{"href":"https:\/\/live-english.net\/de\/wp-json\/wp\/v2\/types\/page"}],"author":[{"embeddable":true,"href":"https:\/\/live-english.net\/de\/wp-json\/wp\/v2\/users\/1"}],"replies":[{"embeddable":true,"href":"https:\/\/live-english.net\/de\/wp-json\/wp\/v2\/comments?post=2011"}],"version-history":[{"count":4,"href":"https:\/\/live-english.net\/de\/wp-json\/wp\/v2\/pages\/2011\/revisions"}],"predecessor-version":[{"id":31113,"href":"https:\/\/live-english.net\/de\/wp-json\/wp\/v2\/pages\/2011\/revisions\/31113"}],"up":[{"embeddable":true,"href":"https:\/\/live-english.net\/de\/wp-json\/wp\/v2\/pages\/441"}],"wp:featuredmedia":[{"embeddable":true,"href":"https:\/\/live-english.net\/de\/wp-json\/wp\/v2\/media\/31105"}],"wp:attachment":[{"href":"https:\/\/live-english.net\/de\/wp-json\/wp\/v2\/media?parent=2011"}],"curies":[{"name":"wp","href":"https:\/\/api.w.org\/{rel}","templated":true}]}}