{"id":444,"date":"2018-06-03T12:01:14","date_gmt":"2018-06-03T12:01:14","guid":{"rendered":"https:\/\/live-english.net\/?page_id=444"},"modified":"2025-11-13T09:02:26","modified_gmt":"2025-11-13T09:02:26","slug":"business-englisch-lernen-online","status":"publish","type":"page","link":"https:\/\/live-english.net\/de\/online-englisch-kurse\/business-englisch-lernen-online\/","title":{"rendered":"Onlinekurs Professionelles &#038; Business Englisch"},"content":{"rendered":"<p>Live-English.net hat einen speziellen online Kurs f\u00fcr <strong>Professionelles &amp; Business Englisch<\/strong> entwickelt, der Ihnen helfen wird sich in allen Situationen der Arbeitswelt sicher zu f\u00fchlen. Tats\u00e4chlich h\u00e4ngt der pers\u00f6nliche Erfolg in der Arbeitswelt oftmals von den eigenen Englischkenntnissen ab, insbesondere aber von Ihrer F\u00e4higkeit klar auf Englisch mit Ihren Kollegen, Kunden und Gesch\u00e4ftspartnern zu kommunizieren. Daher k\u00f6nnen Sie w\u00e4hlen Ihren Kurs via Zoom, Google Meet oder Telefon zu machen, um Ihre professionellen Kommunikationsf\u00e4higkeiten bequem von zu Hause aus oder aus Ihrem B\u00fcro zu verbessern.<br \/>\n<aside id=\"custom_html-81\" class=\"widget_text widget widget_custom_html amr_widget\"><div class=\"textwidget custom-html-widget\"><!--EN-->\r\n <!--FR-->\r\n<!--IT-->\r\n<aside id=\"custom_html-84\" class=\"widget_text widget widget_custom_html amr_widget\"><div class=\"textwidget custom-html-widget\"><a href=\"https:\/\/member.booknstart.com\/trial-registration?lg=de&amp;referred_by=sCTA&amp;office_id=3\" title=\"Book a Free Trial Lesson\" target=\"_blank\" rel=\"noopener\"><img decoding=\"async\" src=\"https:\/\/live-english.net\/wp-content\/uploads\/2023\/02\/sCTA-de.jpg\" alt=\"Book your Free English Trial lesson\" \/><\/a><\/div><\/aside><!--DE-->\r\n <!--ES-->\r\n <!--HE\r\n[do_widget id=custom_html-72] <!--RU-->\r\n<div>\r\n\t<br><br>\r\n<\/div><\/div><\/aside><\/p>\n<h2>Business Englisch online lernen<\/h2>\n<p>Mit unserem <strong>Onlinekurs Business &amp; Professionelles Englisch<\/strong> werden Sie in der Lage sein:<\/p>\n<ul>\n<li>W\u00e4hlen Sie die passende Formel und konzentrieren Sie sich auf Ihren Fachbereich, indem Sie relevante Lernmaterialien nutzen.<\/li>\n<li>Mit Lehrern zu lernen, die sich auf Ihren Fachbereich spezialisieren.<\/li>\n<li>Ihre professionellen Kommunikationsf\u00e4higkeiten zu verbessern.<\/li>\n<li>Die Besonderheiten korrekter und professioneller Verst\u00e4ndigung auf Englisch Ihres Fachbereichs zu erfahren.<\/li>\n<\/ul>\n<h2>W\u00e4hlen Sie den Schwerpunkt f\u00fcr Ihren Kurs Professionelles &amp; Business Englisch<\/h2>\n<ul>\n<li><a title=\"Allgemeines Business Englisch\" href=\"https:\/\/live-english.net\/english-courses\/business-english-course\/general-business-english\/\">Allgemeines Business Englisch<\/a> &#8211; lernen Sie allgemeines Business Englisch anhand von unterschiedlichen Gesch\u00e4ftsthemen.<\/li>\n<li><a title=\"Human Resources\" href=\"https:\/\/live-english.net\/english-courses\/business-english-course\/business-english-course-human-resources\/\">Human Resources<\/a> &#8211; decken Sie Themen des Personalwesens mit einem professionell in diesem Bereich erfahrenen, muttersprachlichen Englischlehrer ab.<\/li>\n<li><a title=\"Finanzen &amp; Buchhaltung\" href=\"https:\/\/live-english.net\/english-courses\/business-english-course\/business-english-course-finance-accounting\/\">Finanzen &amp; Buchhaltung<\/a> &#8211; verbessern Sie Ihre Englischkenntnisse in verschiedenen Bereichen, wie zum Beispiel Bankwirtschaft, Aktienmarkt, Finanzen, Buchf\u00fchrung oder Versicherungen.<\/li>\n<li><a title=\"Verkauf &amp; Marketing\" href=\"https:\/\/live-english.net\/english-courses\/business-english-course\/business-english-sales-marketing\/\">Verkauf &amp; Marketing<\/a> &#8211; w\u00e4hlen Sie diesen Schwerpunkt, wenn Sie in den Bereichen Verkauf, Marketing, online Marketing, Kundenbetreuung oder PR arbeiten und bleiben Sie in diesem faszinierenden, schnell wandelnden Fachbereich auf dem neuesten Stand.<\/li>\n<li><a title=\"Wissenschaft &amp; Technik\" href=\"https:\/\/live-english.net\/english-courses\/business-english-course\/professional-english-course-science-technology\/\">Wissenschaft &amp; Technik<\/a> &#8211; bringen Sie Ihre Englischkenntnisse anhand von wissenschaftlichen und technologischen Inhalten voran.<\/li>\n<li><a title=\"Medizinisches Englisch\" href=\"https:\/\/live-english.net\/english-courses\/business-english-course\/professional-english-course-medical-english\/\">Medizinisches Englisch<\/a> &#8211; wenn Sie direkt oder indirekt mit dem medizinischen Sektor zu tun haben, erm\u00f6glicht Ihnen dieser Kurs die n\u00f6tigen F\u00e4higkeiten zu erwerben, um fachspezifisch mit Ihren englischsprachigen Kollegen oder Patienten kommunizieren zu k\u00f6nnen.<\/li>\n<li><a title=\"Pers\u00f6nliche Weiterentwicklung\" href=\"https:\/\/live-english.net\/english-courses\/business-english-course\/business-english-course-personal-development\/\">Pers\u00f6nliche Weiterentwicklung<\/a> &#8211;\u00a0 bauen Sie Ihre Englischkenntnisse mit Fokus auf Soft Skills auf. Wenn Sie als Manager, Berater, Lehrer, Fremdenf\u00fchrer oder Life Coach arbeiten und bereits \u00fcber gutes Englisch Grundwissen verf\u00fcgen, ist dieser Kurs ideal f\u00fcr Sie.<\/li>\n<\/ul>\n<p style=\"text-align: center;\"><iframe title=\"YouTube video player\" src=\"https:\/\/www.youtube.com\/embed\/DrV8sjnqrOI\" width=\"560\" height=\"315\" frameborder=\"0\" allowfullscreen=\"allowfullscreen\"><\/iframe><\/p>\n<p>&nbsp;<\/p>\n<h2>Warum Sie sich f\u00fcr den Onlinekurs Professionelles &amp; Business Englisch entscheiden sollten?<\/h2>\n<p>Als Berufst\u00e4tige\/r ist es oftmals sehr schwierig ausreichend Zeit zu finden, um die eigenen Englischkenntnisse zu verbessern, auch wenn die eigene Karriere davon abh\u00e4ngen kann. Indem Sie sich f\u00fcr den Onlinekurs Professionelles &amp; Business Englisch mit Live-English.net entscheiden, stellen Sie sicher anhand f\u00fcr Sie relevanter Themen effektiv an den Bereichen zu arbeiten, die Sie in Hinblick auf Ihre pers\u00f6nliche Weiterentwicklung verbessern m\u00f6chten. Hier verlieren Sie keine Zeit mehr mit Anfahrtswegen zu Ihrer Sprachschule und lernen nicht mehr mit Sch\u00fclern unterschiedlicher Sprachniveaus. Bei unserem Unterricht stehen Sie im Mittelpunkt: <strong>Ihre Bed\u00fcrfnisse und Ihre Lernziele<\/strong>. Sie profitieren von <strong>30 oder 45 min\u00fctigen Unterrichtsstunden<\/strong>, die Sie beliebig <strong>zu unterschiedlichen Zeiten und an allen Tagen<\/strong> (auch am Wochenende) buchen k\u00f6nnen.<\/p>\n<p><strong>W\u00e4hlen Sie einfach eine Zeit und beginnen Sie Ihr professionelles Englisch zu verbessern; bevor Sie ins B\u00fcro gehen, w\u00e4hrend Ihrer Mittagspause oder nach der Arbeit! <\/strong><\/p>\n<h2>Lehrer f\u00fcr den Onlinekurs Professionelles &amp; Business Englisch<\/h2>\n<p>Sobald Sie sich f\u00fcr den Onlinekurs Professionelles &amp; Business Englisch entscheiden, erhalten Sie Privatunterricht mit muttersprachlichen Englischlehrern, die auf die f\u00fcr Sie interessanten Fachbereiche spezialisiert sind. Einige unserer Lehrer verf\u00fcgen \u00fcber Erfahrung in der Gesch\u00e4ftswelt und k\u00f6nnen Ihnen somit sogar mit professionellen Anregungen weiterhelfen.<\/p>\n<h2>Die Premium Formel<\/h2>\n<p>Ziehen Sie unsere <a title=\"Premium Formel\" href=\"https:\/\/live-english.net\/prices\/\">Premium Formel<\/a>in Betracht, wenn Sie Hilfe von Ihrem Lehrer mit Pr\u00e4sentationen, Emails, Vertr\u00e4gen, PowerPoints oder Artikeln ben\u00f6tigen, an denen Sie gerade arbeiten oder Reden vorbereiten.<\/p>\n<p>Zu den vielen Vorteilen der Premium Formel z\u00e4hlen unter anderem ein <strong>kostenloser Redaktionskurs<\/strong>, ein <strong>Premium Feedbackbericht<\/strong>, <strong>Audioaufnahmen Ihres Unterrichts<\/strong>, vollst\u00e4ndiger Zugriff auf die <strong>Study Box<\/strong> &#8211; unsere Lernplattform &#8211; und die Mitgliedschaft in unserer exklusiven Premium Community.<\/p>\n<table>\n<tbody>\n<tr>\n<td bgcolor=\"#F8F8F8\" width=\"500\">\n<h2>Business Englisch Arbeitsbuch<\/h2>\n<p>Wenn Sie sich f\u00fcr den online Business Englisch Kurs anmelden, erhalten Sie neben Unterrichtseinheiten zu aktuellen Angelegenheiten und Gesch\u00e4ftsthemen auch ein kostenloses Arbeitsbuch, das speziell f\u00fcr Sie gestaltet wurde. Das Arbeitsbuch umfasst 20 Business Englisch Themen, Schl\u00fcsselvokabular, relevante Fragen zu spezifischen Gesch\u00e4ftsthemen und praktische Fallstudien anhand welcher Sie das Gelernte anwenden k\u00f6nnen.<\/p>\n<p>Wenn Sie verschiedene Business Englisch Themen bearbeiten m\u00f6chten, k\u00f6nnen Sie das Arbeitsbuch auch in Ihrem Unterricht verwenden.<\/p>\n<p><img decoding=\"async\" class=\"aligncenter size-medium wp-image-3373\" src=\"https:\/\/live-english.net\/wp-content\/uploads\/2022\/12\/business-english-ebook.jpeg\" alt=\"Business Englisch ebook\" height=\"300\" \/><br \/>\nBitte geben Sie Ihre Daten an, um eine kostenlose Beispieleinheit des Business Englisch Arbeitsbuches zu erhalten.<\/p>\n<hr \/>\n<form class=\"af-form-wrapper\" accept-charset=\"UTF-8\" action=\"https:\/\/member.booknstart.com\/lead\" method=\"post\">\n<div style=\"display: none;\"><input name=\"office\" type=\"hidden\" value=\"3\" \/><br \/>\n<input name=\"email\" type=\"hidden\" value=\"\" \/><br \/>\n<input name=\"lg\" type=\"hidden\" value=\"de\" \/><br \/>\n<input name=\"leadsource\" type=\"hidden\" value=\"8\" \/><br \/>\n<input name=\"redirect\" type=\"hidden\" value=\"21\" \/><\/div>\n<div id=\"af-form-484139495\" class=\"af-form\">\n<div id=\"af-body-484139495\" class=\"af-body af-standards\">\n<div class=\"af-element\">\n<p><label class=\"previewLabel\" for=\"awf_field-34440661-first\"><br \/>\nVorname:<\/label><\/p>\n<div class=\"af-textWrap\"><input id=\"awf_field-34440661-first\" class=\"text\" tabindex=\"400\" name=\"fname\" type=\"text\" value=\"\" \/><\/div>\n<div class=\"af-clear\"><\/div>\n<\/div>\n<div class=\"af-element\">\n<p><label class=\"previewLabel\" for=\"awf_field-34440661-last\">Nachname:<\/label><\/p>\n<div class=\"af-textWrap\"><input id=\"awf_field-34440661-last\" class=\"text\" tabindex=\"401\" name=\"lname\" type=\"text\" value=\"\" \/><\/div>\n<div class=\"af-clear\"><\/div>\n<\/div>\n<div class=\"af-element\">\n<p><label class=\"previewLabel\" for=\"awf_field-34440662\">Email: <\/label><\/p>\n<div class=\"af-textWrap\"><input id=\"awf_field-34440662\" class=\"text\" tabindex=\"402\" name=\"alternate\" type=\"text\" value=\"\" \/><\/div>\n<div class=\"af-clear\"><\/div>\n<\/div>\n<div class=\"af-element buttonContainer\">\n<p><input class=\"submit\" tabindex=\"403\" name=\"submit\" type=\"submit\" value=\"Submit\" \/><\/p>\n<div class=\"af-clear\"><\/div>\n<\/div>\n<div class=\"af-element privacyPolicy\" style=\"text-align: center;\">\n<p>Gem\u00e4p GDPR respektieren wir Ihre Email Privatsph\u00e4re<\/p>\n<div class=\"af-clear\"><\/div>\n<\/div>\n<\/div>\n<\/div>\n<\/form>\n<\/td>\n<\/tr>\n<\/tbody>\n<\/table>\n<h2>Business Englisch blog<\/h2>\n<p>Wir laden Sie ein unseren <a title=\"Business Englisch Blog\" href=\"https:\/\/live-english.net\/de\/category\/business-englisch\/\">Business Englisch Blog<\/a> kennenzulernen, um Ihre Sprachf\u00e4higkeiten zu verbessern. Dort werden unterschiedliche Business Englisch Themen anhand von Videos und Artikeln behandelt. Verschiedene Lernresourcen wie Gesch\u00e4ftsnachrichten, Artikel oder Videos werden Ihnen helfen Ihr Vokabular zu vervollst\u00e4ndigen und flie\u00dfend Business Englisch zu sprechen.<br \/>\n<!--Here are some of the business topics covered in the Workbook:\n\n\n<ul>\n \t\n\n<li>Meetings<\/li>\n\n\n \t\n\n<li>Planning a Budget<\/li>\n\n\n \t\n\n<li>Reading financial statements<\/li>\n\n\n \t\n\n<li>Investments<\/li>\n\n\n \t\n\n<li>Banking<\/li>\n\n\n \t\n\n<li>etc.<\/li>\n\n\n<\/ul>\n\n\n--><\/p>\n<h2>Zum Weiterlesen:<\/h2>\n<ul>\n<li>Anregungen und Ratschl\u00e4ge auf unserem\u00a0<a title=\"Blog f\u00fcr Business Englisch Lerner\" href=\"https:\/\/live-english.net\/de\/category\/business-englisch\/\">Blog f\u00fcr Business Englisch Lerner<\/a>, um Ihnen zu zeigen, wie Sie Ihr gesprochenes Englisch heutzutage verbessern k\u00f6nnen!<\/li>\n<li>Warum sollten Sie\u00a0<a title=\"Zoom f\u00fcr Ihren Business Englisch Kurs\" href=\"https:\/\/live-english.net\/online-english-school\/english-video-conference-zoom\/\">Zoom f\u00fcr Ihren Business Englisch Kurs<\/a> w\u00e4hlen?<\/li>\n<li>Lohnt sich ein\u00a0<a title=\"Business Englisch Kurs per Telefon\" href=\"https:\/\/live-english.net\/online-english-school\/english-by-phone\/\">Business Englisch Kurs per Telefon<\/a>?<\/li>\n<li>Lesen Sie die\u00a0<a title=\"Kommentare unserer Studenten\" href=\"https:\/\/live-english.net\/testimonials-students\/\">Kommentare unserer Studenten<\/a> aus der ganzen Welt<\/li>\n<\/ul>\n <aside id=\"custom_html-66\" class=\"widget_text widget widget_custom_html amr_widget\"><div class=\"textwidget custom-html-widget\"><div>\r\n\t<br><br>\r\n<\/div>\r\n<!--EN-->\r\n <!--FR-->\r\n<!--IT-->\r\n<aside id=\"custom_html-77\" class=\"widget_text widget widget_custom_html amr_widget\"><div class=\"textwidget custom-html-widget\"><div><a href=\"https:\/\/member.booknstart.com\/trial-registration?lg=de&amp;referred_by=CTA&amp;office_id=3\" title=\"Book a Free Trial Lesson\" target=\"_blank\" rel=\"noopener\"><img alt=\"Book your free English trial lesson\" src='https:\/\/live-english.net\/wp-content\/uploads\/2023\/02\/CTA-probestunde.jpg'><\/a>\t\r\n<\/div><\/div><\/aside><!--DE-->\r\n <!--ES-->\r\n <!--HE-->\r\n <!--RU--><\/div><\/aside>","protected":false},"excerpt":{"rendered":"<p>Live-English.net hat einen speziellen online Kurs f\u00fcr Professionelles &amp; Business Englisch entwickelt, der Ihnen helfen wird sich in allen Situationen der Arbeitswelt sicher zu f\u00fchlen. Tats\u00e4chlich h\u00e4ngt der pers\u00f6nliche Erfolg in der Arbeitswelt oftmals von den eigenen Englischkenntnissen ab, insbesondere<\/p>\n","protected":false},"author":1,"featured_media":24951,"parent":441,"menu_order":0,"comment_status":"closed","ping_status":"closed","template":"","meta":{"_monsterinsights_skip_tracking":false,"_monsterinsights_sitenote_active":false,"_monsterinsights_sitenote_note":"","_monsterinsights_sitenote_category":0,"footnotes":""},"class_list":["post-444","page","type-page","status-publish","hentry"],"_links":{"self":[{"href":"https:\/\/live-english.net\/de\/wp-json\/wp\/v2\/pages\/444","targetHints":{"allow":["GET"]}}],"collection":[{"href":"https:\/\/live-english.net\/de\/wp-json\/wp\/v2\/pages"}],"about":[{"href":"https:\/\/live-english.net\/de\/wp-json\/wp\/v2\/types\/page"}],"author":[{"embeddable":true,"href":"https:\/\/live-english.net\/de\/wp-json\/wp\/v2\/users\/1"}],"replies":[{"embeddable":true,"href":"https:\/\/live-english.net\/de\/wp-json\/wp\/v2\/comments?post=444"}],"version-history":[{"count":7,"href":"https:\/\/live-english.net\/de\/wp-json\/wp\/v2\/pages\/444\/revisions"}],"predecessor-version":[{"id":43830,"href":"https:\/\/live-english.net\/de\/wp-json\/wp\/v2\/pages\/444\/revisions\/43830"}],"up":[{"embeddable":true,"href":"https:\/\/live-english.net\/de\/wp-json\/wp\/v2\/pages\/441"}],"wp:featuredmedia":[{"embeddable":true,"href":"https:\/\/live-english.net\/de\/wp-json\/wp\/v2\/media\/24951"}],"wp:attachment":[{"href":"https:\/\/live-english.net\/de\/wp-json\/wp\/v2\/media?parent=444"}],"curies":[{"name":"wp","href":"https:\/\/api.w.org\/{rel}","templated":true}]}}