{"id":447,"date":"2018-06-04T12:04:25","date_gmt":"2018-06-04T12:04:25","guid":{"rendered":"https:\/\/live-english.net\/?page_id=447"},"modified":"2024-04-13T21:10:07","modified_gmt":"2024-04-13T21:10:07","slug":"vorbereitung-englischpruefungen","status":"publish","type":"page","link":"https:\/\/live-english.net\/de\/online-englisch-kurse\/vorbereitung-englischpruefungen\/","title":{"rendered":"Vorbereitung auf Englischpr\u00fcfungen"},"content":{"rendered":"\t\t<div data-elementor-type=\"wp-page\" data-elementor-id=\"447\" class=\"elementor elementor-447 elementor-111\" data-elementor-post-type=\"page\">\n\t\t\t\t\t\t<section class=\"elementor-section elementor-top-section elementor-element elementor-element-55f570f3 elementor-section-boxed elementor-section-height-default elementor-section-height-default\" data-id=\"55f570f3\" data-element_type=\"section\">\n\t\t\t\t\t\t<div class=\"elementor-container elementor-column-gap-default\">\n\t\t\t\t\t<div class=\"elementor-column elementor-col-100 elementor-top-column elementor-element elementor-element-5f859821\" data-id=\"5f859821\" data-element_type=\"column\">\n\t\t\t<div class=\"elementor-widget-wrap elementor-element-populated\">\n\t\t\t\t\t\t<div class=\"elementor-element elementor-element-626eb04e elementor-widget elementor-widget-text-editor\" data-id=\"626eb04e\" data-element_type=\"widget\" data-widget_type=\"text-editor.default\">\n\t\t\t\t<div class=\"elementor-widget-container\">\n\t\t\t\t\t\t\t\t\t<p>Ihnen steht eine Englischpr\u00fcfung bevor? Bereiten Sie sich individuell mit Live-English.net darauf vor.<\/p><p>Es gibt eine Reihe verschiedener Pr\u00fcfungen f\u00fcr Englisch als Fremdsprache, die Sie f\u00fcr Ihr Studium oder auch f\u00fcr Ihre Karriere ben\u00f6tigen. Jede einzelne Pr\u00fcfung charakterisiert sich dabei durch eigene Regeln oder Noten und verfolgt einen anderen Zweck.<\/p><h2>Welche sind die h\u00e4ufigsten Englischpr\u00fcfungen?<\/h2><h6>TOEIC-Pr\u00fcfung<\/h6><p>Es handelt sich hierbei um einen standardisierten Test der Englischkenntnisse. Bei der Suche nach Bewerbern f\u00fcr internationale Unternehmen ber\u00fccksichtigen Personalverantwortliche weltweit diesen Test. Einige von ihnen verlangen sogar, dass jeder ihrer Mitarbeiter die TOEIC-Pr\u00fcfung ablegt.<\/p><h6>TOEFL IBT<\/h6><p>Diese Pr\u00fcfung m\u00fcssen Sie ablegen, wenn Sie an einer amerikanischen Universit\u00e4t studieren wollen, sie wird jedoch auch von einigen Universit\u00e4ten au\u00dferhalb der Vereinigten Staaten anerkannt. <a title=\"Der TOEFL test\" href=\"https:\/\/live-english.net\/de\/online-englisch-kurse\/vorbereitung-englischpruefungen\/toefl-examen\/\">Der TOEFL test<\/a> besteht aus 4 Teilen (H\u00f6rverst\u00e4ndnis, Leseverst\u00e4ndnis, Sprechen und Schreiben) und die Vorbereitung dauert in der Regel ein paar Monate.<\/p><h6>IELTS<\/h6><p>Diese Pr\u00fcfung m\u00fcssen Sie eventuell ablegen, um ein Visum f\u00fcr ein englischsprachiges Land zu erhalten. Jedes Jahr legen \u00fcber 3 Millionen Menschen <a title=\"Vorbereitung f\u00fcr die Englischpr\u00fcfung:IELTS\" href=\"https:\/\/live-english.net\/de\/online-englisch-kurse\/vorbereitung-englischpruefungen\/ielts-vorbereitung\/\">die IELTS-Pr\u00fcfung<\/a> ab, was sie zur gefragtesten Englischpr\u00fcfung macht. Unsere Lehrer sind f\u00fcr die Vorbereitung auf jeden Teil der Pr\u00fcfung geschult, und manche von ihnen sind sogar IELTS-Pr\u00fcfer.<br \/><aside id=\"custom_html-81\" class=\"widget_text widget widget_custom_html amr_widget\"><div class=\"textwidget custom-html-widget\"><!--EN-->\r\n <!--FR-->\r\n<!--IT-->\r\n<aside id=\"custom_html-84\" class=\"widget_text widget widget_custom_html amr_widget\"><div class=\"textwidget custom-html-widget\"><a href=\"https:\/\/member.booknstart.com\/trial-registration?lg=de&#038;referred_by=sCTA&#038;office_id=3\" title=\"Book a Free Trial Lesson\" target=\"_blank\" rel=\"noopener\"><img decoding=\"async\" src=\"https:\/\/live-english.net\/wp-content\/uploads\/2023\/02\/sCTA-de.jpg\" alt=\"Book your Free English Trial lesson\" \/><\/a><\/div><\/aside><!--DE-->\r\n <!--ES-->\r\n <!--HE\r\n[do_widget id=custom_html-72] <!--RU-->\r\n<div>\r\n\t<br><br>\r\n<\/div><\/div><\/aside><\/p><h6>B2 First (fr\u00fcher als \u201eCambridge English First FCE\u201c bekannt)<\/h6><p><a title=\"Cambridge Examen\" href=\"https:\/\/live-english.net\/de\/online-englisch-kurse\/vorbereitung-englischpruefungen\/cambridge-examen\/\">Diese Pr\u00fcfung<\/a> belegt, dass Sie \u00fcber gute Englischkenntnisse verf\u00fcgen und wird weltweit von Tausenden von Unternehmen und Bildungseinrichtungen anerkannt.<\/p><h6>C1 Advanced (fr\u00fcher als \u201eCambridge English: Advanced CAE\u201c bekannt)<\/h6><p>Hierbei handelt es sich um eine umfassende Qualifikation auf hohem Niveau, mit der Sie die Sprachkenntnisse belegen, die von Arbeitgebern und Universit\u00e4ten gefordert werden<\/p><h6>C2 Proficiency (fr\u00fcher als \u201eCambridge English: Proficiency CPE\u201c bekannt)<\/h6><p>Dies ist die h\u00f6chste Qualifikationsstufe, die belegt, dass Sie die englische Sprache \u00e4u\u00dferst kompetent beherrschen.<\/p>\t\t\t\t\t\t\t\t<\/div>\n\t\t\t\t<\/div>\n\t\t\t\t\t<\/div>\n\t\t<\/div>\n\t\t\t\t\t<\/div>\n\t\t<\/section>\n\t\t\t\t<section class=\"elementor-section elementor-top-section elementor-element elementor-element-c3fa45f elementor-section-boxed elementor-section-height-default elementor-section-height-default\" data-id=\"c3fa45f\" data-element_type=\"section\">\n\t\t\t\t\t\t<div class=\"elementor-container elementor-column-gap-default\">\n\t\t\t\t\t<div class=\"elementor-column elementor-col-100 elementor-top-column elementor-element elementor-element-c7cf94e\" data-id=\"c7cf94e\" data-element_type=\"column\">\n\t\t\t<div class=\"elementor-widget-wrap\">\n\t\t\t\t\t\t\t<\/div>\n\t\t<\/div>\n\t\t\t\t\t<\/div>\n\t\t<\/section>\n\t\t\t\t<section class=\"elementor-section elementor-top-section elementor-element elementor-element-efe1a73 elementor-section-stretched elementor-section-boxed elementor-section-height-default elementor-section-height-default\" data-id=\"efe1a73\" data-element_type=\"section\" data-settings=\"{&quot;stretch_section&quot;:&quot;section-stretched&quot;}\">\n\t\t\t\t\t\t<div class=\"elementor-container elementor-column-gap-default\">\n\t\t\t\t\t<div class=\"elementor-column elementor-col-25 elementor-top-column elementor-element elementor-element-b842be9\" data-id=\"b842be9\" data-element_type=\"column\">\n\t\t\t<div class=\"elementor-widget-wrap elementor-element-populated\">\n\t\t\t\t\t\t<div class=\"elementor-element elementor-element-bf4ca7d elementor-cta--skin-classic elementor-animated-content elementor-bg-transform elementor-bg-transform-zoom-in elementor-widget elementor-widget-call-to-action\" data-id=\"bf4ca7d\" data-element_type=\"widget\" data-widget_type=\"call-to-action.default\">\n\t\t\t\t<div class=\"elementor-widget-container\">\n\t\t\t\t\t\t\t<div class=\"elementor-cta\">\n\t\t\t\t\t<div class=\"elementor-cta__bg-wrapper\">\n\t\t\t\t<div class=\"elementor-cta__bg elementor-bg\" style=\"background-image: url(https:\/\/live-english.net\/wp-content\/uploads\/2023\/06\/IELTS-Vorbereitung-1024x576.jpg);\" role=\"img\" aria-label=\"IELTS Vorbereitung\"><\/div>\n\t\t\t\t<div class=\"elementor-cta__bg-overlay\"><\/div>\n\t\t\t<\/div>\n\t\t\t\t\t\t\t<div class=\"elementor-cta__content\">\n\t\t\t\t\n\t\t\t\t\t\t\t\t\t<h2 class=\"elementor-cta__title elementor-cta__content-item elementor-content-item\">\n\t\t\t\t\t\t<a title=\" IELTS-Vorbereitung Kurs\" href=\"https:\/\/live-english.net\/de\/online-englisch-kurse\/vorbereitung-englischpruefungen\/ielts-vorbereitung\/\">IELTS-Vorbereitung Kurs<\/a>\t\t\t\t\t<\/h2>\n\t\t\t\t\n\t\t\t\t\n\t\t\t\t\t\t\t\t\t<div class=\"elementor-cta__button-wrapper elementor-cta__content-item elementor-content-item \">\n\t\t\t\t\t<a class=\"elementor-cta__button elementor-button elementor-size-\" href=\"https:\/\/live-english.net\/de\/online-englisch-kurse\/vorbereitung-englischpruefungen\/ielts-vorbereitung\/\" title=\"IELTS Preparation course\">\n\t\t\t\t\t\tLearn more\t\t\t\t\t<\/a>\n\t\t\t\t\t<\/div>\n\t\t\t\t\t\t\t<\/div>\n\t\t\t\t\t\t<\/div>\n\t\t\t\t\t\t<\/div>\n\t\t\t\t<\/div>\n\t\t\t\t\t<\/div>\n\t\t<\/div>\n\t\t\t\t<div class=\"elementor-column elementor-col-25 elementor-top-column elementor-element elementor-element-7d0fbcf\" data-id=\"7d0fbcf\" data-element_type=\"column\">\n\t\t\t<div class=\"elementor-widget-wrap elementor-element-populated\">\n\t\t\t\t\t\t<div class=\"elementor-element elementor-element-a887b8d elementor-cta--skin-classic elementor-animated-content elementor-bg-transform elementor-bg-transform-zoom-in elementor-widget elementor-widget-call-to-action\" data-id=\"a887b8d\" data-element_type=\"widget\" data-widget_type=\"call-to-action.default\">\n\t\t\t\t<div class=\"elementor-widget-container\">\n\t\t\t\t\t\t\t<div class=\"elementor-cta\">\n\t\t\t\t\t<div class=\"elementor-cta__bg-wrapper\">\n\t\t\t\t<div class=\"elementor-cta__bg elementor-bg\" style=\"background-image: url(https:\/\/live-english.net\/wp-content\/uploads\/2023\/06\/TOEIC-Vorbereitung-1024x576.jpg);\" role=\"img\" aria-label=\"TOEIC Vorbereitung\"><\/div>\n\t\t\t\t<div class=\"elementor-cta__bg-overlay\"><\/div>\n\t\t\t<\/div>\n\t\t\t\t\t\t\t<div class=\"elementor-cta__content\">\n\t\t\t\t\n\t\t\t\t\t\t\t\t\t<h2 class=\"elementor-cta__title elementor-cta__content-item elementor-content-item\">\n\t\t\t\t\t\t<a title=\" TOEIC-Vorbereitung Kurs\" href=\"https:\/\/live-english.net\/english-courses\/english-exam-preparation\/english-exam-preparation-toeic\/ \">TOEIC-Vorbereitung Kurs<\/a>\t\t\t\t\t<\/h2>\n\t\t\t\t\n\t\t\t\t\n\t\t\t\t\t\t\t\t\t<div class=\"elementor-cta__button-wrapper elementor-cta__content-item elementor-content-item \">\n\t\t\t\t\t<a class=\"elementor-cta__button elementor-button elementor-size-\" href=\"https:\/\/live-english.net\/english-courses\/english-exam-preparation\/english-exam-preparation-toeic\/\" title=\"TOEIC Preparation course\">\n\t\t\t\t\t\tLearn more\t\t\t\t\t<\/a>\n\t\t\t\t\t<\/div>\n\t\t\t\t\t\t\t<\/div>\n\t\t\t\t\t\t<\/div>\n\t\t\t\t\t\t<\/div>\n\t\t\t\t<\/div>\n\t\t\t\t\t<\/div>\n\t\t<\/div>\n\t\t\t\t<div class=\"elementor-column elementor-col-25 elementor-top-column elementor-element elementor-element-a2efcee\" data-id=\"a2efcee\" data-element_type=\"column\">\n\t\t\t<div class=\"elementor-widget-wrap elementor-element-populated\">\n\t\t\t\t\t\t<div class=\"elementor-element elementor-element-f80e61e elementor-cta--skin-classic elementor-animated-content elementor-bg-transform elementor-bg-transform-zoom-in elementor-widget elementor-widget-call-to-action\" data-id=\"f80e61e\" data-element_type=\"widget\" data-widget_type=\"call-to-action.default\">\n\t\t\t\t<div class=\"elementor-widget-container\">\n\t\t\t\t\t\t\t<div class=\"elementor-cta\">\n\t\t\t\t\t<div class=\"elementor-cta__bg-wrapper\">\n\t\t\t\t<div class=\"elementor-cta__bg elementor-bg\" style=\"background-image: url(https:\/\/live-english.net\/wp-content\/uploads\/2023\/06\/TOEFL-Vorbereitung-2-1024x576.jpg);\" role=\"img\" aria-label=\"TOEFL Vorbereitung\"><\/div>\n\t\t\t\t<div class=\"elementor-cta__bg-overlay\"><\/div>\n\t\t\t<\/div>\n\t\t\t\t\t\t\t<div class=\"elementor-cta__content\">\n\t\t\t\t\n\t\t\t\t\t\t\t\t\t<h2 class=\"elementor-cta__title elementor-cta__content-item elementor-content-item\">\n\t\t\t\t\t\t<a title=\" TOEFL-Vorbereitung Kurs\" href=\"https:\/\/live-english.net\/english-courses\/english-exam-preparation\/english-exam-preparation-toefl\/ \">TOEFL-Vorbereitung Kurs<\/a>\t\t\t\t\t<\/h2>\n\t\t\t\t\n\t\t\t\t\n\t\t\t\t\t\t\t\t\t<div class=\"elementor-cta__button-wrapper elementor-cta__content-item elementor-content-item \">\n\t\t\t\t\t<a class=\"elementor-cta__button elementor-button elementor-size-\" href=\"https:\/\/live-english.net\/de\/online-englisch-kurse\/vorbereitung-englischpruefungen\/toefl-examen\/\" title=\"TOEFL Preparation course\">\n\t\t\t\t\t\tLearn more\t\t\t\t\t<\/a>\n\t\t\t\t\t<\/div>\n\t\t\t\t\t\t\t<\/div>\n\t\t\t\t\t\t<\/div>\n\t\t\t\t\t\t<\/div>\n\t\t\t\t<\/div>\n\t\t\t\t\t<\/div>\n\t\t<\/div>\n\t\t\t\t<div class=\"elementor-column elementor-col-25 elementor-top-column elementor-element elementor-element-8fdbada\" data-id=\"8fdbada\" data-element_type=\"column\">\n\t\t\t<div class=\"elementor-widget-wrap elementor-element-populated\">\n\t\t\t\t\t\t<div class=\"elementor-element elementor-element-0edcdef elementor-cta--skin-classic elementor-animated-content elementor-bg-transform elementor-bg-transform-zoom-in elementor-widget elementor-widget-call-to-action\" data-id=\"0edcdef\" data-element_type=\"widget\" data-widget_type=\"call-to-action.default\">\n\t\t\t\t<div class=\"elementor-widget-container\">\n\t\t\t\t\t\t\t<div class=\"elementor-cta\">\n\t\t\t\t\t<div class=\"elementor-cta__bg-wrapper\">\n\t\t\t\t<div class=\"elementor-cta__bg elementor-bg\" style=\"background-image: url(https:\/\/live-english.net\/wp-content\/uploads\/2023\/06\/Live-English-website-Banner-1-6-1024x576.jpg);\" role=\"img\" aria-label=\"Cambridge examen Vorbereitung\"><\/div>\n\t\t\t\t<div class=\"elementor-cta__bg-overlay\"><\/div>\n\t\t\t<\/div>\n\t\t\t\t\t\t\t<div class=\"elementor-cta__content\">\n\t\t\t\t\n\t\t\t\t\t\t\t\t\t<h2 class=\"elementor-cta__title elementor-cta__content-item elementor-content-item\">\n\t\t\t\t\t\t<a title=\" Cambridge Examen-Vorbereitung Kurs\" href=\"https:\/\/live-english.net\/de\/online-englisch-kurse\/vorbereitung-englischpruefungen\/cambridge-examen\/ \">Cambridge Examen-Vorbereitung<\/a>\t\t\t\t\t<\/h2>\n\t\t\t\t\n\t\t\t\t\n\t\t\t\t\t\t\t\t\t<div class=\"elementor-cta__button-wrapper elementor-cta__content-item elementor-content-item \">\n\t\t\t\t\t<a class=\"elementor-cta__button elementor-button elementor-size-\" href=\"https:\/\/live-english.net\/de\/online-englisch-kurse\/vorbereitung-englischpruefungen\/cambridge-examen\/\" title=\"Cambridge Exams\">\n\t\t\t\t\t\tLearn more\t\t\t\t\t<\/a>\n\t\t\t\t\t<\/div>\n\t\t\t\t\t\t\t<\/div>\n\t\t\t\t\t\t<\/div>\n\t\t\t\t\t\t<\/div>\n\t\t\t\t<\/div>\n\t\t\t\t\t<\/div>\n\t\t<\/div>\n\t\t\t\t\t<\/div>\n\t\t<\/section>\n\t\t\t\t<section class=\"elementor-section elementor-top-section elementor-element elementor-element-4640f76 elementor-section-boxed elementor-section-height-default elementor-section-height-default\" data-id=\"4640f76\" data-element_type=\"section\">\n\t\t\t\t\t\t<div class=\"elementor-container elementor-column-gap-default\">\n\t\t\t\t\t<div class=\"elementor-column elementor-col-100 elementor-top-column elementor-element elementor-element-5239aa8\" data-id=\"5239aa8\" data-element_type=\"column\">\n\t\t\t<div class=\"elementor-widget-wrap elementor-element-populated\">\n\t\t\t\t\t\t<div class=\"elementor-element elementor-element-bf1283a elementor-widget elementor-widget-text-editor\" data-id=\"bf1283a\" data-element_type=\"widget\" data-widget_type=\"text-editor.default\">\n\t\t\t\t<div class=\"elementor-widget-container\">\n\t\t\t\t\t\t\t\t\t<p>Bei jeder dieser ESL-Pr\u00fcfungen kann Ihnen unser Team von engagierten Sprachlehrern dabei helfen, bessere Noten zu erhalten.<br \/>Jeremy ist ein sehr erfahrener Lehrer von Live-English.net, der sich mit den meisten anerkannten Englischpr\u00fcfungen bestens auskennt. Wissen Sie, welche Englischpr\u00fcfung Sie ablegen sollen? Jeremy hat einige Tipps f\u00fcr Sie:\u00a0<\/p>\t\t\t\t\t\t\t\t<\/div>\n\t\t\t\t<\/div>\n\t\t\t\t<div class=\"elementor-element elementor-element-54550da elementor-widget elementor-widget-video\" data-id=\"54550da\" data-element_type=\"widget\" data-settings=\"{&quot;youtube_url&quot;:&quot;https:\\\/\\\/www.youtube.com\\\/watch?v=fkmIR_YJLOs&quot;,&quot;video_type&quot;:&quot;youtube&quot;,&quot;controls&quot;:&quot;yes&quot;}\" data-widget_type=\"video.default\">\n\t\t\t\t<div class=\"elementor-widget-container\">\n\t\t\t\t\t\t\t<div class=\"elementor-wrapper elementor-open-inline\">\n\t\t\t<div class=\"elementor-video\"><\/div>\t\t<\/div>\n\t\t\t\t\t\t<\/div>\n\t\t\t\t<\/div>\n\t\t\t\t\t<\/div>\n\t\t<\/div>\n\t\t\t\t\t<\/div>\n\t\t<\/section>\n\t\t\t\t<section class=\"elementor-section elementor-top-section elementor-element elementor-element-4498677 elementor-section-boxed elementor-section-height-default elementor-section-height-default\" data-id=\"4498677\" data-element_type=\"section\">\n\t\t\t\t\t\t<div class=\"elementor-container elementor-column-gap-default\">\n\t\t\t\t\t<div class=\"elementor-column elementor-col-100 elementor-top-column elementor-element elementor-element-8482399\" data-id=\"8482399\" data-element_type=\"column\">\n\t\t\t<div class=\"elementor-widget-wrap elementor-element-populated\">\n\t\t\t\t\t\t<div class=\"elementor-element elementor-element-04d18b8 elementor-widget elementor-widget-text-editor\" data-id=\"04d18b8\" data-element_type=\"widget\" data-widget_type=\"text-editor.default\">\n\t\t\t\t<div class=\"elementor-widget-container\">\n\t\t\t\t\t\t\t\t\t<h2>Englisch Pr\u00fcfungsblog:<\/h2>\n<p>Besuchen Sie unseren Englisch-Blog und holen Sie sich einige Tipps, um Ihre Englischpr\u00fcfung zu bestehen. Au\u00dferdem k\u00f6nnen wir Ihnen bei der Vorbereitung auf eine m\u00fcndliche Englischpr\u00fcfung helfen, die Sie vielleicht f\u00fcr die Aufnahme an einer Universit\u00e4t ablegen m\u00fcssen.&nbsp;<\/p>\n<h2>Wie k\u00f6nnen wir Ihnen helfen, Ihre Englischpr\u00fcfung zu bestehen?<\/h2>\n<p><b>Wenn es Ihnen wichtig ist, Ihre Englischpr\u00fcfung zu bestehen, sollten Sie sich ernsthaft darauf vorbereiten<\/b>. Sollten Sie nicht das gew\u00fcnschte Pr\u00fcfungsergebnis erreichen, kann sich das auf Ihre Zukunft auswirken. Es gibt mehrere Gr\u00fcnde, weshalb Sie sich mit Live-English.net auf Ihre Englischpr\u00fcfung vorbereiten sollten:<\/p>\n<p>Wir haben die n\u00f6tige Erfahrung, um Ihnen zum Erfolg zu verhelfen: Seit 2007 haben wir zahlreiche Studenten auf alle Arten von Englischpr\u00fcfungen vorbereitet, einschlie\u00dflich solcher, die hier nicht aufgef\u00fchrt sind. Selbst wenn wir eine bestimmte Pr\u00fcfung, die Sie ablegen m\u00fcssen, nicht kennen sollten, wird diese dennoch mit anderen uns bekannten Pr\u00fcfungen vergleichbar sein. Daher werden wir uns mit dieser Art von Pr\u00fcfung vertraut machen.<\/p>\n<h2>Warum ist die Vorbereitung auf den Sprachtest der Englischpr\u00fcfung so schwierig?<\/h2>\n<p>Der Sprachtest ist Teil aller Englischpr\u00fcfungen. Obwohl alle Teile gleich bewertet werden, f\u00e4llt es den meisten Kandidaten besonders schwer, den m\u00fcndlichen Teil zu bestehen. Aus diesem Grund ist die Vorbereitung so wichtig. Wenn Sie sich erst einmal mit den Anforderungen der Pr\u00fcfer vertraut gemacht haben, wird es Ihnen leichter fallen, sich auf die Pr\u00fcfung vorzubereiten und Selbstvertrauen zu gewinnen, damit Sie die Pr\u00fcfung bestehen k\u00f6nnen.<\/p>\n<p><b>Unser Fokus liegt auf Sprechen:<\/b> In unserem Einzelunterricht k\u00f6nnen Sie gezielt \u00fcben, wie Sie sich auf Englisch vorstellen k\u00f6nnen und wie die Pr\u00fcfung aufgebaut ist. Wir helfen unseren Sch\u00fclern auch in allen anderen Pr\u00fcfungsbereichen, wie etwa H\u00f6rverst\u00e4ndnis, Leseverst\u00e4ndnis und Schreiben.<\/p>\n<h2>Von wem werden Sie bei Live-English online auf die Englischpr\u00fcfung vorbereitet?<\/h2>\n<p><b>Wir stellen Ihnen verschiedene Lehrer f\u00fcr den Unterricht zur Verf\u00fcgung:<\/b> Wir sind davon \u00fcberzeugt, dass es von Vorteil ist, zwei oder drei Lehrer f\u00fcr die Vorbereitung auf die Pr\u00fcfung zu haben. Dadurch k\u00f6nnen Sie sich an verschiedene Akzente gew\u00f6hnen (vor allem an den britischen und den amerikanischen), erhalten eine sich erg\u00e4nzende Lernmethode und k\u00f6nnen Ihren Unterricht flexibler planen.<\/p>\n<p>Wenn n\u00f6tig k\u00f6nnen Sie einen Intensivkurs belegen: Sie bestimmen Ihr Lerntempo gem\u00e4\u00df Ihren eigenen Bed\u00fcrfnissen. So k\u00f6nnen Sie beispielsweise w\u00e4hrend einiger Monate jeweils 2 Unterrichtsstunden pro Woche belegen und zu einem Intensivkurs wechseln, je n\u00e4her das Pr\u00fcfungsdatum r\u00fcckt. Der Intensivkurs erm\u00f6glicht es Ihnen so viele Stunden pro Woche zu buchen, wie Sie ben\u00f6tigen.<\/p>\n<p>Eine gute Vorbereitung auf Ihren bevorstehenden Englischtest hilft Ihnen sicher und stressfreier in die Pr\u00fcfung zu gehen. \u00dcberzeugen Sie sich selbst und registrieren Sie sich f\u00fcr eine <a title=\"kostenlose Probestunde\" href=\"https:\/\/live-english.net\/de\/entdecken\/\">kostenlose Englisch Ersteinsch\u00e4tzung<\/a>.<\/p>\t\t\t\t\t\t\t\t<\/div>\n\t\t\t\t<\/div>\n\t\t\t\t\t<\/div>\n\t\t<\/div>\n\t\t\t\t\t<\/div>\n\t\t<\/section>\n\t\t\t\t<\/div>\n\t\t <aside id=\"custom_html-66\" class=\"widget_text widget widget_custom_html amr_widget\"><div class=\"textwidget custom-html-widget\"><div>\r\n\t<br><br>\r\n<\/div>\r\n<!--EN-->\r\n <!--FR-->\r\n<!--IT-->\r\n<aside id=\"custom_html-77\" class=\"widget_text widget widget_custom_html amr_widget\"><div class=\"textwidget custom-html-widget\"><div><a href=\"https:\/\/member.booknstart.com\/trial-registration?lg=de&amp;referred_by=CTA&amp;office_id=3\" title=\"Book a Free Trial Lesson\" target=\"_blank\" rel=\"noopener\"><img alt=\"Book your free English trial lesson\" src='https:\/\/live-english.net\/wp-content\/uploads\/2023\/02\/CTA-probestunde.jpg'><\/a>\t\r\n<\/div><\/div><\/aside><!--DE-->\r\n <!--ES-->\r\n <!--HE-->\r\n <!--RU--><\/div><\/aside>","protected":false},"excerpt":{"rendered":"<p>Ihnen steht eine Englischpr\u00fcfung bevor? Bereiten Sie sich individuell mit Live-English.net darauf vor. Es gibt eine Reihe verschiedener Pr\u00fcfungen f\u00fcr Englisch als Fremdsprache, die Sie f\u00fcr Ihr Studium oder auch f\u00fcr Ihre Karriere ben\u00f6tigen. Jede einzelne Pr\u00fcfung charakterisiert sich dabei<\/p>\n","protected":false},"author":1,"featured_media":32737,"parent":441,"menu_order":0,"comment_status":"closed","ping_status":"closed","template":"","meta":{"_monsterinsights_skip_tracking":false,"_monsterinsights_sitenote_active":false,"_monsterinsights_sitenote_note":"","_monsterinsights_sitenote_category":0,"footnotes":""},"class_list":["post-447","page","type-page","status-publish","hentry"],"_links":{"self":[{"href":"https:\/\/live-english.net\/de\/wp-json\/wp\/v2\/pages\/447","targetHints":{"allow":["GET"]}}],"collection":[{"href":"https:\/\/live-english.net\/de\/wp-json\/wp\/v2\/pages"}],"about":[{"href":"https:\/\/live-english.net\/de\/wp-json\/wp\/v2\/types\/page"}],"author":[{"embeddable":true,"href":"https:\/\/live-english.net\/de\/wp-json\/wp\/v2\/users\/1"}],"replies":[{"embeddable":true,"href":"https:\/\/live-english.net\/de\/wp-json\/wp\/v2\/comments?post=447"}],"version-history":[{"count":20,"href":"https:\/\/live-english.net\/de\/wp-json\/wp\/v2\/pages\/447\/revisions"}],"predecessor-version":[{"id":37858,"href":"https:\/\/live-english.net\/de\/wp-json\/wp\/v2\/pages\/447\/revisions\/37858"}],"up":[{"embeddable":true,"href":"https:\/\/live-english.net\/de\/wp-json\/wp\/v2\/pages\/441"}],"wp:featuredmedia":[{"embeddable":true,"href":"https:\/\/live-english.net\/de\/wp-json\/wp\/v2\/media\/32737"}],"wp:attachment":[{"href":"https:\/\/live-english.net\/de\/wp-json\/wp\/v2\/media?parent=447"}],"curies":[{"name":"wp","href":"https:\/\/api.w.org\/{rel}","templated":true}]}}