{"id":450,"date":"2018-06-04T12:10:19","date_gmt":"2018-06-04T12:10:19","guid":{"rendered":"https:\/\/live-english.net\/?page_id=450"},"modified":"2025-11-27T11:38:36","modified_gmt":"2025-11-27T11:38:36","slug":"vorbereitung-vorstellungsgespraechs-englisch","status":"publish","type":"page","link":"https:\/\/live-english.net\/de\/online-englisch-kurse\/vorbereitung-vorstellungsgespraechs-englisch\/","title":{"rendered":"Vorstellungsgespr\u00e4che auf Englisch"},"content":{"rendered":"<p>Sie haben demn\u00e4chst ein Vorstellungsgespr\u00e4ch auf Englisch? Bereiten Sie sich mit Hilfe unserer professionellen Sprachlehrer auf Ihr Vorstellungsgespr\u00e4ch auf Englisch vor und verbessern Sie Ihre Karrierechancen.<\/p>\n<p>Egal ob es sich bei Ihrem Vorstellungsgespr\u00e4ch um ein Telefongespr\u00e4ch auf Englisch oder um ein pers\u00f6nliches Gespr\u00e4ch handelt, Ihr pers\u00f6nlicher Sprachlehrer zeigt Ihnen wie Sie sich erfolgreich vorstellen und Ihren zuk\u00fcnftigen Arbeitsgeber davon \u00fcberzeugen, dass Ihr Englisch gut genug f\u00fcr die angestrebte Position ist.<\/p>\n<h2>Wie k\u00f6nnen Sie sich auf ein Vorstellungsgespr\u00e4ch auf Englisch vorbereiten?<\/h2>\n<p>Verschiedene Themenfelder werden anhand von echten Vorstellungsgespr\u00e4chen auf Englisch behandelt:<\/p>\n<ul>\n<li>Wie Sie sich vorstellen<\/li>\n<li>Wie Sie \u00fcber ihren vorherigen Job sprechen<\/li>\n<li>Wie Sie Ihre akademischen Leistungen erkl\u00e4ren<\/li>\n<li>Wie Sie spezielle professionelle Fragen beantworten<\/li>\n<li>Wie Sie einen Lebenslauf und Anschreiben auf Englisch verfassen (oder Korrektur Ihres bereits vorhandenen Lebenslaufes oder Anschreibens)<\/li>\n<\/ul>\n<p>Die Vorbereitung auf ein Vorstellungsgespr\u00e4ch in englischer Sprache per Zoom oder Google Meet mit einem privaten Lehrer ist eine hervorragende M\u00f6glichkeit, um die eigenen individuellen Antworten in Englisch durchzugehen und Tipps zu bekommen, wie man am besten einen gro\u00dfartigen Eindruck hinterl\u00e4sst. Unserer Lehrer f\u00fcr Vorstellungsgespr\u00e4che haben alle Erfahrung in der Personalabteilung und werden Ihnen dabei helfen, Ihre F\u00e4higkeiten f\u00fcr Vorstellungsgespr\u00e4che zu verbessern:<\/p>\n<ul>\n<li>Sie werden lernen, Fragen in einem Vorstellungsgespr\u00e4ch klar und pr\u00e4zise zu beantworten<\/li>\n<li>Sie werden lernen, gelassen zu sein und wie Sie mit dem Stress eines Vorstellungsgespr\u00e4chs richtig umgehen<\/li>\n<li>Sie werden lernen, \u00fcber Ihre F\u00e4higkeiten, St\u00e4rken und Schw\u00e4chen zu sprechen<\/li>\n<li>Sie werden lernen, Vorstellungsgespr\u00e4che auf Zoom zu f\u00fchren und Ihre F\u00e4higkeiten den Anforderungen des Jobs anzupassen<\/li>\n<\/ul>\n<p>Abh\u00e4ngig von der Zeit, die Ihnen vor dem Vorstellungsgespr\u00e4ch zur Verf\u00fcgung steht, k\u00f6nnen Sie einen Intensivkurs von 10 Lektionen und mehr belegen, um Ihr Selbstvertrauen in Englisch zu st\u00e4rken. Nehmen Sie bitte zur Kenntnis, dass Sie innerhalb von 12 Stunden mit dem Unterricht beginnen k\u00f6nnen (wenn Sie den Unterricht am Tag Ihrer Anmeldung ben\u00f6tigen, setzen Sie sich bitte mit uns in Verbindung, damit wir die Kurstermine der Lehrer \u00fcberpr\u00fcfen k\u00f6nnen).<\/p>\n<hr \/>\n<h2 id=\"express\">Job interview Express<\/h2>\n<p><a href=\"https:\/\/live-english.net\/contact-us\/\"><img fetchpriority=\"high\" decoding=\"async\" class=\"aligncenter size-full wp-image-21602\" src=\"https:\/\/live-english.net\/wp-content\/uploads\/2022\/06\/job-interview-express.jpg\" alt=\"Job Interview Express\" width=\"800\" height=\"600\" srcset=\"https:\/\/live-english.net\/wp-content\/uploads\/2022\/06\/job-interview-express.jpg 800w, https:\/\/live-english.net\/wp-content\/uploads\/2022\/06\/job-interview-express-300x225.jpg 300w, https:\/\/live-english.net\/wp-content\/uploads\/2022\/06\/job-interview-express-768x576.jpg 768w\" sizes=\"(max-width: 800px) 100vw, 800px\" \/><\/a><\/p>\n<hr \/>\n<p><a href=\"https:\/\/live-english.net\/jobinterviewexpress\/\" target=\"_blank\" rel=\"noopener\">Schauen Sie sich die Express-Vorbereitung f\u00fcr Bewerbungsgespr\u00e4che von Live English an<\/a><\/p>\n<hr \/>\n<hr \/>\n<h2>Englischunterricht f\u00fcr Vorstellungsgespr\u00e4che<\/h2>\n<p>Unser Ziel ist es Ihnen dabei zu helfen den Job zu bekommen, den Sie anstreben. W\u00e4hrend Ihres Vorstellungsgespr\u00e4chs m\u00fcssen Sie zeigen, dass Sie auf English kommunizieren k\u00f6nnen und dass Sie \u00fcber jobspezifisches Vokabular verf\u00fcgen. Mit Hilfe unserer online Kurse und entsprechender \u00dcbungen k\u00f6nnen Sie bereits nach nur einer Woche schon beachtliche Fortschritte machen. Sie werden die englische Sprache besser beherrschen und Ihr Vorstellungsgespr\u00e4ch meistern.<\/p>\n<hr \/>\n<h2>Tipps f\u00fcr ihr Vorstellungsgespr\u00e4ch auf Englisch<\/h2>\n<p>Wir haben eine Menge interessante und hilfreiche Tipps zusammengestellt, wenn Sie wissen wollen, wie Sie Ihr Vorstellungsgespr\u00e4ch auf English meistern k\u00f6nnen: Tipps f\u00fcr Ihr Vorstellungsgespr\u00e4ch auf Englisch.<\/p>\n<hr \/>\n<h2>Tipps von unseren auf Kurse f\u00fcr Vorstellungsgespr\u00e4che in englischer Sprache spezialisierten Lehrer<\/h2>\n<p>Unsere Lehrer verf\u00fcgen \u00fcber enorme HR-Erfahrung. Der Unterricht f\u00fcr Vorstellungsgespr\u00e4che in englischer Sprache gibt Ihnen das n\u00f6tige Material an die Hand, um den Anwerber zu \u00fcberzeugen. Lesen Sie, was einige unserer Lehrer \u00fcber Vorstellungsgespr\u00e4che in englischer Sprache zu sagen haben:<\/p>\n<h3>Sharon: \u201eFinden Sie heraus, welche F\u00e4higkeiten f\u00fcr die Stelle gefragt sind und erkl\u00e4ren Sie im Vorstellungsgespr\u00e4ch, wie Ihre Kompetenzen mit den Anforderungen dieser Stelle perfekt \u00fcbereinstimmen\u201c<\/h3>\n<p><iframe src=\"https:\/\/www.youtube.com\/embed\/KyihCF6uWxs\" width=\"560\" height=\"315\" frameborder=\"0\" allowfullscreen=\"allowfullscreen\"><\/iframe><\/p>\n<h3>Rachelle: \u201eEs geht beim Unterrichten f\u00fcr Vorstellungsgespr\u00e4che nicht nur um die Sprache, sondern auch darum, den Bewerber zu betreuen\u201c<\/h3>\n<p><iframe src=\"https:\/\/www.youtube.com\/embed\/YKpdE_E9zNU\" width=\"560\" height=\"315\" frameborder=\"0\" allowfullscreen=\"allowfullscreen\"><\/iframe><\/p>\n<h2>Eine erschwingliche Methode, um sich auf ihr Englisch Vorstellungsgespr\u00e4ch vorzubereiten<\/h2>\n<p>Bei Live-English.net sind wir uns \u00fcber Ihre Bed\u00fcrfnisse bewusst. Deshalb sind wir davon \u00fcberzeugt, dass ein auf Ihre Ziele ausgerichteter Kurs den Unterschied machen kann. Nehmen Sie also Englischunterricht f\u00fcr Vorstellungsgespr\u00e4che mit unserem Team von erfahrenen Lehrern und verbessern Sie Ihre Aussichten, den Job Ihrer Tr\u00e4ume zu bekommen. Melden Sie sich f\u00fcr eine <a title=\"Kostenlose Probestunde\" href=\"https:\/\/live-english.net\/de\/entdecken\/\">kostenlose Probestunde<\/a> an und sprechen Sie Ihr n\u00e4chstes Vorstellungsgespr\u00e4ch auf Englisch.<\/p>\n <aside id=\"custom_html-66\" class=\"widget_text widget widget_custom_html amr_widget\"><div class=\"textwidget custom-html-widget\"><div>\r\n\t<br><br>\r\n<\/div>\r\n<!--EN-->\r\n <!--FR-->\r\n<!--IT-->\r\n<aside id=\"custom_html-77\" class=\"widget_text widget widget_custom_html amr_widget\"><div class=\"textwidget custom-html-widget\"><div><a href=\"https:\/\/member.booknstart.com\/trial-registration?lg=de&amp;referred_by=CTA&amp;office_id=3\" title=\"Book a Free Trial Lesson\" target=\"_blank\" rel=\"noopener\"><img alt=\"Book your free English trial lesson\" src='https:\/\/live-english.net\/wp-content\/uploads\/2023\/02\/CTA-probestunde.jpg'><\/a>\t\r\n<\/div><\/div><\/aside><!--DE-->\r\n <!--ES-->\r\n <!--HE-->\r\n <!--RU--><\/div><\/aside>","protected":false},"excerpt":{"rendered":"<p>Sie haben demn\u00e4chst ein Vorstellungsgespr\u00e4ch auf Englisch? Bereiten Sie sich mit Hilfe unserer professionellen Sprachlehrer auf Ihr Vorstellungsgespr\u00e4ch auf Englisch vor und verbessern Sie Ihre Karrierechancen. Egal ob es sich bei Ihrem Vorstellungsgespr\u00e4ch um ein Telefongespr\u00e4ch auf Englisch oder um<\/p>\n","protected":false},"author":1,"featured_media":27179,"parent":441,"menu_order":0,"comment_status":"closed","ping_status":"closed","template":"","meta":{"_monsterinsights_skip_tracking":false,"_monsterinsights_sitenote_active":false,"_monsterinsights_sitenote_note":"","_monsterinsights_sitenote_category":0,"footnotes":""},"class_list":["post-450","page","type-page","status-publish","hentry"],"_links":{"self":[{"href":"https:\/\/live-english.net\/de\/wp-json\/wp\/v2\/pages\/450","targetHints":{"allow":["GET"]}}],"collection":[{"href":"https:\/\/live-english.net\/de\/wp-json\/wp\/v2\/pages"}],"about":[{"href":"https:\/\/live-english.net\/de\/wp-json\/wp\/v2\/types\/page"}],"author":[{"embeddable":true,"href":"https:\/\/live-english.net\/de\/wp-json\/wp\/v2\/users\/1"}],"replies":[{"embeddable":true,"href":"https:\/\/live-english.net\/de\/wp-json\/wp\/v2\/comments?post=450"}],"version-history":[{"count":13,"href":"https:\/\/live-english.net\/de\/wp-json\/wp\/v2\/pages\/450\/revisions"}],"predecessor-version":[{"id":43869,"href":"https:\/\/live-english.net\/de\/wp-json\/wp\/v2\/pages\/450\/revisions\/43869"}],"up":[{"embeddable":true,"href":"https:\/\/live-english.net\/de\/wp-json\/wp\/v2\/pages\/441"}],"wp:featuredmedia":[{"embeddable":true,"href":"https:\/\/live-english.net\/de\/wp-json\/wp\/v2\/media\/27179"}],"wp:attachment":[{"href":"https:\/\/live-english.net\/de\/wp-json\/wp\/v2\/media?parent=450"}],"curies":[{"name":"wp","href":"https:\/\/api.w.org\/{rel}","templated":true}]}}