{"id":453,"date":"2018-06-04T12:20:19","date_gmt":"2018-06-04T12:20:19","guid":{"rendered":"https:\/\/live-english.net\/?page_id=453"},"modified":"2025-11-12T13:17:57","modified_gmt":"2025-11-12T13:17:57","slug":"englisch-konversationskurse","status":"publish","type":"page","link":"https:\/\/live-english.net\/de\/online-englisch-kurse\/englisch-konversationskurse\/","title":{"rendered":"Online Sprachkurs Englisch"},"content":{"rendered":"\t\t<div data-elementor-type=\"wp-page\" data-elementor-id=\"453\" class=\"elementor elementor-453 elementor-105\" data-elementor-post-type=\"page\">\n\t\t\t\t\t\t<section class=\"elementor-section elementor-top-section elementor-element elementor-element-a44dd05 elementor-section-stretched elementor-section-boxed elementor-section-height-default elementor-section-height-default\" data-id=\"a44dd05\" data-element_type=\"section\" data-settings=\"{&quot;stretch_section&quot;:&quot;section-stretched&quot;}\">\n\t\t\t\t\t\t<div class=\"elementor-container elementor-column-gap-default\">\n\t\t\t\t\t<div class=\"elementor-column elementor-col-100 elementor-top-column elementor-element elementor-element-629475a\" data-id=\"629475a\" data-element_type=\"column\">\n\t\t\t<div class=\"elementor-widget-wrap elementor-element-populated\">\n\t\t\t\t\t\t<div class=\"elementor-element elementor-element-353699e elementor-widget elementor-widget-heading\" data-id=\"353699e\" data-element_type=\"widget\" data-widget_type=\"heading.default\">\n\t\t\t\t<div class=\"elementor-widget-container\">\n\t\t\t\t\t<h2 class=\"elementor-heading-title elementor-size-default\">Online Englisch \n <span style=\"color:#023E8A\"> Konversationskurse<\/span><\/h2>\t\t\t\t<\/div>\n\t\t\t\t<\/div>\n\t\t\t\t<div class=\"elementor-element elementor-element-230564e elementor-widget elementor-widget-text-editor\" data-id=\"230564e\" data-element_type=\"widget\" data-widget_type=\"text-editor.default\">\n\t\t\t\t<div class=\"elementor-widget-container\">\n\t\t\t\t\t\t\t\t\t<p><a href=\"https:\/\/live-english.net\/de\/online-englisch-kurse\/englisch-konversationskurse\/\">Englisch Konversationskurs<\/a> ist ein personalisierter Kurs, der Ihnen anhand spezifischer Konversationsthemen helfen wird sich sicherer auf Englisch auszudr\u00fccken. Um sich auf Ihren Unterricht vorzubereiten, w\u00e4hlen Sie bitte einen Artikel aus der StudyBox \u2013 unserer Lernplattform \u2013 und diskutieren Sie anhand des Artikels aktuelle Themen, Kultur, Technik und viele weitere Aspekte mit Ihrem Lehrer. Neben Schl\u00fcsselvokabular zum Wiederholen und Anwenden in verschiedenen Situationen erhalten Sie Fragen, die Ihnen beim Textverst\u00e4ndnis helfen werden.<\/p>\t\t\t\t\t\t\t\t<\/div>\n\t\t\t\t<\/div>\n\t\t\t\t\t<\/div>\n\t\t<\/div>\n\t\t\t\t\t<\/div>\n\t\t<\/section>\n\t\t\t\t<section class=\"elementor-section elementor-top-section elementor-element elementor-element-bd6c5fd elementor-section-stretched elementor-section-boxed elementor-section-height-default elementor-section-height-default\" data-id=\"bd6c5fd\" data-element_type=\"section\" data-settings=\"{&quot;stretch_section&quot;:&quot;section-stretched&quot;}\">\n\t\t\t\t\t\t<div class=\"elementor-container elementor-column-gap-default\">\n\t\t\t\t\t<div class=\"elementor-column elementor-col-25 elementor-top-column elementor-element elementor-element-661b756\" data-id=\"661b756\" data-element_type=\"column\">\n\t\t\t<div class=\"elementor-widget-wrap elementor-element-populated\">\n\t\t\t\t\t\t<div class=\"elementor-element elementor-element-d4e8861 elementor-cta--skin-classic elementor-animated-content elementor-bg-transform elementor-bg-transform-zoom-in elementor-widget elementor-widget-call-to-action\" data-id=\"d4e8861\" data-element_type=\"widget\" data-widget_type=\"call-to-action.default\">\n\t\t\t\t<div class=\"elementor-widget-container\">\n\t\t\t\t\t\t\t<div class=\"elementor-cta\">\n\t\t\t\t\t<div class=\"elementor-cta__bg-wrapper\">\n\t\t\t\t<div class=\"elementor-cta__bg elementor-bg\" style=\"background-image: url(https:\/\/live-english.net\/wp-content\/uploads\/2023\/06\/Amerikanischer-Akzent-1024x576.jpg);\" role=\"img\" aria-label=\"Amerikanischer Akzent\"><\/div>\n\t\t\t\t<div class=\"elementor-cta__bg-overlay\"><\/div>\n\t\t\t<\/div>\n\t\t\t\t\t\t\t<div class=\"elementor-cta__content\">\n\t\t\t\t\n\t\t\t\t\t\t\t\t\t<h2 class=\"elementor-cta__title elementor-cta__content-item elementor-content-item\">\n\t\t\t\t\t\t<a title=' Amerikanischer Akzent' href='https:\/\/live-english.net\/de\/online-englisch-kurse\/englisch-konversationskurse\/amerikanischer-akzent\/'>Amerikanischer Akzent<\/a>\t\t\t\t\t<\/h2>\n\t\t\t\t\n\t\t\t\t\n\t\t\t\t\t\t\t\t\t<div class=\"elementor-cta__button-wrapper elementor-cta__content-item elementor-content-item \">\n\t\t\t\t\t<a class=\"elementor-cta__button elementor-button elementor-size-\" href=\"https:\/\/live-english.net\/de\/online-englisch-kurse\/englisch-konversationskurse\/amerikanischer-akzent\/\" title=\"American English Course\">\n\t\t\t\t\t\tLearn more\t\t\t\t\t<\/a>\n\t\t\t\t\t<\/div>\n\t\t\t\t\t\t\t<\/div>\n\t\t\t\t\t\t<\/div>\n\t\t\t\t\t\t<\/div>\n\t\t\t\t<\/div>\n\t\t\t\t\t<\/div>\n\t\t<\/div>\n\t\t\t\t<div class=\"elementor-column elementor-col-25 elementor-top-column elementor-element elementor-element-b8f0501\" data-id=\"b8f0501\" data-element_type=\"column\">\n\t\t\t<div class=\"elementor-widget-wrap elementor-element-populated\">\n\t\t\t\t\t\t<div class=\"elementor-element elementor-element-c26edb5 elementor-cta--skin-classic elementor-animated-content elementor-bg-transform elementor-bg-transform-zoom-in elementor-widget elementor-widget-call-to-action\" data-id=\"c26edb5\" data-element_type=\"widget\" data-widget_type=\"call-to-action.default\">\n\t\t\t\t<div class=\"elementor-widget-container\">\n\t\t\t\t\t\t\t<div class=\"elementor-cta\">\n\t\t\t\t\t<div class=\"elementor-cta__bg-wrapper\">\n\t\t\t\t<div class=\"elementor-cta__bg elementor-bg\" style=\"background-image: url(https:\/\/live-english.net\/wp-content\/uploads\/2023\/06\/Live-English-website-Banner-2-2-1024x576.jpg);\" role=\"img\" aria-label=\"Britischer Akzent\"><\/div>\n\t\t\t\t<div class=\"elementor-cta__bg-overlay\"><\/div>\n\t\t\t<\/div>\n\t\t\t\t\t\t\t<div class=\"elementor-cta__content\">\n\t\t\t\t\n\t\t\t\t\t\t\t\t\t<h2 class=\"elementor-cta__title elementor-cta__content-item elementor-content-item\">\n\t\t\t\t\t\t<a title='Britischer Akzent' href='https:\/\/live-english.net\/de\/online-englisch-kurse\/englisch-konversationskurse\/britischer-akzent\/'> Britischer Akzent Kurs<\/a>\t\t\t\t\t<\/h2>\n\t\t\t\t\n\t\t\t\t\n\t\t\t\t\t\t\t\t\t<div class=\"elementor-cta__button-wrapper elementor-cta__content-item elementor-content-item \">\n\t\t\t\t\t<a class=\"elementor-cta__button elementor-button elementor-size-\" href=\"https:\/\/live-english.net\/de\/online-englisch-kurse\/englisch-konversationskurse\/britischer-akzent\/\" title=\"British English Course\">\n\t\t\t\t\t\tLearn more\t\t\t\t\t<\/a>\n\t\t\t\t\t<\/div>\n\t\t\t\t\t\t\t<\/div>\n\t\t\t\t\t\t<\/div>\n\t\t\t\t\t\t<\/div>\n\t\t\t\t<\/div>\n\t\t\t\t\t<\/div>\n\t\t<\/div>\n\t\t\t\t<div class=\"elementor-column elementor-col-25 elementor-top-column elementor-element elementor-element-9bfde1c\" data-id=\"9bfde1c\" data-element_type=\"column\">\n\t\t\t<div class=\"elementor-widget-wrap elementor-element-populated\">\n\t\t\t\t\t\t<div class=\"elementor-element elementor-element-16f9da9 elementor-cta--skin-classic elementor-animated-content elementor-bg-transform elementor-bg-transform-zoom-in elementor-widget elementor-widget-call-to-action\" data-id=\"16f9da9\" data-element_type=\"widget\" data-widget_type=\"call-to-action.default\">\n\t\t\t\t<div class=\"elementor-widget-container\">\n\t\t\t\t\t\t\t<div class=\"elementor-cta\">\n\t\t\t\t\t<div class=\"elementor-cta__bg-wrapper\">\n\t\t\t\t<div class=\"elementor-cta__bg elementor-bg\" style=\"background-image: url(https:\/\/live-english.net\/wp-content\/uploads\/2023\/06\/Live-English-website-Banner-11-1024x576.jpg);\" role=\"img\" aria-label=\"Live-English website Banner (11)\"><\/div>\n\t\t\t\t<div class=\"elementor-cta__bg-overlay\"><\/div>\n\t\t\t<\/div>\n\t\t\t\t\t\t\t<div class=\"elementor-cta__content\">\n\t\t\t\t\n\t\t\t\t\t\t\t\t\t<h2 class=\"elementor-cta__title elementor-cta__content-item elementor-content-item\">\n\t\t\t\t\t\t<a title='Verschiedene Akzente' href='https:\/\/live-english.net\/de\/online-englisch-kurse\/englisch-konversationskurse\/englisch-konversationskurs-verschiedene-akzente\/'> Verschiedene Akzente<\/a>\t\t\t\t\t<\/h2>\n\t\t\t\t\n\t\t\t\t\n\t\t\t\t\t\t\t\t\t<div class=\"elementor-cta__button-wrapper elementor-cta__content-item elementor-content-item \">\n\t\t\t\t\t<a class=\"elementor-cta__button elementor-button elementor-size-\" href=\"https:\/\/live-english.net\/de\/online-englisch-kurse\/englisch-konversationskurse\/englisch-konversationskurs-verschiedene-akzente\/\" title=\"Mix of English Accents\">\n\t\t\t\t\t\tLearn more\t\t\t\t\t<\/a>\n\t\t\t\t\t<\/div>\n\t\t\t\t\t\t\t<\/div>\n\t\t\t\t\t\t<\/div>\n\t\t\t\t\t\t<\/div>\n\t\t\t\t<\/div>\n\t\t\t\t\t<\/div>\n\t\t<\/div>\n\t\t\t\t<div class=\"elementor-column elementor-col-25 elementor-top-column elementor-element elementor-element-36662b7\" data-id=\"36662b7\" data-element_type=\"column\">\n\t\t\t<div class=\"elementor-widget-wrap elementor-element-populated\">\n\t\t\t\t\t\t<div class=\"elementor-element elementor-element-2cacd41 elementor-cta--skin-classic elementor-animated-content elementor-bg-transform elementor-bg-transform-zoom-in elementor-widget elementor-widget-call-to-action\" data-id=\"2cacd41\" data-element_type=\"widget\" data-widget_type=\"call-to-action.default\">\n\t\t\t\t<div class=\"elementor-widget-container\">\n\t\t\t\t\t\t\t<div class=\"elementor-cta\">\n\t\t\t\t\t<div class=\"elementor-cta__bg-wrapper\">\n\t\t\t\t<div class=\"elementor-cta__bg elementor-bg\" style=\"background-image: url(https:\/\/live-english.net\/wp-content\/uploads\/2023\/06\/Live-English-website-Banner-5-2-1024x576.jpg);\" role=\"img\" aria-label=\"english f\u00fcr Grundstufen\"><\/div>\n\t\t\t\t<div class=\"elementor-cta__bg-overlay\"><\/div>\n\t\t\t<\/div>\n\t\t\t\t\t\t\t<div class=\"elementor-cta__content\">\n\t\t\t\t\n\t\t\t\t\t\t\t\t\t<h2 class=\"elementor-cta__title elementor-cta__content-item elementor-content-item\">\n\t\t\t\t\t\t<a title='Englisch f\u00fcr Grundstufen' href='https:\/\/live-english.net\/de\/online-englisch-kurse\/englisch-konversationskurse\/englischer-sprach-grundstufen\/'> Englisch f\u00fcr Grundstufen<\/a>\t\t\t\t\t<\/h2>\n\t\t\t\t\n\t\t\t\t\n\t\t\t\t\t\t\t\t\t<div class=\"elementor-cta__button-wrapper elementor-cta__content-item elementor-content-item \">\n\t\t\t\t\t<a class=\"elementor-cta__button elementor-button elementor-size-\" href=\"https:\/\/live-english.net\/de\/online-englisch-kurse\/englisch-konversationskurse\/englischer-sprach-grundstufen\/\" title=\"Elementary Levels English Course\">\n\t\t\t\t\t\tLearn more\t\t\t\t\t<\/a>\n\t\t\t\t\t<\/div>\n\t\t\t\t\t\t\t<\/div>\n\t\t\t\t\t\t<\/div>\n\t\t\t\t\t\t<\/div>\n\t\t\t\t<\/div>\n\t\t\t\t\t<\/div>\n\t\t<\/div>\n\t\t\t\t\t<\/div>\n\t\t<\/section>\n\t\t\t\t<section class=\"elementor-section elementor-top-section elementor-element elementor-element-a0a0b08 elementor-section-boxed elementor-section-height-default elementor-section-height-default\" data-id=\"a0a0b08\" data-element_type=\"section\">\n\t\t\t\t\t\t<div class=\"elementor-container elementor-column-gap-default\">\n\t\t\t\t\t<div class=\"elementor-column elementor-col-100 elementor-top-column elementor-element elementor-element-282407a\" data-id=\"282407a\" data-element_type=\"column\">\n\t\t\t<div class=\"elementor-widget-wrap elementor-element-populated\">\n\t\t\t\t\t\t<div class=\"elementor-element elementor-element-5eed602 elementor-widget elementor-widget-shortcode\" data-id=\"5eed602\" data-element_type=\"widget\" data-widget_type=\"shortcode.default\">\n\t\t\t\t<div class=\"elementor-widget-container\">\n\t\t\t\t\t\t\t<div class=\"elementor-shortcode\"><aside id=\"custom_html-81\" class=\"widget_text widget widget_custom_html amr_widget\"><div class=\"textwidget custom-html-widget\"><!--EN-->\r\n <!--FR-->\r\n<!--IT-->\r\n<aside id=\"custom_html-84\" class=\"widget_text widget widget_custom_html amr_widget\"><div class=\"textwidget custom-html-widget\"><a href=\"https:\/\/member.booknstart.com\/trial-registration?lg=de&amp;referred_by=sCTA&amp;office_id=3\" title=\"Book a Free Trial Lesson\" target=\"_blank\" rel=\"noopener\"><img decoding=\"async\" src=\"https:\/\/live-english.net\/wp-content\/uploads\/2023\/02\/sCTA-de.jpg\" alt=\"Book your Free English Trial lesson\" \/><\/a><\/div><\/aside><!--DE-->\r\n <!--ES-->\r\n <!--HE\r\n[do_widget id=custom_html-72] <!--RU-->\r\n<div>\r\n\t<br><br>\r\n<\/div><\/div><\/aside><\/div>\n\t\t\t\t\t\t<\/div>\n\t\t\t\t<\/div>\n\t\t\t\t<div class=\"elementor-element elementor-element-4eedfaf elementor-widget elementor-widget-spacer\" data-id=\"4eedfaf\" data-element_type=\"widget\" data-widget_type=\"spacer.default\">\n\t\t\t\t<div class=\"elementor-widget-container\">\n\t\t\t\t\t\t\t<div class=\"elementor-spacer\">\n\t\t\t<div class=\"elementor-spacer-inner\"><\/div>\n\t\t<\/div>\n\t\t\t\t\t\t<\/div>\n\t\t\t\t<\/div>\n\t\t\t\t\t<\/div>\n\t\t<\/div>\n\t\t\t\t\t<\/div>\n\t\t<\/section>\n\t\t\t\t<section class=\"elementor-section elementor-top-section elementor-element elementor-element-0081c80 elementor-section-full_width elementor-section-stretched elementor-section-height-default elementor-section-height-default\" data-id=\"0081c80\" data-element_type=\"section\" data-settings=\"{&quot;stretch_section&quot;:&quot;section-stretched&quot;,&quot;background_background&quot;:&quot;classic&quot;}\">\n\t\t\t\t\t\t<div class=\"elementor-container elementor-column-gap-default\">\n\t\t\t\t\t<div class=\"elementor-column elementor-col-100 elementor-top-column elementor-element elementor-element-7abbe03\" data-id=\"7abbe03\" data-element_type=\"column\">\n\t\t\t<div class=\"elementor-widget-wrap elementor-element-populated\">\n\t\t\t\t\t\t<section class=\"elementor-section elementor-inner-section elementor-element elementor-element-bc92bcf elementor-section-boxed elementor-section-height-default elementor-section-height-default\" data-id=\"bc92bcf\" data-element_type=\"section\">\n\t\t\t\t\t\t<div class=\"elementor-container elementor-column-gap-default\">\n\t\t\t\t\t<div class=\"elementor-column elementor-col-100 elementor-inner-column elementor-element elementor-element-9074657\" data-id=\"9074657\" data-element_type=\"column\">\n\t\t\t<div class=\"elementor-widget-wrap elementor-element-populated\">\n\t\t\t\t\t\t<div class=\"elementor-element elementor-element-7560aa04 elementor-widget elementor-widget-text-editor\" data-id=\"7560aa04\" data-element_type=\"widget\" data-widget_type=\"text-editor.default\">\n\t\t\t\t<div class=\"elementor-widget-container\">\n\t\t\t\t\t\t\t\t\t<p>Bei Live-English.net k\u00f6nnen Sie Ihr gesprochenes Englisch mithilfe regelm\u00e4\u00dfiger Stunden bei muttersprachlichen Englischlehrern verbessern. <strong>Unsere Englisch Sprachkurs per Zoom, Google Meet oder Telefon<\/strong> richten sich jeweils nach Ihren pers\u00f6nlichen Bed\u00fcrfnissen. Indem wir uns auf Themenbereiche konzentrieren, die Sie interessieren, werden Sie leichter lernen k\u00f6nnen und motivierter bleiben.<\/p><h2>Online Englisch sprechen lernen<\/h2><p>Hier finden Sie hier die Vorteile unseres Online Englisch Sprachkurses:<\/p><ul><li>Sie konzentrieren sich auf Themenbereiche, die Ihren Bed\u00fcrfnissen, Lernzielen und Interessen entsprechen<\/li><li>Sie k\u00f6nnnen den Akzent Ihres Lehrers frei w\u00e4hlen<\/li><li>Sie k\u00f6nnen mit unterschiedlichen Lehrern lernen und so eine Vielfalt unterschiedlicher Unterrichtsmethoden ausprobieren<\/li><li>Sie bekommen das Unterrichtsmaterial gestellt<\/li><\/ul><h2>Welchen Sprachkurs soll ich w\u00e4hlen?<\/h2><ul><li><a title=\"Amerikanischer Akzent Englischkurs\" href=\"https:\/\/live-english.net\/de\/english-courses\/spoken-english-course\/english-conversation-course-american-accent\/\"> Amerikanischer Akzent <\/a> : Mit Muttersprachlern aus verschiedenen Staaten, lernen Sie Amerikanisches Englisch und die Kultur am eigenen Leib<\/li><li><a title=\"Britischer Akzent Englischkurs\" href=\"https:\/\/live-english.net\/de\/english-courses\/spoken-english-course\/english-conversation-course-british-accent\/\"> Britischer Akzent <\/a> : eine gro\u00dfartige Weise, um an Ihrem Britischen Akzent zu arbeiten und die faszinierende Kultur kennenzulernen, die diesen Akzent hervorgebracht hat<\/li><li><a title=\"Kombinierte Akzente Englischkurs\" href=\"https:\/\/live-english.net\/de\/english-courses\/spoken-english-course\/english-conversation-course-mix-accents\/\">Kombinierte Akzente<\/a> : eine Erfahrung, die Sie sprachlich um die ganze Welt bringt und Ihnen helfen wird Muttersprachler aus englischsprachigen L\u00e4ndern zu verstehen, sowie Ihr Englisch mit einer Vielfalt an Lehrern zu \u00fcben<\/li><li><a title=\"Englisch f\u00fcr Jugendliche\" href=\"https:\/\/live-english.net\/de\/english-courses\/spoken-english-course\/english-conversation-course-teenagers\/\">Englisch f\u00fcr Jugendliche<\/a> : ein Programm, dass f\u00fcr junge Leute geschaffen wurde, die ihr Englisch mithilfe eines spezialisiertes Lehrers verbessern wollen<\/li><li><a title=\"Grundlegende Kenntnisse\" href=\"https:\/\/live-english.net\/de\/english-courses\/spoken-english-course\/english-conversation-course-elementary-levels\/\">Grundlegende Kenntnisse<\/a> : Aller Anfang ist schwer. Darum sollten gerade die ersten Schritte von einem professionellen Sprachlehrer begleitet werden, der auf Englischunterricht f\u00fcr Erwachsene spezialisiert ist, die bisher noch nicht viel Kontakt mit der Englischen Sprache hatten<\/li><\/ul><h2>Lernen Sie flie\u00dfend Englisch zu sprechen<\/h2><p>F\u00fchlen Sie sich sicher, wenn Sie mit Ihrer Familie, ihren Freunden, auf Reisen oder mit Gesch\u00e4ftspartnern und Kollegen Englisch sprechen. Sie k\u00f6nnen entscheiden, ob Sie Unterricht per Zoom oder per Telefon nehmen, um Ihre Sprachkenntnisse zu verbessern, ohne dabei Ihre Wohnung oder Ihr B\u00fcro verlassen zu m\u00fcssen.<\/p><h2>F\u00fcr wen eignet sich ein Online Englisch Sprachkurs?<\/h2><p>Wenn Sie bereits \u00fcber Englisch Grundwissen verf\u00fcgen, werden Sie viele Vorteile aus unseren Englisch Sprachkursen ziehen. Die Stunden sind zu 100% in Englisch gehalten: Dies ist die beste Art Ihr Englisch zu verbessern! Die Unterrichtsthemen werden gem\u00e4\u00df Ihres Sprachniveaus, Ihrer Lernziele und Ihrer Interessen definiert. Wenn Sie flie\u00dfend Englisch sprechen und zu von Ihnen gew\u00fcnschten Zeiten mit einem privaten Lehrer lernen m\u00f6chten, ist dies die perfekte L\u00f6sung.<\/p><p>Alle unsere Lehrer sind erfahrene, Englisch Muttersprachler. Indem Sie mit Ihnen lernen, werden Sie mehr \u00fcber die verschiedenen Kulturen der englischsprachigen Welt erfahren. Sie alle verf\u00fcgen \u00fcber unterschiedlichen Hintergrundwissen und Praxiserfahrung. Erfahren Sie hier mehr \u00fcber die <a title=\"besten Englischlehrer\" href=\"https:\/\/live-english.net\/de\/online-english-school\/english-teachers\/\"> besten Englischlehrer <\/a> , die wir f\u00fcr Sie ausgew\u00e4hlt haben!<\/p><h2>Wie sieht ein Englisch Sprachkurs aus?<\/h2><p>Um Ihren online Englisch Sprachkurs zu beginnen m\u00fcssen Sie im Mitgliederbereich eine Stunde buchen. Zum Zeitpunkt der gebuchten Stunde wird Ihr Lehrer Sie per Zoom oder Telefon anrufen, je nachdem f\u00fcr welche dieser M\u00f6glichkeiten Sie sich entschieden haben. Generell empfehlen wir jeweils einige Minuten vor Stundenbeginn online zu sein, damit es nicht zu Verz\u00f6gerungen kommt.<\/p><p>Handelt es sich um Ihre erste Stunde werden Sie sich zun\u00e4chst vorstellen und Ihre Lernziele und Interessen mit Ihrem Lehrer besprechen. Normalerweise k\u00f6nnen Sie dies bereits w\u00e4hrend Ihrer <a title=\"kostenlosen Probestunde\" href=\"https:\/\/live-english.net\/de\/free-evaluation\/\"> kostenlosen Probestunde<\/a> tun.<\/p><p>W\u00e4hrend des Kurses werden eine Vielfalt an Themen behandelt. Die Stunden basieren h\u00e4ufig auf Artikeln, die Sie bereits vor dem Unterricht in unserer StudyBox ausw\u00e4hlen k\u00f6nnen. Hauptziel dabei ist es, sie anhand von Themen zu ermutigen die Sie interessieren, an Ihrem Englisch zu arbeiten, um so Ihr Vokabelwissen auszubauen, Ihre Grammatikkenntnisse zu verbessern und allgemein selbstbewusster im Umgang mit der englischen Sprache zu werden.<\/p><p>Wenn Sie regelm\u00e4\u00dfig \u00fcben, werden Sie Ihre Sprachfertigkeiten schnell verbessern k\u00f6nnen.<\/p><p>Schon eine Stunde pro Woche wird Ihnen helfen Ihr Wissensniveau zu erhalten. Dies ist ein gutes Tempo f\u00fcr Personen, die bereits \u00fcber gute Kenntnisse verf\u00fcgen, da Sie gegebenenfalls bereits f\u00fcr einen gewissen Zeitraum im englischsprachigen Ausland gelebt haben und Ihr Sprachniveau nicht verlieren wollen. Zwei Unterrichtsstungen \u00e0 45 Minuten oder drei Sitzungen \u00e0 30 Minuten pro Woche hingegen, geben Ihnen die M\u00f6glichkeit Ihre Kenntnisse auszubauen.<\/p><h2>Warum Sie Live-English.net w\u00e4hlen sollten, um Konversationsenglisch zu erlernen?<\/h2><p>Mit Live-English.net entscheiden Sie sich f\u00fcr Erfahrung und Qualit\u00e4t. Mehr als tausend Sprachsch\u00fcler weltweit haben sich in den letzen zehn Jahren f\u00fcr uns entschieden, um Englisch flie\u00dfend sprechen zu lernen. Wir spezialisieren uns darauf Englisch als Fremdsprache zu unterrichten. Unsere Sprachlehrer sind qualifiziert und werden regelm\u00e4\u00dfig weiter von uns geschult. Alle unsere Lehrer sind englische Muttersprachler und verf\u00fcgen zus\u00e4tzlich zu Ihrer Lernerfahrung \u00fcber Praxiserfahrungen aus verschiedenen Bereichen wie Finanzen, Wissenschaft oder Kunst.<\/p><p>Am Wichtigsten ist allerdings, dass Sie bei Live-English.net niemals nur eine Nummer im System sein werden.<\/p><p>Sie werden pers\u00f6nlich betreut, Ihre Bed\u00fcrfnisse und Ziele werden besprochen und ber\u00fccksichtigt. Durch motivierte Lehrer und ein sich k\u00fcmmerndes Team wird Ihr Weg hin zum flie\u00dfenden Englischsprechen dabei m\u00f6glichst leicht gestaltet.<\/p><h2>Lernen sie unsere Englischlehrer kennen<\/h2><p>Hier erfahren sie ein wenig mehr \u00fcber unserer Englischlehrer. Sie erkl\u00e4ren welche Vorteile es bringt einen Sprachkurs zu buchen um im t\u00e4glichen Leben flie\u00dfend Englisch zu sprechen um in allen Situationen vorbereitet zu sein.<\/p><p><iframe src=\"https:\/\/www.youtube.com\/embed\/9pGlJsJvj94\" width=\"560\" height=\"315\" frameborder=\"0\" allowfullscreen=\"allowfullscreen\"><\/iframe><\/p><p><iframe src=\"https:\/\/www.youtube.com\/embed\/AN6dM8PWQMY\" width=\"560\" height=\"315\" frameborder=\"0\" allowfullscreen=\"allowfullscreen\"><\/iframe><\/p><h2>Zum Weiterlesen:<\/h2><ul><li>Tips und Ratschl\u00e4ge auf unserem <a title=\"Blog f\u00fcr Englischlernende\" href=\"https:\/\/live-english.net\/de\/blog\/\"> Blog f\u00fcr Englischlernende <\/a> : lesen Sie wie Sie heutzutage Ihr gesprochenes Englisch verbessern k\u00f6nnen!<\/li><li>Warum sollten Sie <a title=\"Zoom f\u00fcr Ihren Englisch Sprachkurs\" href=\"https:\/\/live-english.net\/de\/online-english-school\/english-video-conference-zoom\/\"> Zoom f\u00fcr Ihren Englisch Sprachkurs <\/a> w\u00e4hlen?<\/li><li>Ist ein <a title=\"Englisch Sprachkurs per Telefon\" href=\"https:\/\/live-english.net\/de\/online-english-school\/english-by-phone\/\"> Englisch Sprachkurs per Telefon <\/a> sinnvoll?<\/li><li>Lesen Sie <a title=\"Kommentare unserer Sprachsch\u00fcler\" href=\"https:\/\/live-english.net\/de\/testimonials-students\/\"> Kommentare unserer Sprachsch\u00fcler <\/a> aus der ganzen Welt<\/li><\/ul>\t\t\t\t\t\t\t\t<\/div>\n\t\t\t\t<\/div>\n\t\t\t\t\t<\/div>\n\t\t<\/div>\n\t\t\t\t\t<\/div>\n\t\t<\/section>\n\t\t\t\t\t<\/div>\n\t\t<\/div>\n\t\t\t\t\t<\/div>\n\t\t<\/section>\n\t\t\t\t<section class=\"elementor-section elementor-top-section elementor-element elementor-element-40960375 elementor-section-boxed elementor-section-height-default elementor-section-height-default\" data-id=\"40960375\" data-element_type=\"section\">\n\t\t\t\t\t\t<div class=\"elementor-container elementor-column-gap-default\">\n\t\t\t\t\t<div class=\"elementor-column elementor-col-100 elementor-top-column elementor-element elementor-element-6b6832e8\" data-id=\"6b6832e8\" data-element_type=\"column\">\n\t\t\t<div class=\"elementor-widget-wrap\">\n\t\t\t\t\t\t\t<\/div>\n\t\t<\/div>\n\t\t\t\t\t<\/div>\n\t\t<\/section>\n\t\t\t\t<\/div>\n\t\t <aside id=\"custom_html-66\" class=\"widget_text widget widget_custom_html amr_widget\"><div class=\"textwidget custom-html-widget\"><div>\r\n\t<br><br>\r\n<\/div>\r\n<!--EN-->\r\n <!--FR-->\r\n<!--IT-->\r\n<aside id=\"custom_html-77\" class=\"widget_text widget widget_custom_html amr_widget\"><div class=\"textwidget custom-html-widget\"><div><a href=\"https:\/\/member.booknstart.com\/trial-registration?lg=de&amp;referred_by=CTA&amp;office_id=3\" title=\"Book a Free Trial Lesson\" target=\"_blank\" rel=\"noopener\"><img alt=\"Book your free English trial lesson\" src='https:\/\/live-english.net\/wp-content\/uploads\/2023\/02\/CTA-probestunde.jpg'><\/a>\t\r\n<\/div><\/div><\/aside><!--DE-->\r\n <!--ES-->\r\n <!--HE-->\r\n <!--RU--><\/div><\/aside>","protected":false},"excerpt":{"rendered":"<p>Online Englisch Konversationskurse Englisch Konversationskurs ist ein personalisierter Kurs, der Ihnen anhand spezifischer Konversationsthemen helfen wird sich sicherer auf Englisch auszudr\u00fccken. Um sich auf Ihren Unterricht vorzubereiten, w\u00e4hlen Sie bitte einen Artikel aus der StudyBox \u2013 unserer Lernplattform \u2013 und<\/p>\n","protected":false},"author":1,"featured_media":10188,"parent":441,"menu_order":0,"comment_status":"closed","ping_status":"closed","template":"elementor_header_footer","meta":{"_monsterinsights_skip_tracking":false,"_monsterinsights_sitenote_active":false,"_monsterinsights_sitenote_note":"","_monsterinsights_sitenote_category":0,"footnotes":""},"class_list":["post-453","page","type-page","status-publish","hentry"],"_links":{"self":[{"href":"https:\/\/live-english.net\/de\/wp-json\/wp\/v2\/pages\/453","targetHints":{"allow":["GET"]}}],"collection":[{"href":"https:\/\/live-english.net\/de\/wp-json\/wp\/v2\/pages"}],"about":[{"href":"https:\/\/live-english.net\/de\/wp-json\/wp\/v2\/types\/page"}],"author":[{"embeddable":true,"href":"https:\/\/live-english.net\/de\/wp-json\/wp\/v2\/users\/1"}],"replies":[{"embeddable":true,"href":"https:\/\/live-english.net\/de\/wp-json\/wp\/v2\/comments?post=453"}],"version-history":[{"count":25,"href":"https:\/\/live-english.net\/de\/wp-json\/wp\/v2\/pages\/453\/revisions"}],"predecessor-version":[{"id":43776,"href":"https:\/\/live-english.net\/de\/wp-json\/wp\/v2\/pages\/453\/revisions\/43776"}],"up":[{"embeddable":true,"href":"https:\/\/live-english.net\/de\/wp-json\/wp\/v2\/pages\/441"}],"wp:featuredmedia":[{"embeddable":true,"href":"https:\/\/live-english.net\/de\/wp-json\/wp\/v2\/media\/10188"}],"wp:attachment":[{"href":"https:\/\/live-english.net\/de\/wp-json\/wp\/v2\/media?parent=453"}],"curies":[{"name":"wp","href":"https:\/\/api.w.org\/{rel}","templated":true}]}}