{"id":462,"date":"2018-06-04T12:35:14","date_gmt":"2018-06-04T12:35:14","guid":{"rendered":"https:\/\/live-english.net\/?page_id=462"},"modified":"2025-11-03T11:47:34","modified_gmt":"2025-11-03T11:47:34","slug":"englisch-lernen-telefon","status":"publish","type":"page","link":"https:\/\/live-english.net\/de\/virtuelle-sprachschule\/englisch-lernen-telefon\/","title":{"rendered":"Englisch lernen per Telefon"},"content":{"rendered":"<p>Lernen Sie Englisch mit einem englischen Muttersprachler einfach per Telefon. Dazu ben\u00f6tigen Sie lediglich eine Festnetzverbindung.Wenn Sie die n\u00f6tige Flexibilit\u00e4t haben m\u00f6chten, um von \u00fcberall aus Englisch zu lernen, oder vielleicht eine langsame Internetverbindung haben, sollten Sie Englisch per Telefon oder Mobiltelefon lernen. Dies ist eine praktische und einfache M\u00f6glichkeit, Ihre englischen Konversationsf\u00e4higkeiten zu verbessern.<\/p>\n<h2>Ist der Englischunterricht am Telefon etwas f\u00fcr Sie?<\/h2>\n<p>Bei Live-English.net haben Sie die Wahl zwischen Englischunterricht per Google Meet, <a title=\"Englischunterricht per Zoom\" href=\"https:\/\/live-english.net\/de\/virtuelle-sprachschule\/online-englischunterricht-per-videokonferenz-zoom\/\">Englischunterricht per Zoom<\/a> (Videokonferenz ) oder <a title=\"Englischunterricht per Telefon\" href=\"https:\/\/live-english.net\/de\/virtuelle-sprachschule\/englisch-lernen-telefon\/\">Telefon<\/a>.<\/p>\n<p>Wir empfehlen den <strong>Englischunterricht per Telefon<\/strong> denjenigen Personen, die bereits \u00fcber ein gutes Englischniveau verf\u00fcgen (Fortgeschrittenes Niveau). Falls Sie Anf\u00e4nger sind oder Sie sich noch unsicher im Umgang mit der englischen Sprache f\u00fchlen, empfehlen wir Ihnen unseren interaktiven Zoom Englischunterricht.<br \/>\n<aside id=\"custom_html-81\" class=\"widget_text widget widget_custom_html amr_widget\"><div class=\"textwidget custom-html-widget\"><!--EN-->\r\n <!--FR-->\r\n<!--IT-->\r\n<aside id=\"custom_html-84\" class=\"widget_text widget widget_custom_html amr_widget\"><div class=\"textwidget custom-html-widget\"><a href=\"https:\/\/member.booknstart.com\/trial-registration?lg=de&amp;referred_by=sCTA&amp;office_id=3\" title=\"Book a Free Trial Lesson\" target=\"_blank\" rel=\"noopener\"><img decoding=\"async\" src=\"https:\/\/live-english.net\/wp-content\/uploads\/2023\/02\/sCTA-de.jpg\" alt=\"Book your Free English Trial lesson\" \/><\/a><\/div><\/aside><!--DE-->\r\n <!--ES-->\r\n <!--HE\r\n[do_widget id=custom_html-72] <!--RU-->\r\n<div>\r\n\t<br><br>\r\n<\/div><\/div><\/aside><\/p>\n<h2>Gesch\u00e4ftsenglisch per Telefon<\/h2>\n<p>Viele Berufst\u00e4tige entscheiden sich f\u00fcr Englischunterricht per Telefon, weil dieser flexibel ist, sich problemlos in einen vollen Terminkalender einf\u00fcgen l\u00e4sst und ihnen dabei hilft, sich auf gesch\u00e4ftliche Telefongespr\u00e4che vorzubereiten.<\/p>\n<p>Auch wenn Sie die schriftliche Form der Kommunikation bevorzugen, wird es irgendwann notwendig sein, ein Gesch\u00e4ftsgespr\u00e4ch auf Englisch zu f\u00fchren, was durchaus be\u00e4ngstigend sein kann. Englisch per Telefon zu lernen wird Ihnen helfen, Ihr Selbstvertrauen zu st\u00e4rken und mit Ihren Kollegen oder Kunden effizient auf Englisch zu kommunizieren.<\/p>\n<p>Unser <a title=\"Onlinekurs Professionelles &amp; Business Englisch\" href=\"https:\/\/live-english.net\/de\/online-englisch-kurse\/business-englisch-lernen-online\/\">Onlinekurs Professionelles &amp; Business Englisch<\/a> wird Ihnen helfen, Ihr Selbstvertrauen in berufsbezogenen Situationen zu st\u00e4rken und Ihre Kommunikationsf\u00e4higkeiten in Englisch zu verbessern.<\/p>\n<h2>Englischlernen per Telefon<\/h2>\n<ul>\n<li>Ideale Vorbereitung auf <b>Telefongespr\u00e4che oder Telefonkonferenzen<\/b> auf englischer Sprache<\/li>\n<li>Sie erhalten von uns eine \u00f6rtliche Telefonnummer und die Zugangsnummer von Ihrem*Ihrer Lehrer*in<\/li>\n<li>Lehrangebot ohne versteckte Kosten: Ihr Englischlehrer unterrichtet Sie \u00fcber einen bestehenden Festnetzanschluss<\/li>\n<li>Eine Englischstunde am Telefon dauert <b>30 Minuten<\/b>, sodass sich der Unterricht perfekt mit Ihrem Terminkalender vereinbaren l\u00e4sst<\/li>\n<li>Sie bekommen Zugang zu unser <b>StudyBox<\/b>, einer online B\u00fccherei voller Artikel und Ressourcen. Hier k\u00f6nnen Sie das Lernmaterial ausw\u00e4hlen, was sich am besten f\u00fcr Ihre Lernziele eignet.<\/li>\n<li>Sie k\u00f6nnen Englisch am Telefon <b>zu Hause, im B\u00fcro oder \u00fcberall sonst auf der Welt<\/b> lernen!<\/li>\n<\/ul>\n<h2>Beginnen Sie <a href=\"https:\/\/live-english.net\/de\/kostenlose-ersteinschaetzung\/\">hier<\/a> Ihren Englischsunterricht per Telefon<\/h2>\n<p><b>Verschwenden Sie weder Zeit noch Geld<\/b> mit dem Besuch einer Sprachschule und beginnen Sie mit unserem personalisierten Englischunterricht per Telefon. Erfahren Sie mehr \u00fcber unsere verschiedenen <a title=\"Preisangebote f\u00fcr den Englischunterricht am Telefon\" href=\"https:\/\/live-english.net\/de\/preise-und-studienplane\/\">Preisangebote f\u00fcr den Englischunterricht am Telefon<\/a> und nutzen Sie die M\u00f6glichkeit, auf einfache Weise Raum f\u00fcr Ihren Englischunterricht zu schaffen.<\/p>\n<p>Unsere <a title=\"Online Englischlehrer\" href=\"https:\/\/live-english.net\/de\/virtuelle-sprachschule\/online-englischlehrer\/\">Online Englischlehrer<\/a> sind freundlich und professionell, damit Sie unter den besten Bedingungen Englisch per Telefon lernen k\u00f6nnen.<\/p>\n<p>Registrieren Sie sich <a href=\"https:\/\/live-english.net\/de\/kostenlose-ersteinschaetzung\/\">jetzt<\/a>, um Englisch per Telefon zu lernen.<\/p>\n<p><iframe src=\"https:\/\/www.youtube.com\/embed\/CrqLxw32rdc?rel=0&amp;controls=0\" width=\"560\" height=\"315\" frameborder=\"0\" allowfullscreen=\"allowfullscreen\"><\/iframe><\/p>\n <aside id=\"custom_html-66\" class=\"widget_text widget widget_custom_html amr_widget\"><div class=\"textwidget custom-html-widget\"><div>\r\n\t<br><br>\r\n<\/div>\r\n<!--EN-->\r\n <!--FR-->\r\n<!--IT-->\r\n<aside id=\"custom_html-77\" class=\"widget_text widget widget_custom_html amr_widget\"><div class=\"textwidget custom-html-widget\"><div><a href=\"https:\/\/member.booknstart.com\/trial-registration?lg=de&amp;referred_by=CTA&amp;office_id=3\" title=\"Book a Free Trial Lesson\" target=\"_blank\" rel=\"noopener\"><img alt=\"Book your free English trial lesson\" src='https:\/\/live-english.net\/wp-content\/uploads\/2023\/02\/CTA-probestunde.jpg'><\/a>\t\r\n<\/div><\/div><\/aside><!--DE-->\r\n <!--ES-->\r\n <!--HE-->\r\n <!--RU--><\/div><\/aside>","protected":false},"excerpt":{"rendered":"<p>Lernen Sie Englisch mit einem englischen Muttersprachler einfach per Telefon. Dazu ben\u00f6tigen Sie lediglich eine Festnetzverbindung.Wenn Sie die n\u00f6tige Flexibilit\u00e4t haben m\u00f6chten, um von \u00fcberall aus Englisch zu lernen, oder vielleicht eine langsame Internetverbindung haben, sollten Sie Englisch per Telefon<\/p>\n","protected":false},"author":1,"featured_media":25107,"parent":459,"menu_order":0,"comment_status":"closed","ping_status":"closed","template":"","meta":{"_monsterinsights_skip_tracking":false,"_monsterinsights_sitenote_active":false,"_monsterinsights_sitenote_note":"","_monsterinsights_sitenote_category":0,"footnotes":""},"class_list":["post-462","page","type-page","status-publish","hentry"],"_links":{"self":[{"href":"https:\/\/live-english.net\/de\/wp-json\/wp\/v2\/pages\/462","targetHints":{"allow":["GET"]}}],"collection":[{"href":"https:\/\/live-english.net\/de\/wp-json\/wp\/v2\/pages"}],"about":[{"href":"https:\/\/live-english.net\/de\/wp-json\/wp\/v2\/types\/page"}],"author":[{"embeddable":true,"href":"https:\/\/live-english.net\/de\/wp-json\/wp\/v2\/users\/1"}],"replies":[{"embeddable":true,"href":"https:\/\/live-english.net\/de\/wp-json\/wp\/v2\/comments?post=462"}],"version-history":[{"count":11,"href":"https:\/\/live-english.net\/de\/wp-json\/wp\/v2\/pages\/462\/revisions"}],"predecessor-version":[{"id":43686,"href":"https:\/\/live-english.net\/de\/wp-json\/wp\/v2\/pages\/462\/revisions\/43686"}],"up":[{"embeddable":true,"href":"https:\/\/live-english.net\/de\/wp-json\/wp\/v2\/pages\/459"}],"wp:featuredmedia":[{"embeddable":true,"href":"https:\/\/live-english.net\/de\/wp-json\/wp\/v2\/media\/25107"}],"wp:attachment":[{"href":"https:\/\/live-english.net\/de\/wp-json\/wp\/v2\/media?parent=462"}],"curies":[{"name":"wp","href":"https:\/\/api.w.org\/{rel}","templated":true}]}}