{"id":786,"date":"2018-06-07T07:26:45","date_gmt":"2018-06-07T07:26:45","guid":{"rendered":"https:\/\/live-english.net\/?page_id=786"},"modified":"2026-02-17T12:26:14","modified_gmt":"2026-02-17T12:26:14","slug":"englischniveau","status":"publish","type":"page","link":"https:\/\/live-english.net\/de\/englischniveau\/","title":{"rendered":"Englischniveau"},"content":{"rendered":"\t\t<div data-elementor-type=\"wp-page\" data-elementor-id=\"786\" class=\"elementor elementor-786 elementor-772\" data-elementor-post-type=\"page\">\n\t\t\t\t\t\t<section class=\"elementor-section elementor-top-section elementor-element elementor-element-a2f9d66 elementor-section-boxed elementor-section-height-default elementor-section-height-default\" data-id=\"a2f9d66\" data-element_type=\"section\">\n\t\t\t\t\t\t<div class=\"elementor-container elementor-column-gap-default\">\n\t\t\t\t\t<div class=\"elementor-column elementor-col-100 elementor-top-column elementor-element elementor-element-4077855\" data-id=\"4077855\" data-element_type=\"column\">\n\t\t\t<div class=\"elementor-widget-wrap elementor-element-populated\">\n\t\t\t\t\t\t<div class=\"elementor-element elementor-element-fe74557 elementor-widget elementor-widget-html\" data-id=\"fe74557\" data-element_type=\"widget\" data-widget_type=\"html.default\">\n\t\t\t\t<div class=\"elementor-widget-container\">\n\t\t\t\t\t<script src=\"https:\/\/member.booknstart.com\/embed\/level-test\/85dBWRSUweA5LV37IOUj6a07lg0tjyyX\"><\/script>\t\t\t\t<\/div>\n\t\t\t\t<\/div>\n\t\t\t\t\t<\/div>\n\t\t<\/div>\n\t\t\t\t\t<\/div>\n\t\t<\/section>\n\t\t\t\t<section class=\"elementor-section elementor-top-section elementor-element elementor-element-6dedfe7f elementor-section-boxed elementor-section-height-default elementor-section-height-default\" data-id=\"6dedfe7f\" data-element_type=\"section\">\n\t\t\t\t\t\t<div class=\"elementor-container elementor-column-gap-default\">\n\t\t\t\t\t<div class=\"elementor-column elementor-col-100 elementor-top-column elementor-element elementor-element-77a5d8e9\" data-id=\"77a5d8e9\" data-element_type=\"column\">\n\t\t\t<div class=\"elementor-widget-wrap elementor-element-populated\">\n\t\t\t\t\t\t<div class=\"elementor-element elementor-element-4113b7e5 elementor-widget elementor-widget-text-editor\" data-id=\"4113b7e5\" data-element_type=\"widget\" data-widget_type=\"text-editor.default\">\n\t\t\t\t<div class=\"elementor-widget-container\">\n\t\t\t\t\t\t\t\t\t<h2>Ein Online-Einstufungstest f\u00fcr das Englischniveau<\/h2><p>Beantworten Sie die vorangehenden Fragen und finden Sie in wenigen Klicks heraus, wie gut Ihr Englisch ist. Nachdem Sie die Fragen zu Grammatik und Wortschatz sowie die \u00dcbungen zum Leseverst\u00e4ndnis und zum H\u00f6rverstehen bearbeitet haben, k\u00f6nnen Sie das Niveau Ihrer Englischkenntnisse besser einsch\u00e4tzen.<\/p><p>Wenn das Ergebnis \u00fcber 12 Punkten liegt, ist Ihr englisches Sprachniveau ausreichend gut, um mit unserer Methode Ihr Englisch zu verbessern. Melden Sie sich f\u00fcr eine <a title=\"kostenlose Englisch-Probestunde\" href=\"https:\/\/live-english.net\/de\/free-trial\/\">kostenlose Probestunde<\/a> an und besprechen Sie mit Ihren Lehrern, welche Lernziele und Anforderungen Sie haben.<\/p>\t\t\t\t\t\t\t\t<\/div>\n\t\t\t\t<\/div>\n\t\t\t\t\t<\/div>\n\t\t<\/div>\n\t\t\t\t\t<\/div>\n\t\t<\/section>\n\t\t\t\t<\/div>\n\t\t <aside id=\"custom_html-66\" class=\"widget_text widget widget_custom_html amr_widget\"><div class=\"textwidget custom-html-widget\"><div>\r\n\t<br><br>\r\n<\/div>\r\n<!--EN-->\r\n <!--FR-->\r\n<!--IT-->\r\n<aside id=\"custom_html-77\" class=\"widget_text widget widget_custom_html amr_widget\"><div class=\"textwidget custom-html-widget\"><div><a href=\"https:\/\/member.booknstart.com\/trial-registration?lg=de&amp;referred_by=CTA&amp;office_id=3\" title=\"Book a Free Trial Lesson\" target=\"_blank\" rel=\"noopener\"><img alt=\"Book your free English trial lesson\" src='https:\/\/live-english.net\/wp-content\/uploads\/2023\/02\/CTA-probestunde.jpg'><\/a>\t\r\n<\/div><\/div><\/aside><!--DE-->\r\n <!--ES-->\r\n <!--HE-->\r\n <!--RU--><\/div><\/aside>","protected":false},"excerpt":{"rendered":"<p>Ein Online-Einstufungstest f\u00fcr das Englischniveau Beantworten Sie die vorangehenden Fragen und finden Sie in wenigen Klicks heraus, wie gut Ihr Englisch ist. Nachdem Sie die Fragen zu Grammatik und Wortschatz sowie die \u00dcbungen zum Leseverst\u00e4ndnis und zum H\u00f6rverstehen bearbeitet haben,<\/p>\n","protected":false},"author":1,"featured_media":10428,"parent":0,"menu_order":0,"comment_status":"closed","ping_status":"closed","template":"","meta":{"_monsterinsights_skip_tracking":false,"_monsterinsights_sitenote_active":false,"_monsterinsights_sitenote_note":"","_monsterinsights_sitenote_category":0,"footnotes":""},"class_list":["post-786","page","type-page","status-publish","hentry"],"_links":{"self":[{"href":"https:\/\/live-english.net\/de\/wp-json\/wp\/v2\/pages\/786","targetHints":{"allow":["GET"]}}],"collection":[{"href":"https:\/\/live-english.net\/de\/wp-json\/wp\/v2\/pages"}],"about":[{"href":"https:\/\/live-english.net\/de\/wp-json\/wp\/v2\/types\/page"}],"author":[{"embeddable":true,"href":"https:\/\/live-english.net\/de\/wp-json\/wp\/v2\/users\/1"}],"replies":[{"embeddable":true,"href":"https:\/\/live-english.net\/de\/wp-json\/wp\/v2\/comments?post=786"}],"version-history":[{"count":5,"href":"https:\/\/live-english.net\/de\/wp-json\/wp\/v2\/pages\/786\/revisions"}],"predecessor-version":[{"id":44189,"href":"https:\/\/live-english.net\/de\/wp-json\/wp\/v2\/pages\/786\/revisions\/44189"}],"wp:featuredmedia":[{"embeddable":true,"href":"https:\/\/live-english.net\/de\/wp-json\/wp\/v2\/media\/10428"}],"wp:attachment":[{"href":"https:\/\/live-english.net\/de\/wp-json\/wp\/v2\/media?parent=786"}],"curies":[{"name":"wp","href":"https:\/\/api.w.org\/{rel}","templated":true}]}}