{"id":9960,"date":"2020-03-08T13:44:01","date_gmt":"2020-03-08T13:44:01","guid":{"rendered":"https:\/\/live-english.net\/?page_id=9960"},"modified":"2023-07-14T10:34:57","modified_gmt":"2023-07-14T10:34:57","slug":"geschaeftsenglisch-kurs-vertrieb-marketing","status":"publish","type":"page","link":"https:\/\/live-english.net\/de\/online-englisch-kurse\/business-englisch-lernen-online\/geschaeftsenglisch-kurs-vertrieb-marketing\/","title":{"rendered":"Gesch\u00e4ftsenglisch-Kurs: Vertrieb und Marketing"},"content":{"rendered":"<h2>Warum einen Gesch\u00e4ftsenglisch-Kurs mit Schwerpunkt Vertrieb und Marketing belegen?<\/h2>\n<p>Fachleute aus den Bereichen Vertrieb und Marketing sehen sich h\u00e4ufig gezwungen, ihre Komfortzone zu verlassen, um Kurzpr\u00e4sentationen zu halten, an Besprechungen teilzunehmen, mit Kunden zu sprechen oder Produkte auf Englisch zu vermarkten. Wir bieten einen <strong>Online-Kurs f\u00fcr Gesch\u00e4ftsenglisch mit dem Schwerpunkt Vertrieb und Marketing,<\/strong> der ihnen in diesen Situationen helfen soll und ihr Selbstvertrauen erheblich steigern sowie ihre F\u00e4higkeit verbessern wird, unerwartete Aufgaben zu bew\u00e4ltigen.<\/p>\n<h2>Was ist im Englischkurs mit dem Schwerpunkt Vertrieb und Marketing enthalten?<\/h2>\n<p>Da sich dieser Bereich so stark weiterentwickelt hat und sich stetig \u00e4ndert, ist es unerl\u00e4sslich, dass Fachleute, die im Bereich Vertrieb und Marketing t\u00e4tig sind, mit der <strong>aktuellen Terminologie vertraut sind und \u00fcber bestimmte berufliche Themen sicher sprechen k\u00f6nnen<\/strong>. Das wird der Schwerpunkt dieses Kurses sein.<\/p>\n<p><strong>Interessiert an allgemeinem Gesch\u00e4ftsenglisch? Erfahren Sie mehr zu unserem <a title=\"Gesch\u00e4ftsenglisch-Kurs\" href=\"https:\/\/live-english.net\/de\/online-englisch-kurse\/business-englisch-lernen-online\/\">Gesch\u00e4ftsenglisch-Kurs<\/a>.<\/strong><\/p>\n<p>Dar\u00fcber hinaus wird im Vertriebs- und Marketingbereich weniger formelles Englisch als in anderen Gesch\u00e4ftsbereichen gesprochen. Daher wird der Schwerpunkt darauf gelegt, die Lernenden mit dem entsprechenden Wissen auszustatten, um bestimmte Redewendungen und umgangssprachliche Begriffe zu verstehen, die englischsprachige Kollegen m\u00f6glicherweise verwenden.<\/p>\n<h2>F\u00fcr wen ist der Englischkurs mit dem Schwerpunkt Vertrieb und Marketing gedacht?<\/h2>\n<p>F\u00fcr alle, die beruflich mit folgenden Bereichen zu tun haben:<\/p>\n<ul>\n<li>Verkauf (alle Arten)<\/li>\n<li>Marketing (alle Arten)<\/li>\n<li>Kundenservice\/-zufriedenheit<\/li>\n<li>Werbung<\/li>\n<li>\u00d6ffentlichkeitsarbeit (PR)<\/li>\n<li>Betreuung nach dem Verkauf (After-Sales-Service)<\/li>\n<li>Auslagerung<\/li>\n<li>Produkteinf\u00fchrungen<\/li>\n<li>Marktforschung<\/li>\n<\/ul>\n<p>Diesen Menschen wird dieser Kurs gro\u00dfe Vorteile bieten.<br \/>\nDie Lernwilligen, die sich f\u00fcr diesen Bereich interessieren, arbeiten normalerweise in den Bereichen Direktvertrieb, Einzelhandelsvertrieb, Marketing, Online-Marketing, Kundendienst oder PR.<\/p>\n<h2>Wie wird der Gesch\u00e4ftsenglisch-Kurs mit dem Schwerpunkt Vertrieb und Marketing abgehalten?<\/h2>\n<p>Wenn Sie sich f\u00fcr einen Englischkurs mit dem Schwerpunkt Vertrieb und Marketing entscheiden, erhalten Sie Zugriff auf unsere Lernbox mit einer Vielzahl von Ressourcen, die sich auf den Bereich Vertrieb und Marketing konzentrieren. Die Lehrer, die den Unterricht online \u00fcber Skype, Zoom oder Telefon abhalten, wurden aufgrund ihres Wissens und ihrer Berufserfahrung in diesem Bereich ausgew\u00e4hlt und werden zus\u00e4tzlich geschult, um Ihnen die beste Lernerfahrung zu bieten. Eine Unterrichtseinheit pro Woche ist ideal f\u00fcr diejenigen, die bereits \u00fcber gute Gesch\u00e4ftsenglischkenntnisse aus dem Bereich Vertrieb und Marketing verf\u00fcgen, und deren Ziel es haupts\u00e4chlich ist, ihr Kenntnisniveau beizubehalten. Wenn das Ziel darin besteht, die Kenntnisse zu verbessern, werden 2 bis 3 Gesch\u00e4ftsenglisch-Unterrichtseinheiten empfohlen. Es hat sich zudem bew\u00e4hrt, mit 2 Lehrern zu lernen, um sich nicht an einen bestimmten Akzent zu gew\u00f6hnen.<\/p>\n<h2>Englische Terminologie aus dem Bereich Vertrieb und Marketing<\/h2>\n<p><b>Customer satisfaction (oftmals abgek\u00fcrzt als CSAT bzw. CSat) <\/b>: Kundenzufriedenheit ist ein Begriff, der im Marketingbereich h\u00e4ufig verwendet wird. Es ist ein Leistungsindikator, der misst, inwieweit Produkte und Dienstleistungen eines Unternehmens die Erwartungen der Kunden erf\u00fcllen oder \u00fcbertreffen.<\/p>\n<p><b>Digital marketing <\/b>: Digitales Marketing ist per Definition \u201edie Vermarktung von Produkten oder Dienstleistungen mithilfe digitaler Technologien, haupts\u00e4chlich \u00fcber das Internet, aber auch \u00fcber Mobiltelefone, Display-Werbung und jedes andere digitale Medium.<\/p>\n<p><b>Direct marketing <\/b>: Direktmarketing ist eine Form der Werbung, bei der Unternehmen \u00fcber eine Vielzahl von Medien direkt mit Kunden kommunizieren. Zu diesen Medien z\u00e4hlen: SMS, E-Mail, Websites, Online-Werbung, Datenbankmarketing, Flyer, Katalogverteilung, Werbebriefe, auf eine bestimmte Zielgruppe abgestimmtes Fernsehen, Zeitungen und Zeitschriftenwerbung.<\/p>\n<p><b>Elevator pitch<\/b> ist eine kurze Beschreibung einer Idee, eines Produkts oder eines Unternehmens, die das Konzept so erkl\u00e4rt, dass jeder Zuh\u00f6rer es schnell verstehen kann.<\/p>\n<p><b>Marketing automation<\/b>: Marketing-Automatisierung bezeichnet eine Software zur Automatisierung von Marketingaktionen. Viele Marketingabteilungen m\u00fcssen sich wiederholende Aufgaben wie etwa den Versand von E-Mails, soziale Medien und andere Website-Aktionen automatisieren.<\/p>\n<p><b>Marketing KPIs (Key Performance Indicators = Leistungskennzahlen) <\/b> sind spezifische numerische Marketingindikatoren, die Unternehmen verfolgen, um ihren Fortschritt bei der Erreichung eines festgelegten Ziels innerhalb der Marketingkan\u00e4le zu messen.<\/p>\n<p>Die engagierten Muttersprachler, die f\u00fcr diesen Unterricht ausgew\u00e4hlt wurden, verf\u00fcgen \u00fcber Berufserfahrung in den Bereichen Gesch\u00e4ftsenglisch f\u00fcr Marketing, Gesch\u00e4ftsenglisch f\u00fcr den Vertrieb sowie Konversation in englischer Sprache mit spezieller Terminologie f\u00fcr Vertrieb und Marketing.<\/p>\n<p><strong>Der Gesch\u00e4ftsenglisch-Kurs mit dem Schwerpunkt Vertrieb und Marketing ist in den Formeln PRO und PREMIUM verf\u00fcgbar.<\/strong><\/p>\n<h2>Weitere Informationen:<\/h2>\n<ul>\n<li>Erkunden Sie unsere <a href=\"https:\/\/live-english.net\/prices\/\">Preise und Formeln<\/a> und melden Sie sich f\u00fcr den von Ihnen gew\u00fcnschten Kurs an, um mit der Schulung zu beginnen.<\/li>\n<li>M\u00f6chten Sie mehr dazu erfahren? Dann sehen Sie sich in unserem <a title=\"Blog-Bereich f\u00fcr Gesch\u00e4ftsenglisch\" href=\"https:\/\/live-english.net\/de\/category\/business-englisch\/\">Blog-Bereich f\u00fcr Gesch\u00e4ftsenglisch<\/a> um.<\/li>\n<\/ul>\n<p>&nbsp;<\/p>\n <aside id=\"custom_html-66\" class=\"widget_text widget widget_custom_html amr_widget\"><div class=\"textwidget custom-html-widget\"><div>\r\n\t<br><br>\r\n<\/div>\r\n<!--EN-->\r\n <!--FR-->\r\n<!--IT-->\r\n<aside id=\"custom_html-77\" class=\"widget_text widget widget_custom_html amr_widget\"><div class=\"textwidget custom-html-widget\"><div><a href=\"https:\/\/member.booknstart.com\/trial-registration?lg=de&amp;referred_by=CTA&amp;office_id=3\" title=\"Book a Free Trial Lesson\" target=\"_blank\" rel=\"noopener\"><img alt=\"Book your free English trial lesson\" src='https:\/\/live-english.net\/wp-content\/uploads\/2023\/02\/CTA-probestunde.jpg'><\/a>\t\r\n<\/div><\/div><\/aside><!--DE-->\r\n <!--ES-->\r\n <!--HE-->\r\n <!--RU--><\/div><\/aside>","protected":false},"excerpt":{"rendered":"<p>Warum einen Gesch\u00e4ftsenglisch-Kurs mit Schwerpunkt Vertrieb und Marketing belegen? Fachleute aus den Bereichen Vertrieb und Marketing sehen sich h\u00e4ufig gezwungen, ihre Komfortzone zu verlassen, um Kurzpr\u00e4sentationen zu halten, an Besprechungen teilzunehmen, mit Kunden zu sprechen oder Produkte auf Englisch zu<\/p>\n","protected":false},"author":1,"featured_media":31071,"parent":444,"menu_order":0,"comment_status":"closed","ping_status":"closed","template":"","meta":{"_monsterinsights_skip_tracking":false,"_monsterinsights_sitenote_active":false,"_monsterinsights_sitenote_note":"","_monsterinsights_sitenote_category":0,"footnotes":""},"class_list":["post-9960","page","type-page","status-publish","hentry"],"_links":{"self":[{"href":"https:\/\/live-english.net\/de\/wp-json\/wp\/v2\/pages\/9960","targetHints":{"allow":["GET"]}}],"collection":[{"href":"https:\/\/live-english.net\/de\/wp-json\/wp\/v2\/pages"}],"about":[{"href":"https:\/\/live-english.net\/de\/wp-json\/wp\/v2\/types\/page"}],"author":[{"embeddable":true,"href":"https:\/\/live-english.net\/de\/wp-json\/wp\/v2\/users\/1"}],"replies":[{"embeddable":true,"href":"https:\/\/live-english.net\/de\/wp-json\/wp\/v2\/comments?post=9960"}],"version-history":[{"count":3,"href":"https:\/\/live-english.net\/de\/wp-json\/wp\/v2\/pages\/9960\/revisions"}],"predecessor-version":[{"id":31087,"href":"https:\/\/live-english.net\/de\/wp-json\/wp\/v2\/pages\/9960\/revisions\/31087"}],"up":[{"embeddable":true,"href":"https:\/\/live-english.net\/de\/wp-json\/wp\/v2\/pages\/444"}],"wp:featuredmedia":[{"embeddable":true,"href":"https:\/\/live-english.net\/de\/wp-json\/wp\/v2\/media\/31071"}],"wp:attachment":[{"href":"https:\/\/live-english.net\/de\/wp-json\/wp\/v2\/media?parent=9960"}],"curies":[{"name":"wp","href":"https:\/\/api.w.org\/{rel}","templated":true}]}}