{"id":9963,"date":"2020-03-08T13:54:37","date_gmt":"2020-03-08T13:54:37","guid":{"rendered":"https:\/\/live-english.net\/?page_id=9963"},"modified":"2023-08-06T13:33:24","modified_gmt":"2023-08-06T13:33:24","slug":"amerikanischer-akzent","status":"publish","type":"page","link":"https:\/\/live-english.net\/de\/online-englisch-kurse\/englisch-konversationskurse\/amerikanischer-akzent\/","title":{"rendered":"Englisch-Konversationskurs: Amerikanischer Akzent"},"content":{"rendered":"<p>Es ist nicht einfach, den eigenen Akzent zu verbessern. Um mit einem amerikanischen Akzent zu sprechen, muss man sich diesem Akzent \u00fcber lokale Medien (Fernsehen, Radio, Zeitungen) ausreichend aussetzen und die Aussprache mit amerikanischen Einheimischen \u00fcben.<br \/>\nBei Live-English.net haben wir Englischlehrer aus vielen englischsprachigen L\u00e4ndern. Wenn Sie sich w\u00fcnschen, wie ein echter Amerikaner zu sprechen, ist dieser Kurs perfekt f\u00fcr Sie. Hier haben Sie die M\u00f6glichkeit, amerikanisches Englisch online sprechen und verstehen zu lernen, ohne sich in die USA begeben zu m\u00fcssen.<\/p>\n<h2>Was wird in dem Konversationskurs f\u00fcr amerikanisches Englisch geboten?<\/h2>\n<p>Dieser Kurs bietet Ihnen die M\u00f6glichkeit, ausschlie\u00dflich mit Lehrern aus den USA Englisch zu lernen. Das Ziel des Kurses ist es, sie vollst\u00e4ndig in die amerikanische Sprache eintauchen zu lassen, als w\u00e4ren Sie in Amerika. Der Kurs wird mit echten Lehrern online per Skype, Zoom oder Telefon abgehalten und hilft Ihnen dabei, Ihre Konversationsf\u00e4higkeiten in amerikanischem Englisch anzuwenden und zu verbessern.<br \/>\n<aside id=\"custom_html-81\" class=\"widget_text widget widget_custom_html amr_widget\"><div class=\"textwidget custom-html-widget\"><!--EN-->\r\n <!--FR-->\r\n<!--IT-->\r\n<aside id=\"custom_html-84\" class=\"widget_text widget widget_custom_html amr_widget\"><div class=\"textwidget custom-html-widget\"><a href=\"https:\/\/member.booknstart.com\/trial-registration?lg=de&amp;referred_by=sCTA&amp;office_id=3\" title=\"Book a Free Trial Lesson\" target=\"_blank\" rel=\"noopener\"><img decoding=\"async\" src=\"https:\/\/live-english.net\/wp-content\/uploads\/2023\/02\/sCTA-de.jpg\" alt=\"Book your Free English Trial lesson\" \/><\/a><\/div><\/aside><!--DE-->\r\n <!--ES-->\r\n <!--HE\r\n[do_widget id=custom_html-72] <!--RU-->\r\n<div>\r\n\t<br><br>\r\n<\/div><\/div><\/aside><\/p>\n<h2>Was wird in dem Konversationskurs f\u00fcr amerikanisches Englisch geboten?<\/h2>\n<p>Das Lernen mit amerikanischen Lehrern bietet Ihnen die M\u00f6glichkeit, verschiedenen F\u00e4higkeiten auszubauen:<\/p>\n<ul>\n<li>Sie werden daran arbeiten, Ihren amerikanischen Akzent und Ihre Aussprache zu verbessern.<\/li>\n<li>Sie werden Ausdr\u00fccke und Redewendungen lernen, die spezifisch f\u00fcr das amerikanische Englisch sind.<\/li>\n<li>Sie werden die amerikanische Kultur besser kennenlernen.<\/li>\n<li>Sie werden es leichter finden, Amerikaner zu verstehen.<\/li>\n<li>Sie werden mit amerikanischen Lehrern aus verschiedenen Staaten in Amerika sprechen und die Unterschiede zwischen den verschiedenen Dialekten Amerikas verstehen lernen.<\/li>\n<\/ul>\n<h2>F\u00fcr wen ist der Konversationskurs f\u00fcr amerikanisches Englisch bestimmt?<\/h2>\n<p>Der Konversationskurs f\u00fcr amerikanisches Englisch ist f\u00fcr alle \u2013 Studenten, Fachleute und Reisende \u2013bestimmt, die daran interessiert sind, ihre Englischkenntnisse in einem amerikanischen Umfeld zu verbessern. Viele, die diesen Kurs belegen, haben bereits einige Zeit in den USA verbracht oder planen, Amerika zu besuchen.<\/p>\n<h2>Wie l\u00e4uft der Unterricht in amerikanischem Englisch ab?<\/h2>\n<p>Wenn Sie sich f\u00fcr einen Unterricht in amerikanischem Englisch entscheiden, erhalten Sie Zugriff auf unsere Lernbox mit einer Vielzahl von Ressourcen, die sich auf US-Nachrichten konzentrieren. Die Lehrer, die den Unterricht online per Skype, Zoom oder Telefon anbieten, sind ausschlie\u00dflich Amerikaner aus verschiedenen US-Bundesstaaten. Eine Unterrichtseinheit pro Woche ist ideal f\u00fcr diejenigen, die bereits gute Kenntnisse der amerikanisch-englischen Sprache haben und deren Ziel es haupts\u00e4chlich ist, ihr Kenntnisniveau beizubehalten. Wenn das Ziel darin besteht, die Kenntnisse zu verbessern, werden 2 bis 3 Konversationsunterrichtseinheiten empfohlen. Es hat sich zudem bew\u00e4hrt, mit 2 Lehrern zu lernen, um sich nicht an einen bestimmten amerikanischen Akzent zu gew\u00f6hnen.<\/p>\n<h2>Amerikanisches Englisch lernen<\/h2>\n<p><iframe src=\"https:\/\/www.youtube.com\/embed\/Ogzs_IGY27w\" width=\"560\" height=\"315\" frameborder=\"0\" allowfullscreen=\"allowfullscreen\"><\/iframe><\/p>\n<h2>Amerikanisches order britisches Englisch?<\/h2>\n<p>Bitte beachten Sie, dass wir Unterrichtsm\u00f6glichkeiten sowohl f\u00fcr Personen anbieten, die daran interessiert sind, ihren <a title=\"britischen Akzent\" href=\"https:\/\/live-english.net\/english-courses\/spoken-english-course\/english-conversation-course-british-accent\/\">britischen Akzent<\/a> zu verbessern, als auch f\u00fcr diejenigen, die mit <a title=\"verschiedenen Akzenten\" href=\"https:\/\/live-english.net\/english-courses\/spoken-english-course\/english-conversation-course-british-accent\/\">verschiedenen Akzenten<\/a> arbeiten m\u00f6chten wie z. B. mit einem amerikanischen, britischen, australischen, s\u00fcdafrikanischer Akzent usw.<\/h2>\n<h2>Zum Weiterlesen:<\/h2>\n<ul>\n<li><a title=\" Verbessern Sie Ihren amerikanischen Akzent\" href=\"https:\/\/live-english.net\/improving-american-accent\/\"> Verbessern Sie Ihren amerikanischen Akzent <\/li>\n<li> <a title=\" Australian English Vs. American English \" href=\"https:\/\/live-english.net\/australian-english-vs-american-english\/\"> Australian English Vs. American English<\/li>\n<li><a title=\"Relocating to the USA \" href=\"https:\/\/live-english.net\/relocating-usa\/\">Relocating to the USA <\/a><\/li>\n<li><a title=\" Was ist das Silicon Valley? \" href=\"https:\/\/live-english.net\/what-is-silicon-valley\/\"> Was ist das Silicon Valley?<\/a> <\/li>\n<\/ul>\n<p><strong>M\u00f6chten Sie mehr \u00fcber unseren Konversationskurs f\u00fcr amerikanisches Englisch erfahren? Melden Sie sich jetzt f\u00fcr eine <a title=\"kostenlose Probestunde\" href=\"https:\/\/live-english.net\/free-trial\/\">kostenlose Probestunde<\/a> an und besprechen Sie Ihre Bed\u00fcrfnisse und Ziele mit einem unserer Lehrer.<\/strong><\/p>\n <aside id=\"custom_html-66\" class=\"widget_text widget widget_custom_html amr_widget\"><div class=\"textwidget custom-html-widget\"><div>\r\n\t<br><br>\r\n<\/div>\r\n<!--EN-->\r\n <!--FR-->\r\n<!--IT-->\r\n<aside id=\"custom_html-77\" class=\"widget_text widget widget_custom_html amr_widget\"><div class=\"textwidget custom-html-widget\"><div><a href=\"https:\/\/member.booknstart.com\/trial-registration?lg=de&amp;referred_by=CTA&amp;office_id=3\" title=\"Book a Free Trial Lesson\" target=\"_blank\" rel=\"noopener\"><img alt=\"Book your free English trial lesson\" src='https:\/\/live-english.net\/wp-content\/uploads\/2023\/02\/CTA-probestunde.jpg'><\/a>\t\r\n<\/div><\/div><\/aside><!--DE-->\r\n <!--ES-->\r\n <!--HE-->\r\n <!--RU--><\/div><\/aside>","protected":false},"excerpt":{"rendered":"<p>Es ist nicht einfach, den eigenen Akzent zu verbessern. Um mit einem amerikanischen Akzent zu sprechen, muss man sich diesem Akzent \u00fcber lokale Medien (Fernsehen, Radio, Zeitungen) ausreichend aussetzen und die Aussprache mit amerikanischen Einheimischen \u00fcben. Bei Live-English.net haben wir<\/p>\n","protected":false},"author":1,"featured_media":28723,"parent":453,"menu_order":0,"comment_status":"closed","ping_status":"closed","template":"","meta":{"_monsterinsights_skip_tracking":false,"_monsterinsights_sitenote_active":false,"_monsterinsights_sitenote_note":"","_monsterinsights_sitenote_category":0,"footnotes":""},"class_list":["post-9963","page","type-page","status-publish","hentry"],"_links":{"self":[{"href":"https:\/\/live-english.net\/de\/wp-json\/wp\/v2\/pages\/9963","targetHints":{"allow":["GET"]}}],"collection":[{"href":"https:\/\/live-english.net\/de\/wp-json\/wp\/v2\/pages"}],"about":[{"href":"https:\/\/live-english.net\/de\/wp-json\/wp\/v2\/types\/page"}],"author":[{"embeddable":true,"href":"https:\/\/live-english.net\/de\/wp-json\/wp\/v2\/users\/1"}],"replies":[{"embeddable":true,"href":"https:\/\/live-english.net\/de\/wp-json\/wp\/v2\/comments?post=9963"}],"version-history":[{"count":9,"href":"https:\/\/live-english.net\/de\/wp-json\/wp\/v2\/pages\/9963\/revisions"}],"predecessor-version":[{"id":32277,"href":"https:\/\/live-english.net\/de\/wp-json\/wp\/v2\/pages\/9963\/revisions\/32277"}],"up":[{"embeddable":true,"href":"https:\/\/live-english.net\/de\/wp-json\/wp\/v2\/pages\/453"}],"wp:featuredmedia":[{"embeddable":true,"href":"https:\/\/live-english.net\/de\/wp-json\/wp\/v2\/media\/28723"}],"wp:attachment":[{"href":"https:\/\/live-english.net\/de\/wp-json\/wp\/v2\/media?parent=9963"}],"curies":[{"name":"wp","href":"https:\/\/api.w.org\/{rel}","templated":true}]}}