{"id":9976,"date":"2020-03-08T16:40:09","date_gmt":"2020-03-08T16:40:09","guid":{"rendered":"https:\/\/live-english.net\/?page_id=9976"},"modified":"2023-03-19T12:56:57","modified_gmt":"2023-03-19T12:56:57","slug":"live-english-club-gruppenunterricht-englisch","status":"publish","type":"page","link":"https:\/\/live-english.net\/de\/virtuelle-sprachschule\/live-english-club-gruppenunterricht-englisch\/","title":{"rendered":"Live-English Club: F\u00fcgen Sie Ihrem Programm Gruppenunterricht in Englisch hinzu"},"content":{"rendered":"<p>Der Live-English Club bietet unseren Lernenden eine <strong>einzigartige M\u00f6glichkeit, um Ihre Englischkenntnisse in einer Gruppe anzuwenden,<\/strong> die von einem unserer Muttersprachler geleitet wird.<\/p>\n<h2>Online Gruppenunterricht in Englisch<\/h2>\n<p>Die Live-Club-Treffen finden w\u00f6chentlich auf <strong>Zoom<\/strong> statt, und zwar jeden <strong>Mittwoch um 20 Uhr<\/strong> (MEZ \u2013 mitteleurop\u00e4ische Zeit) und konzentrieren sich auf die grundlegenden Aspekte von <strong>Konversation, Grammatik und Gesch\u00e4ftsenglisch.<\/strong><\/p>\n<p><iframe title=\"YouTube video player\" src=\"https:\/\/www.youtube.com\/embed\/ZGwiav7pXgE\" width=\"560\" height=\"315\" frameborder=\"0\" allowfullscreen=\"allowfullscreen\"><\/iframe><\/p>\n<p>Alle <strong>Unterrichtsmaterialien werden vom Lehrer bereitgestellt,<\/strong> so etwa Vokabellisten f\u00fcr den Konversationsunterricht, Merkzettel zu Grammatikthemen oder Vorlesungen zu bestimmten Gesch\u00e4ftsthemen.<\/p>\n<p>Neben dem Einzelunterricht ist es f\u00fcr Sie eine Gelegenheit, wichtige Aspekte der englischen Sprache zu erkunden, die Konversation zu \u00fcben und nat\u00fcrlich Ihren Horizont zu erweitern, indem Sie sich mit Menschen aus der ganzen Welt austauschen.<\/p>\n<aside id=\"custom_html-81\" class=\"widget_text widget widget_custom_html amr_widget\"><div class=\"textwidget custom-html-widget\"><!--EN-->\r\n <!--FR-->\r\n<!--IT-->\r\n<aside id=\"custom_html-84\" class=\"widget_text widget widget_custom_html amr_widget\"><div class=\"textwidget custom-html-widget\"><a href=\"https:\/\/member.booknstart.com\/trial-registration?lg=de&amp;referred_by=sCTA&amp;office_id=3\" title=\"Book a Free Trial Lesson\" target=\"_blank\" rel=\"noopener\"><img decoding=\"async\" src=\"https:\/\/live-english.net\/wp-content\/uploads\/2023\/02\/sCTA-de.jpg\" alt=\"Book your Free English Trial lesson\" \/><\/a><\/div><\/aside><!--DE-->\r\n <!--ES-->\r\n <!--HE\r\n[do_widget id=custom_html-72] <!--RU-->\r\n<div>\r\n\t<br><br>\r\n<\/div><\/div><\/aside>\n<hr \/>\n<p style=\"text-align: center;\"><strong>Die Clubmitgliedschaft steht allen aktiven Studenten von Live-English.net offen und ist Teil aller von uns angebotenen Kurse.<\/strong><\/p>\n<p>Wir empfehlen allen unseren Lernenden w\u00e4rmstens, an den Clubtreffen teilzunehmen und in diesen Gruppenklassen Englisch zu lernen. Es ist eine auf einzigartige Weise unterst\u00fctzende Umgebung, die es Ihnen erm\u00f6glicht, <strong>Englisch zu \u00fcben, bestimmte Grammatikaspekte zu erlernen oder zu st\u00e4rken, sich neues Gesch\u00e4ftsenglisch-Vokabular anzueignen<\/strong> und frei mit Ihren Kollegen und Lehrern auf <strong>Englisch zu interagieren<\/strong> sowie Wissen, Ansichten und Ideen auszutauschen und gemeinsam besser zu werden.<\/p>\n<p>Sollten Sie es einmal nicht schaffen, am Unterricht teilzunehmen, erhalten Sie Zugriff auf eine <strong>Aufzeichnung <\/strong>der verpassten Unterrichtseinheit, wenn Sie ein <strong>Premium-Lernender<\/strong> sind.<\/p>\n<p><strong>M\u00f6chten Sie eine Unterrichtseinheit kostenlos ausprobieren? Wir w\u00fcrden uns freuen, Sie zu unseren Lernenden z\u00e4hlen zu d\u00fcrfen. <a href=\"https:\/\/live-english.net\/contact-us\/\">Kontaktieren Sie uns<\/a>  und wir holen Sie dazu!<\/strong><\/p>\n<p><iframe width=\"560\" height=\"315\" src=\"https:\/\/www.youtube.com\/embed\/mI6Hp5wCU9k\" frameborder=\"0\" allow=\"accelerometer; autoplay; encrypted-media; gyroscope; picture-in-picture\" allowfullscreen><\/iframe><\/p>\n <aside id=\"custom_html-66\" class=\"widget_text widget widget_custom_html amr_widget\"><div class=\"textwidget custom-html-widget\"><div>\r\n\t<br><br>\r\n<\/div>\r\n<!--EN-->\r\n <!--FR-->\r\n<!--IT-->\r\n<aside id=\"custom_html-77\" class=\"widget_text widget widget_custom_html amr_widget\"><div class=\"textwidget custom-html-widget\"><div><a href=\"https:\/\/member.booknstart.com\/trial-registration?lg=de&amp;referred_by=CTA&amp;office_id=3\" title=\"Book a Free Trial Lesson\" target=\"_blank\" rel=\"noopener\"><img alt=\"Book your free English trial lesson\" src='https:\/\/live-english.net\/wp-content\/uploads\/2023\/02\/CTA-probestunde.jpg'><\/a>\t\r\n<\/div><\/div><\/aside><!--DE-->\r\n <!--ES-->\r\n <!--HE-->\r\n <!--RU--><\/div><\/aside>","protected":false},"excerpt":{"rendered":"<p>Der Live-English Club bietet unseren Lernenden eine einzigartige M\u00f6glichkeit, um Ihre Englischkenntnisse in einer Gruppe anzuwenden, die von einem unserer Muttersprachler geleitet wird. Online Gruppenunterricht in Englisch Die Live-Club-Treffen finden w\u00f6chentlich auf Zoom statt, und zwar jeden Mittwoch um 20<\/p>\n","protected":false},"author":1,"featured_media":25160,"parent":459,"menu_order":1,"comment_status":"closed","ping_status":"closed","template":"","meta":{"_monsterinsights_skip_tracking":false,"_monsterinsights_sitenote_active":false,"_monsterinsights_sitenote_note":"","_monsterinsights_sitenote_category":0,"footnotes":""},"class_list":["post-9976","page","type-page","status-publish","hentry"],"_links":{"self":[{"href":"https:\/\/live-english.net\/de\/wp-json\/wp\/v2\/pages\/9976","targetHints":{"allow":["GET"]}}],"collection":[{"href":"https:\/\/live-english.net\/de\/wp-json\/wp\/v2\/pages"}],"about":[{"href":"https:\/\/live-english.net\/de\/wp-json\/wp\/v2\/types\/page"}],"author":[{"embeddable":true,"href":"https:\/\/live-english.net\/de\/wp-json\/wp\/v2\/users\/1"}],"replies":[{"embeddable":true,"href":"https:\/\/live-english.net\/de\/wp-json\/wp\/v2\/comments?post=9976"}],"version-history":[{"count":2,"href":"https:\/\/live-english.net\/de\/wp-json\/wp\/v2\/pages\/9976\/revisions"}],"predecessor-version":[{"id":25171,"href":"https:\/\/live-english.net\/de\/wp-json\/wp\/v2\/pages\/9976\/revisions\/25171"}],"up":[{"embeddable":true,"href":"https:\/\/live-english.net\/de\/wp-json\/wp\/v2\/pages\/459"}],"wp:featuredmedia":[{"embeddable":true,"href":"https:\/\/live-english.net\/de\/wp-json\/wp\/v2\/media\/25160"}],"wp:attachment":[{"href":"https:\/\/live-english.net\/de\/wp-json\/wp\/v2\/media?parent=9976"}],"curies":[{"name":"wp","href":"https:\/\/api.w.org\/{rel}","templated":true}]}}