{"id":9980,"date":"2020-03-08T16:49:45","date_gmt":"2020-03-08T16:49:45","guid":{"rendered":"https:\/\/live-english.net\/?page_id=9980"},"modified":"2025-11-29T13:19:29","modified_gmt":"2025-11-29T13:19:29","slug":"geschaeftsenglisch-kurs-finanz-rechnungswesen","status":"publish","type":"page","link":"https:\/\/live-english.net\/de\/online-englisch-kurse\/business-englisch-lernen-online\/geschaeftsenglisch-kurs-finanz-rechnungswesen\/","title":{"rendered":"Gesch\u00e4ftsenglisch-Kurs: Finanz- und Rechnungswesen"},"content":{"rendered":"<p>Leistungsstarke Gesch\u00e4ftsleute ben\u00f6tigen immer mehr F\u00e4higkeiten, um sich in ihrem Job auf Englisch verst\u00e4ndigen zu k\u00f6nnen. Das ist heutzutage eine Voraussetzung f\u00fcr viele Jobs im Bereich des Finanz- und Rechnungswesens.<\/p>\n<p>Wenn Sie in der Lage sein m\u00f6chten, mit Kollegen, Kunden oder Gesch\u00e4ftspartnern \u00fcber Finanzthemen auf Englisch zu sprechen, ist dieser Kurs genau das Richtige f\u00fcr Sie.<\/p>\n<p>Sie lernen mit muttersprachlichen Englischlehrern, die \u00fcber viel Wissen auf diesem Gebiet sowie Berufserfahrung im Bereich Finanz- oder Rechnungswesen verf\u00fcgen.<br \/>\n<aside id=\"custom_html-81\" class=\"widget_text widget widget_custom_html amr_widget\"><div class=\"textwidget custom-html-widget\"><!--EN-->\r\n <!--FR-->\r\n<!--IT-->\r\n<aside id=\"custom_html-84\" class=\"widget_text widget widget_custom_html amr_widget\"><div class=\"textwidget custom-html-widget\"><a href=\"https:\/\/member.booknstart.com\/trial-registration?lg=de&amp;referred_by=sCTA&amp;office_id=3\" title=\"Book a Free Trial Lesson\" target=\"_blank\" rel=\"noopener\"><img decoding=\"async\" src=\"https:\/\/live-english.net\/wp-content\/uploads\/2023\/02\/sCTA-de.jpg\" alt=\"Book your Free English Trial lesson\" \/><\/a><\/div><\/aside><!--DE-->\r\n <!--ES-->\r\n <!--HE\r\n[do_widget id=custom_html-72] <!--RU-->\r\n<div>\r\n\t<br><br>\r\n<\/div><\/div><\/aside><\/p>\n<h2>Warum sollten Sie Ihre Kenntnisse im Bereich Gesch\u00e4ftsenglisch f\u00fcr Finanz- und Rechnungswesen vertiefen?<\/h2>\n<p>In den Bereichen Finanz- und Rechnungswesen besteht ein erh\u00f6hter Bedarf an flie\u00dfenden Englischkenntnissen. Manager und Mitarbeiter geraten oftmals in Situationen, in denen Englisch erforderlich ist: Sie m\u00fcssen an Besprechungen und Konferenzen in englischer Sprache teilnehmen, E-Mails oder Berichte auf Englisch schreiben und t\u00e4glich mit Kollegen auf Englisch interagieren.<\/p>\n<h2>Was wird im Englischkurs f\u00fcr Finanz- und Rechnungswesen geboten?<\/h2>\n<p>Im Rahmen des Gesch\u00e4ftsenglisch-Kurses mit dem Schwerpunkt Finanz- und Rechnungswesen k\u00f6nnen Sie Ihr Bank- oder Finanzvokabular erweitern, damit Sie in Ihrem Beruf wettbewerbsf\u00e4hig sein und Erfolg haben k\u00f6nnen. Sowohl britische als auch amerikanische Finanzbegriffe werden in den Unterricht einbezogen. Sie werden es leichter finden, die umgangssprachlichen Ausdr\u00fccke Ihrer Kollegen und Kunden zu verstehen, insbesondere Redewendungen.<\/p>\n<h2>F\u00fcr wen ist der Englischkurs mit dem Schwerpunkt Finanz- und Rechnungswesen gedacht?<\/h2>\n<p>Unser Gesch\u00e4ftsenglisch-Kurs mit dem Schwerpunkt Finanz- und Rechnungswesen richtet sich an alle, die aus beruflichen Gr\u00fcnden ihre Englischkenntnisse verbessern m\u00fcssen oder sich f\u00fcr die Bereiche Bankwesen, B\u00f6rse, Finanzen, Rechnungswesen oder Versicherungen interessieren. Diese Branchen sind sehr wettbewerbsf\u00e4hig und heutzutage ist es f\u00fcr Mitarbeiter wichtig, auf Englisch kommunizieren zu k\u00f6nnen, um auf dem globalen Markt erfolgreich zu sein.<\/p>\n<h2>Wie wird der Gesch\u00e4ftsenglisch-Kurs mit dem Schwerpunkt Finanz- und Rechnungswesen abgehalten?<\/h2>\n<p>Wenn Sie sich f\u00fcr einen Englischkurs mit dem Schwerpunkt Finanz- und Rechnungswesen entscheiden, erhalten Sie Zugriff auf unsere Lernbox mit einer Vielzahl von Ressourcen, die sich auf den Bereich Finanz- und Rechnungswesen konzentrieren. Die Lehrer, die den Unterricht online \u00fcber Zoom, Google Meet oder Telefon abhalten, wurden aufgrund ihres Wissens und ihrer Berufserfahrung in diesem Bereich ausgew\u00e4hlt und werden zus\u00e4tzlich geschult, um Ihnen die beste Lernerfahrung zu bieten. Eine Unterrichtseinheit pro Woche ist ideal f\u00fcr diejenigen, die bereits \u00fcber gute Kenntnisse in Gesch\u00e4ftsenglisch aus dem Bereich Finanz- und Rechnungswesen verf\u00fcgen, und deren Ziel es haupts\u00e4chlich ist, ihr Kenntnisniveau beizubehalten. Wenn das Ziel darin besteht, die Kenntnisse zu verbessern, werden 2 bis 3 Gesch\u00e4ftsenglisch-Unterrichtseinheiten empfohlen. Es hat sich zudem bew\u00e4hrt, mit 2 Lehrern zu lernen, um sich nicht an einen bestimmten Akzent zu gew\u00f6hnen.<\/p>\n<p>Bitte beachten Sie, dass wir auch Unterrichtsm\u00f6glichkeiten f\u00fcr Personen anbieten, die sich f\u00fcr andere Fachgebiete aus dem Bereich <a title=\"Gesch\u00e4ftsenglisch\" href=\"https:\/\/live-english.net\/english-courses\/business-english-course\/\">Gesch\u00e4ftsenglisch<\/a> interessieren.<\/p>\n<p>M\u00f6chten Sie mehr \u00fcber unseren Kurs f\u00fcr Gesch\u00e4ftsenglisch mit dem Schwerpunkt Finanz- und Rechnungswesen erfahren? <a title=\"Melden Sie sich jetzt f\u00fcr eine kostenlose Probestunde an\" href=\"https:\/\/live-english.net\/free-trial\/\">Melden Sie sich jetzt f\u00fcr eine kostenlose Probestunde an<\/a> und besprechen Sie Ihre Bed\u00fcrfnisse und Ziele mit einem unserer Lehrer.<\/p>\n <aside id=\"custom_html-66\" class=\"widget_text widget widget_custom_html amr_widget\"><div class=\"textwidget custom-html-widget\"><div>\r\n\t<br><br>\r\n<\/div>\r\n<!--EN-->\r\n <!--FR-->\r\n<!--IT-->\r\n<aside id=\"custom_html-77\" class=\"widget_text widget widget_custom_html amr_widget\"><div class=\"textwidget custom-html-widget\"><div><a href=\"https:\/\/member.booknstart.com\/trial-registration?lg=de&amp;referred_by=CTA&amp;office_id=3\" title=\"Book a Free Trial Lesson\" target=\"_blank\" rel=\"noopener\"><img alt=\"Book your free English trial lesson\" src='https:\/\/live-english.net\/wp-content\/uploads\/2023\/02\/CTA-probestunde.jpg'><\/a>\t\r\n<\/div><\/div><\/aside><!--DE-->\r\n <!--ES-->\r\n <!--HE-->\r\n <!--RU--><\/div><\/aside>","protected":false},"excerpt":{"rendered":"<p>Leistungsstarke Gesch\u00e4ftsleute ben\u00f6tigen immer mehr F\u00e4higkeiten, um sich in ihrem Job auf Englisch verst\u00e4ndigen zu k\u00f6nnen. Das ist heutzutage eine Voraussetzung f\u00fcr viele Jobs im Bereich des Finanz- und Rechnungswesens. Wenn Sie in der Lage sein m\u00f6chten, mit Kollegen, Kunden<\/p>\n","protected":false},"author":1,"featured_media":29199,"parent":444,"menu_order":0,"comment_status":"closed","ping_status":"closed","template":"","meta":{"_monsterinsights_skip_tracking":false,"_monsterinsights_sitenote_active":false,"_monsterinsights_sitenote_note":"","_monsterinsights_sitenote_category":0,"footnotes":""},"class_list":["post-9980","page","type-page","status-publish","hentry"],"_links":{"self":[{"href":"https:\/\/live-english.net\/de\/wp-json\/wp\/v2\/pages\/9980","targetHints":{"allow":["GET"]}}],"collection":[{"href":"https:\/\/live-english.net\/de\/wp-json\/wp\/v2\/pages"}],"about":[{"href":"https:\/\/live-english.net\/de\/wp-json\/wp\/v2\/types\/page"}],"author":[{"embeddable":true,"href":"https:\/\/live-english.net\/de\/wp-json\/wp\/v2\/users\/1"}],"replies":[{"embeddable":true,"href":"https:\/\/live-english.net\/de\/wp-json\/wp\/v2\/comments?post=9980"}],"version-history":[{"count":4,"href":"https:\/\/live-english.net\/de\/wp-json\/wp\/v2\/pages\/9980\/revisions"}],"predecessor-version":[{"id":43941,"href":"https:\/\/live-english.net\/de\/wp-json\/wp\/v2\/pages\/9980\/revisions\/43941"}],"up":[{"embeddable":true,"href":"https:\/\/live-english.net\/de\/wp-json\/wp\/v2\/pages\/444"}],"wp:featuredmedia":[{"embeddable":true,"href":"https:\/\/live-english.net\/de\/wp-json\/wp\/v2\/media\/29199"}],"wp:attachment":[{"href":"https:\/\/live-english.net\/de\/wp-json\/wp\/v2\/media?parent=9980"}],"curies":[{"name":"wp","href":"https:\/\/api.w.org\/{rel}","templated":true}]}}