{"id":10114,"date":"2020-04-10T08:46:30","date_gmt":"2020-04-10T08:46:30","guid":{"rendered":"https:\/\/live-english.net\/?page_id=10114"},"modified":"2023-03-19T12:58:34","modified_gmt":"2023-03-19T12:58:34","slug":"club-lecciones-ingles-grupo","status":"publish","type":"page","link":"https:\/\/live-english.net\/es\/escuela-idiomas-virtual\/club-lecciones-ingles-grupo\/","title":{"rendered":"El club Live-English: a\u00f1ada lecciones en ingl\u00e9s en grupo a su rutina"},"content":{"rendered":"<p>El club Live-English ofrece a nuestros estudiantes <strong>una experiencia \u00fanica para practicar su ingl\u00e9s en el entorno de un grupo<\/strong>, guiada por uno de nuestros <strong>profesores de ingl\u00e9s nativo<\/strong>.<\/p>\n<p>Las reuniones en directo del club tienen lugar en <strong>Zoom<\/strong> semanalmente, cada <strong>mi\u00e9rcoles a las 8 p. m.<\/strong> (CET \u2013 horario de Europa central) y se enfocan en los aspectos fundamentales de la <strong>conversaci\u00f3n, la gram\u00e1tica y el ingl\u00e9s para los negocios<\/strong>.<\/p>\n<p><iframe title=\"YouTube video player\" src=\"https:\/\/www.youtube.com\/embed\/ZGwiav7pXgE\" width=\"560\" height=\"315\" frameborder=\"0\" allowfullscreen=\"allowfullscreen\"><\/iframe><\/p>\n<p>Los <strong>materiales de todas las sesiones los proporcionan<\/strong> los profesores, ya sea una lista de vocabulario para las sesiones de conversaci\u00f3n, una hoja de trucos sobre temas de gram\u00e1tica o una conferencia sobre un tema de negocios.<\/p>\n<aside id=\"custom_html-81\" class=\"widget_text widget widget_custom_html amr_widget\"><div class=\"textwidget custom-html-widget\"><!--EN-->\r\n <!--FR-->\r\n<!--IT-->\r\n<!--DE-->\r\n<aside id=\"custom_html-85\" class=\"widget_text widget widget_custom_html amr_widget\"><div class=\"textwidget custom-html-widget\"><a href=\"https:\/\/member.booknstart.com\/trial-registration?lg=es&amp;referred_by=sCTA&amp;office_id=3\" title=\"Book a Free Trial Lesson\" target=\"_blank\" rel=\"noopener\"><img decoding=\"async\" src=\"https:\/\/live-english.net\/wp-content\/uploads\/2023\/02\/sCTA-es.jpg\" alt=\"Book your Free English Trial lesson\" \/><\/a><\/div><\/aside> <!--ES-->\r\n <!--HE\r\n[do_widget id=custom_html-72] <!--RU-->\r\n<div>\r\n\t<br><br>\r\n<\/div><\/div><\/aside>\n<p>Es una oportunidad para explorar aspectos importantes de la lengua inglesa, para practicar la conversaci\u00f3n y, por supuesto, ampliar sus horizontes mediante el intercambio de ideas con personas de todo el mundo, aparte de las lecciones individuales.<\/p>\n<hr>\n<p style=\"text-align: center;\"><strong>La membres\u00eda del club est\u00e1 abierta a todos los estudiantes activos de Live-English.net y forma parte de todos los cursos que ofrecemos.<\/strong><\/p>\n<\/hr>\n<p>Recomendamos encarecidamente a todos nuestros estudiantes que participen en las reuniones del club y que aprendan ingl\u00e9s en estas clases grupales. Es un ambiente con un apoyo \u00fanico, que nos permite <strong>practicar el ingl\u00e9s<\/strong>, para aprender o <strong>fortalecer los aspectos flojos de la gram\u00e1tica, aprender el vocabulario del ingl\u00e9s para los negocios e interactuar<\/strong> libremente <strong>en ingl\u00e9s<\/strong> con sus compa\u00f1eros y profesores, intercambiar el conocimiento, los puntos de vista, las ideas y avanzar juntos.<\/p>\n<p>Si no puede llegar a la sesi\u00f3n, habr\u00e1 una <strong>grabaci\u00f3n disponible para los estudiantes Premium<\/strong>.<\/p>\n<p><strong>\u00bfQuiere probar una sesi\u00f3n gratuita?<br \/>\nNos encantar\u00eda que se uniera a nosotros.<\/p>\n<p><a href=\"https:\/\/live-english.net\/contact-us\/\">\u00a1Cont\u00e1ctenos y le introduciremos!<\/a><\/strong><\/p>\n<p><iframe width=\"560\" height=\"315\" src=\"https:\/\/www.youtube.com\/embed\/mI6Hp5wCU9k\" frameborder=\"0\" allow=\"accelerometer; autoplay; encrypted-media; gyroscope; picture-in-picture\" allowfullscreen><\/iframe><\/p>\n <aside id=\"custom_html-66\" class=\"widget_text widget widget_custom_html amr_widget\"><div class=\"textwidget custom-html-widget\"><div>\r\n\t<br><br>\r\n<\/div>\r\n<!--EN-->\r\n <!--FR-->\r\n<!--IT-->\r\n<!--DE-->\r\n<aside id=\"custom_html-78\" class=\"widget_text widget widget_custom_html amr_widget\"><div class=\"textwidget custom-html-widget\"><div><a href=\"https:\/\/member.booknstart.com\/trial-registration?lg=es&amp;referred_by=CTA&amp;office_id=3\" title=\"Book a Free Trial Lesson\" target=\"_blank\" rel=\"noopener\"><img alt=\"Book your free English trial lesson\" src='https:\/\/live-english.net\/wp-content\/uploads\/2023\/02\/CTA-prueba.jpg'><\/a>\t\r\n<\/div><\/div><\/aside> <!--ES-->\r\n <!--HE-->\r\n <!--RU--><\/div><\/aside>","protected":false},"excerpt":{"rendered":"<p>El club Live-English ofrece a nuestros estudiantes una experiencia \u00fanica para practicar su ingl\u00e9s en el entorno de un grupo, guiada por uno de nuestros profesores de ingl\u00e9s nativo. Las reuniones en directo del club tienen lugar en Zoom semanalmente,<\/p>\n","protected":false},"author":1,"featured_media":25165,"parent":574,"menu_order":1,"comment_status":"closed","ping_status":"closed","template":"","meta":{"_monsterinsights_skip_tracking":false,"_monsterinsights_sitenote_active":false,"_monsterinsights_sitenote_note":"","_monsterinsights_sitenote_category":0,"footnotes":""},"class_list":["post-10114","page","type-page","status-publish","hentry"],"_links":{"self":[{"href":"https:\/\/live-english.net\/es\/wp-json\/wp\/v2\/pages\/10114","targetHints":{"allow":["GET"]}}],"collection":[{"href":"https:\/\/live-english.net\/es\/wp-json\/wp\/v2\/pages"}],"about":[{"href":"https:\/\/live-english.net\/es\/wp-json\/wp\/v2\/types\/page"}],"author":[{"embeddable":true,"href":"https:\/\/live-english.net\/es\/wp-json\/wp\/v2\/users\/1"}],"replies":[{"embeddable":true,"href":"https:\/\/live-english.net\/es\/wp-json\/wp\/v2\/comments?post=10114"}],"version-history":[{"count":1,"href":"https:\/\/live-english.net\/es\/wp-json\/wp\/v2\/pages\/10114\/revisions"}],"predecessor-version":[{"id":25172,"href":"https:\/\/live-english.net\/es\/wp-json\/wp\/v2\/pages\/10114\/revisions\/25172"}],"up":[{"embeddable":true,"href":"https:\/\/live-english.net\/es\/wp-json\/wp\/v2\/pages\/574"}],"wp:featuredmedia":[{"embeddable":true,"href":"https:\/\/live-english.net\/es\/wp-json\/wp\/v2\/media\/25165"}],"wp:attachment":[{"href":"https:\/\/live-english.net\/es\/wp-json\/wp\/v2\/media?parent=10114"}],"curies":[{"name":"wp","href":"https:\/\/api.w.org\/{rel}","templated":true}]}}