{"id":10119,"date":"2020-04-10T09:08:57","date_gmt":"2020-04-10T09:08:57","guid":{"rendered":"https:\/\/live-english.net\/?page_id=10119"},"modified":"2023-07-16T05:47:58","modified_gmt":"2023-07-16T05:47:58","slug":"curso-ingles-ventas-marketing","status":"publish","type":"page","link":"https:\/\/live-english.net\/es\/cursos-ingles-online\/clases-ingles-negocios\/curso-ingles-ventas-marketing\/","title":{"rendered":"Curso de Ingl\u00e9s para los Negocios: ventas y marketing"},"content":{"rendered":"<h2>\u00bfPor qu\u00e9 estudiar un curso de Ingl\u00e9s para los Negocios centrado en las ventas y el marketing?<\/h2>\n<p>Los profesionales con una experiencia en ventas y marketing a menudo se ven forzados a dejar su zona de confort y tienen que hacer lanzamientos, asistir a reuniones, hablar con los clientes o comercializar productos en ingl\u00e9s. Un <strong>curso en l\u00ednea del Ingl\u00e9s para los Negocios en Ventas y Marketing<\/strong> dirigido a ayudarles en estas situaciones, mejorar\u00e1 grandemente su confianza e incrementar\u00e1 su capacidad de tratar con las tareas inesperadas.<\/p>\n<h2>\u00bfQu\u00e9 incluye en curso de Ingl\u00e9s en Ventas y Marketing?<\/h2>\n<p>Debido a que este campo ha evolucionado tanto y cambia todo el tiempo, es imperativo que los profesionales que trabajan en el campo de las ventas y el marketing est\u00e9n familiarizados con <strong>la terminolog\u00eda actual y se sientan c\u00f3modos hablando de temas profesionales espec\u00edficos<\/strong>. Este ser\u00e1 el enfoque de este curso.<\/p>\n<p><strong>\u00bfLe interesa en general el ingl\u00e9s para los negocios? Eche un vistazo a nuestro <a href=\"https:\/\/live-english.net\/english-courses\/business-english-course\/general-business-english\/\">curso de Ingl\u00e9s para los Negocios<\/a>.<\/strong><\/p>\n<p>Adem\u00e1s, el campo de las ventas y el marketing utilizan un ingl\u00e9s menos formal que otros sectores de los negocios, as\u00ed que el \u00e9nfasis se pondr\u00e1 en que los estudiantes est\u00e9n mejor equipados para entender los modismos y el lenguaje coloquial que puedan usar los colegas de habla inglesa.<\/p>\n<h2>\u00bfPara qui\u00e9n es el curso de Ingl\u00e9s en Ventas y Marketing?<\/h2>\n<p>Cualquiera que est\u00e9 involucrado profesionalmente en:<\/p>\n<ul>\n<li>Las ventas (todas las formas)<\/li>\n<li>El marketing (todas las formas)<\/li>\n<li>La atenci\u00f3n\/satisfacci\u00f3n del cliente<\/li>\n<li>La publicidad<\/li>\n<li>Las relaciones p\u00fablicas<\/li>\n<li>El servicio postventa<\/li>\n<li>La subcontrataci\u00f3n<\/li>\n<li>El lanzamiento de productos<\/li>\n<li>El estudio del mercado<\/li>\n<\/ul>\n<p>encontrar\u00e1 grandes beneficios con este curso.<\/p>\n<p>Los estudiantes que est\u00e1n interesados en este temario trabajan normalmente en la venta directa, las ventas minoristas, el marketing, el marketing en l\u00ednea, la atenci\u00f3n al cliente o el Departamento de Relaciones P\u00fablicas.<\/p>\n<h2>\u00bfC\u00f3mo se lleva a cabo el curso de Ingl\u00e9s para los Negocios en Ventas y Marketing?<\/h2>\n<p>Al elegir las clases de Ingl\u00e9s en Ventas y Marketing, puede obtener acceso a una amplia variedad de recursos en la Caja de estudio, que se enfocan en las ventas y el marketing y los profesores que imparten las lecciones en l\u00ednea v\u00eda Skype, Zoom o tel\u00e9fono no solo han sido seleccionados por su conocimiento y experiencia profesional en ese campo, sino que han sido formados para ofrecer una experiencia de aprendizaje excelente. Una sesi\u00f3n a la semana es estupenda para las personas que ya tienen un buen dominio del ingl\u00e9s para los negocios, incluso en la venta y el marketing, y cuya meta es principalmente mantener su nivel. Si la meta es avanzar un nivel, se recomienda que sean 2-3 lecciones por semana de Ingl\u00e9s para los Negocios. Es tambi\u00e9n una buena pr\u00e1ctica aprender con 2 profesores para no acostumbrarse a un \u00fanico acento en particular.<\/p>\n<h2>La terminolog\u00eda de las ventas y el marketing<\/h2>\n<p><b>Customer satisfaction (often abbreviated as CSAT, more correctly CSat)<\/b>: La satisfacci\u00f3n del cliente (abreviado en ingl\u00e9s como CSAT o m\u00e1s correcto, CSat) es un t\u00e9rmino que se usa frecuentemente en el marketing. Es una medida de c\u00f3mo los productos y servicios que provee una compa\u00f1\u00eda satisfacen o superan las expectativas de los clientes.<\/p>\n<p><b>Digital marketing<\/b>: El marketing digital es el marketing de productos o servicios mediante tecnolog\u00edas digitales, principalmente en Internet, pero incluye tambi\u00e9n los tel\u00e9fonos m\u00f3viles, la publicidad en sitios de terceros y cualquier otro medio digital.<\/p>\n<p><b>Direct marketing<\/b>: El marketing directo es una forma de hacer publicidad en la que las organizaciones se comunican directamente con los clientes a trav\u00e9s de una variedad de medios, incluidos los mensajes de texto por el m\u00f3vil, el correo electr\u00f3nico, los sitios web, los anuncios en l\u00ednea, el marketing a trav\u00e9s de bases de datos, folletos, distribuci\u00f3n de cat\u00e1logos, cartas promocionales, televisi\u00f3n dirigida, peri\u00f3dicos, anuncios en revistas.<\/p>\n<p><b>Elevator pitch<\/b>: es una descripci\u00f3n breve de una idea, producto o compa\u00f1\u00eda que explica el concepto de tal manera que cualquier oyente puede entenderla en un periodo de tiempo muy breve.<\/p>\n<p><b>Marketing KPIs (Key Performance Indicators)<\/b>: Los KPI (indicadores clave de rendimiento) de marketing son unos indicadores num\u00e9ricos, espec\u00edficos, que siguen las organizaciones con el fin de medir su progreso hacia una meta determinada dentro de los canales del marketing.<\/p>\n<p>Los profesores de ingl\u00e9s nativos especializados y seleccionados para este seguimiento tienen experiencia profesional en estos campos del ingl\u00e9s para los negocios para el marketing, el ingl\u00e9s para los negocios para las ventas, las conversaciones en ingl\u00e9s para las ventas y el marketing.<\/p>\n<p><strong>El curso de Negocios, Ventas y Marketing est\u00e1 disponible en los planes PRO y PREMIUM.<\/strong><\/p>\n<h2>Para seguir adelante:<\/h2>\n<ul>\n<li>Eche un vistazo a nuestros <a href=\"https:\/\/live-english.net\/prices\/\">precios y planes<\/a> y matric\u00falese para empezar a formarse.<\/li>\n<li>\u00bfInteresado en aprender m\u00e1s? Eche un vistazo a nuestra secci\u00f3n del <a title=\"blog del Ingl\u00e9s para los Negocios\" href=\"https:\/\/live-english.net\/es\/category\/ingles-negocios\/\">blog del Ingl\u00e9s para los Negocios<\/a>.<\/li>\n<\/ul>\n <aside id=\"custom_html-66\" class=\"widget_text widget widget_custom_html amr_widget\"><div class=\"textwidget custom-html-widget\"><div>\r\n\t<br><br>\r\n<\/div>\r\n<!--EN-->\r\n <!--FR-->\r\n<!--IT-->\r\n<!--DE-->\r\n<aside id=\"custom_html-78\" class=\"widget_text widget widget_custom_html amr_widget\"><div class=\"textwidget custom-html-widget\"><div><a href=\"https:\/\/member.booknstart.com\/trial-registration?lg=es&amp;referred_by=CTA&amp;office_id=3\" title=\"Book a Free Trial Lesson\" target=\"_blank\" rel=\"noopener\"><img alt=\"Book your free English trial lesson\" src='https:\/\/live-english.net\/wp-content\/uploads\/2023\/02\/CTA-prueba.jpg'><\/a>\t\r\n<\/div><\/div><\/aside> <!--ES-->\r\n <!--HE-->\r\n <!--RU--><\/div><\/aside>","protected":false},"excerpt":{"rendered":"<p>\u00bfPor qu\u00e9 estudiar un curso de Ingl\u00e9s para los Negocios centrado en las ventas y el marketing? Los profesionales con una experiencia en ventas y marketing a menudo se ven forzados a dejar su zona de confort y tienen que<\/p>\n","protected":false},"author":1,"featured_media":31342,"parent":563,"menu_order":0,"comment_status":"closed","ping_status":"closed","template":"","meta":{"_monsterinsights_skip_tracking":false,"_monsterinsights_sitenote_active":false,"_monsterinsights_sitenote_note":"","_monsterinsights_sitenote_category":0,"footnotes":""},"class_list":["post-10119","page","type-page","status-publish","hentry"],"_links":{"self":[{"href":"https:\/\/live-english.net\/es\/wp-json\/wp\/v2\/pages\/10119","targetHints":{"allow":["GET"]}}],"collection":[{"href":"https:\/\/live-english.net\/es\/wp-json\/wp\/v2\/pages"}],"about":[{"href":"https:\/\/live-english.net\/es\/wp-json\/wp\/v2\/types\/page"}],"author":[{"embeddable":true,"href":"https:\/\/live-english.net\/es\/wp-json\/wp\/v2\/users\/1"}],"replies":[{"embeddable":true,"href":"https:\/\/live-english.net\/es\/wp-json\/wp\/v2\/comments?post=10119"}],"version-history":[{"count":1,"href":"https:\/\/live-english.net\/es\/wp-json\/wp\/v2\/pages\/10119\/revisions"}],"predecessor-version":[{"id":19054,"href":"https:\/\/live-english.net\/es\/wp-json\/wp\/v2\/pages\/10119\/revisions\/19054"}],"up":[{"embeddable":true,"href":"https:\/\/live-english.net\/es\/wp-json\/wp\/v2\/pages\/563"}],"wp:featuredmedia":[{"embeddable":true,"href":"https:\/\/live-english.net\/es\/wp-json\/wp\/v2\/media\/31342"}],"wp:attachment":[{"href":"https:\/\/live-english.net\/es\/wp-json\/wp\/v2\/media?parent=10119"}],"curies":[{"name":"wp","href":"https:\/\/api.w.org\/{rel}","templated":true}]}}