{"id":10122,"date":"2020-04-10T09:20:14","date_gmt":"2020-04-10T09:20:14","guid":{"rendered":"https:\/\/live-english.net\/?page_id=10122"},"modified":"2023-08-06T13:36:18","modified_gmt":"2023-08-06T13:36:18","slug":"ingles-acento-americano","status":"publish","type":"page","link":"https:\/\/live-english.net\/es\/cursos-ingles-online\/clases-conversacionales-en-ingles\/ingles-acento-americano\/","title":{"rendered":"Curso de Conversaci\u00f3n de Ingl\u00e9s: acento americano"},"content":{"rendered":"<p>No es f\u00e1cil mejorar el acento. Hablar con acento americano requiere estar suficientemente expuesto a ese acento a trav\u00e9s de los medios audiovisuales (TV, radio, peri\u00f3dicos) y practicar la pronunciaci\u00f3n con americanos.<br \/>\nEn Live-English.net, tenemos profesores de ingl\u00e9s nativos de muchos pa\u00edses de habla inglesa. Si sue\u00f1a con hablar como un americano, este curso est\u00e1 hecho para usted. Puede lograr hablar y entender el ingl\u00e9s americano en l\u00ednea, sin mudarse a los Estados Unidos.<\/p>\n<h2>\u00bfEn qu\u00e9 consiste el curso de Conversaci\u00f3n con Acento Americano?<\/h2>\n<p>Este curso le dar\u00e1 la posibilidad de aprender ingl\u00e9s exclusivamente con profesores de los Estados Unidos. Su meta es crear una inmersi\u00f3n total como si estuviera en Am\u00e9rica. El curso se imparte en l\u00ednea, con profesores de verdad, v\u00eda Skype, Zoom o tel\u00e9fono y le ayudar\u00e1 a practicar y mejorar sus habilidades para conversar con un ingl\u00e9s americano.<br \/>\n<aside id=\"custom_html-81\" class=\"widget_text widget widget_custom_html amr_widget\"><div class=\"textwidget custom-html-widget\"><!--EN-->\r\n <!--FR-->\r\n<!--IT-->\r\n<!--DE-->\r\n<aside id=\"custom_html-85\" class=\"widget_text widget widget_custom_html amr_widget\"><div class=\"textwidget custom-html-widget\"><a href=\"https:\/\/member.booknstart.com\/trial-registration?lg=es&amp;referred_by=sCTA&amp;office_id=3\" title=\"Book a Free Trial Lesson\" target=\"_blank\" rel=\"noopener\"><img decoding=\"async\" src=\"https:\/\/live-english.net\/wp-content\/uploads\/2023\/02\/sCTA-es.jpg\" alt=\"Book your Free English Trial lesson\" \/><\/a><\/div><\/aside> <!--ES-->\r\n <!--HE\r\n[do_widget id=custom_html-72] <!--RU-->\r\n<div>\r\n\t<br><br>\r\n<\/div><\/div><\/aside><\/p>\n<h2>\u00bfQu\u00e9 incluye el curso de Conversaci\u00f3n con Acento Americano?<\/h2>\n<p>Aprender con profesores americanos le permitir\u00e1 trabajar en un conjunto de habilidades diferentes:<\/p>\n<ul>\n<li>trabajar\u00e1 el mejorar su acento y pronunciaci\u00f3n americanos<\/li>\n<li>aprender\u00e1 expresiones y modismos espec\u00edficos del ingl\u00e9s americano<\/li>\n<li>se familiarizar\u00e1 m\u00e1s con la cultura americana<\/li>\n<li>le resultar\u00e1 m\u00e1s f\u00e1cil entender a los americanos<\/li>\n<li>hablar\u00e1 con profesores americanos de diferentes estados de Am\u00e9rica y entender\u00e1 las diferencias entre las distintas partes de Am\u00e9rica.<\/li>\n<\/ul>\n<h2>\u00bfA qui\u00e9n va dirigido el curso de Conversaci\u00f3n con Acento Americano?<\/h2>\n<p>El curso de Conversaci\u00f3n de Ingl\u00e9s Americano es para cualquiera, estudiantes, profesionales, viajeros, que est\u00e9 interesados en mejorar su ingl\u00e9s en un ambiente americano. Muchas de las personas que estudian este curso han pasado alg\u00fan tiempo en los EUA o piensan visitar Am\u00e9rica.<\/p>\n<h2>\u00bfC\u00f3mo funcionan las clases de Ingl\u00e9s Americano?<\/h2>\n<p>Al elegir las clases de Ingl\u00e9s Americano, obtiene el acceso a una amplia variedad de recursos en la Caja de estudio, que se enfocan en las noticias de los EUA y los profesores que imparten las lecciones en l\u00ednea v\u00eda Skype, Zoom o el tel\u00e9fono son exclusivamente americanos, de distintos estados de los EUA. Una sesi\u00f3n por semana es estupenda para las personas que tienen ya un dominio del ingl\u00e9s americano y cuya meta es principalmente mantener su nivel. Si la meta es avanzar de nivel, se recomiendan 2-3 clases de conversaci\u00f3n de ingl\u00e9s. Tambi\u00e9n es una buena pr\u00e1ctica aprender con 2 profesores con el fin de no acostumbrarse a un acento americano en particular.<\/p>\n<h2>Curso de ingl\u00e9s americano<\/h2>\n<p><iframe src=\"https:\/\/www.youtube.com\/embed\/Ogzs_IGY27w\" width=\"560\" height=\"315\" frameborder=\"0\" allowfullscreen=\"allowfullscreen\"><\/iframe><\/p>\n<h2>Curso de ingl\u00e9s americano o brit\u00e1nico?<\/h2>\n<p>Por favor, tenga en cuenta que tambi\u00e9n ofrecemos un seguimiento para las personas interesadas en mejorar su <a title=\"acento brit\u00e1nico\" href=\"https:\/\/live-english.net\/english-courses\/spoken-english-course\/english-conversation-course-british-accent\/\">acento brit\u00e1nico<\/a> y un seguimiento para la gente que quiere una <a title=\"mezcla de acentos\" href=\"https:\/\/live-english.net\/english-courses\/spoken-english-course\/english-conversation-course-british-accent\/\">mezcla de acentos<\/a> y exponerse a varios acentos: americano, brit\u00e1nico, australiano, sudafricano, etc.<\/p>\n<h2>Para seguir leyendo:<\/h2>\n<ul>\n<li> <a title=\"C\u00f3mo mejorar tu acento americano\" href=\"https:\/\/live-english.net\/improving-american-accent\/\"> C\u00f3mo mejorar tu acento americano <\/li>\n<li> <a title=\" Australian English Vs. American English \" href=\"https:\/\/live-english.net\/australian-english-vs-american-english\/\"> Australian English and American English<\/li>\n<li> <a title=\"Relocating to the USA \" href=\"https:\/\/live-english.net\/relocating-usa\/\">Relocating to the USA <\/a><\/li>\n<li> <a title=\" \u00bfQu\u00e9 es Sillicon Valley? \" href=\"https:\/\/live-english.net\/what-is-silicon-valley\/\"> \u00bfQu\u00e9 es Sillicon Valley?<\/a> <\/li>\n<\/ul>\n<p><strong>\u00bfDesea m\u00e1s informaci\u00f3n sobre nuestro curso de Conversaci\u00f3n de Ingl\u00e9s Americano? <a title=\"lecci\u00f3n de prueba gratis de Ingl\u00e9s\" href=\"https:\/\/live-english.net\/free-trial\/\">Reg\u00edstrese ahora para una lecci\u00f3n de prueba gratis<\/a> y hable de sus objetivos y necesidades con uno de nuestros profesores.<\/strong><\/p>\n <aside id=\"custom_html-66\" class=\"widget_text widget widget_custom_html amr_widget\"><div class=\"textwidget custom-html-widget\"><div>\r\n\t<br><br>\r\n<\/div>\r\n<!--EN-->\r\n <!--FR-->\r\n<!--IT-->\r\n<!--DE-->\r\n<aside id=\"custom_html-78\" class=\"widget_text widget widget_custom_html amr_widget\"><div class=\"textwidget custom-html-widget\"><div><a href=\"https:\/\/member.booknstart.com\/trial-registration?lg=es&amp;referred_by=CTA&amp;office_id=3\" title=\"Book a Free Trial Lesson\" target=\"_blank\" rel=\"noopener\"><img alt=\"Book your free English trial lesson\" src='https:\/\/live-english.net\/wp-content\/uploads\/2023\/02\/CTA-prueba.jpg'><\/a>\t\r\n<\/div><\/div><\/aside> <!--ES-->\r\n <!--HE-->\r\n <!--RU--><\/div><\/aside>","protected":false},"excerpt":{"rendered":"<p>No es f\u00e1cil mejorar el acento. Hablar con acento americano requiere estar suficientemente expuesto a ese acento a trav\u00e9s de los medios audiovisuales (TV, radio, peri\u00f3dicos) y practicar la pronunciaci\u00f3n con americanos. En Live-English.net, tenemos profesores de ingl\u00e9s nativos de<\/p>\n","protected":false},"author":1,"featured_media":28666,"parent":571,"menu_order":0,"comment_status":"closed","ping_status":"closed","template":"","meta":{"_monsterinsights_skip_tracking":false,"_monsterinsights_sitenote_active":false,"_monsterinsights_sitenote_note":"","_monsterinsights_sitenote_category":0,"footnotes":""},"class_list":["post-10122","page","type-page","status-publish","hentry"],"_links":{"self":[{"href":"https:\/\/live-english.net\/es\/wp-json\/wp\/v2\/pages\/10122","targetHints":{"allow":["GET"]}}],"collection":[{"href":"https:\/\/live-english.net\/es\/wp-json\/wp\/v2\/pages"}],"about":[{"href":"https:\/\/live-english.net\/es\/wp-json\/wp\/v2\/types\/page"}],"author":[{"embeddable":true,"href":"https:\/\/live-english.net\/es\/wp-json\/wp\/v2\/users\/1"}],"replies":[{"embeddable":true,"href":"https:\/\/live-english.net\/es\/wp-json\/wp\/v2\/comments?post=10122"}],"version-history":[{"count":7,"href":"https:\/\/live-english.net\/es\/wp-json\/wp\/v2\/pages\/10122\/revisions"}],"predecessor-version":[{"id":32281,"href":"https:\/\/live-english.net\/es\/wp-json\/wp\/v2\/pages\/10122\/revisions\/32281"}],"up":[{"embeddable":true,"href":"https:\/\/live-english.net\/es\/wp-json\/wp\/v2\/pages\/571"}],"wp:featuredmedia":[{"embeddable":true,"href":"https:\/\/live-english.net\/es\/wp-json\/wp\/v2\/media\/28666"}],"wp:attachment":[{"href":"https:\/\/live-english.net\/es\/wp-json\/wp\/v2\/media?parent=10122"}],"curies":[{"name":"wp","href":"https:\/\/api.w.org\/{rel}","templated":true}]}}