{"id":10125,"date":"2020-04-10T10:25:54","date_gmt":"2020-04-10T10:25:54","guid":{"rendered":"https:\/\/live-english.net\/?page_id=10125"},"modified":"2025-11-29T13:20:42","modified_gmt":"2025-11-29T13:20:42","slug":"curso-ingles-finanzas-contabilidad","status":"publish","type":"page","link":"https:\/\/live-english.net\/es\/cursos-ingles-online\/clases-ingles-negocios\/curso-ingles-finanzas-contabilidad\/","title":{"rendered":"Curso de Ingl\u00e9s para los Negocios: las finanzas y la contabilidad"},"content":{"rendered":"<p>Los profesionales muy productivos de los negocios necesitan cada vez m\u00e1s ser capaces de comunicarse en ingl\u00e9s por el trabajo. En estos d\u00edas, es un prerrequisito en muchos trabajos de tipo financiero y de contabilidad.<\/p>\n<p>Si su objetivo es ser capaz de hablar con los colegas, los clientes o los socios del negocio sobre temas financieros en ingl\u00e9s, este curso es para usted.<\/p>\n<p>Aprender\u00e1 con profesores de ingl\u00e9s nativos que conocen bien este campo, y poseen abundante experiencia profesional en el \u00e1rea de las finanzas y la contabilidad.<br \/>\n<aside id=\"custom_html-81\" class=\"widget_text widget widget_custom_html amr_widget\"><div class=\"textwidget custom-html-widget\"><!--EN-->\r\n <!--FR-->\r\n<!--IT-->\r\n<!--DE-->\r\n<aside id=\"custom_html-85\" class=\"widget_text widget widget_custom_html amr_widget\"><div class=\"textwidget custom-html-widget\"><a href=\"https:\/\/member.booknstart.com\/trial-registration?lg=es&amp;referred_by=sCTA&amp;office_id=3\" title=\"Book a Free Trial Lesson\" target=\"_blank\" rel=\"noopener\"><img decoding=\"async\" src=\"https:\/\/live-english.net\/wp-content\/uploads\/2023\/02\/sCTA-es.jpg\" alt=\"Book your Free English Trial lesson\" \/><\/a><\/div><\/aside> <!--ES-->\r\n <!--HE\r\n[do_widget id=custom_html-72] <!--RU-->\r\n<div>\r\n\t<br><br>\r\n<\/div><\/div><\/aside><\/p>\n<h2>\u00bfPor qu\u00e9 enfocarse en el ingl\u00e9s para los negocios de las finanzas y la contabilidad?<\/h2>\n<p>Hay un aumento de la demanda de un ingl\u00e9s fluido en los campos de las finanzas y la contabilidad. Los directores y empleados se ven en situaciones en las que el ingl\u00e9s es necesario: tienen que participar en reuniones y conferencias, escribir coreos electr\u00f3nicos o informes y relacionarse con colegas en el d\u00eda a d\u00eda en ingl\u00e9s.<\/p>\n<h2>\u00bfQu\u00e9 incluye el Curso de Ingl\u00e9s para las Finanzas y la Contabilidad?<\/h2>\n<p>A trav\u00e9s del curso de Ingl\u00e9s para los Negocios para las Finanzas y la Contabilidad, usted aumentar\u00e1 su vocabulario bancario o financiero de modo que pueda competir y prosperar en su profesi\u00f3n. En las lecciones, se incorporar\u00e1n tanto los t\u00e9rminos financieros brit\u00e1nicos como los americanos. Le resultar\u00e1 m\u00e1s f\u00e1cil entender el lenguaje coloquial que utilizan sus colegas y clientes, especialmente los modismos.<\/p>\n<h2>\u00bfPara qui\u00e9n es el curso de Ingl\u00e9s para las Finanzas y la Contabilidad?<\/h2>\n<p>Nuestro curso de Ingl\u00e9s para los Negocios para las Finanzas y la Contabilidad es para todos los que necesiten mejorar el ingl\u00e9s por motivos profesionales o que est\u00e1n interesados en los campos de la banca, el mercado de valores, las finanzas, la contabilidad o los seguros. Estas industrias son muy competitivas y, hoy en d\u00eda, es esencial para los empleados poder comunicarse en ingl\u00e9s con el fin de prosperar en el mercado internacional.<\/p>\n<h2>\u00bfC\u00f3mo se lleva a cabo el curso de Ingl\u00e9s para los Negocios para las Finanzas y la Contabilidad?<\/h2>\n<p>Al elegir las clases de Ingl\u00e9s para las Finanzas y la Contabilidad, obtiene el acceso a una amplia variedad de recursos de la Caja de estudio, que se enfocan en las finanzas y la contabilidad y los profesores, que imparten las lecciones en l\u00ednea por Zoom, Google Meet o tel\u00e9fono, no solo han sido seleccionados por su conocimiento y experiencia profesional en este campo, sin que tambi\u00e9n se les forma para que le ofrezcan una experiencia excelente durante su aprendizaje. Una sesi\u00f3n a la semana es genial para las personas que ya tienen un dominio del ingl\u00e9s para los negocios, incluidas las \u00e1reas de las finanzas y la contabilidad, y cuya meta sea mantener su nivel. Si la meta es avanzar de nivel, se recomiendan 2-3 lecciones por semana de Ingl\u00e9s para los Negocios. Es tambi\u00e9n una buena pr\u00e1ctica aprender con 2 profesores para no acostumbrarse a un \u00fanico acento en particular.<\/p>\n<p>Por favor, tenga en cuenta, que tambi\u00e9n ofrecemos temas para las personas interesadas en otros campos del <a title=\"ingl\u00e9s para los negocios\" href=\"https:\/\/live-english.net\/english-courses\/business-english-course\/\">ingl\u00e9s para los negocios<\/a>.<\/p>\n<p>\u00bfLe gustar\u00eda saber m\u00e1s sobre nuestro curso dedicado al Ingl\u00e9s para las Finanzas y la Contabilidad? Reg\u00edstrese ahora para una <a title=\"lecci\u00f3n de prueba gratis\" href=\"https:\/\/live-english.net\/free-trial\/\">lecci\u00f3n de prueba gratis<\/a> y hable con nuestros profesores sobre sus necesidades y objetivos.<\/p>\n <aside id=\"custom_html-66\" class=\"widget_text widget widget_custom_html amr_widget\"><div class=\"textwidget custom-html-widget\"><div>\r\n\t<br><br>\r\n<\/div>\r\n<!--EN-->\r\n <!--FR-->\r\n<!--IT-->\r\n<!--DE-->\r\n<aside id=\"custom_html-78\" class=\"widget_text widget widget_custom_html amr_widget\"><div class=\"textwidget custom-html-widget\"><div><a href=\"https:\/\/member.booknstart.com\/trial-registration?lg=es&amp;referred_by=CTA&amp;office_id=3\" title=\"Book a Free Trial Lesson\" target=\"_blank\" rel=\"noopener\"><img alt=\"Book your free English trial lesson\" src='https:\/\/live-english.net\/wp-content\/uploads\/2023\/02\/CTA-prueba.jpg'><\/a>\t\r\n<\/div><\/div><\/aside> <!--ES-->\r\n <!--HE-->\r\n <!--RU--><\/div><\/aside>","protected":false},"excerpt":{"rendered":"<p>Los profesionales muy productivos de los negocios necesitan cada vez m\u00e1s ser capaces de comunicarse en ingl\u00e9s por el trabajo. En estos d\u00edas, es un prerrequisito en muchos trabajos de tipo financiero y de contabilidad. Si su objetivo es ser<\/p>\n","protected":false},"author":1,"featured_media":29208,"parent":563,"menu_order":0,"comment_status":"closed","ping_status":"closed","template":"","meta":{"_monsterinsights_skip_tracking":false,"_monsterinsights_sitenote_active":false,"_monsterinsights_sitenote_note":"","_monsterinsights_sitenote_category":0,"footnotes":""},"class_list":["post-10125","page","type-page","status-publish","hentry"],"_links":{"self":[{"href":"https:\/\/live-english.net\/es\/wp-json\/wp\/v2\/pages\/10125","targetHints":{"allow":["GET"]}}],"collection":[{"href":"https:\/\/live-english.net\/es\/wp-json\/wp\/v2\/pages"}],"about":[{"href":"https:\/\/live-english.net\/es\/wp-json\/wp\/v2\/types\/page"}],"author":[{"embeddable":true,"href":"https:\/\/live-english.net\/es\/wp-json\/wp\/v2\/users\/1"}],"replies":[{"embeddable":true,"href":"https:\/\/live-english.net\/es\/wp-json\/wp\/v2\/comments?post=10125"}],"version-history":[{"count":3,"href":"https:\/\/live-english.net\/es\/wp-json\/wp\/v2\/pages\/10125\/revisions"}],"predecessor-version":[{"id":43942,"href":"https:\/\/live-english.net\/es\/wp-json\/wp\/v2\/pages\/10125\/revisions\/43942"}],"up":[{"embeddable":true,"href":"https:\/\/live-english.net\/es\/wp-json\/wp\/v2\/pages\/563"}],"wp:featuredmedia":[{"embeddable":true,"href":"https:\/\/live-english.net\/es\/wp-json\/wp\/v2\/media\/29208"}],"wp:attachment":[{"href":"https:\/\/live-english.net\/es\/wp-json\/wp\/v2\/media?parent=10125"}],"curies":[{"name":"wp","href":"https:\/\/api.w.org\/{rel}","templated":true}]}}