{"id":10518,"date":"2020-05-07T08:43:43","date_gmt":"2020-05-07T08:43:43","guid":{"rendered":"https:\/\/live-english.net\/?page_id=10518"},"modified":"2023-06-21T13:10:07","modified_gmt":"2023-06-21T13:10:07","slug":"profesional-ingles-medico","status":"publish","type":"page","link":"https:\/\/live-english.net\/es\/cursos-ingles-online\/clases-ingles-negocios\/profesional-ingles-medico\/","title":{"rendered":"Curso de ingl\u00e9s profesional: Ingl\u00e9s M\u00e9dico"},"content":{"rendered":"<p>Si trabajas directa o indirectamente en el campo de la medicina, este curso de Ingl\u00e9s M\u00e9dico en l\u00ednea te permitir\u00e1 practicar tu ingl\u00e9s sobre temas m\u00e9dicos.<\/p>\n<h2>\u00bfPor qu\u00e9 enfocarte en el Ingl\u00e9s M\u00e9dico?<\/h2>\n<p>Aunque como profesional del sector m\u00e9dico, conoces terminolog\u00eda m\u00e9dica compleja, las partes del cuerpo y c\u00f3mo funcionan ciertos medicamentos, quieres sentirte seguro cuando hablas sobre el historial m\u00e9dico de un paciente en ingl\u00e9s cuando asistes a congresos m\u00e9dicos internacionales o cuando te comunicas en ingl\u00e9s en cualquier situaci\u00f3n relacionada con el trabajo.\u00a0<\/p>\n<h2>\u00bfQu\u00e9 incluye el curso de Ingl\u00e9s M\u00e9dico?<\/h2>\n<p>Mientras aprendes en l\u00ednea con un profesor nativo de ingl\u00e9s de Live-English.net\u2026<\/p>\n<ul>\n<li>utilizar\u00e1s material espec\u00edfico de la Caja de estudio que se centra en temas m\u00e9dicos y temas actuales del sector.<\/li>\n<li>practicar\u00e1s el ingl\u00e9s y obtendr\u00e1s una comprensi\u00f3n m\u00e1s profunda de la comunicaci\u00f3n profesional en ingl\u00e9s.<\/li>\n<li>trabajar\u00e1 en la soltura y la precisi\u00f3n con el lenguaje porque son claves en tu profesi\u00f3n m\u00e9dica.<\/li>\n<\/ul>\n<p>Con este curso, aumentar\u00e1s tu vocabulario, tanto el relacionado con la medicina como otro, para que puedas prosperar en tu profesi\u00f3n. Te ser\u00e1 m\u00e1s f\u00e1cil entender el lenguaje coloquial que utilizan tus colegas y clientes, especialmente los modismos.<br \/>\n<aside id=\"custom_html-81\" class=\"widget_text widget widget_custom_html amr_widget\"><div class=\"textwidget custom-html-widget\"><!--EN-->\r\n <!--FR-->\r\n<!--IT-->\r\n<!--DE-->\r\n<aside id=\"custom_html-85\" class=\"widget_text widget widget_custom_html amr_widget\"><div class=\"textwidget custom-html-widget\"><a href=\"https:\/\/member.booknstart.com\/trial-registration?lg=es&amp;referred_by=sCTA&amp;office_id=3\" title=\"Book a Free Trial Lesson\" target=\"_blank\" rel=\"noopener\"><img decoding=\"async\" src=\"https:\/\/live-english.net\/wp-content\/uploads\/2023\/02\/sCTA-es.jpg\" alt=\"Book your Free English Trial lesson\" \/><\/a><\/div><\/aside> <!--ES-->\r\n <!--HE\r\n[do_widget id=custom_html-72] <!--RU-->\r\n<div>\r\n\t<br><br>\r\n<\/div><\/div><\/aside><\/p>\n<h2>\u00bfPara qui\u00e9n es el curso en l\u00ednea de Ingl\u00e9s M\u00e9dico?<\/h2>\n<p>El curso de Live-English.net ha sido dise\u00f1ado para los profesionales que trabajan en un campo relacionado con la medicina con el fin de permitirles practicar el ingl\u00e9s sobre temas que realmente les interesan. Los profesores de ingl\u00e9s nativos que ense\u00f1an tiene el conocimiento y la experiencia en asuntos relacionados con la medicina y entienden la terminolog\u00eda m\u00e9dica.<\/p>\n<p>M\u00e9dicos, enfermeras, dentistas, cuidadores, farmac\u00e9uticos, fisioterapeutas, terapeutas ocupacionales, secretarios m\u00e9dicos, personal hospitalario, directores de hospital, radi\u00f3logos, investigadores m\u00e9dicos, terapeutas alternativos o complementarios, as\u00ed como, personas que trabajan con productos m\u00e9dicos y equipos de venta farmac\u00e9utica son, entre otros, aquellos que pueden elegir este curso.<\/p>\n<h2>\u00bfC\u00f3mo funcionan las clases de Ingl\u00e9s M\u00e9dico en l\u00ednea?<\/h2>\n<p>Cuando escoges las clases de Ingl\u00e9s M\u00e9dico, obtienes acceso a una amplia variedad de recursos en la Caja de estudio que se enfocan en noticias relacionadas con la medicina; los profesores que imparten las lecciones en l\u00ednea, a trav\u00e9s de Skype, Zoom o por tel\u00e9fono, tienen experiencia en la ense\u00f1anza del ingl\u00e9s m\u00e9dico. Conocen la terminolog\u00eda y est\u00e1n familiarizados con los recursos pedag\u00f3gicos del curso de Ingles M\u00e9dico. Una sesi\u00f3n semanal es genial para la gente que ya tienen un buen dominio del ingl\u00e9s profesional y cuya meta es sobre todo mantener el nivel. Si la meta es avanzar un nivel, se recomiendan 2-3 lecciones de conversaci\u00f3n. Es tambi\u00e9n recomendable aprender con 2 profesores para no habituarse a un acento espec\u00edfico.<\/p>\n<p>Por favor, ten en cuenta que tambi\u00e9n ofrecemos un audio para los interesados en mejorar su <a href=\"https:\/\/live-english.net\/english-courses\/business-english-course\/\" title=\"ingl\u00e9s en distintos campos profesionales\">ingl\u00e9s en distintos campos profesionales<\/a>.<\/p>\n<p>\u00bfQuieres saber m\u00e1s sobre nuestro curso en l\u00ednea de Ingl\u00e9s M\u00e9dico? Reg\u00edstrate ahora para recibir una <a href=\"https:\/\/live-english.net\/free-trial\/\" title=\"lecci\u00f3n de ingl\u00e9s gratis de prueba\">lecci\u00f3n gratis de prueba<\/a> y habla con uno de nuestros profesores sobre tus necesidades y objetivos.<\/p>\n <aside id=\"custom_html-66\" class=\"widget_text widget widget_custom_html amr_widget\"><div class=\"textwidget custom-html-widget\"><div>\r\n\t<br><br>\r\n<\/div>\r\n<!--EN-->\r\n <!--FR-->\r\n<!--IT-->\r\n<!--DE-->\r\n<aside id=\"custom_html-78\" class=\"widget_text widget widget_custom_html amr_widget\"><div class=\"textwidget custom-html-widget\"><div><a href=\"https:\/\/member.booknstart.com\/trial-registration?lg=es&amp;referred_by=CTA&amp;office_id=3\" title=\"Book a Free Trial Lesson\" target=\"_blank\" rel=\"noopener\"><img alt=\"Book your free English trial lesson\" src='https:\/\/live-english.net\/wp-content\/uploads\/2023\/02\/CTA-prueba.jpg'><\/a>\t\r\n<\/div><\/div><\/aside> <!--ES-->\r\n <!--HE-->\r\n <!--RU--><\/div><\/aside>","protected":false},"excerpt":{"rendered":"<p>Si trabajas directa o indirectamente en el campo de la medicina, este curso de Ingl\u00e9s M\u00e9dico en l\u00ednea te permitir\u00e1 practicar tu ingl\u00e9s sobre temas m\u00e9dicos. \u00bfPor qu\u00e9 enfocarte en el Ingl\u00e9s M\u00e9dico? Aunque como profesional del sector m\u00e9dico, conoces<\/p>\n","protected":false},"author":1,"featured_media":29496,"parent":563,"menu_order":0,"comment_status":"closed","ping_status":"closed","template":"","meta":{"_monsterinsights_skip_tracking":false,"_monsterinsights_sitenote_active":false,"_monsterinsights_sitenote_note":"","_monsterinsights_sitenote_category":0,"footnotes":""},"class_list":["post-10518","page","type-page","status-publish","hentry"],"_links":{"self":[{"href":"https:\/\/live-english.net\/es\/wp-json\/wp\/v2\/pages\/10518","targetHints":{"allow":["GET"]}}],"collection":[{"href":"https:\/\/live-english.net\/es\/wp-json\/wp\/v2\/pages"}],"about":[{"href":"https:\/\/live-english.net\/es\/wp-json\/wp\/v2\/types\/page"}],"author":[{"embeddable":true,"href":"https:\/\/live-english.net\/es\/wp-json\/wp\/v2\/users\/1"}],"replies":[{"embeddable":true,"href":"https:\/\/live-english.net\/es\/wp-json\/wp\/v2\/comments?post=10518"}],"version-history":[{"count":1,"href":"https:\/\/live-english.net\/es\/wp-json\/wp\/v2\/pages\/10518\/revisions"}],"predecessor-version":[{"id":29504,"href":"https:\/\/live-english.net\/es\/wp-json\/wp\/v2\/pages\/10518\/revisions\/29504"}],"up":[{"embeddable":true,"href":"https:\/\/live-english.net\/es\/wp-json\/wp\/v2\/pages\/563"}],"wp:featuredmedia":[{"embeddable":true,"href":"https:\/\/live-english.net\/es\/wp-json\/wp\/v2\/media\/29496"}],"wp:attachment":[{"href":"https:\/\/live-english.net\/es\/wp-json\/wp\/v2\/media?parent=10518"}],"curies":[{"name":"wp","href":"https:\/\/api.w.org\/{rel}","templated":true}]}}