{"id":10574,"date":"2020-05-07T11:05:04","date_gmt":"2020-05-07T11:05:04","guid":{"rendered":"https:\/\/live-english.net\/?page_id=10574"},"modified":"2023-06-21T08:31:33","modified_gmt":"2023-06-21T08:31:33","slug":"curso-de-ingles-de-los-negocios-recursos-humanos","status":"publish","type":"page","link":"https:\/\/live-english.net\/es\/cursos-ingles-online\/clases-ingles-negocios\/curso-de-ingles-de-los-negocios-recursos-humanos\/","title":{"rendered":"Curso de Ingl\u00e9s de los Negocios:  Recursos humanos"},"content":{"rendered":"<p>\u00bfTu campo es RR. HH. o est\u00e1 relacionado con RR. HH.? Este curso de ingl\u00e9s que se enfoca en temas de recursos humanos est\u00e1 hecho para ti.<\/p>\n<p>Cubre temas de RR. HH. con profesores nativos de ingl\u00e9s que tambi\u00e9n han trabajado en RR. HH. y llevan tu ingl\u00e9s al siguiente nivel.<\/p>\n<h2>\u00bfQu\u00e9 es el curso de RR. HH. de Ingl\u00e9s para los Negocios?<\/h2>\n<p>La gesti\u00f3n de recursos humanos envuelve enfoques tanto estrat\u00e9gicos como exhaustivos para gestionar la gente, as\u00ed como la cultura y el ambiente del lugar de trabajo.<br \/>\nEl papel de los profesionales de recursos humanos es garantizar que el activo m\u00e1s importante de tu empresa \u2014 el capital humano \u2014 se nutre y apoya en la creaci\u00f3n y gesti\u00f3n de programas, pol\u00edticas y procedimientos y fomentar un ambiente de trabajo positivo a trav\u00e9s de relaciones efectivas entre empleados y empleadores. Es esencial un buen dominio del ingl\u00e9s y del vocabulario de RR. HH. para equipos con un crecimiento internacional o para empresas que buscan ampliar sus actividades en el extranjero con el fin de poder relacionarse y comunicarse con colegas del extranjero.<br \/>\n<aside id=\"custom_html-81\" class=\"widget_text widget widget_custom_html amr_widget\"><div class=\"textwidget custom-html-widget\"><!--EN-->\r\n <!--FR-->\r\n<!--IT-->\r\n<!--DE-->\r\n<aside id=\"custom_html-85\" class=\"widget_text widget widget_custom_html amr_widget\"><div class=\"textwidget custom-html-widget\"><a href=\"https:\/\/member.booknstart.com\/trial-registration?lg=es&amp;referred_by=sCTA&amp;office_id=3\" title=\"Book a Free Trial Lesson\" target=\"_blank\" rel=\"noopener\"><img decoding=\"async\" src=\"https:\/\/live-english.net\/wp-content\/uploads\/2023\/02\/sCTA-es.jpg\" alt=\"Book your Free English Trial lesson\" \/><\/a><\/div><\/aside> <!--ES-->\r\n <!--HE\r\n[do_widget id=custom_html-72] <!--RU-->\r\n<div>\r\n\t<br><br>\r\n<\/div><\/div><\/aside><\/p>\n<h2>Qu\u00e9 incluye el Curso de Ingl\u00e9s para los Negocios de Recursos Humanos<\/h2>\n<p>El campo de RR. HH. es muy amplio y muchos de sus aspectos se pueden cubrir en base a tus propias necesidades con el ingl\u00e9s, como:<\/p>\n<ul>\n<li>Compensaci\u00f3n y beneficios<\/li>\n<li>Retenci\u00f3n de los empleados<\/li>\n<li>Legislaci\u00f3n laboral<\/li>\n<li>Despidos del personal<\/li>\n<li>Entrevistas desde la perspectiva de RR. HH.<\/li>\n<li>Relaciones laborales y de los empleados<\/li>\n<li>Desarrollo de la organizaci\u00f3n<\/li>\n<li>Contrataci\u00f3n<\/li>\n<li>Cese<\/li>\n<li>Selecci\u00f3n<\/li>\n<li>Formaci\u00f3n y desarrollo del personal<\/li>\n<li>Planificaci\u00f3n estrat\u00e9gica<\/li>\n<li>Formaci\u00f3n y aprendizaje<\/li>\n<li>Psicolog\u00eda del lugar de trabajo<\/li>\n<\/ul>\n<h2>Curso de Ingles de Recursos Humanos: \u00bfpara qui\u00e9n?<\/h2>\n<p>Idealmente, tu ingl\u00e9s ya est\u00e1 a un nivel intermedio o superior. Es adecuado para los estudiantes de diversos or\u00edgenes. Ya seas propietario de un peque\u00f1o negocio o trabajes como gestor de los servicios de empleo, buscatalentos, administrador de RR. HH., generalista de RR. HH., aprendiz de administraci\u00f3n, captador, administrador de formaci\u00f3n y desarrollo, especialista de desarrollo de formaci\u00f3n, encontrar\u00e1s una informaci\u00f3n valiosa con este curso de ingl\u00e9s.<\/p>\n<h2>\u00bfC\u00f3mo funcionan las clases en l\u00ednea de Ingl\u00e9s para los negocios de RR. HH.?<\/h2>\n<p>Al elegir las clases de Ingl\u00e9s de RR. HH., obtienes el acceso a una amplia variedad de recursos en la Caja de estudio que se enfocan en noticias relacionadas con los RR. HH. y los profesores que imparten las lecciones en l\u00ednea, v\u00eda Skype, Zoom o tel\u00e9fono, tienen experiencia en la ense\u00f1anza del ingl\u00e9s y entienden los temas de RR. HH. Conocen la terminolog\u00eda y est\u00e1n familiarizados con los recursos pedag\u00f3gicos del curso de Ingl\u00e9s de RR. HH. Una sesi\u00f3n a la semana es genial para los que ya tienen un buen dominio del ingl\u00e9s profesional y cuya meta es principalmente mantener su nivel. Si la meta es avanzar un nivel, se recomiendan 2-3 lecciones de ingl\u00e9s. Es tambi\u00e9n recomendable aprender con 2 profesores para no habituarse a un acento espec\u00edfico.<\/p>\n<p>Por favor, ten en cuenta que tambi\u00e9n ofrecemos un audio para los interesados en mejorar su <a title=\"ingl\u00e9s en distintas \u00e1reas de los negocios\" href=\"https:\/\/live-english.net\/english-courses\/business-english-course\/\">ingl\u00e9s en distintas \u00e1reas de los negocios<\/a>.<\/p>\n<p>\u00bfDeseas saber m\u00e1s sobre nuestro curso en l\u00ednea de Ingl\u00e9s de RR. HH.? Reg\u00edstrate ahora para recibir una <a title=\"lecci\u00f3n gratis de prueba\" href=\"https:\/\/live-english.net\/free-trial\/\">lecci\u00f3n gratis de prueba<\/a> y habla con uno de nuestros profesores sobre tus necesidades y objetivos.<\/p>\n <aside id=\"custom_html-66\" class=\"widget_text widget widget_custom_html amr_widget\"><div class=\"textwidget custom-html-widget\"><div>\r\n\t<br><br>\r\n<\/div>\r\n<!--EN-->\r\n <!--FR-->\r\n<!--IT-->\r\n<!--DE-->\r\n<aside id=\"custom_html-78\" class=\"widget_text widget widget_custom_html amr_widget\"><div class=\"textwidget custom-html-widget\"><div><a href=\"https:\/\/member.booknstart.com\/trial-registration?lg=es&amp;referred_by=CTA&amp;office_id=3\" title=\"Book a Free Trial Lesson\" target=\"_blank\" rel=\"noopener\"><img alt=\"Book your free English trial lesson\" src='https:\/\/live-english.net\/wp-content\/uploads\/2023\/02\/CTA-prueba.jpg'><\/a>\t\r\n<\/div><\/div><\/aside> <!--ES-->\r\n <!--HE-->\r\n <!--RU--><\/div><\/aside>","protected":false},"excerpt":{"rendered":"<p>\u00bfTu campo es RR. HH. o est\u00e1 relacionado con RR. HH.? Este curso de ingl\u00e9s que se enfoca en temas de recursos humanos est\u00e1 hecho para ti. Cubre temas de RR. HH. con profesores nativos de ingl\u00e9s que tambi\u00e9n han<\/p>\n","protected":false},"author":1,"featured_media":29370,"parent":563,"menu_order":0,"comment_status":"closed","ping_status":"closed","template":"","meta":{"_monsterinsights_skip_tracking":false,"_monsterinsights_sitenote_active":false,"_monsterinsights_sitenote_note":"","_monsterinsights_sitenote_category":0,"footnotes":""},"class_list":["post-10574","page","type-page","status-publish","hentry"],"_links":{"self":[{"href":"https:\/\/live-english.net\/es\/wp-json\/wp\/v2\/pages\/10574","targetHints":{"allow":["GET"]}}],"collection":[{"href":"https:\/\/live-english.net\/es\/wp-json\/wp\/v2\/pages"}],"about":[{"href":"https:\/\/live-english.net\/es\/wp-json\/wp\/v2\/types\/page"}],"author":[{"embeddable":true,"href":"https:\/\/live-english.net\/es\/wp-json\/wp\/v2\/users\/1"}],"replies":[{"embeddable":true,"href":"https:\/\/live-english.net\/es\/wp-json\/wp\/v2\/comments?post=10574"}],"version-history":[{"count":2,"href":"https:\/\/live-english.net\/es\/wp-json\/wp\/v2\/pages\/10574\/revisions"}],"predecessor-version":[{"id":29379,"href":"https:\/\/live-english.net\/es\/wp-json\/wp\/v2\/pages\/10574\/revisions\/29379"}],"up":[{"embeddable":true,"href":"https:\/\/live-english.net\/es\/wp-json\/wp\/v2\/pages\/563"}],"wp:featuredmedia":[{"embeddable":true,"href":"https:\/\/live-english.net\/es\/wp-json\/wp\/v2\/media\/29370"}],"wp:attachment":[{"href":"https:\/\/live-english.net\/es\/wp-json\/wp\/v2\/media?parent=10574"}],"curies":[{"name":"wp","href":"https:\/\/api.w.org\/{rel}","templated":true}]}}