{"id":10990,"date":"2020-05-24T11:10:20","date_gmt":"2020-05-24T11:10:20","guid":{"rendered":"https:\/\/live-english.net\/?page_id=10990"},"modified":"2023-02-13T08:12:42","modified_gmt":"2023-02-13T08:12:42","slug":"curso-profesional-ingles-ciencia-tecnologia","status":"publish","type":"page","link":"https:\/\/live-english.net\/es\/cursos-ingles-online\/clases-ingles-negocios\/curso-profesional-ingles-ciencia-tecnologia\/","title":{"rendered":"Curso profesional de ingl\u00e9s: ciencia y tecnolog\u00eda"},"content":{"rendered":"<p>\u00bfSientes que te cuesta comunicarte en ingl\u00e9s en situaciones profesionales? Este curso profesional de ingl\u00e9s para ciencia y tecnolog\u00eda te ser\u00e1 de gran ayuda.<\/p>\n<h2>\u00bfPara qui\u00e9n es el curso de ingl\u00e9s profesional especializado en ingl\u00e9s cient\u00edfico?<\/h2>\n<p>Los profesionales de las siguientes \u00e1reas necesitan mejorar sus habilidades de comunicaci\u00f3n en ingl\u00e9s en un entorno seguro:<\/p>\n<ul>\n<li>Ingeniero<\/li>\n<li>Ingeniero qu\u00edmico<\/li>\n<li>Inform\u00e1tico<\/li>\n<li>Analista de software<\/li>\n<li>Administrador de sistemas<\/li>\n<li>M\u00e1nager de I+D<\/li>\n<li>Cualquier otra profesi\u00f3n relacionada con la ciencia<\/li>\n<\/ul>\n<h2>\u00bfPor qu\u00e9 un curso de ingl\u00e9s profesional especializado en ciencia y tecnolog\u00eda?<\/h2>\n<p>La mayor\u00eda de estos trabajos requieren aprender ingl\u00e9s. Por lo tanto, es posible que puedas sobrevivir y conversar sobre \u00e1reas espec\u00edficas en tu campo, pero necesitas mejorar tus habilidades de conversaci\u00f3n y tu vocabulario general.<\/p>\n<p>Ahora sientes que es el momento de invertir en tu ingl\u00e9s para aumentar tu confianza al hablar en ingl\u00e9s con tus compa\u00f1eros, clientes o socios.<br \/>\nAsistir a reuniones y conferencias en ingl\u00e9s, e incluso establecer contactos en ingl\u00e9s ya no ser\u00e1 un problema.<\/p>\n<h2>\u00bfQu\u00e9 incluye el curso de ingl\u00e9s profesional especializado en ciencia y tecnolog\u00eda?<\/h2>\n<p>En este curso, tendr\u00e1s acceso a profesores de ingl\u00e9s que entienden la ciencia y la tecnolog\u00eda. Te proporcionar\u00e1n el vocabulario que necesitas para tus situaciones laborales espec\u00edficas.<\/p>\n<p>Adem\u00e1s de eso, podr\u00e1s elegir entre art\u00edculos de ciencia y tecnolog\u00eda en el cuadro de estudio. Seleccionados de una variedad de fuentes, podr\u00e1s leer art\u00edculos y discutir sobre temas relacionados con tu campo profesional.<\/p>\n<p>Tambi\u00e9n te alentamos a elegir art\u00edculos fuera de tu zona de confort para ayudarte a adquirir vocabulario nuevo y revisar los puntos de gram\u00e1tica, si fuera necesario.<\/p>\n<p><iframe width=\"560\" height=\"315\" src=\"https:\/\/www.youtube.com\/embed\/KnFxsk3KE7Y\" frameborder=\"0\" allow=\"accelerometer; autoplay; encrypted-media; gyroscope; picture-in-picture\" allowfullscreen><\/iframe><\/p>\n<h2>\u00bfC\u00f3mo se lleva a cabo el curso de ingl\u00e9s profesional para ciencia y tecnolog\u00eda?<\/h2>\n<p>Al seleccionar las clases de ingl\u00e9s cient\u00edfico, obtienes acceso a una amplia variedad de recursos en el cuadro de estudio, centrado en la ciencia y la tecnolog\u00eda. Los profesores que imparten las clases en l\u00ednea por Skype, Zoom o por tel\u00e9fono, no solo han sido seleccionados por su conocimiento y experiencia profesional en ese campo, sino que tambi\u00e9n han sido formados para ofrecerte la mejor experiencia de aprendizaje. Una sesi\u00f3n a la semana es perfecta para las personas que ya tienen un buen dominio del ingl\u00e9s cient\u00edfico y cuyo objetivo principal es mantener su nivel. Si el objetivo es subir de nivel, se recomiendan 2-3 lecciones de ingl\u00e9s. Tambi\u00e9n es una buena pr\u00e1ctica aprender con 2 profesores para no acostumbrarse a un acento espec\u00edfico.<\/p>\n<p>Desde 2007, Live-English.net ha ayudado a miles de profesionales que trabajan en ciencia y tecnolog\u00eda a mejorar su ingl\u00e9s profesional. Echa un vistazo a c\u00f3mo podemos ayudarte. \u00a1<a href=\"https:\/\/live-english.net\/free-trial\/\">Reg\u00edstrate para obtener una clase de prueba gratuita<\/a>!<\/p>\n <aside id=\"custom_html-66\" class=\"widget_text widget widget_custom_html amr_widget\"><div class=\"textwidget custom-html-widget\"><div>\r\n\t<br><br>\r\n<\/div>\r\n<!--EN-->\r\n <!--FR-->\r\n<!--IT-->\r\n<!--DE-->\r\n<aside id=\"custom_html-78\" class=\"widget_text widget widget_custom_html amr_widget\"><div class=\"textwidget custom-html-widget\"><div><a href=\"https:\/\/member.booknstart.com\/trial-registration?lg=es&amp;referred_by=CTA&amp;office_id=3\" title=\"Book a Free Trial Lesson\" target=\"_blank\" rel=\"noopener\"><img alt=\"Book your free English trial lesson\" src='https:\/\/live-english.net\/wp-content\/uploads\/2023\/02\/CTA-prueba.jpg'><\/a>\t\r\n<\/div><\/div><\/aside> <!--ES-->\r\n <!--HE-->\r\n <!--RU--><\/div><\/aside>","protected":false},"excerpt":{"rendered":"<p>\u00bfSientes que te cuesta comunicarte en ingl\u00e9s en situaciones profesionales? Este curso profesional de ingl\u00e9s para ciencia y tecnolog\u00eda te ser\u00e1 de gran ayuda. \u00bfPara qui\u00e9n es el curso de ingl\u00e9s profesional especializado en ingl\u00e9s cient\u00edfico? Los profesionales de las<\/p>\n","protected":false},"author":1,"featured_media":24256,"parent":563,"menu_order":0,"comment_status":"closed","ping_status":"closed","template":"","meta":{"_monsterinsights_skip_tracking":false,"_monsterinsights_sitenote_active":false,"_monsterinsights_sitenote_note":"","_monsterinsights_sitenote_category":0,"footnotes":""},"class_list":["post-10990","page","type-page","status-publish","hentry"],"_links":{"self":[{"href":"https:\/\/live-english.net\/es\/wp-json\/wp\/v2\/pages\/10990","targetHints":{"allow":["GET"]}}],"collection":[{"href":"https:\/\/live-english.net\/es\/wp-json\/wp\/v2\/pages"}],"about":[{"href":"https:\/\/live-english.net\/es\/wp-json\/wp\/v2\/types\/page"}],"author":[{"embeddable":true,"href":"https:\/\/live-english.net\/es\/wp-json\/wp\/v2\/users\/1"}],"replies":[{"embeddable":true,"href":"https:\/\/live-english.net\/es\/wp-json\/wp\/v2\/comments?post=10990"}],"version-history":[{"count":1,"href":"https:\/\/live-english.net\/es\/wp-json\/wp\/v2\/pages\/10990\/revisions"}],"predecessor-version":[{"id":24264,"href":"https:\/\/live-english.net\/es\/wp-json\/wp\/v2\/pages\/10990\/revisions\/24264"}],"up":[{"embeddable":true,"href":"https:\/\/live-english.net\/es\/wp-json\/wp\/v2\/pages\/563"}],"wp:featuredmedia":[{"embeddable":true,"href":"https:\/\/live-english.net\/es\/wp-json\/wp\/v2\/media\/24256"}],"wp:attachment":[{"href":"https:\/\/live-english.net\/es\/wp-json\/wp\/v2\/media?parent=10990"}],"curies":[{"name":"wp","href":"https:\/\/api.w.org\/{rel}","templated":true}]}}