{"id":11022,"date":"2020-05-24T13:11:42","date_gmt":"2020-05-24T13:11:42","guid":{"rendered":"https:\/\/live-english.net\/?page_id=11022"},"modified":"2025-11-27T12:01:58","modified_gmt":"2025-11-27T12:01:58","slug":"curso-ingles-negocios-general","status":"publish","type":"page","link":"https:\/\/live-english.net\/es\/cursos-ingles-online\/clases-ingles-negocios\/curso-ingles-negocios-general\/","title":{"rendered":"Un curso de ingl\u00e9s de negocios general"},"content":{"rendered":"<p>Si tu objetivo es poder discutir temas generales de negocios en ingl\u00e9s con compa\u00f1eros o clientes, este curso es para ti.<br \/>\nAprender\u00e1s con profesores de ingl\u00e9s nativo en l\u00ednea, por Zoom o Google Meet, con conocimientos de primera mano en ingl\u00e9s comercial, as\u00ed como experiencia profesional en negocios.<\/p>\n<h2>\u00bfPor qu\u00e9 centrarse en el ingl\u00e9s de negocios general?<\/h2>\n<p>El ingl\u00e9s de negocios se usa ampliamente en todos los \u00e1mbitos profesionales, especialmente en los que tienen que ver con el comercio y las ventas, y es bastante diferente del ingl\u00e9s general. Centrarte en temas de negocios te permitir\u00e1 obtener una mayor confianza en ingl\u00e9s mientras interact\u00faas con compa\u00f1eros o clientes en ingl\u00e9s.<\/p>\n<p>Esta rama tambi\u00e9n es muy flexible. Si lo prefieres, podr\u00e1s centrarte parte del tiempo en el ingl\u00e9s relacionado con el trabajo y dedicar algunas de las lecciones a trabajar en tu conocimiento general del ingl\u00e9s, para actualizar los conceptos b\u00e1sicos. Despu\u00e9s de todo, para tener fluidez en el ingl\u00e9s de negocios, tambi\u00e9n necesitas tener un buen conocimiento b\u00e1sico de la gram\u00e1tica y el vocabulario general.<br \/>\n<aside id=\"custom_html-81\" class=\"widget_text widget widget_custom_html amr_widget\"><div class=\"textwidget custom-html-widget\"><!--EN-->\r\n <!--FR-->\r\n<!--IT-->\r\n<!--DE-->\r\n<aside id=\"custom_html-85\" class=\"widget_text widget widget_custom_html amr_widget\"><div class=\"textwidget custom-html-widget\"><a href=\"https:\/\/member.booknstart.com\/trial-registration?lg=es&amp;referred_by=sCTA&amp;office_id=3\" title=\"Book a Free Trial Lesson\" target=\"_blank\" rel=\"noopener\"><img decoding=\"async\" src=\"https:\/\/live-english.net\/wp-content\/uploads\/2023\/02\/sCTA-es.jpg\" alt=\"Book your Free English Trial lesson\" \/><\/a><\/div><\/aside> <!--ES-->\r\n <!--HE\r\n[do_widget id=custom_html-72] <!--RU-->\r\n<div>\r\n\t<br><br>\r\n<\/div><\/div><\/aside><\/p>\n<h2>Qu\u00e9 se incluye en el curso de ingl\u00e9s de negocios general<\/h2>\n<p>Cuando eliges la rama en l\u00ednea de ingl\u00e9s de negocios, obtienes acceso a profesores nativos de ingl\u00e9s especializados en este campo. Es un gran activo para aprender con profesores que tambi\u00e9n son usuarios activos de esta rama particular del ingl\u00e9s.<\/p>\n<p>Tambi\u00e9n te proporcionaremos materiales para ayudarte a aumentar tu dominio del ingl\u00e9s aplicado a tu campo profesional en particular. Tambi\u00e9n tendr\u00e1s acceso a recursos generales de ingl\u00e9s de negocios, que te ayudar\u00e1n a mejorar tu vocabulario, gram\u00e1tica y fluidez.<\/p>\n<h2>Curso de ingl\u00e9s de negocios general: \u00bfpara qui\u00e9n es?<\/h2>\n<p>Si eres un profesional que necesita el ingl\u00e9s para trabajar, este curso es para ti.<\/p>\n<p>Tener un buen conocimiento del ingl\u00e9s de negocios te puede ayudar a crecer en tu carrera, a tu \u00e9xito en una empresa y a abrir nuevas oportunidades, sea cual sea tu \u00e1rea. Si deseas trabajar de manera internacional, el ingl\u00e9s de negocios es la llave que abre la mayor\u00eda de las puertas en el mundo actual.<\/p>\n<p>Como profesional, tu avance profesional depender\u00e1 del valor que aportes a tu empresa. Y con un buen dominio del ingl\u00e9s en situaciones de negocios, aportar\u00e1s obviamente un gran valor, ya que es esencial para tu comunicaci\u00f3n con clientes, socios o afiliados potenciales o existentes. Es la mejor inversi\u00f3n que har\u00e1s en tu carrera.<\/p>\n<table>\n<tbody>\n<tr>\n<td bgcolor=\"#F8F8F8\" width=\"500\">\n<h2>Recursos de ingl\u00e9s de negocios: libro de trabajo gratuito<\/h2>\n<p>La inscripci\u00f3n en el curso de ingl\u00e9s de negocios te facilita acceso gratuito a un libro de trabajo que cubre 20 temas de negocios mediante vocabulario clave, preguntas relacionadas con un tema de negocios espec\u00edfico y un estudio de caso pr\u00e1ctico para aplicar lo que has aprendido.<\/p>\n<p>Puedes optar por utilizar el libro de trabajo en l\u00ednea para las lecciones si deseas cubrir una amplia gama de temas del ingl\u00e9s de negocios.<\/p>\n<p><img decoding=\"async\" class=\"aligncenter size-medium wp-image-3378\" src=\"https:\/\/live-english.net\/wp-content\/uploads\/2022\/12\/business-english-ebook.jpeg\" alt=\"ingl\u00e9s de negocios ebook\" height=\"300\" \/><br \/>\nRellena tus datos y obt\u00e9n un tema de muestra gratuito de nuestro libro de trabajo de ingl\u00e9s de negocios.<\/p>\n<hr \/>\n<form class=\"af-form-wrapper\" accept-charset=\"UTF-8\" action=\"https:\/\/member.booknstart.com\/lead\" method=\"post\">\n<div style=\"display: none;\"><input name=\"office\" type=\"hidden\" value=\"3\" \/><br \/>\n<input name=\"email\" type=\"hidden\" value=\"\" \/><br \/>\n<input name=\"lg\" type=\"hidden\" value=\"es\" \/><br \/>\n<input name=\"leadsource\" type=\"hidden\" value=\"8\" \/><br \/>\n<input name=\"redirect\" type=\"hidden\" value=\"21\" \/><\/div>\n<div id=\"af-form-484139495\" class=\"af-form\">\n<div id=\"af-body-484139495\" class=\"af-body af-standards\">\n<div class=\"af-element\">\n<p><label class=\"previewLabel\" for=\"awf_field-34440661-first\">Nombre:<\/label><\/p>\n<div class=\"af-textWrap\"><input id=\"awf_field-34440661-first\" class=\"text\" tabindex=\"400\" name=\"fname\" type=\"text\" value=\"\" \/><\/div>\n<div class=\"af-clear\"><\/div>\n<\/div>\n<div class=\"af-element\">\n<p><label class=\"previewLabel\" for=\"awf_field-34440661-last\">Apellido:<\/label><\/p>\n<div class=\"af-textWrap\"><input id=\"awf_field-34440661-last\" class=\"text\" tabindex=\"401\" name=\"lname\" type=\"text\" value=\"\" \/><\/div>\n<div class=\"af-clear\"><\/div>\n<\/div>\n<div class=\"af-element\">\n<p><label class=\"previewLabel\" for=\"awf_field-34440662\">Correo electr\u00f3nico: <\/label><\/p>\n<div class=\"af-textWrap\"><input id=\"awf_field-34440662\" class=\"text\" tabindex=\"402\" name=\"alternate\" type=\"text\" value=\"\" \/><\/div>\n<div class=\"af-clear\"><\/div>\n<\/div>\n<div class=\"af-element buttonContainer\">\n<p><input class=\"submit\" tabindex=\"403\" name=\"submit\" type=\"submit\" value=\"Submit\" \/><\/p>\n<div class=\"af-clear\"><\/div>\n<\/div>\n<div class=\"af-element privacyPolicy\" style=\"text-align: center;\">\n<p>Respetamos la privacidad de tu correo electr\u00f3nico, cumplimos con la GDPR<\/p>\n<div class=\"af-clear\"><\/div>\n<\/div>\n<\/div>\n<\/div>\n<\/form>\n<\/td>\n<\/tr>\n<\/tbody>\n<\/table>\n<h2>Blog de ingl\u00e9s de negocios<\/h2>\n<p>Si\u00e9ntete libre de visitar nuestro <a title=\"Business English blog\" href=\"https:\/\/live-english.net\/es\/category\/ingles-negocios\/\">blog de ingl\u00e9s de negocios<\/a> para mejorar tus habilidades: diferentes temas de ingl\u00e9s cubiertos mediante v\u00eddeos y art\u00edculos. Los recursos del ingl\u00e9s de negocios de las noticias, art\u00edculos y v\u00eddeos te ayudar\u00e1n a mejorar tu vocabulario y fluidez.<\/p>\n<hr \/>\n <aside id=\"custom_html-66\" class=\"widget_text widget widget_custom_html amr_widget\"><div class=\"textwidget custom-html-widget\"><div>\r\n\t<br><br>\r\n<\/div>\r\n<!--EN-->\r\n <!--FR-->\r\n<!--IT-->\r\n<!--DE-->\r\n<aside id=\"custom_html-78\" class=\"widget_text widget widget_custom_html amr_widget\"><div class=\"textwidget custom-html-widget\"><div><a href=\"https:\/\/member.booknstart.com\/trial-registration?lg=es&amp;referred_by=CTA&amp;office_id=3\" title=\"Book a Free Trial Lesson\" target=\"_blank\" rel=\"noopener\"><img alt=\"Book your free English trial lesson\" src='https:\/\/live-english.net\/wp-content\/uploads\/2023\/02\/CTA-prueba.jpg'><\/a>\t\r\n<\/div><\/div><\/aside> <!--ES-->\r\n <!--HE-->\r\n <!--RU--><\/div><\/aside>","protected":false},"excerpt":{"rendered":"<p>Si tu objetivo es poder discutir temas generales de negocios en ingl\u00e9s con compa\u00f1eros o clientes, este curso es para ti. Aprender\u00e1s con profesores de ingl\u00e9s nativo en l\u00ednea, por Zoom o Google Meet, con conocimientos de primera mano en<\/p>\n","protected":false},"author":1,"featured_media":29154,"parent":563,"menu_order":1,"comment_status":"closed","ping_status":"closed","template":"","meta":{"footnotes":""},"class_list":["post-11022","page","type-page","status-publish","hentry"],"_links":{"self":[{"href":"https:\/\/live-english.net\/es\/wp-json\/wp\/v2\/pages\/11022","targetHints":{"allow":["GET"]}}],"collection":[{"href":"https:\/\/live-english.net\/es\/wp-json\/wp\/v2\/pages"}],"about":[{"href":"https:\/\/live-english.net\/es\/wp-json\/wp\/v2\/types\/page"}],"author":[{"embeddable":true,"href":"https:\/\/live-english.net\/es\/wp-json\/wp\/v2\/users\/1"}],"replies":[{"embeddable":true,"href":"https:\/\/live-english.net\/es\/wp-json\/wp\/v2\/comments?post=11022"}],"version-history":[{"count":5,"href":"https:\/\/live-english.net\/es\/wp-json\/wp\/v2\/pages\/11022\/revisions"}],"predecessor-version":[{"id":43935,"href":"https:\/\/live-english.net\/es\/wp-json\/wp\/v2\/pages\/11022\/revisions\/43935"}],"up":[{"embeddable":true,"href":"https:\/\/live-english.net\/es\/wp-json\/wp\/v2\/pages\/563"}],"wp:featuredmedia":[{"embeddable":true,"href":"https:\/\/live-english.net\/es\/wp-json\/wp\/v2\/media\/29154"}],"wp:attachment":[{"href":"https:\/\/live-english.net\/es\/wp-json\/wp\/v2\/media?parent=11022"}],"curies":[{"name":"wp","href":"https:\/\/api.w.org\/{rel}","templated":true}]}}