{"id":11480,"date":"2020-06-16T09:17:06","date_gmt":"2020-06-16T09:17:06","guid":{"rendered":"https:\/\/live-english.net\/?page_id=11480"},"modified":"2023-06-22T08:01:10","modified_gmt":"2023-06-22T08:01:10","slug":"curso-de-ingles-de-negocios-desarrollo-personal","status":"publish","type":"page","link":"https:\/\/live-english.net\/es\/cursos-ingles-online\/clases-ingles-negocios\/curso-de-ingles-de-negocios-desarrollo-personal\/","title":{"rendered":"Curso de ingl\u00e9s de negocios: desarrollo personal"},"content":{"rendered":"<p>Aprende ingl\u00e9s y c\u00e9ntrate en temas de desarrollo personal con nuestra selecci\u00f3n de profesores de ingl\u00e9s nativos expertos en ese campo.<\/p>\n<h2>\u00bfQu\u00e9 es el desarrollo personal?<\/h2>\n<p>El desarrollo personal a menudo se llama habilidades interpersonales o <em>soft skills<\/em>. Existe un gran \u00e9nfasis en el mercado actual para que los empleados desarrollen estas habilidades, independientemente del tipo de trabajo. Por ejemplo, un gerente de ventas y marketing deber\u00e1 estar motivado, tener habilidades de comunicaci\u00f3n y negociaci\u00f3n \u00a1y tener una gran inteligencia emocional! <\/p>\n<p>El desarrollo personal abarca actividades de mejora de la conciencia y la identidad, de desarrollo de talentos y potencialidades, creaci\u00f3n capital humano y mejora de la empleabilidad y de la calidad de vida, as\u00ed como de la contribuci\u00f3n al cumplimiento de sue\u00f1os y aspiraciones. Aprender a lidiar con estos problemas en ingl\u00e9s te ayudar\u00e1 a desarrollar tus habilidades de comunicaci\u00f3n en un entorno internacional.<\/p>\n<h2>\u00bfQu\u00e9 se incluye en el curso de ingl\u00e9s de negocios de desarrollo personal?<\/h2>\n<p>El desarrollo personal es un tema amplio. Las lecciones de ingl\u00e9s podr\u00edan cubrir los siguientes campos:<\/p>\n<ul>\n<li>Gesti\u00f3n del cambio<\/li>\n<li>Orientaci\u00f3n (coaching) y mentores<\/li>\n<li>Comunicaci\u00f3n<\/li>\n<li>Habilidades sociales<\/li>\n<li>Liderazgo<\/li>\n<li>Habilidades de escucha<\/li>\n<li>Motivaci\u00f3n<\/li>\n<li>Negociaci\u00f3n<\/li>\n<li>Trabajo en equipo<\/li>\n<li>Gesti\u00f3n del tiempo<\/li>\n<\/ul>\n<aside id=\"custom_html-81\" class=\"widget_text widget widget_custom_html amr_widget\"><div class=\"textwidget custom-html-widget\"><!--EN-->\r\n <!--FR-->\r\n<!--IT-->\r\n<!--DE-->\r\n<aside id=\"custom_html-85\" class=\"widget_text widget widget_custom_html amr_widget\"><div class=\"textwidget custom-html-widget\"><a href=\"https:\/\/member.booknstart.com\/trial-registration?lg=es&amp;referred_by=sCTA&amp;office_id=3\" title=\"Book a Free Trial Lesson\" target=\"_blank\" rel=\"noopener\"><img decoding=\"async\" src=\"https:\/\/live-english.net\/wp-content\/uploads\/2023\/02\/sCTA-es.jpg\" alt=\"Book your Free English Trial lesson\" \/><\/a><\/div><\/aside> <!--ES-->\r\n <!--HE\r\n[do_widget id=custom_html-72] <!--RU-->\r\n<div>\r\n\t<br><br>\r\n<\/div><\/div><\/aside>\n<h2>Curso de ingl\u00e9s de desarrollo personal: \u00bfpara qui\u00e9n es?<\/h2>\n<p>Lo suyo es que ya tengas un nivel intermedio o superior de ingl\u00e9s. Est\u00e1s interesado en el desarrollo personal en general y quieres practicar tu ingl\u00e9s en torno a estos temas. Es particularmente adecuado para profesores, gu\u00edas, asesores o gerentes, entrenadores o mentores. <\/p>\n<h2>\u00bfC\u00f3mo funcionan las clases de ingl\u00e9s de negocios de desarrollo personal en l\u00ednea?<\/h2>\n<p>Al elegir las clases de ingl\u00e9s de desarrollo personal, recibir\u00e1s acceso a una amplia variedad de recursos en el Study Box, que se centran en el desarrollo personal, con profesores que imparten sus lecciones en l\u00ednea a trav\u00e9s de Skype, Zoom o por tel\u00e9fono, y que cuentan con experiencia en la ense\u00f1anza del ingl\u00e9s y del desarrollo personal. Est\u00e1n familiarizados con la terminolog\u00eda y los recursos pedag\u00f3gicos del curso de ingl\u00e9s de desarrollo personal. Una sesi\u00f3n a la semana es excelente para las personas que ya tienen un buen dominio del ingl\u00e9s profesional y cuyo objetivo es principalmente mantener su nivel. Si el objetivo es mejorar su nivel, se recomiendan 2-3 lecciones. Tambi\u00e9n es recomendable aprender con 2 profesores para no acostumbrarse a un acento espec\u00edfico.<\/p>\n<p>Ten en cuenta que tambi\u00e9n ofrecemos una opci\u00f3n para aquellos interesados en mejorar su <a href=\"https:\/\/live-english.net\/english-courses\/business-english-course\/\" title=\"ingl\u00e9s de negocios\">ingl\u00e9s de negocios<\/a> en diferentes campos.<\/p>\n<p>\u00bfTe gustar\u00eda aprender m\u00e1s sobre nuestro desarrollo personal a trav\u00e9s de un curso de ingl\u00e9s en l\u00ednea? Reg\u00edstrate ahora en una <a href=\"https:\/\/live-english.net\/free-trial\/\" title=\"clase de prueba gratuita\">clase de prueba gratuita<\/a> y cu\u00e9ntale tus necesidades y objetivos a uno de nuestros profesores.<\/p>\n <aside id=\"custom_html-66\" class=\"widget_text widget widget_custom_html amr_widget\"><div class=\"textwidget custom-html-widget\"><div>\r\n\t<br><br>\r\n<\/div>\r\n<!--EN-->\r\n <!--FR-->\r\n<!--IT-->\r\n<!--DE-->\r\n<aside id=\"custom_html-78\" class=\"widget_text widget widget_custom_html amr_widget\"><div class=\"textwidget custom-html-widget\"><div><a href=\"https:\/\/member.booknstart.com\/trial-registration?lg=es&amp;referred_by=CTA&amp;office_id=3\" title=\"Book a Free Trial Lesson\" target=\"_blank\" rel=\"noopener\"><img alt=\"Book your free English trial lesson\" src='https:\/\/live-english.net\/wp-content\/uploads\/2023\/02\/CTA-prueba.jpg'><\/a>\t\r\n<\/div><\/div><\/aside> <!--ES-->\r\n <!--HE-->\r\n <!--RU--><\/div><\/aside>","protected":false},"excerpt":{"rendered":"<p>Aprende ingl\u00e9s y c\u00e9ntrate en temas de desarrollo personal con nuestra selecci\u00f3n de profesores de ingl\u00e9s nativos expertos en ese campo. \u00bfQu\u00e9 es el desarrollo personal? El desarrollo personal a menudo se llama habilidades interpersonales o soft skills. Existe un<\/p>\n","protected":false},"author":1,"featured_media":29561,"parent":563,"menu_order":0,"comment_status":"closed","ping_status":"closed","template":"","meta":{"_monsterinsights_skip_tracking":false,"_monsterinsights_sitenote_active":false,"_monsterinsights_sitenote_note":"","_monsterinsights_sitenote_category":0,"footnotes":""},"class_list":["post-11480","page","type-page","status-publish","hentry"],"_links":{"self":[{"href":"https:\/\/live-english.net\/es\/wp-json\/wp\/v2\/pages\/11480","targetHints":{"allow":["GET"]}}],"collection":[{"href":"https:\/\/live-english.net\/es\/wp-json\/wp\/v2\/pages"}],"about":[{"href":"https:\/\/live-english.net\/es\/wp-json\/wp\/v2\/types\/page"}],"author":[{"embeddable":true,"href":"https:\/\/live-english.net\/es\/wp-json\/wp\/v2\/users\/1"}],"replies":[{"embeddable":true,"href":"https:\/\/live-english.net\/es\/wp-json\/wp\/v2\/comments?post=11480"}],"version-history":[{"count":2,"href":"https:\/\/live-english.net\/es\/wp-json\/wp\/v2\/pages\/11480\/revisions"}],"predecessor-version":[{"id":29569,"href":"https:\/\/live-english.net\/es\/wp-json\/wp\/v2\/pages\/11480\/revisions\/29569"}],"up":[{"embeddable":true,"href":"https:\/\/live-english.net\/es\/wp-json\/wp\/v2\/pages\/563"}],"wp:featuredmedia":[{"embeddable":true,"href":"https:\/\/live-english.net\/es\/wp-json\/wp\/v2\/media\/29561"}],"wp:attachment":[{"href":"https:\/\/live-english.net\/es\/wp-json\/wp\/v2\/media?parent=11480"}],"curies":[{"name":"wp","href":"https:\/\/api.w.org\/{rel}","templated":true}]}}