{"id":11502,"date":"2020-06-16T09:56:16","date_gmt":"2020-06-16T09:56:16","guid":{"rendered":"https:\/\/live-english.net\/?page_id=11502"},"modified":"2023-06-14T06:00:54","modified_gmt":"2023-06-14T06:00:54","slug":"curso-conversacion-ingles-mezcla-acentos","status":"publish","type":"page","link":"https:\/\/live-english.net\/es\/cursos-ingles-online\/clases-conversacionales-en-ingles\/curso-conversacion-ingles-mezcla-acentos\/","title":{"rendered":"Curso de conversaci\u00f3n en ingl\u00e9s: mezcla de acentos"},"content":{"rendered":"<p>Nunca sabes de qu\u00e9 pa\u00eds pueden ser tus compa\u00f1eros o socios nativos ingleses.<\/p>\n<p>Recomendamos encarecidamente aprender con 2-3 profesores y aprender una variedad de acentos. No es buena idea acostumbrarse a un solo acento porque, en la vida real, hablar\u00e1s con personas de los Estados Unidos, del Reino Unido, pero tambi\u00e9n de Australia, Nueva Zelanda, Sud\u00e1frica y muchos otros pa\u00edses. Entonces, \u00bfpor qu\u00e9 limitarse a aprender con profesores de una sola nacionalidad?<br \/>\n<aside id=\"custom_html-81\" class=\"widget_text widget widget_custom_html amr_widget\"><div class=\"textwidget custom-html-widget\"><!--EN-->\r\n <!--FR-->\r\n<!--IT-->\r\n<!--DE-->\r\n<aside id=\"custom_html-85\" class=\"widget_text widget widget_custom_html amr_widget\"><div class=\"textwidget custom-html-widget\"><a href=\"https:\/\/member.booknstart.com\/trial-registration?lg=es&amp;referred_by=sCTA&amp;office_id=3\" title=\"Book a Free Trial Lesson\" target=\"_blank\" rel=\"noopener\"><img decoding=\"async\" src=\"https:\/\/live-english.net\/wp-content\/uploads\/2023\/02\/sCTA-es.jpg\" alt=\"Book your Free English Trial lesson\" \/><\/a><\/div><\/aside> <!--ES-->\r\n <!--HE\r\n[do_widget id=custom_html-72] <!--RU-->\r\n<div>\r\n\t<br><br>\r\n<\/div><\/div><\/aside><\/p>\n<h2>\u00bfQu\u00e9 es el curso de conversaci\u00f3n en ingl\u00e9s con mezcla de acentos?<\/h2>\n<p>Este curso de conversaci\u00f3n en ingl\u00e9s te da la posibilidad de aprender ingl\u00e9s con profesores de varios pa\u00edses diferentes cuyo idioma oficial es el ingl\u00e9s (EE. UU., Reino Unido, Canad\u00e1, Australia, Sud\u00e1frica o Nueva Zelanda). Tu objetivo es una adaptaci\u00f3n completa, como si estuvieras viajando a estos pa\u00edses.<br \/>\n<img fetchpriority=\"high\" decoding=\"async\" src=\"https:\/\/live-english.net\/wp-content\/uploads\/2021\/07\/Mix-of-Accents-English-Speaking-Countries-1-scaled.jpg\" alt=\"\" width=\"2560\" height=\"1148\" class=\"alignnone size-full wp-image-14656\" srcset=\"https:\/\/live-english.net\/wp-content\/uploads\/2021\/07\/Mix-of-Accents-English-Speaking-Countries-1-scaled.jpg 2560w, https:\/\/live-english.net\/wp-content\/uploads\/2021\/07\/Mix-of-Accents-English-Speaking-Countries-1-300x135.jpg 300w, https:\/\/live-english.net\/wp-content\/uploads\/2021\/07\/Mix-of-Accents-English-Speaking-Countries-1-1024x459.jpg 1024w, https:\/\/live-english.net\/wp-content\/uploads\/2021\/07\/Mix-of-Accents-English-Speaking-Countries-1-768x345.jpg 768w, https:\/\/live-english.net\/wp-content\/uploads\/2021\/07\/Mix-of-Accents-English-Speaking-Countries-1-1536x689.jpg 1536w, https:\/\/live-english.net\/wp-content\/uploads\/2021\/07\/Mix-of-Accents-English-Speaking-Countries-1-2048x919.jpg 2048w\" sizes=\"(max-width: 2560px) 100vw, 2560px\" \/><\/p>\n<h2>\u00bfQu\u00e9 se incluye en el curso de conversaci\u00f3n en ingl\u00e9s con mezcla de acentos?<\/h2>\n<p>Aprender con profesores de ingl\u00e9s nativos de tantos pa\u00edses te permite trabajar en diferentes conjuntos de habilidades:<\/p>\n<ul>\n<li>trabajas para mejorar tu acento en ingl\u00e9s y aprendes diferencias en la pronunciaci\u00f3n y la gram\u00e1tica entre el ingl\u00e9s americano y el ingl\u00e9s brit\u00e1nico<\/li>\n<li>te familiarizas con la cultura anglosajona<\/li>\n<li>te resulta m\u00e1s f\u00e1cil entender a los nativos ingleses, independientemente de d\u00f3nde sean<\/li>\n<li>puedes hablar con profesores de ingl\u00e9s de diferentes pa\u00edses y entender las diferencias y similitudes entre ellos<\/li>\n<\/ul>\n<p>Esto es lo que piensa nuestra profesora, Sharon, sobre las lecciones de conversaci\u00f3n en ingl\u00e9s, desde el punto de vista de la cultura.<\/p>\n<p><iframe width=\"560\" height=\"315\" src=\"https:\/\/www.youtube.com\/embed\/Ogzs_IGY27w\" frameborder=\"0\" allow=\"accelerometer; autoplay; encrypted-media; gyroscope; picture-in-picture\" allowfullscreen><\/iframe><\/p>\n<h2>\u00bfPara qui\u00e9n es el curso de conversaci\u00f3n en ingl\u00e9s con mezcla de acentos?<\/h2>\n<p>El curso de conversaci\u00f3n en ingl\u00e9s con mezcla de acentos es para cualquier persona, estudiantes, profesionales, viajeros, etc., que est\u00e9n interesados en mejorar su ingl\u00e9s en un entorno internacional. Varias personas que hacen este curso han pasado alg\u00fan tiempo en un pa\u00eds angloparlante o tienen pensado visitarlo pronto.<\/p>\n<p>Ten en cuenta que, si quieres hablar espec\u00edficamente con profesores con <a href=\"https:\/\/live-english.net\/english-courses\/spoken-english-course\/english-conversation-course-american-accent\/\" title=\"acento estadounidense\">acento estadounidense<\/a> o <a href=\"https:\/\/live-english.net\/english-courses\/spoken-english-course\/english-conversation-course-british-accent\/\" title=\"acento brit\u00e1nico\">brit\u00e1nico<\/a>, puedes seleccionar los cursos correspondientes.<\/p>\n<p>Al elegir las clases de ingl\u00e9s con mezcla de acentos, tendr\u00e1s acceso a una amplia variedad de recursos en Study Box, y los profesores que imparten las lecciones en l\u00ednea a trav\u00e9s de Skype, Zoom o por tel\u00e9fono son de numerosos pa\u00edses angloparlantes diferentes. Una sesi\u00f3n a la semana es excelente para las personas que ya tienen un buen dominio del ingl\u00e9s profesional y cuyo objetivo es principalmente mantener su nivel. Si el objetivo es mejorar su nivel, se recomiendan 2-3 lecciones. Tambi\u00e9n es recomendable aprender con 2-3 profesores de diferentes pa\u00edses.<\/p>\n<p><strong>\u00bfTe gustar\u00eda aprender m\u00e1s sobre nuestro curso de conversaci\u00f3n en ingl\u00e9s con mezcla de acentos? Reg\u00edstrate ahora en una <a href=\"https:\/\/live-english.net\/free-trial\/\" title=\"clase de prueba gratuita\">clase de prueba gratuita<\/a> y cu\u00e9ntale tus necesidades y objetivos a uno de nuestros profesores.<\/strong><\/p>\n <aside id=\"custom_html-66\" class=\"widget_text widget widget_custom_html amr_widget\"><div class=\"textwidget custom-html-widget\"><div>\r\n\t<br><br>\r\n<\/div>\r\n<!--EN-->\r\n <!--FR-->\r\n<!--IT-->\r\n<!--DE-->\r\n<aside id=\"custom_html-78\" class=\"widget_text widget widget_custom_html amr_widget\"><div class=\"textwidget custom-html-widget\"><div><a href=\"https:\/\/member.booknstart.com\/trial-registration?lg=es&amp;referred_by=CTA&amp;office_id=3\" title=\"Book a Free Trial Lesson\" target=\"_blank\" rel=\"noopener\"><img alt=\"Book your free English trial lesson\" src='https:\/\/live-english.net\/wp-content\/uploads\/2023\/02\/CTA-prueba.jpg'><\/a>\t\r\n<\/div><\/div><\/aside> <!--ES-->\r\n <!--HE-->\r\n <!--RU--><\/div><\/aside>","protected":false},"excerpt":{"rendered":"<p>Nunca sabes de qu\u00e9 pa\u00eds pueden ser tus compa\u00f1eros o socios nativos ingleses. Recomendamos encarecidamente aprender con 2-3 profesores y aprender una variedad de acentos. No es buena idea acostumbrarse a un solo acento porque, en la vida real, hablar\u00e1s<\/p>\n","protected":false},"author":1,"featured_media":28937,"parent":571,"menu_order":0,"comment_status":"closed","ping_status":"closed","template":"","meta":{"_monsterinsights_skip_tracking":false,"_monsterinsights_sitenote_active":false,"_monsterinsights_sitenote_note":"","_monsterinsights_sitenote_category":0,"footnotes":""},"class_list":["post-11502","page","type-page","status-publish","hentry"],"_links":{"self":[{"href":"https:\/\/live-english.net\/es\/wp-json\/wp\/v2\/pages\/11502","targetHints":{"allow":["GET"]}}],"collection":[{"href":"https:\/\/live-english.net\/es\/wp-json\/wp\/v2\/pages"}],"about":[{"href":"https:\/\/live-english.net\/es\/wp-json\/wp\/v2\/types\/page"}],"author":[{"embeddable":true,"href":"https:\/\/live-english.net\/es\/wp-json\/wp\/v2\/users\/1"}],"replies":[{"embeddable":true,"href":"https:\/\/live-english.net\/es\/wp-json\/wp\/v2\/comments?post=11502"}],"version-history":[{"count":3,"href":"https:\/\/live-english.net\/es\/wp-json\/wp\/v2\/pages\/11502\/revisions"}],"predecessor-version":[{"id":14706,"href":"https:\/\/live-english.net\/es\/wp-json\/wp\/v2\/pages\/11502\/revisions\/14706"}],"up":[{"embeddable":true,"href":"https:\/\/live-english.net\/es\/wp-json\/wp\/v2\/pages\/571"}],"wp:featuredmedia":[{"embeddable":true,"href":"https:\/\/live-english.net\/es\/wp-json\/wp\/v2\/media\/28937"}],"wp:attachment":[{"href":"https:\/\/live-english.net\/es\/wp-json\/wp\/v2\/media?parent=11502"}],"curies":[{"name":"wp","href":"https:\/\/api.w.org\/{rel}","templated":true}]}}