{"id":12338,"date":"2020-08-16T08:22:49","date_gmt":"2020-08-16T08:22:49","guid":{"rendered":"https:\/\/live-english.net\/?page_id=12338"},"modified":"2023-05-13T19:12:12","modified_gmt":"2023-05-13T19:12:12","slug":"preparacion-ielts","status":"publish","type":"page","link":"https:\/\/live-english.net\/es\/cursos-ingles-online\/preparacion-examenes-ingles\/preparacion-ielts\/","title":{"rendered":"Preparaci\u00f3n para ex\u00e1menes de ingl\u00e9s: IELTS"},"content":{"rendered":"<p>Una formaci\u00f3n en l\u00ednea del IELTS con Live-English.net le permitir\u00e1 cubrir todos los temas que necesita para aprobar el examen. Los docentes de ingl\u00e9s en l\u00ednea encargados de impartir este curso cuentan con la formaci\u00f3n necesaria para poder impartirlo. Algunos son incluso examinadores del IELTS.<\/p>\n<h2>\u00bfQu\u00e9 es el examen IELTS?<\/h2>\n<p>IELTS significa Sistema Internacional de Evaluaci\u00f3n del Idioma Ingl\u00e9s y es una de las pruebas m\u00e1s importantes en cuanto al uso del ingl\u00e9s internacional. Tiene dos tipos:la prueba <strong>IELTS Acad\u00e9mica<\/strong> es apta para personas que desean estudiar en una universidad de habla inglesa o para un registro profesional. Para el resto de inmigraci\u00f3n y empleo, la versi\u00f3n de entrenamiento del <strong>IELTS general<\/strong> es la que se utiliza si quieres entrar en Canad\u00e1, los Estados unidos, Irlanda, Nueva Zelanda o Australia para inmigraci\u00f3n general. Ambos ex\u00e1menes eval\u00faan las destrezas de escuchar, leer, escribir y hablar en ingl\u00e9s. En el examen se obtiene una puntuaci\u00f3n por cada habilidad (de 0 a 9 puntos) que se corresponde con competencias muy espec\u00edficas.<\/p>\n<p>La <a href=\"https:\/\/live-english.net\/ielts-listening-tips\/\" title=\"prueba de comprensi\u00f3n auditiva de IELTS\">prueba de comprensi\u00f3n auditiva de IELTS<\/a> dura 30 minutos. Los cuatro apartados en los que debe trabajar el candidato son ejercicios de comprensi\u00f3n auditiva (di\u00e1logos o mon\u00f3logos) que se reproducen solo una vez.<\/p>\n<p>La <a href=\"https:\/\/live-english.net\/reading-section-ielts\/\" title=\"prueba de lectura de IELTS\">prueba de lectura de IELTS<\/a> dura 60 minutos. Hay tres secciones, desde la m\u00e1s f\u00e1cil hasta la m\u00e1s dif\u00edcil.<\/p>\n<p>La <a href=\"https:\/\/live-english.net\/writing-ielts\/\" title=\"prueba de escritura de IELTS\">prueba de escritura de IELTS<\/a> dura 60 minutos. Se deben completar dos tareas de escritura.<\/p>\n<p>La <a href=\"https:\/\/live-english.net\/score-you-want-ielts-speaking\/\" title=\"prueba de expresi\u00f3n oral de IELTS\">prueba de expresi\u00f3n oral de IELTS<\/a> consta de tres partes con un examinador de IELTS: una entrevista, un mon\u00f3logo de uno o dos minutos sobre un tema concreto y un debate sobre el tema del que habl\u00f3 el candidato. Esta entrevista dura menos de 15 minutos.<br \/>\n<aside id=\"custom_html-81\" class=\"widget_text widget widget_custom_html amr_widget\"><div class=\"textwidget custom-html-widget\"><!--EN-->\r\n <!--FR-->\r\n<!--IT-->\r\n<!--DE-->\r\n<aside id=\"custom_html-85\" class=\"widget_text widget widget_custom_html amr_widget\"><div class=\"textwidget custom-html-widget\"><a href=\"https:\/\/member.booknstart.com\/trial-registration?lg=es&amp;referred_by=sCTA&amp;office_id=3\" title=\"Book a Free Trial Lesson\" target=\"_blank\" rel=\"noopener\"><img decoding=\"async\" src=\"https:\/\/live-english.net\/wp-content\/uploads\/2023\/02\/sCTA-es.jpg\" alt=\"Book your Free English Trial lesson\" \/><\/a><\/div><\/aside> <!--ES-->\r\n <!--HE\r\n[do_widget id=custom_html-72] <!--RU-->\r\n<div>\r\n\t<br><br>\r\n<\/div><\/div><\/aside><\/p>\n<h2>\u00bfPor qu\u00e9 es tan importante la prueba de expresi\u00f3n oral del IELTS?<\/h2>\n<p>Todas las partes del examen IELTS son igual de importantes. De todos modos, para la mayor\u00eda de los alumnos, la prueba de expresi\u00f3n oral del IELTS es la parte m\u00e1s aterradora del examen.<\/p>\n<p>Las personas no se sienten c\u00f3modas hablando en ingl\u00e9s delante de un examinador, normalmente tienen miedo de cometer errores gramaticales, mostrarse dubitativas o no comprender la pregunta. En ocasiones, obtienen puntuaciones bajas porque no saben en qu\u00e9 consiste la prueba de expresi\u00f3n oral del IELTS. No es acerca de tus conocimientos sobre el tema del que se te pregunta, sino sobre ser capaz de expresar tus ideas de forma l\u00f3gica y coherente. Lo \u00fanico que se eval\u00faa son tus habilidades para hablar ingl\u00e9s. <\/p>\n<p>Por eso, nuestros profesores que se especializan en la preparaci\u00f3n del examen IELTS te ayudar\u00e1n a ganar confianza al hablar, ampliar tu vocabulario y centrarte en todos los aspectos importantes a fin de ayudarte a preparar el examen IELTS con \u00e9xito.<\/p>\n<h2>\u00bfQu\u00e9 incluye la preparaci\u00f3n del examen IELTS?<\/h2>\n<ul>\n<li>Recibir\u00e1 una introducci\u00f3n al examen IELTS, ver\u00e1 cu\u00e1les son los distintos tipos de ejercicio del examen y c\u00f3mo obtener una buena puntuaci\u00f3n para que sepa lo que se espera de usted.<\/li>\n<li>Practicar\u00e1 con ejercicios t\u00edpicos del IELTS<\/li>\n<li>Recibir\u00e1 consejos generales para mejorar su nivel de ingl\u00e9s<\/li>\n<li>Su docente le motivar\u00e1 y le transmitir\u00e1 la confianza en s\u00ed mismo que necesita para aprobar el IELTS.<\/li>\n<\/ul>\n<h2>Aprenda con docentes expertos en IELTS<\/h2>\n<p>Los docentes que ayudan a nuestros estudiantes a prepararse para el examen IELTS tienen mucha experiencia con los requisitos y las distintas habilidades en las que trabajar.<\/p>\n<p>Jeremy (docente de ingl\u00e9s en l\u00ednea en Live-English.net) comparte con nosotros algunas observaciones sobre el IELTS:<\/p>\n<p><iframe width=\"560\" height=\"315\" src=\"https:\/\/www.youtube.com\/embed\/SOG7wUygVlE\" frameborder=\"0\" allow=\"accelerometer; autoplay; encrypted-media; gyroscope; picture-in-picture\" allowfullscreen><\/iframe><\/p>\n<h2>\u00bfPara qui\u00e9n est\u00e1 destinado el Curso de preparaci\u00f3n para el examen IELTS?<\/h2>\n<p>Este curso es adecuado para cualquier persona que tenga que hacer el examen IELTS. Le ayudaremos a obtener la puntuaci\u00f3n de IELTS que necesite tanto si es usted un estudiante, un profesional o alguien que busca un traslado. Puede prepararse para el IELTS en unos meses o tener un curso intensivo antes de la fecha de su examen.<\/p>\n<p><strong>\u00bfLe gustar\u00eda obtener m\u00e1s informaci\u00f3n sobre el curso de preparaci\u00f3n para el examen de ingl\u00e9s IELTS? Reg\u00edstrese ya para recibir una <a href=\"https:\/\/live-english.net\/free-trial\/\" title=\"clase de prueba gratis\">clase de prueba gratis<\/a> y cu\u00e9ntele a uno de nuestros docentes cu\u00e1les son sus necesidades y objetivos.<\/strong><\/p>\n <aside id=\"custom_html-66\" class=\"widget_text widget widget_custom_html amr_widget\"><div class=\"textwidget custom-html-widget\"><div>\r\n\t<br><br>\r\n<\/div>\r\n<!--EN-->\r\n <!--FR-->\r\n<!--IT-->\r\n<!--DE-->\r\n<aside id=\"custom_html-78\" class=\"widget_text widget widget_custom_html amr_widget\"><div class=\"textwidget custom-html-widget\"><div><a href=\"https:\/\/member.booknstart.com\/trial-registration?lg=es&amp;referred_by=CTA&amp;office_id=3\" title=\"Book a Free Trial Lesson\" target=\"_blank\" rel=\"noopener\"><img alt=\"Book your free English trial lesson\" src='https:\/\/live-english.net\/wp-content\/uploads\/2023\/02\/CTA-prueba.jpg'><\/a>\t\r\n<\/div><\/div><\/aside> <!--ES-->\r\n <!--HE-->\r\n <!--RU--><\/div><\/aside>","protected":false},"excerpt":{"rendered":"<p>Una formaci\u00f3n en l\u00ednea del IELTS con Live-English.net le permitir\u00e1 cubrir todos los temas que necesita para aprobar el examen. Los docentes de ingl\u00e9s en l\u00ednea encargados de impartir este curso cuentan con la formaci\u00f3n necesaria para poder impartirlo. Algunos<\/p>\n","protected":false},"author":1,"featured_media":26697,"parent":565,"menu_order":0,"comment_status":"closed","ping_status":"closed","template":"","meta":{"_monsterinsights_skip_tracking":false,"_monsterinsights_sitenote_active":false,"_monsterinsights_sitenote_note":"","_monsterinsights_sitenote_category":0,"footnotes":""},"class_list":["post-12338","page","type-page","status-publish","hentry"],"_links":{"self":[{"href":"https:\/\/live-english.net\/es\/wp-json\/wp\/v2\/pages\/12338","targetHints":{"allow":["GET"]}}],"collection":[{"href":"https:\/\/live-english.net\/es\/wp-json\/wp\/v2\/pages"}],"about":[{"href":"https:\/\/live-english.net\/es\/wp-json\/wp\/v2\/types\/page"}],"author":[{"embeddable":true,"href":"https:\/\/live-english.net\/es\/wp-json\/wp\/v2\/users\/1"}],"replies":[{"embeddable":true,"href":"https:\/\/live-english.net\/es\/wp-json\/wp\/v2\/comments?post=12338"}],"version-history":[{"count":5,"href":"https:\/\/live-english.net\/es\/wp-json\/wp\/v2\/pages\/12338\/revisions"}],"predecessor-version":[{"id":18877,"href":"https:\/\/live-english.net\/es\/wp-json\/wp\/v2\/pages\/12338\/revisions\/18877"}],"up":[{"embeddable":true,"href":"https:\/\/live-english.net\/es\/wp-json\/wp\/v2\/pages\/565"}],"wp:featuredmedia":[{"embeddable":true,"href":"https:\/\/live-english.net\/es\/wp-json\/wp\/v2\/media\/26697"}],"wp:attachment":[{"href":"https:\/\/live-english.net\/es\/wp-json\/wp\/v2\/media?parent=12338"}],"curies":[{"name":"wp","href":"https:\/\/api.w.org\/{rel}","templated":true}]}}