{"id":12365,"date":"2020-08-16T08:59:55","date_gmt":"2020-08-16T08:59:55","guid":{"rendered":"https:\/\/live-english.net\/?page_id=12365"},"modified":"2023-06-14T06:21:53","modified_gmt":"2023-06-14T06:21:53","slug":"ingles-niveles-elementales","status":"publish","type":"page","link":"https:\/\/live-english.net\/es\/cursos-ingles-online\/clases-conversacionales-en-ingles\/ingles-niveles-elementales\/","title":{"rendered":"Curso de conversaci\u00f3n en ingl\u00e9s: niveles elementales"},"content":{"rendered":"<p>Como adulto que no ha practicado mucho ingl\u00e9s hasta el momento, probablemente haya llegado a la conclusi\u00f3n de que el ingl\u00e9s est\u00e1 ahora en todas partes y de que es hora de tener un nivel m\u00e1s activo.<\/p>\n<p>Nuestros docentes de ingl\u00e9s (especializados en la ense\u00f1anza de estudiantes de nivel elemental) aplican nuestros satisfactorios m\u00e9todos para ayudarle a mejorar su ingl\u00e9s y poner fin a las diferencias entre su nivel y el de sus compa\u00f1eros.<\/p>\n<p>Si le interesan las <a title=\"clases de conversaci\u00f3n en ingl\u00e9s\" href=\"https:\/\/live-english.net\/english-courses\/spoken-english-course\/\">clases de conversaci\u00f3n en ingl\u00e9s<\/a> para niveles superiores, consulte esta p\u00e1gina para obtener informaci\u00f3n sobre nuestros cursos de conversaci\u00f3n en ingl\u00e9s.<\/p>\n<h2>\u00bfQu\u00e9 es el Curso de conversaci\u00f3n en ingl\u00e9s para niveles elementales?<\/h2>\n<p>Nunca es tarde para aprender ingl\u00e9s. Este curso se ha dise\u00f1ado para ayudar a adultos que no hayan estado muy expuestos al ingl\u00e9s y que necesitan mejorar su nivel.<br \/>\nLos docentes nativos de ingl\u00e9s que imparten este curso cuentan con la formaci\u00f3n necesaria para utilizar m\u00e9todos avanzados y crear un entorno seguro para aprender ingl\u00e9s en ingl\u00e9s.<br \/>\n<aside id=\"custom_html-81\" class=\"widget_text widget widget_custom_html amr_widget\"><div class=\"textwidget custom-html-widget\"><!--EN-->\r\n <!--FR-->\r\n<!--IT-->\r\n<!--DE-->\r\n<aside id=\"custom_html-85\" class=\"widget_text widget widget_custom_html amr_widget\"><div class=\"textwidget custom-html-widget\"><a href=\"https:\/\/member.booknstart.com\/trial-registration?lg=es&amp;referred_by=sCTA&amp;office_id=3\" title=\"Book a Free Trial Lesson\" target=\"_blank\" rel=\"noopener\"><img decoding=\"async\" src=\"https:\/\/live-english.net\/wp-content\/uploads\/2023\/02\/sCTA-es.jpg\" alt=\"Book your Free English Trial lesson\" \/><\/a><\/div><\/aside> <!--ES-->\r\n <!--HE\r\n[do_widget id=custom_html-72] <!--RU-->\r\n<div>\r\n\t<br><br>\r\n<\/div><\/div><\/aside><\/p>\n<h2>\u00bfQu\u00e9 abarca el Curso de conversaci\u00f3n en ingl\u00e9s para niveles elementales?<\/h2>\n<p><img fetchpriority=\"high\" decoding=\"async\" src=\"https:\/\/live-english.net\/wp-content\/uploads\/2023\/05\/elementary-levels-1024x1024.jpg\" alt=\"\" width=\"750\" height=\"422\" class=\"alignnone size-large wp-image-26851\" \/><br \/>\nEl curso incluye:<\/p>\n<ul>\n<li>Clases de conversaci\u00f3n privada en ingl\u00e9s por Skype o Zoom a su ritmo<\/li>\n<li>Repaso b\u00e1sico de vocabulario y gram\u00e1tica<\/li>\n<li>Ejercicios que suministre su docente para reforzar lo aprendido durante la clase<\/li>\n<li>Clases que se centran en la pronunciaci\u00f3n en ingl\u00e9s<\/li>\n<\/ul>\n<h2>\u00bfPara qui\u00e9n est\u00e1 destinado el Curso de conversaci\u00f3n en ingl\u00e9s para niveles elementales?<\/h2>\n<p>Este curso es para adultos que nunca han tenido la oportunidad de practicar su ingl\u00e9s desde que fueron a secundaria o a la universidad, pero que saben que dominar el ingl\u00e9s debe ser su nuevo objetivo.<\/p>\n<p>Nuestro m\u00e9todo se basa en el concepto de inmersi\u00f3n total, ya que la mejor forma de mejorar el ingl\u00e9s es aprendiendo ingl\u00e9s en ingl\u00e9s. Por eso, este curso de ingl\u00e9s no es apto para principiantes. Si tiene el nivel A2, encontrar\u00e1 las herramientas y el tiempo de pr\u00e1ctica adecuados para subir su nivel de ingl\u00e9s.<\/p>\n<p>\u00bfLe interesa nuestro curso de conversaci\u00f3n en ingl\u00e9s a nivel elemental? Reg\u00edstrese ya para recibir una <a title=\"clase de prueba gratis en ingl\u00e9s\" href=\"https:\/\/live-english.net\/free-trial\/\">clase de prueba gratis<\/a> y descubra c\u00f3mo las clases privadas por Skype o Zoom pueden aumentar su nivel y confianza en ingl\u00e9s.<\/p>\n <aside id=\"custom_html-66\" class=\"widget_text widget widget_custom_html amr_widget\"><div class=\"textwidget custom-html-widget\"><div>\r\n\t<br><br>\r\n<\/div>\r\n<!--EN-->\r\n <!--FR-->\r\n<!--IT-->\r\n<!--DE-->\r\n<aside id=\"custom_html-78\" class=\"widget_text widget widget_custom_html amr_widget\"><div class=\"textwidget custom-html-widget\"><div><a href=\"https:\/\/member.booknstart.com\/trial-registration?lg=es&amp;referred_by=CTA&amp;office_id=3\" title=\"Book a Free Trial Lesson\" target=\"_blank\" rel=\"noopener\"><img alt=\"Book your free English trial lesson\" src='https:\/\/live-english.net\/wp-content\/uploads\/2023\/02\/CTA-prueba.jpg'><\/a>\t\r\n<\/div><\/div><\/aside> <!--ES-->\r\n <!--HE-->\r\n <!--RU--><\/div><\/aside>","protected":false},"excerpt":{"rendered":"<p>Como adulto que no ha practicado mucho ingl\u00e9s hasta el momento, probablemente haya llegado a la conclusi\u00f3n de que el ingl\u00e9s est\u00e1 ahora en todas partes y de que es hora de tener un nivel m\u00e1s activo. Nuestros docentes de<\/p>\n","protected":false},"author":1,"featured_media":29003,"parent":571,"menu_order":0,"comment_status":"closed","ping_status":"closed","template":"","meta":{"_monsterinsights_skip_tracking":false,"_monsterinsights_sitenote_active":false,"_monsterinsights_sitenote_note":"","_monsterinsights_sitenote_category":0,"footnotes":""},"class_list":["post-12365","page","type-page","status-publish","hentry"],"_links":{"self":[{"href":"https:\/\/live-english.net\/es\/wp-json\/wp\/v2\/pages\/12365","targetHints":{"allow":["GET"]}}],"collection":[{"href":"https:\/\/live-english.net\/es\/wp-json\/wp\/v2\/pages"}],"about":[{"href":"https:\/\/live-english.net\/es\/wp-json\/wp\/v2\/types\/page"}],"author":[{"embeddable":true,"href":"https:\/\/live-english.net\/es\/wp-json\/wp\/v2\/users\/1"}],"replies":[{"embeddable":true,"href":"https:\/\/live-english.net\/es\/wp-json\/wp\/v2\/comments?post=12365"}],"version-history":[{"count":6,"href":"https:\/\/live-english.net\/es\/wp-json\/wp\/v2\/pages\/12365\/revisions"}],"predecessor-version":[{"id":26863,"href":"https:\/\/live-english.net\/es\/wp-json\/wp\/v2\/pages\/12365\/revisions\/26863"}],"up":[{"embeddable":true,"href":"https:\/\/live-english.net\/es\/wp-json\/wp\/v2\/pages\/571"}],"wp:featuredmedia":[{"embeddable":true,"href":"https:\/\/live-english.net\/es\/wp-json\/wp\/v2\/media\/29003"}],"wp:attachment":[{"href":"https:\/\/live-english.net\/es\/wp-json\/wp\/v2\/media?parent=12365"}],"curies":[{"name":"wp","href":"https:\/\/api.w.org\/{rel}","templated":true}]}}