{"id":295,"date":"2018-06-03T20:28:30","date_gmt":"2018-06-03T20:28:30","guid":{"rendered":"https:\/\/live-english.net\/?page_id=295"},"modified":"2019-05-02T19:06:31","modified_gmt":"2019-05-02T19:06:31","slug":"clases-de-ingles-online","status":"publish","type":"page","link":"https:\/\/live-english.net\/es\/clases-de-ingles-online\/","title":{"rendered":"Clases de ingl\u00e9s online: Skype, Zoom \u00f3 tel\u00e9fono"},"content":{"rendered":" <aside id=\"custom_html-66\" class=\"widget_text widget widget_custom_html amr_widget\"><div class=\"textwidget custom-html-widget\"><div>\r\n\t<br><br>\r\n<\/div>\r\n<!--EN-->\r\n <!--FR-->\r\n<!--IT-->\r\n<!--DE-->\r\n<aside id=\"custom_html-78\" class=\"widget_text widget widget_custom_html amr_widget\"><div class=\"textwidget custom-html-widget\"><div><a href=\"https:\/\/member.booknstart.com\/trial-registration?lg=es&amp;referred_by=CTA&amp;office_id=3\" title=\"Book a Free Trial Lesson\" target=\"_blank\" rel=\"noopener\"><img alt=\"Book your free English trial lesson\" src='https:\/\/live-english.net\/wp-content\/uploads\/2023\/02\/CTA-prueba.jpg'><\/a>\t\r\n<\/div><\/div><\/aside> <!--ES-->\r\n <!--HE-->\r\n <!--RU--><\/div><\/aside>","protected":false},"excerpt":{"rendered":"","protected":false},"author":1,"featured_media":0,"parent":0,"menu_order":0,"comment_status":"closed","ping_status":"open","template":"page-templates\/business.php","meta":{"footnotes":""},"class_list":["post-295","page","type-page","status-publish","hentry"],"_links":{"self":[{"href":"https:\/\/live-english.net\/es\/wp-json\/wp\/v2\/pages\/295","targetHints":{"allow":["GET"]}}],"collection":[{"href":"https:\/\/live-english.net\/es\/wp-json\/wp\/v2\/pages"}],"about":[{"href":"https:\/\/live-english.net\/es\/wp-json\/wp\/v2\/types\/page"}],"author":[{"embeddable":true,"href":"https:\/\/live-english.net\/es\/wp-json\/wp\/v2\/users\/1"}],"replies":[{"embeddable":true,"href":"https:\/\/live-english.net\/es\/wp-json\/wp\/v2\/comments?post=295"}],"version-history":[{"count":0,"href":"https:\/\/live-english.net\/es\/wp-json\/wp\/v2\/pages\/295\/revisions"}],"wp:attachment":[{"href":"https:\/\/live-english.net\/es\/wp-json\/wp\/v2\/media?parent=295"}],"curies":[{"name":"wp","href":"https:\/\/api.w.org\/{rel}","templated":true}]}}