{"id":557,"date":"2018-06-05T07:35:14","date_gmt":"2018-06-05T07:35:14","guid":{"rendered":"https:\/\/live-english.net\/?page_id=557"},"modified":"2025-02-24T13:26:40","modified_gmt":"2025-02-24T13:26:40","slug":"contacte-con-nosotros","status":"publish","type":"page","link":"https:\/\/live-english.net\/es\/contacte-con-nosotros\/","title":{"rendered":"Cont\u00e1ctenos"},"content":{"rendered":"\t\t<div data-elementor-type=\"wp-page\" data-elementor-id=\"557\" class=\"elementor elementor-557 elementor-103\" data-elementor-post-type=\"page\">\n\t\t\t\t\t\t<section class=\"elementor-section elementor-top-section elementor-element elementor-element-74439f83 elementor-section-boxed elementor-section-height-default elementor-section-height-default\" data-id=\"74439f83\" data-element_type=\"section\">\n\t\t\t\t\t\t<div class=\"elementor-container elementor-column-gap-default\">\n\t\t\t\t\t<div class=\"elementor-column elementor-col-100 elementor-top-column elementor-element elementor-element-272d8633\" data-id=\"272d8633\" data-element_type=\"column\">\n\t\t\t<div class=\"elementor-widget-wrap elementor-element-populated\">\n\t\t\t\t\t\t<div class=\"elementor-element elementor-element-6b0295a1 elementor-widget elementor-widget-text-editor\" data-id=\"6b0295a1\" data-element_type=\"widget\" data-widget_type=\"text-editor.default\">\n\t\t\t\t<div class=\"elementor-widget-container\">\n\t\t\t\t\t\t\t\t\tSi ya ha formado parte de Live-English.net (en la actualidad o en el pasado), inicie sesi\u00f3n en el <a href=\"https:\/\/member.booknstart.com\/student\/send-message\" target=\"_blank\" rel=\"noopener noreferrer\">\u00c1rea de miembros<\/a> y pregunte a nuestro equipo cualquier duda que pueda tener sobre su curso de ingl\u00e9s o sobre su cuenta.\n\n<strong>Si no es miembro de Live-English.net (ni en la actualidad ni en el pasado):<\/strong>\nRellene este formulario y nos pondremos en contacto con Usted lo m\u00e1s pronto posible.\n\n\t\t\t\t\t\t\t\t<\/div>\n\t\t\t\t<\/div>\n\t\t\t\t<div class=\"elementor-element elementor-element-fe44774 elementor-widget elementor-widget-elementskit-contact-form7\" data-id=\"fe44774\" data-element_type=\"widget\" data-widget_type=\"elementskit-contact-form7.default\">\n\t\t\t\t<div class=\"elementor-widget-container\">\n\t\t\t\t\t<div class=\"ekit-wid-con\" ><div class=\"ekit-form\">\n<div class=\"wpcf7 no-js\" id=\"wpcf7-f40150-p557-o1\" lang=\"en-US\" dir=\"ltr\" data-wpcf7-id=\"40150\">\n<div class=\"screen-reader-response\"><p role=\"status\" aria-live=\"polite\" aria-atomic=\"true\"><\/p> <ul><\/ul><\/div>\n<form action=\"\/es\/contacte-con-nosotros\/#wpcf7-f40150-p557-o1\" method=\"post\" class=\"wpcf7-form init\" aria-label=\"Contact form\" novalidate=\"novalidate\" data-status=\"init\">\n<fieldset class=\"hidden-fields-container\"><input type=\"hidden\" name=\"_wpcf7\" value=\"40150\" \/><input type=\"hidden\" name=\"_wpcf7_version\" value=\"6.1.4\" \/><input type=\"hidden\" name=\"_wpcf7_locale\" value=\"en_US\" \/><input type=\"hidden\" name=\"_wpcf7_unit_tag\" value=\"wpcf7-f40150-p557-o1\" \/><input type=\"hidden\" name=\"_wpcf7_container_post\" value=\"557\" \/><input type=\"hidden\" name=\"_wpcf7_posted_data_hash\" value=\"\" \/><input type=\"hidden\" name=\"_wpcf7_recaptcha_response\" value=\"\" \/>\n<\/fieldset>\n<div>\n<input class=\"wpcf7-form-control wpcf7-hidden\" value=\"3\" type=\"hidden\" name=\"office\" \/>\n<input class=\"wpcf7-form-control wpcf7-hidden\" value=\"\" type=\"hidden\" name=\"email\" \/>\n<input class=\"wpcf7-form-control wpcf7-hidden\" value=\"es\" type=\"hidden\" name=\"lg\" \/>\n<input class=\"wpcf7-form-control wpcf7-hidden\" value=\"2\" type=\"hidden\" name=\"leadsource\" \/>\n<input class=\"wpcf7-form-control wpcf7-hidden\" value=\"35\" type=\"hidden\" name=\"redirect\" \/>\n\t<p>[dynamic_hidden last_visited_url dtx_referrer \"CF7_URL\"]\n\t<\/p>\n<\/div>\n<div>\n\t<p><label>Nombre<\/label><span class=\"wpcf7-form-control-wrap\" data-name=\"fname\"><input size=\"40\" maxlength=\"400\" class=\"wpcf7-form-control wpcf7-text wpcf7-validates-as-required\" id=\"awf_field-80469999\" aria-required=\"true\" aria-invalid=\"false\" value=\"\" type=\"text\" name=\"fname\" \/><\/span>\n\t<\/p>\n<\/div>\n<div>\n\t<p><label>Correo electr\u00f3nico<\/label><span class=\"wpcf7-form-control-wrap\" data-name=\"alternate\"><input size=\"40\" maxlength=\"400\" class=\"wpcf7-form-control wpcf7-email wpcf7-validates-as-required wpcf7-text wpcf7-validates-as-email\" id=\"awf_field-80470000\" aria-required=\"true\" aria-invalid=\"false\" value=\"\" type=\"email\" name=\"alternate\" \/><\/span>\n\t<\/p>\n<\/div>\n<div>\n<input class=\"wpcf7-form-control wpcf7-hidden\" id=\"awf_field-80470001\" value=\"\" type=\"hidden\" name=\"skype\" \/>\n<\/div>\n<div>\n\t<p><label>Tel\u00e9fono de contacto<\/label><span class=\"wpcf7-form-control-wrap\" data-name=\"tel\"><input size=\"40\" maxlength=\"400\" class=\"wpcf7-form-control wpcf7-tel wpcf7-validates-as-required wpcf7-text wpcf7-validates-as-tel\" id=\"awf_field-80470002\" aria-required=\"true\" aria-invalid=\"false\" value=\"\" type=\"tel\" name=\"tel\" \/><\/span>\n\t<\/p>\n<\/div>\n<div>\n\t<p><label>Objetivo<\/label><span class=\"wpcf7-form-control-wrap\" data-name=\"subject\"><input size=\"40\" maxlength=\"400\" class=\"wpcf7-form-control wpcf7-text wpcf7-validates-as-required\" id=\"awf_field-80470003\" aria-required=\"true\" aria-invalid=\"false\" value=\"\" type=\"text\" name=\"subject\" \/><\/span>\n\t<\/p>\n<\/div>\n<div>\n\t<p><label>\u00bfTiene alguna pregunta?<\/label><span class=\"wpcf7-form-control-wrap\" data-name=\"comment\"><textarea cols=\"40\" rows=\"10\" maxlength=\"2000\" class=\"wpcf7-form-control wpcf7-textarea wpcf7-validates-as-required\" id=\"awf_field-80470004\" aria-required=\"true\" aria-invalid=\"false\" name=\"comment\"><\/textarea><\/span>\n\t<\/p>\n<\/div>\n<div>\n<input class=\"wpcf7-form-control wpcf7-hidden\" value=\"i2oHzVhoPipuAsW5AesgEwkk2GkhLxLbQFtWGCFb3AWpBw4RzR4qTKUSXHxHYFkH\" type=\"hidden\" name=\"ftime\" \/>\n<\/div>\n<div>\n\t<p><input class=\"wpcf7-form-control wpcf7-submit has-spinner\" type=\"submit\" value=\"Enviar\" \/>\n\t<\/p>\n<\/div><p style=\"display: none !important;\" class=\"akismet-fields-container\" data-prefix=\"_wpcf7_ak_\"><label>&#916;<textarea name=\"_wpcf7_ak_hp_textarea\" cols=\"45\" rows=\"8\" maxlength=\"100\"><\/textarea><\/label><input type=\"hidden\" id=\"ak_js_1\" name=\"_wpcf7_ak_js\" value=\"71\"\/><script>document.getElementById( \"ak_js_1\" ).setAttribute( \"value\", ( new Date() ).getTime() );<\/script><\/p><div class=\"wpcf7-response-output\" aria-hidden=\"true\"><\/div>\n<\/form>\n<\/div>\n<\/div><\/div>\t\t\t\t<\/div>\n\t\t\t\t<\/div>\n\t\t\t\t\t<\/div>\n\t\t<\/div>\n\t\t\t\t\t<\/div>\n\t\t<\/section>\n\t\t\t\t<\/div>\n\t\t <aside id=\"custom_html-66\" class=\"widget_text widget widget_custom_html amr_widget\"><div class=\"textwidget custom-html-widget\"><div>\r\n\t<br><br>\r\n<\/div>\r\n<!--EN-->\r\n <!--FR-->\r\n<!--IT-->\r\n<!--DE-->\r\n<aside id=\"custom_html-78\" class=\"widget_text widget widget_custom_html amr_widget\"><div class=\"textwidget custom-html-widget\"><div><a href=\"https:\/\/member.booknstart.com\/trial-registration?lg=es&amp;referred_by=CTA&amp;office_id=3\" title=\"Book a Free Trial Lesson\" target=\"_blank\" rel=\"noopener\"><img alt=\"Book your free English trial lesson\" src='https:\/\/live-english.net\/wp-content\/uploads\/2023\/02\/CTA-prueba.jpg'><\/a>\t\r\n<\/div><\/div><\/aside> <!--ES-->\r\n <!--HE-->\r\n <!--RU--><\/div><\/aside>","protected":false},"excerpt":{"rendered":"<p>Si ya ha formado parte de Live-English.net (en la actualidad o en el pasado), inicie sesi\u00f3n en el \u00c1rea de miembros y pregunte a nuestro equipo cualquier duda que pueda tener sobre su curso de ingl\u00e9s o sobre su cuenta.<\/p>\n","protected":false},"author":1,"featured_media":0,"parent":0,"menu_order":0,"comment_status":"closed","ping_status":"closed","template":"","meta":{"_monsterinsights_skip_tracking":false,"_monsterinsights_sitenote_active":false,"_monsterinsights_sitenote_note":"","_monsterinsights_sitenote_category":0,"footnotes":""},"class_list":["post-557","page","type-page","status-publish","hentry"],"_links":{"self":[{"href":"https:\/\/live-english.net\/es\/wp-json\/wp\/v2\/pages\/557","targetHints":{"allow":["GET"]}}],"collection":[{"href":"https:\/\/live-english.net\/es\/wp-json\/wp\/v2\/pages"}],"about":[{"href":"https:\/\/live-english.net\/es\/wp-json\/wp\/v2\/types\/page"}],"author":[{"embeddable":true,"href":"https:\/\/live-english.net\/es\/wp-json\/wp\/v2\/users\/1"}],"replies":[{"embeddable":true,"href":"https:\/\/live-english.net\/es\/wp-json\/wp\/v2\/comments?post=557"}],"version-history":[{"count":22,"href":"https:\/\/live-english.net\/es\/wp-json\/wp\/v2\/pages\/557\/revisions"}],"predecessor-version":[{"id":40156,"href":"https:\/\/live-english.net\/es\/wp-json\/wp\/v2\/pages\/557\/revisions\/40156"}],"wp:attachment":[{"href":"https:\/\/live-english.net\/es\/wp-json\/wp\/v2\/media?parent=557"}],"curies":[{"name":"wp","href":"https:\/\/api.w.org\/{rel}","templated":true}]}}