{"id":563,"date":"2018-06-03T12:01:14","date_gmt":"2018-06-03T12:01:14","guid":{"rendered":"https:\/\/live-english.net\/?page_id=563"},"modified":"2025-11-13T09:05:34","modified_gmt":"2025-11-13T09:05:34","slug":"clases-ingles-negocios","status":"publish","type":"page","link":"https:\/\/live-english.net\/es\/cursos-ingles-online\/clases-ingles-negocios\/","title":{"rendered":"Curso de ingl\u00e9s profesional y de negocios"},"content":{"rendered":"<p>Live-English.net desarroll\u00f3 un curso especial de <strong>ingl\u00e9s profesional y de negocios online<\/strong> para que se pueda sentir m\u00e1s seguro en todas las situaciones relacionadas con el trabajo. De hecho, tener \u00e9xito en el mundo profesional muchas veces depende de sus conocimientos del idioma ingl\u00e9s, y especialmente de su habilidad de comunicarse en ingl\u00e9s con sus colegas, clientes y futuros socios. Por eso, puede elegir realizar su curso v\u00eda Zoom, Google Meet o telefono y mejorar sus habilidades profesionales de comunicaci\u00f3n sin tener que salir del confort de su casa u oficina.<\/p>\n<h2>Curso online de ingl\u00e9s profesional y de negocios<\/h2>\n<p>Con nuestro <strong>Curso online de ingl\u00e9s profesional y de negocios<\/strong> podr\u00e1:<\/p>\n<ul>\n<li>Elegir el camino indicado y concentrarse en su \u00e1rea profesional, usando material de estudio relacionado.<\/li>\n<li>Estudie con profesores especializados en su \u00e1rea profesional.<\/li>\n<li>Mejore sus habilidades de comunicaci\u00f3n profesional.<\/li>\n<li>Descubra los secretos de una interacci\u00f3n profesional y correcta en ingl\u00e9s para su \u00e1rea espec\u00edfica.<\/li>\n<\/ul>\n<aside id=\"custom_html-81\" class=\"widget_text widget widget_custom_html amr_widget\"><div class=\"textwidget custom-html-widget\"><!--EN-->\r\n <!--FR-->\r\n<!--IT-->\r\n<!--DE-->\r\n<aside id=\"custom_html-85\" class=\"widget_text widget widget_custom_html amr_widget\"><div class=\"textwidget custom-html-widget\"><a href=\"https:\/\/member.booknstart.com\/trial-registration?lg=es&amp;referred_by=sCTA&amp;office_id=3\" title=\"Book a Free Trial Lesson\" target=\"_blank\" rel=\"noopener\"><img decoding=\"async\" src=\"https:\/\/live-english.net\/wp-content\/uploads\/2023\/02\/sCTA-es.jpg\" alt=\"Book your Free English Trial lesson\" \/><\/a><\/div><\/aside> <!--ES-->\r\n <!--HE\r\n[do_widget id=custom_html-72] <!--RU-->\r\n<div>\r\n\t<br><br>\r\n<\/div><\/div><\/aside>\n<h2>Elija el enfoque de su curso de ingl\u00e9s profesional y de negocios<\/h2>\n<ul>\n<li><a title=\"Ingl\u00e9s de negocios general\" href=\"https:\/\/live-english.net\/english-courses\/business-english-course\/general-business-english\/\">Ingl\u00e9s de negocios general<\/a> &#8211; estudie temas generales de ingl\u00e9s de negocios para aprender de diversos temas de negocios.<\/li>\n<li><a title=\"Recursos Humanos\" href=\"https:\/\/live-english.net\/english-courses\/business-english-course\/business-english-course-human-resources\/\">Recursos Humanos<\/a> &#8211; trate temas de RR.HH. con profesores nativos de ingl\u00e9s que cuentan con experiencia profesional en el \u00e1rea.<\/li>\n<li><a title=\"Finanzas &amp; Contabilidad\" href=\"https:\/\/live-english.net\/english-courses\/business-english-course\/business-english-course-finance-accounting\/\">Finanzas &amp; Contabilidad<\/a>&#8211; mejore su ingl\u00e9s en diversos \u00e1reas como asuntos bancarios, acciones, finanzas, contabilidad o seguros.<\/li>\n<li><a title=\"Venta &amp; Marketing\" href=\"https:\/\/live-english.net\/english-courses\/business-english-course\/business-english-sales-marketing\/\">Venta &amp; Marketing<\/a> &#8211; siga informado en este \u00e1rea fascinante de evoluci\u00f3n continua con el enfoque ideal para aquellos que trabajan en venta, marketing, marketing online, atenci\u00f3n al consumidor o relaciones p\u00fablicas.<\/li>\n<li><a title=\"Ciencia &amp; Tecnolog\u00eda\" href=\"https:\/\/live-english.net\/english-courses\/business-english-course\/professional-english-course-science-technology\/\">Ciencia &amp; Tecnolog\u00eda<\/a>&#8211; mejore su ingl\u00e9s, enfoc\u00e1ndose en contenidos cient\u00edficos y tecnol\u00f3gicos.<\/li>\n<li><a title=\"Ingl\u00e9s M\u00e9dico\" href=\"https:\/\/live-english.net\/english-courses\/business-english-course\/professional-english-course-medical-english\/\">Ingl\u00e9s M\u00e9dico<\/a> &#8211; si trabaja en el \u00e1rea de la medicina &#8211; directo o indirectamente &#8211; este enfoque le permitir\u00e1 aprender las habilidades necesarias para poder comunicar en ingl\u00e9s con colegas y pacientes.<\/li>\n<li><a title=\"Desarrollo Personal\" href=\"https:\/\/live-english.net\/english-courses\/business-english-course\/business-english-course-personal-development\/\">Desarrollo Personal<\/a> &#8211;\u00a0 mejore sus conocimientos de ingl\u00e9s a base de competencias sociales. Si Usted es gerente, asesor, profesor, gu\u00eda o consultor y ya cuenta con una buena base de ingl\u00e9s, este curso es para Usted.<\/li>\n<\/ul>\n<p style=\"text-align: center;\"><iframe title=\"YouTube video player\" src=\"https:\/\/www.youtube.com\/embed\/DrV8sjnqrOI\" width=\"560\" height=\"315\" frameborder=\"0\" allowfullscreen=\"allowfullscreen\"><\/iframe><\/p>\n<p style=\"text-align: center;\"><strong>\u00bfNecesita ayuda para elegir el enfoque indicado?<\/strong><br \/>\n<strong><a href=\"https:\/\/live-english.net\/free-evaluation\/\">Reserve una clase de prueba gratuita<\/a> <\/strong><strong>con uno de los profesores de Live-English.<\/strong><\/p>\n<p>&nbsp;<\/p>\n<h2>\u00bfPor qu\u00e9 elegir un curso de ingl\u00e9s profesional y de negocios?<\/h2>\n<p>Como profesional probablemente le es dif\u00edcil encontrar el tiempo suficiente para mejorar su ingl\u00e9s, incluso si su carrera depende de ello. Tomando un curso de ingl\u00e9s profesional y de negocios con Live-English.net trabajar\u00e1 de manera eficiente en lo que realmente necesita mejorar, enfoc\u00e1ndose en temas que tienen importancia para su desarrollo personal. No perder\u00e1 tiempo manejando hacia su curso o aprendiendo en un aula donde todos los estudiantes cuentan con niveles diferentes. Nuestro curso enfoca en Usted: <strong>sus necesidades y sus metas<\/strong>. Disfrutar\u00e1 de <strong>clases de 30 o 45 minutos<\/strong> que puede <strong>reservar para cualquier horario y cualquier d\u00eda de la semana<\/strong> (incluyendo fines de semana).<\/p>\n<p><strong>Antes de ir a la oficina, durante su pausa del almuerzo o despu\u00e9s del trabajo: simplemente elija su tiempo y comience mejorar su ingl\u00e9s profesional. <\/strong><\/p>\n<h2>Profesores online del curso de ingl\u00e9s profesional y de negocios<\/h2>\n<p>Cuando decide inscribirse en nuestro curso online de ingl\u00e9s profesional y de negocios recibir\u00e1 clases privadas con profesores nativos de ingl\u00e9s, especializados en el \u00e1rea de su inter\u00e9s. Algunos de nuestros profesores provienen del \u00e1mbito laboral y hasta pueden aportar su punto de vista profesional.<\/p>\n<h2>La F\u00f3rmula Premium<\/h2>\n<p>Si necesita que su profesor le ayude con presentaciones, emails, contratos, presentaciones o art\u00edculos que est\u00e1 preparando o incluso discursos que est\u00e1 desarrollando, deber\u00eda considerar nuestra <a title=\"Premium Formula\" href=\"https:\/\/live-english.net\/prices\/\">F\u00f3rmula premium<\/a>.<\/p>\n<p>Entre todas las ventajas que le trae la F\u00f3rmula Premium, encontrar\u00e1 un <strong>curso gratuito de redacci\u00f3n,<\/strong> el <strong>Reporte de feedback premium<\/strong>, <strong>grabaciones de sus clases, <\/strong> el acceso completo a nuestro <strong>Study Box<\/strong> &#8211; nuestra plataforma educativa &#8211; y la membres\u00eda en nuestra Comunidad Premium exclusiva.<\/p>\n<table>\n<tbody>\n<tr>\n<td bgcolor=\"#F8F8F8\" width=\"500\">\n<h2>Libro de trabajos pr\u00e1cticos de ingl\u00e9s de negocios<\/h2>\n<p>Cuando se inscribe para nuestro curso de ingl\u00e9s de negocios obtendr\u00e1 clases de ingl\u00e9s de negocios basadas en asuntos actuales y temas relacionados con el mundo de los negocios, igual que acceso gratuito a nuestro libro de trabajo pr\u00e1cticos, dise\u00f1ado espec\u00edficamente para Usted. El libro cubre 20 temas de ingl\u00e9s de negocios con vocabulario clave, preguntas relacionadas con un tema espec\u00edfico del mundo de los negocios y un caso pr\u00e1ctico que le permite aplicar lo estudiado.<\/p>\n<p>Tambi\u00e9n puede usar su libro de trabajos pr\u00e1cticos para sus clases si desea cubrir diversos temas del mundo de los negocios en ingl\u00e9s.<\/p>\n<p><img decoding=\"async\" class=\"aligncenter size-medium wp-image-3378\" src=\"https:\/\/live-english.net\/wp-content\/uploads\/2022\/12\/business-english-ebook.jpeg\" alt=\"ingl\u00e9s de negocios ebook\" height=\"300\" \/><br \/>\nPor favor, rellene el formulario con sus datos y reciba una unidad gratuita de nuestro libro de trabajos pr\u00e1cticos.<\/p>\n<hr \/>\n<form class=\"af-form-wrapper\" accept-charset=\"UTF-8\" action=\"https:\/\/member.booknstart.com\/lead\" method=\"post\">\n<div style=\"display: none;\"><input name=\"office\" type=\"hidden\" value=\"3\" \/><br \/>\n<input name=\"email\" type=\"hidden\" value=\"\" \/><br \/>\n<input name=\"lg\" type=\"hidden\" value=\"en\" \/><br \/>\n<input name=\"leadsource\" type=\"hidden\" value=\"8\" \/><br \/>\n<input name=\"redirect\" type=\"hidden\" value=\"21\" \/><\/div>\n<div id=\"af-form-484139495\" class=\"af-form\">\n<div id=\"af-body-484139495\" class=\"af-body af-standards\">\n<div class=\"af-element\">\n<p><label class=\"previewLabel\" for=\"awf_field-34440661-first\">Nombre:<\/label><\/p>\n<div class=\"af-textWrap\"><input id=\"awf_field-34440661-first\" class=\"text\" tabindex=\"400\" name=\"fname\" type=\"text\" value=\"\" \/><\/div>\n<div class=\"af-clear\"><\/div>\n<\/div>\n<div class=\"af-element\">\n<p><label class=\"previewLabel\" for=\"awf_field-34440661-last\">Apellido:<\/label><\/p>\n<div class=\"af-textWrap\"><input id=\"awf_field-34440661-last\" class=\"text\" tabindex=\"401\" name=\"lname\" type=\"text\" value=\"\" \/><\/div>\n<div class=\"af-clear\"><\/div>\n<\/div>\n<div class=\"af-element\">\n<p><label class=\"previewLabel\" for=\"awf_field-34440662\">Email: <\/label><\/p>\n<div class=\"af-textWrap\"><input id=\"awf_field-34440662\" class=\"text\" tabindex=\"402\" name=\"alternate\" type=\"text\" value=\"\" \/><\/div>\n<div class=\"af-clear\"><\/div>\n<\/div>\n<div class=\"af-element buttonContainer\">\n<p><input class=\"submit\" tabindex=\"403\" name=\"submit\" type=\"submit\" value=\"Submit\" \/><\/p>\n<div class=\"af-clear\"><\/div>\n<\/div>\n<div class=\"af-element privacyPolicy\" style=\"text-align: center;\">\n<p>Respetamos la privacidad de su email acorde al Reglamento General de Protecci\u00f3n de Datos (RGPD)<\/p>\n<div class=\"af-clear\"><\/div>\n<\/div>\n<\/div>\n<\/div>\n<\/form>\n<\/td>\n<\/tr>\n<\/tbody>\n<\/table>\n<h2>Blog de Ingl\u00e9s de Negocios<\/h2>\n<p>Le invitamos a conocer nuestro <a title=\"Blog de ingl\u00e9s de negocios\" href=\"https:\/\/live-english.net\/es\/category\/ingles-negocios\/\">Blog de ingl\u00e9s de negocios<\/a> para as\u00ed mejorar sus habilidades de ingl\u00e9s. Cubrimos diferentes temas de ingl\u00e9s de negocios a trav\u00e9s de videos y art\u00edculos. Diversos recursos de noticieros de negocios, art\u00edculos y videos le ayudar\u00e1n a mejorar su vocabulario y la fluidez de su ingl\u00e9s profesional.<br \/>\n<!--Here are some of the business topics covered in the Workbook:\n\n\n<ul>\n \t\n\n<li>Meetings<\/li>\n\n\n \t\n\n<li>Planning a Budget<\/li>\n\n\n \t\n\n<li>Reading financial statements<\/li>\n\n\n \t\n\n<li>Investments<\/li>\n\n\n \t\n\n<li>Banking<\/li>\n\n\n \t\n\n<li>etc.<\/li>\n\n\n<\/ul>\n\n\n--><\/p>\n<h2>To go further:<\/h2>\n<ul>\n<li>Tips y consejos en nuestro\u00a0<a title=\"Blog para estudiantes de ingl\u00e9s de negocios\" href=\"https:\/\/live-english.net\/es\/category\/ingles-negocios\/\">Blog para estudiantes de ingl\u00e9s de negocios<\/a>para ver c\u00f3mo puede mejorar su ingl\u00e9s conversacional hoy en d\u00eda.<\/li>\n<li>\u00bfPor qu\u00e9 usar\u00a0<a title=\"Zoom para su curso de ingl\u00e9s de negocios\" href=\"https:\/\/live-english.net\/online-english-school\/english-video-conference-zoom\/\">Zoom para su curso de ingl\u00e9s de negocios<\/a>?<\/li>\n<li>\u00bfEs lo indicado hacer un\u00a0<a title=\"Curso de ingl\u00e9s de negocios v\u00eda tel\u00e9fono\" href=\"https:\/\/live-english.net\/online-english-school\/english-by-phone\/\">Curso de ingl\u00e9s de negocios v\u00eda tel\u00e9fono<\/a>?<\/li>\n<li>Lea los\u00a0<a title=\"comentarios de nuestros estudiantes\" href=\"https:\/\/live-english.net\/testimonials-students\/\">comentarios de nuestros estudiantes<\/a> de todo el mundo!<\/li>\n<\/ul>\n<hr \/>\n <aside id=\"custom_html-66\" class=\"widget_text widget widget_custom_html amr_widget\"><div class=\"textwidget custom-html-widget\"><div>\r\n\t<br><br>\r\n<\/div>\r\n<!--EN-->\r\n <!--FR-->\r\n<!--IT-->\r\n<!--DE-->\r\n<aside id=\"custom_html-78\" class=\"widget_text widget widget_custom_html amr_widget\"><div class=\"textwidget custom-html-widget\"><div><a href=\"https:\/\/member.booknstart.com\/trial-registration?lg=es&amp;referred_by=CTA&amp;office_id=3\" title=\"Book a Free Trial Lesson\" target=\"_blank\" rel=\"noopener\"><img alt=\"Book your free English trial lesson\" src='https:\/\/live-english.net\/wp-content\/uploads\/2023\/02\/CTA-prueba.jpg'><\/a>\t\r\n<\/div><\/div><\/aside> <!--ES-->\r\n <!--HE-->\r\n <!--RU--><\/div><\/aside>","protected":false},"excerpt":{"rendered":"<p>Live-English.net desarroll\u00f3 un curso especial de ingl\u00e9s profesional y de negocios online para que se pueda sentir m\u00e1s seguro en todas las situaciones relacionadas con el trabajo. De hecho, tener \u00e9xito en el mundo profesional muchas veces depende de sus<\/p>\n","protected":false},"author":1,"featured_media":24961,"parent":560,"menu_order":0,"comment_status":"closed","ping_status":"closed","template":"","meta":{"_monsterinsights_skip_tracking":false,"_monsterinsights_sitenote_active":false,"_monsterinsights_sitenote_note":"","_monsterinsights_sitenote_category":0,"footnotes":""},"class_list":["post-563","page","type-page","status-publish","hentry"],"_links":{"self":[{"href":"https:\/\/live-english.net\/es\/wp-json\/wp\/v2\/pages\/563","targetHints":{"allow":["GET"]}}],"collection":[{"href":"https:\/\/live-english.net\/es\/wp-json\/wp\/v2\/pages"}],"about":[{"href":"https:\/\/live-english.net\/es\/wp-json\/wp\/v2\/types\/page"}],"author":[{"embeddable":true,"href":"https:\/\/live-english.net\/es\/wp-json\/wp\/v2\/users\/1"}],"replies":[{"embeddable":true,"href":"https:\/\/live-english.net\/es\/wp-json\/wp\/v2\/comments?post=563"}],"version-history":[{"count":7,"href":"https:\/\/live-english.net\/es\/wp-json\/wp\/v2\/pages\/563\/revisions"}],"predecessor-version":[{"id":43840,"href":"https:\/\/live-english.net\/es\/wp-json\/wp\/v2\/pages\/563\/revisions\/43840"}],"up":[{"embeddable":true,"href":"https:\/\/live-english.net\/es\/wp-json\/wp\/v2\/pages\/560"}],"wp:featuredmedia":[{"embeddable":true,"href":"https:\/\/live-english.net\/es\/wp-json\/wp\/v2\/media\/24961"}],"wp:attachment":[{"href":"https:\/\/live-english.net\/es\/wp-json\/wp\/v2\/media?parent=563"}],"curies":[{"name":"wp","href":"https:\/\/api.w.org\/{rel}","templated":true}]}}