{"id":565,"date":"2018-06-05T07:44:05","date_gmt":"2018-06-05T07:44:05","guid":{"rendered":"https:\/\/live-english.net\/?page_id=565"},"modified":"2024-04-13T21:14:02","modified_gmt":"2024-04-13T21:14:02","slug":"preparacion-examenes-ingles","status":"publish","type":"page","link":"https:\/\/live-english.net\/es\/cursos-ingles-online\/preparacion-examenes-ingles\/","title":{"rendered":"Preparaci\u00f3n para ex\u00e1menes de ingl\u00e9s"},"content":{"rendered":"\t\t<div data-elementor-type=\"wp-page\" data-elementor-id=\"565\" class=\"elementor elementor-565 elementor-111\" data-elementor-post-type=\"page\">\n\t\t\t\t\t\t<section class=\"elementor-section elementor-top-section elementor-element elementor-element-6f17b370 elementor-section-boxed elementor-section-height-default elementor-section-height-default\" data-id=\"6f17b370\" data-element_type=\"section\">\n\t\t\t\t\t\t<div class=\"elementor-container elementor-column-gap-default\">\n\t\t\t\t\t<div class=\"elementor-column elementor-col-100 elementor-top-column elementor-element elementor-element-17b13b40\" data-id=\"17b13b40\" data-element_type=\"column\">\n\t\t\t<div class=\"elementor-widget-wrap elementor-element-populated\">\n\t\t\t\t\t\t<div class=\"elementor-element elementor-element-382f7020 elementor-widget elementor-widget-text-editor\" data-id=\"382f7020\" data-element_type=\"widget\" data-widget_type=\"text-editor.default\">\n\t\t\t\t<div class=\"elementor-widget-container\">\n\t\t\t\t\t\t\t\t\t<p>\u00bfNecesita pasar un examen de ingles pronto? Prep\u00e1rese para sus ex\u00e1menes de ingl\u00e9s con Live-English.net.<\/p><p>Existen muchos ex\u00e1menes de ingl\u00e9s (ESL) que puede tener que pasar sea por sus estudios o por razones profesionales. Cada uno de estos ex\u00e1menes tiene sus propias reglas y notas finales, sirviendo para usos espec\u00edficos.<\/p><h2>\u00bfCu\u00e1les son los ex\u00e1menes de ingl\u00e9s m\u00e1s populares?<\/h2><h6>Examen TOEIC<\/h6><p>Es una prueba estandarizada de competencia inglesa. Encargados de selecci\u00f3n del personal de todo el mundo la buscan al seleccionar candidatos para empresas internacionales. Algunas de ellas incluso requieren que todos sus empleados realicen el examen TOEIC.<\/p><h6>TOEFL IBT<\/h6><p>Necesitar\u00e1s aprobar este examen si quieres entrar en una universidad estadounidense, pero tambi\u00e9n lo aceptan algunas universidades de fuera de los Estados Unidos. Tiene 4 secciones (comprensi\u00f3n auditiva, lectura, expresi\u00f3n oral y expresi\u00f3n escrita) y los alumnos normalmente tardan algunos meses en prepararla.<\/p><h6>IELTS<\/h6><p>Podr\u00edas necesitar este examen con objeto de obtener un visado para un pa\u00eds de habla inglesa. M\u00e1s de 3 millones de personas realizan el <a title=\"Preparaci\u00f3n para ex\u00e1menes de ingl\u00e9s: IELTS\" href=\"https:\/\/live-english.net\/es\/cursos-ingles-online\/preparacion-examenes-ingles\/preparacion-ielts\/\">examen IELTS<\/a> cada a\u00f1o, lo que lo convierte en el examen de ingl\u00e9s m\u00e1s popular. Nuestros profesores han recibido formaci\u00f3n a fin de prepararte para cada parte del examen y algunos de ellos son incluso examinadores del IELTS.<br \/><aside id=\"custom_html-81\" class=\"widget_text widget widget_custom_html amr_widget\"><div class=\"textwidget custom-html-widget\"><!--EN-->\r\n <!--FR-->\r\n<!--IT-->\r\n<!--DE-->\r\n<aside id=\"custom_html-85\" class=\"widget_text widget widget_custom_html amr_widget\"><div class=\"textwidget custom-html-widget\"><a href=\"https:\/\/member.booknstart.com\/trial-registration?lg=es&#038;referred_by=sCTA&#038;office_id=3\" title=\"Book a Free Trial Lesson\" target=\"_blank\" rel=\"noopener\"><img decoding=\"async\" src=\"https:\/\/live-english.net\/wp-content\/uploads\/2023\/02\/sCTA-es.jpg\" alt=\"Book your Free English Trial lesson\" \/><\/a><\/div><\/aside> <!--ES-->\r\n <!--HE\r\n[do_widget id=custom_html-72] <!--RU-->\r\n<div>\r\n\t<br><br>\r\n<\/div><\/div><\/aside><\/p><h6>B2 First (denominado anteriormente Cambridge English First, FCE)<\/h6><p>Este examen demuestra que tienes una buena formaci\u00f3n en ingl\u00e9s y es aceptado por miles de empresas e instituciones educativas de todo el mundo.<\/p><h6>C1 Advanced (denominado anteriormente Cambridge English: Advanced, CAE)<\/h6><p>Es la cualificaci\u00f3n de alto nivel y en profundidad que demuestra que posees las destrezas del idioma que buscan los empleadores y las universidades.<\/p><h6>C2 Proficiency (denominado anteriormente Cambridge English: Proficiency, CPE)<\/h6><p>Es la cualificaci\u00f3n de nivel superior. Demuestra que eres un hablante de ingl\u00e9s muy competente.<\/p>\t\t\t\t\t\t\t\t<\/div>\n\t\t\t\t<\/div>\n\t\t\t\t\t<\/div>\n\t\t<\/div>\n\t\t\t\t\t<\/div>\n\t\t<\/section>\n\t\t\t\t<section class=\"elementor-section elementor-top-section elementor-element elementor-element-1763a16 elementor-section-boxed elementor-section-height-default elementor-section-height-default\" data-id=\"1763a16\" data-element_type=\"section\">\n\t\t\t\t\t\t<div class=\"elementor-container elementor-column-gap-default\">\n\t\t\t\t\t<div class=\"elementor-column elementor-col-100 elementor-top-column elementor-element elementor-element-859c132\" data-id=\"859c132\" data-element_type=\"column\">\n\t\t\t<div class=\"elementor-widget-wrap\">\n\t\t\t\t\t\t\t<\/div>\n\t\t<\/div>\n\t\t\t\t\t<\/div>\n\t\t<\/section>\n\t\t\t\t<section class=\"elementor-section elementor-top-section elementor-element elementor-element-541b119 elementor-section-stretched elementor-section-boxed elementor-section-height-default elementor-section-height-default\" data-id=\"541b119\" data-element_type=\"section\" data-settings=\"{&quot;stretch_section&quot;:&quot;section-stretched&quot;}\">\n\t\t\t\t\t\t<div class=\"elementor-container elementor-column-gap-default\">\n\t\t\t\t\t<div class=\"elementor-column elementor-col-25 elementor-top-column elementor-element elementor-element-ff039dd\" data-id=\"ff039dd\" data-element_type=\"column\">\n\t\t\t<div class=\"elementor-widget-wrap elementor-element-populated\">\n\t\t\t\t\t\t<div class=\"elementor-element elementor-element-9bcd666 elementor-cta--skin-classic elementor-animated-content elementor-bg-transform elementor-bg-transform-zoom-in elementor-widget elementor-widget-call-to-action\" data-id=\"9bcd666\" data-element_type=\"widget\" data-widget_type=\"call-to-action.default\">\n\t\t\t\t<div class=\"elementor-widget-container\">\n\t\t\t\t\t\t\t<div class=\"elementor-cta\">\n\t\t\t\t\t<div class=\"elementor-cta__bg-wrapper\">\n\t\t\t\t<div class=\"elementor-cta__bg elementor-bg\" style=\"background-image: url(https:\/\/live-english.net\/wp-content\/uploads\/2023\/07\/Curso-de-preparacion-para-el-IELTS-1024x576.jpg);\" role=\"img\" aria-label=\"Curso de preparaci\u00f3n para el IELTS\"><\/div>\n\t\t\t\t<div class=\"elementor-cta__bg-overlay\"><\/div>\n\t\t\t<\/div>\n\t\t\t\t\t\t\t<div class=\"elementor-cta__content\">\n\t\t\t\t\n\t\t\t\t\t\t\t\t\t<h2 class=\"elementor-cta__title elementor-cta__content-item elementor-content-item\">\n\t\t\t\t\t\t<a title=\"Curso de preparaci\u00f3n para el IELTS \" href=\"https:\/\/live-english.net\/es\/cursos-ingles-online\/preparacion-examenes-ingles\/preparacion-ielts\/\">Curso de preparaci\u00f3n para el IELTS <\/a>\t\t\t\t\t<\/h2>\n\t\t\t\t\n\t\t\t\t\n\t\t\t\t\t\t\t\t\t<div class=\"elementor-cta__button-wrapper elementor-cta__content-item elementor-content-item \">\n\t\t\t\t\t<a class=\"elementor-cta__button elementor-button elementor-size-\" href=\"https:\/\/live-english.net\/es\/cursos-ingles-online\/preparacion-examenes-ingles\/preparacion-ielts\/\" title=\"IELTS Preparation course\">\n\t\t\t\t\t\tM\u00e1s informaci\u00f3n\t\t\t\t\t<\/a>\n\t\t\t\t\t<\/div>\n\t\t\t\t\t\t\t<\/div>\n\t\t\t\t\t\t<\/div>\n\t\t\t\t\t\t<\/div>\n\t\t\t\t<\/div>\n\t\t\t\t\t<\/div>\n\t\t<\/div>\n\t\t\t\t<div class=\"elementor-column elementor-col-25 elementor-top-column elementor-element elementor-element-c2e93f4\" data-id=\"c2e93f4\" data-element_type=\"column\">\n\t\t\t<div class=\"elementor-widget-wrap elementor-element-populated\">\n\t\t\t\t\t\t<div class=\"elementor-element elementor-element-140c789 elementor-cta--skin-classic elementor-animated-content elementor-bg-transform elementor-bg-transform-zoom-in elementor-widget elementor-widget-call-to-action\" data-id=\"140c789\" data-element_type=\"widget\" data-widget_type=\"call-to-action.default\">\n\t\t\t\t<div class=\"elementor-widget-container\">\n\t\t\t\t\t\t\t<div class=\"elementor-cta\">\n\t\t\t\t\t<div class=\"elementor-cta__bg-wrapper\">\n\t\t\t\t<div class=\"elementor-cta__bg elementor-bg\" style=\"background-image: url(https:\/\/live-english.net\/wp-content\/uploads\/2023\/07\/Curso-de-preparacion-para-el-TOEIC-1024x576.jpg);\" role=\"img\" aria-label=\"Curso de preparaci\u00f3n para el TOEIC\"><\/div>\n\t\t\t\t<div class=\"elementor-cta__bg-overlay\"><\/div>\n\t\t\t<\/div>\n\t\t\t\t\t\t\t<div class=\"elementor-cta__content\">\n\t\t\t\t\n\t\t\t\t\t\t\t\t\t<h2 class=\"elementor-cta__title elementor-cta__content-item elementor-content-item\">\n\t\t\t\t\t\t<a title=\"Curso de preparaci\u00f3n para el TOEIC\" href=\"https:\/\/live-english.net\/english-courses\/english-exam-preparation\/english-exam-preparation-toeic\/\">Curso de preparaci\u00f3n para el TOEIC<\/a>\t\t\t\t\t<\/h2>\n\t\t\t\t\n\t\t\t\t\n\t\t\t\t\t\t\t\t\t<div class=\"elementor-cta__button-wrapper elementor-cta__content-item elementor-content-item \">\n\t\t\t\t\t<a class=\"elementor-cta__button elementor-button elementor-size-\" href=\"https:\/\/live-english.net\/english-courses\/english-exam-preparation\/english-exam-preparation-toeic\/\" title=\"TOEIC Preparation course\">\n\t\t\t\t\t\tM\u00e1s informaci\u00f3n\t\t\t\t\t<\/a>\n\t\t\t\t\t<\/div>\n\t\t\t\t\t\t\t<\/div>\n\t\t\t\t\t\t<\/div>\n\t\t\t\t\t\t<\/div>\n\t\t\t\t<\/div>\n\t\t\t\t\t<\/div>\n\t\t<\/div>\n\t\t\t\t<div class=\"elementor-column elementor-col-25 elementor-top-column elementor-element elementor-element-eace707\" data-id=\"eace707\" data-element_type=\"column\">\n\t\t\t<div class=\"elementor-widget-wrap elementor-element-populated\">\n\t\t\t\t\t\t<div class=\"elementor-element elementor-element-f228061 elementor-cta--skin-classic elementor-animated-content elementor-bg-transform elementor-bg-transform-zoom-in elementor-widget elementor-widget-call-to-action\" data-id=\"f228061\" data-element_type=\"widget\" data-widget_type=\"call-to-action.default\">\n\t\t\t\t<div class=\"elementor-widget-container\">\n\t\t\t\t\t\t\t<div class=\"elementor-cta\">\n\t\t\t\t\t<div class=\"elementor-cta__bg-wrapper\">\n\t\t\t\t<div class=\"elementor-cta__bg elementor-bg\" style=\"background-image: url(https:\/\/live-english.net\/wp-content\/uploads\/2023\/07\/Curso-de-preparacion-para-el-TOEFL-1024x576.jpg);\" role=\"img\" aria-label=\"Curso de preparaci\u00f3n para el TOEFL\"><\/div>\n\t\t\t\t<div class=\"elementor-cta__bg-overlay\"><\/div>\n\t\t\t<\/div>\n\t\t\t\t\t\t\t<div class=\"elementor-cta__content\">\n\t\t\t\t\n\t\t\t\t\t\t\t\t\t<h2 class=\"elementor-cta__title elementor-cta__content-item elementor-content-item\">\n\t\t\t\t\t\t<a title='Curso de preparaci\u00f3n para el TOEFL'>Curso de preparaci\u00f3n para el TOEFL<\/a>\t\t\t\t\t<\/h2>\n\t\t\t\t\n\t\t\t\t\n\t\t\t\t\t\t\t\t\t<div class=\"elementor-cta__button-wrapper elementor-cta__content-item elementor-content-item \">\n\t\t\t\t\t<a class=\"elementor-cta__button elementor-button elementor-size-\" href=\"https:\/\/live-english.net\/english-courses\/english-exam-preparation\/english-exam-preparation-toefl\/\" title=\"TOEFL Preparation course\">\n\t\t\t\t\t\tM\u00e1s informaci\u00f3n\t\t\t\t\t<\/a>\n\t\t\t\t\t<\/div>\n\t\t\t\t\t\t\t<\/div>\n\t\t\t\t\t\t<\/div>\n\t\t\t\t\t\t<\/div>\n\t\t\t\t<\/div>\n\t\t\t\t\t<\/div>\n\t\t<\/div>\n\t\t\t\t<div class=\"elementor-column elementor-col-25 elementor-top-column elementor-element elementor-element-140b1c1\" data-id=\"140b1c1\" data-element_type=\"column\">\n\t\t\t<div class=\"elementor-widget-wrap elementor-element-populated\">\n\t\t\t\t\t\t<div class=\"elementor-element elementor-element-f134582 elementor-cta--skin-classic elementor-animated-content elementor-bg-transform elementor-bg-transform-zoom-in elementor-widget elementor-widget-call-to-action\" data-id=\"f134582\" data-element_type=\"widget\" data-widget_type=\"call-to-action.default\">\n\t\t\t\t<div class=\"elementor-widget-container\">\n\t\t\t\t\t\t\t<div class=\"elementor-cta\">\n\t\t\t\t\t<div class=\"elementor-cta__bg-wrapper\">\n\t\t\t\t<div class=\"elementor-cta__bg elementor-bg\" style=\"background-image: url(https:\/\/live-english.net\/wp-content\/uploads\/2023\/07\/Examenes-de-Cambridge-1024x576.jpg);\" role=\"img\" aria-label=\"Ex\u00e1menes de Cambridge\"><\/div>\n\t\t\t\t<div class=\"elementor-cta__bg-overlay\"><\/div>\n\t\t\t<\/div>\n\t\t\t\t\t\t\t<div class=\"elementor-cta__content\">\n\t\t\t\t\n\t\t\t\t\t\t\t\t\t<h2 class=\"elementor-cta__title elementor-cta__content-item elementor-content-item\">\n\t\t\t\t\t\t<a title=\"Ex\u00e1menes de Cambridge\" href=\"https:\/\/live-english.net\/english-courses\/english-exam-preparation\/english-exam-preparation-cambridge\/\">Ex\u00e1menes de Cambridge<\/a>\t\t\t\t\t<\/h2>\n\t\t\t\t\n\t\t\t\t\n\t\t\t\t\t\t\t\t\t<div class=\"elementor-cta__button-wrapper elementor-cta__content-item elementor-content-item \">\n\t\t\t\t\t<a class=\"elementor-cta__button elementor-button elementor-size-\" href=\"https:\/\/live-english.net\/english-courses\/english-exam-preparation\/english-exam-preparation-cambridge\/\" title=\"Cambridge Exams\">\n\t\t\t\t\t\tM\u00e1s informaci\u00f3n\t\t\t\t\t<\/a>\n\t\t\t\t\t<\/div>\n\t\t\t\t\t\t\t<\/div>\n\t\t\t\t\t\t<\/div>\n\t\t\t\t\t\t<\/div>\n\t\t\t\t<\/div>\n\t\t\t\t\t<\/div>\n\t\t<\/div>\n\t\t\t\t\t<\/div>\n\t\t<\/section>\n\t\t\t\t<section class=\"elementor-section elementor-top-section elementor-element elementor-element-75dde67 elementor-section-boxed elementor-section-height-default elementor-section-height-default\" data-id=\"75dde67\" data-element_type=\"section\">\n\t\t\t\t\t\t<div class=\"elementor-container elementor-column-gap-default\">\n\t\t\t\t\t<div class=\"elementor-column elementor-col-100 elementor-top-column elementor-element elementor-element-aa8980a\" data-id=\"aa8980a\" data-element_type=\"column\">\n\t\t\t<div class=\"elementor-widget-wrap elementor-element-populated\">\n\t\t\t\t\t\t<div class=\"elementor-element elementor-element-5c934c3 elementor-widget elementor-widget-text-editor\" data-id=\"5c934c3\" data-element_type=\"widget\" data-widget_type=\"text-editor.default\">\n\t\t\t\t<div class=\"elementor-widget-container\">\n\t\t\t\t\t\t\t\t\t<p>Para cualquier otro examen de Ingl\u00e9s como Segunda Lengua (ESL), nuestro equipo de profesores dedicados puede ayudarte a lograr notas m\u00e1s altas.<br \/>Jeremy es un profesor muy experimentado de Live-English.net que conoce todos detalles de los ex\u00e1menes de ingl\u00e9s m\u00e1s reconocidos. \u00bfSabes qu\u00e9 ex\u00e1menes de ingl\u00e9s realizar? Jeremy tiene algunos consejos para ti:<\/p>\t\t\t\t\t\t\t\t<\/div>\n\t\t\t\t<\/div>\n\t\t\t\t<div class=\"elementor-element elementor-element-7511af4 elementor-widget elementor-widget-video\" data-id=\"7511af4\" data-element_type=\"widget\" data-settings=\"{&quot;youtube_url&quot;:&quot;https:\\\/\\\/www.youtube.com\\\/watch?v=fkmIR_YJLOs&quot;,&quot;video_type&quot;:&quot;youtube&quot;,&quot;controls&quot;:&quot;yes&quot;}\" data-widget_type=\"video.default\">\n\t\t\t\t<div class=\"elementor-widget-container\">\n\t\t\t\t\t\t\t<div class=\"elementor-wrapper elementor-open-inline\">\n\t\t\t<div class=\"elementor-video\"><\/div>\t\t<\/div>\n\t\t\t\t\t\t<\/div>\n\t\t\t\t<\/div>\n\t\t\t\t\t<\/div>\n\t\t<\/div>\n\t\t\t\t\t<\/div>\n\t\t<\/section>\n\t\t\t\t<section class=\"elementor-section elementor-top-section elementor-element elementor-element-b909eef elementor-section-boxed elementor-section-height-default elementor-section-height-default\" data-id=\"b909eef\" data-element_type=\"section\">\n\t\t\t\t\t\t<div class=\"elementor-container elementor-column-gap-default\">\n\t\t\t\t\t<div class=\"elementor-column elementor-col-100 elementor-top-column elementor-element elementor-element-886021b\" data-id=\"886021b\" data-element_type=\"column\">\n\t\t\t<div class=\"elementor-widget-wrap elementor-element-populated\">\n\t\t\t\t\t\t<div class=\"elementor-element elementor-element-4caed4f elementor-widget elementor-widget-text-editor\" data-id=\"4caed4f\" data-element_type=\"widget\" data-widget_type=\"text-editor.default\">\n\t\t\t\t<div class=\"elementor-widget-container\">\n\t\t\t\t\t\t\t\t\t<h2>Blog de ex\u00e1menes de ingl\u00e9s<\/h2><p>Echa un vistazo a nuestro blog de ingl\u00e9s y obt\u00e9n algunos consejos para aprobar tu examen de ingl\u00e9s. Tambi\u00e9n podemos ayudarte a preparar cualquier examen de ingl\u00e9s oral que pudieras tener que realizar para entrar en una universidad.<\/p><h2>\u00bfC\u00f3mo podemos ayudarte a aprobar tu examen de ingl\u00e9s?<\/h2><p><b>Si aprobar tu examen de ingl\u00e9s es una prioridad para ti, deber\u00edas asegurarte de prepararte para \u00e9l en serio.<\/b> Si no consigues la nota que necesitas, puede tener consecuencias para tu futuro. Hay varias razones por las que prepararte para tu examen de ingl\u00e9s con Live-English.net es el camino a seguir:<br \/>Tenemos la experiencia necesaria para ayudarte a tener \u00e9xito: desde 2007, hemos preparado a muchos alumnos para todo tipo de ex\u00e1menes de ingl\u00e9s, incluso aquellos que no se enumeran aqu\u00ed. Si no conocemos el examen espec\u00edfico que necesitas realizar, probablemente sea similar a otros ex\u00e1menes que conocemos bien, realizamos algunas investigaciones para familiarizarnos con tu tipo de examen.<\/p><h2>\u00bfPor qu\u00e9 a las personas les parece tan dif\u00edcil prepararse para los ex\u00e1menes de expresi\u00f3n oral en ingl\u00e9s?<\/h2><p>La prueba de expresi\u00f3n oral forma parte de todos los ex\u00e1menes de ingl\u00e9s. Aunque todas las partes tienen la misma puntuaci\u00f3n, a la mayor\u00eda de los candidatos la parte de expresi\u00f3n oral les parece la m\u00e1s dif\u00edcil de aprobar. Por eso es tan importante la preparaci\u00f3n. Una vez que te familiarices con los requisitos de los examinadores, te resultar\u00e1 m\u00e1s f\u00e1cil prepararte y ganar confianza para ayudarte a aprobar el examen.<\/p><p><b>Nuestro centro de atenci\u00f3n es la expresi\u00f3n oral:<\/b> la configuraci\u00f3n individualizada de nuestras lecciones te permite ensayar c\u00f3mo presentarte en ingl\u00e9s y el formato del examen. Tambi\u00e9n ayudamos a todos nuestros alumnos en todas las \u00e1reas evaluadas, como compresi\u00f3n lectora, expresi\u00f3n escrita y comprensi\u00f3n auditiva.<\/p><h2>\u00bfQui\u00e9n te ense\u00f1ar\u00e1 la preparaci\u00f3n para ex\u00e1menes de ingl\u00e9s en l\u00ednea en Live-English?<\/h2><p><b>Te proporcionamos varios profesores con los que aprender:<\/b> creemos firmemente que disponer de 2 o 3 profesores para ayudarte con tu examen es realmente un activo, ya que necesitas acostumbrarte a acentos diferentes (principalmente, brit\u00e1nico y americano), recibir\u00e1s un enfoque complementario y tendr\u00e1s m\u00e1s flexibilidad mientras programas tus lecciones.<\/p><p><b>Puede tomar un curso intensivo, si lo necesita<\/b>: puede reservar sus clases acorde a sus necesidades particulares. Por ejemplo, puede tomar 2 clases semanales durante unos meses y luego, cuando se aproxima la fecha de su examen, opta por un curso intensivo para as\u00ed tomar la cantidad de clases semanales que necesita.<\/p><p>Una buena y detallada preparaci\u00f3n de su examen ayudar\u00e1 a que se siente m\u00e1s seguro lo cual resultar\u00e1 en que se siente menos nervioso o estresado en el momento de tomar su examen. Pru\u00e9belo por s\u00ed mismo y reg\u00edstrese para una evaluaci\u00f3n gratuita de su nivel de ingl\u00e9s con uno de nuestros profesores profesionales.<\/p>\t\t\t\t\t\t\t\t<\/div>\n\t\t\t\t<\/div>\n\t\t\t\t\t<\/div>\n\t\t<\/div>\n\t\t\t\t\t<\/div>\n\t\t<\/section>\n\t\t\t\t<\/div>\n\t\t <aside id=\"custom_html-66\" class=\"widget_text widget widget_custom_html amr_widget\"><div class=\"textwidget custom-html-widget\"><div>\r\n\t<br><br>\r\n<\/div>\r\n<!--EN-->\r\n <!--FR-->\r\n<!--IT-->\r\n<!--DE-->\r\n<aside id=\"custom_html-78\" class=\"widget_text widget widget_custom_html amr_widget\"><div class=\"textwidget custom-html-widget\"><div><a href=\"https:\/\/member.booknstart.com\/trial-registration?lg=es&amp;referred_by=CTA&amp;office_id=3\" title=\"Book a Free Trial Lesson\" target=\"_blank\" rel=\"noopener\"><img alt=\"Book your free English trial lesson\" src='https:\/\/live-english.net\/wp-content\/uploads\/2023\/02\/CTA-prueba.jpg'><\/a>\t\r\n<\/div><\/div><\/aside> <!--ES-->\r\n <!--HE-->\r\n <!--RU--><\/div><\/aside>","protected":false},"excerpt":{"rendered":"<p>\u00bfNecesita pasar un examen de ingles pronto? Prep\u00e1rese para sus ex\u00e1menes de ingl\u00e9s con Live-English.net. Existen muchos ex\u00e1menes de ingl\u00e9s (ESL) que puede tener que pasar sea por sus estudios o por razones profesionales. Cada uno de estos ex\u00e1menes tiene<\/p>\n","protected":false},"author":1,"featured_media":32747,"parent":560,"menu_order":0,"comment_status":"closed","ping_status":"closed","template":"","meta":{"_monsterinsights_skip_tracking":false,"_monsterinsights_sitenote_active":false,"_monsterinsights_sitenote_note":"","_monsterinsights_sitenote_category":0,"footnotes":""},"class_list":["post-565","page","type-page","status-publish","hentry"],"_links":{"self":[{"href":"https:\/\/live-english.net\/es\/wp-json\/wp\/v2\/pages\/565","targetHints":{"allow":["GET"]}}],"collection":[{"href":"https:\/\/live-english.net\/es\/wp-json\/wp\/v2\/pages"}],"about":[{"href":"https:\/\/live-english.net\/es\/wp-json\/wp\/v2\/types\/page"}],"author":[{"embeddable":true,"href":"https:\/\/live-english.net\/es\/wp-json\/wp\/v2\/users\/1"}],"replies":[{"embeddable":true,"href":"https:\/\/live-english.net\/es\/wp-json\/wp\/v2\/comments?post=565"}],"version-history":[{"count":12,"href":"https:\/\/live-english.net\/es\/wp-json\/wp\/v2\/pages\/565\/revisions"}],"predecessor-version":[{"id":37867,"href":"https:\/\/live-english.net\/es\/wp-json\/wp\/v2\/pages\/565\/revisions\/37867"}],"up":[{"embeddable":true,"href":"https:\/\/live-english.net\/es\/wp-json\/wp\/v2\/pages\/560"}],"wp:featuredmedia":[{"embeddable":true,"href":"https:\/\/live-english.net\/es\/wp-json\/wp\/v2\/media\/32747"}],"wp:attachment":[{"href":"https:\/\/live-english.net\/es\/wp-json\/wp\/v2\/media?parent=565"}],"curies":[{"name":"wp","href":"https:\/\/api.w.org\/{rel}","templated":true}]}}