{"id":568,"date":"2018-06-05T07:46:39","date_gmt":"2018-06-05T07:46:39","guid":{"rendered":"https:\/\/live-english.net\/?page_id=568"},"modified":"2025-11-27T11:44:53","modified_gmt":"2025-11-27T11:44:53","slug":"preparar-entrevista-trabajo-ingles","status":"publish","type":"page","link":"https:\/\/live-english.net\/es\/cursos-ingles-online\/preparar-entrevista-trabajo-ingles\/","title":{"rendered":"Preparaci\u00f3n para una entrevista de trabajo en ingl\u00e9s"},"content":{"rendered":"<p>\u00bfVa a asistir pr\u00f3ximamente a una entrevista de trabajo en ingl\u00e9s? Prep\u00e1rese con Live-English.net y nuestros experimentados profesores nativos que le ayudar\u00e1n a aumentar sus posibilidades de conseguir un buen trabajo.<\/p>\n<p>Tanto si su entrevista es por tel\u00e9fono como en persona, le ayudaremos a presentarse de la mejor manera y mostrar que su nivel de ingl\u00e9s es suficientemente bueno para el trabajo al que aspira.<br \/>\nGracias a nuestro equipo de profesionales nativos, estar\u00e1 listo para <strong>preparar una entrevista de trabajo<\/strong>, redactar su <strong>carta de presentaci\u00f3n<\/strong> y <strong>curr\u00edculum<\/strong> en ingl\u00e9s. Ya sea a trav\u00e9s de una entrevista telef\u00f3nica \u00f3 en persona, su profesor le ayudar\u00e1 a resaltar todo su potencial.<\/p>\n<h2>\u00bfC\u00f3mo prepararse para una entrevista de trabajo en ingl\u00e9s?<\/h2>\n<p>Se cubren diferentes temas basados en preguntas reales realizadas en entrevistas de trabajo en ingl\u00e9s:<\/p>\n<ul>\n<li>C\u00f3mo <strong>presentarse<\/strong><\/li>\n<li>C\u00f3mo hablar sobre sus <strong>trabajos anteriores<\/strong><\/li>\n<li>C\u00f3mo explicar sus <strong>logros acad\u00e9micos<\/strong><\/li>\n<li>C\u00f3mo responder a <strong>preguntas profesionales espec\u00ed\u00adficas<\/strong><\/li>\n<li>C\u00f3mo escribir su <strong>curriculum en ingl\u00e9s<\/strong> igual que la carta de presentaci\u00f3n. Desde cero o a partir de versiones anteriores.<\/li>\n<\/ul>\n<p><aside id=\"custom_html-81\" class=\"widget_text widget widget_custom_html amr_widget\"><div class=\"textwidget custom-html-widget\"><!--EN-->\r\n <!--FR-->\r\n<!--IT-->\r\n<!--DE-->\r\n<aside id=\"custom_html-85\" class=\"widget_text widget widget_custom_html amr_widget\"><div class=\"textwidget custom-html-widget\"><a href=\"https:\/\/member.booknstart.com\/trial-registration?lg=es&amp;referred_by=sCTA&amp;office_id=3\" title=\"Book a Free Trial Lesson\" target=\"_blank\" rel=\"noopener\"><img decoding=\"async\" src=\"https:\/\/live-english.net\/wp-content\/uploads\/2023\/02\/sCTA-es.jpg\" alt=\"Book your Free English Trial lesson\" \/><\/a><\/div><\/aside> <!--ES-->\r\n <!--HE\r\n[do_widget id=custom_html-72] <!--RU-->\r\n<div>\r\n\t<br><br>\r\n<\/div><\/div><\/aside><br \/>\nEn realidad, preparar una entrevista en ingl\u00e9s por Zoom\u00a0 o Google Meet con un profesor privado es una forma estupenda de repasar tus respuestas espec\u00edficas en ingl\u00e9s y obtener pistas para causar una impresi\u00f3n excelente. Todos nuestros profesores de entrevistas de trabajo tienen experiencia en Recursos Humanos y te entrenar\u00e1n en las distintas habilidades de las entrevistas de trabajo:<\/p>\n<ul>\n<li>Aprender\u00e1s c\u00f3mo responder preguntas de entrevistas de trabajo de forma clara y concisa.<\/li>\n<li>Aprender\u00e1s c\u00f3mo sentirte relajado y gestionar el estr\u00e9s de una entrevista de trabajo<\/li>\n<li>Aprender\u00e1s a hablar sobre tus habilidades y tus puntos fuertes y d\u00e9biles.<\/li>\n<li>Aprender\u00e1s a gestionar una entrevista de trabajo en Zoom y a relacionar tus habilidades con los requisitos del empleo.<\/li>\n<\/ul>\n<p>Con esta finalidad, en funci\u00f3n del tiempo que tengas antes de la entrevista, puedes realizar un curso intensivo de 10 lecciones o m\u00e1s para reforzar tu seguridad con el ingl\u00e9s. Ten en cuenta que puedes empezar a estudiar las lecciones en el plazo de 12 horas (si necesitas tener las lecciones el d\u00eda que te registras, contacta con nosotros para que podamos comprobar los horarios de los profesores).<\/p>\n<hr \/>\n<h2 id=\"express\">Job interview Express<\/h2>\n<p><a href=\"https:\/\/live-english.net\/contact-us\/\"><img fetchpriority=\"high\" decoding=\"async\" class=\"aligncenter size-full wp-image-21607\" src=\"https:\/\/live-english.net\/wp-content\/uploads\/2022\/06\/job-interview-express.jpg\" alt=\"Job Interview Express\" width=\"800\" height=\"600\" srcset=\"https:\/\/live-english.net\/wp-content\/uploads\/2022\/06\/job-interview-express.jpg 800w, https:\/\/live-english.net\/wp-content\/uploads\/2022\/06\/job-interview-express-300x225.jpg 300w, https:\/\/live-english.net\/wp-content\/uploads\/2022\/06\/job-interview-express-768x576.jpg 768w\" sizes=\"(max-width: 800px) 100vw, 800px\" \/><\/a><\/p>\n<hr \/>\n<p><a href=\"https:\/\/live-english.net\/jobinterviewexpress\/\" target=\"_blank\" rel=\"noopener\">Descubre la Preparaci\u00f3n Expr\u00e9s para Entrevistas de Trabajo de Live English<\/a><\/p>\n<hr \/>\n<hr \/>\n<h2>Lecciones de ingl\u00e9s de entrevistas de trabajo<\/h2>\n<p>Nuestro objetivo es ayudarle a conseguir el trabajo que est\u00e1 buscando. Durante la entrevista debe demostrar que es capaz comunicarse en ingl\u00e9s en un entorno profesional, que conoce el vocabulario del sector espec\u00edfico de la empresa para la que aspira trabajar igual que para el puesto de trabajo en s\u00ed, y finalmente, que tiene la suficiente confianza y soltura para tener conversaciones informales en ingl\u00e9s. A trav\u00e9s de las pr\u00e1cticas que damos, se sentir\u00e1 mucho m\u00e1s relajado y confiado a la hora de abordar las entrevistas de trabajo en ingl\u00e9s.<\/p>\n<p>Consulte nuestro blog para obtener consejos breves sobre diferentes aspectos de la <a title=\"entrevista de trabajo en ingl\u00e9s\" href=\"https:\/\/live-english.net\/es\/category\/entrevista-de-trabajo-ingles\/\">entrevista de trabajo en ingl\u00e9s<\/a>.<\/p>\n<hr \/>\n<h2>Percepciones de nuestros docentes especializados en el curso de preparaci\u00f3n para entrevistas de trabajo en ingl\u00e9s<\/h2>\n<p>Nuestros docentes cuentan con una ampla experiencia en recursos humanos. Las clases de ingl\u00e9s para entrevistas de trabajo le aportar\u00e1n las herramientas necesarias para convencer al encargado de contrataciones. Mire lo que algunos de nuestros docentes dicen sobre las entrevistas de trabajo en ingl\u00e9s:<\/p>\n<h3>Sharon: \u201cEncuentra las habilidades que busca el trabajo y explica en la entrevista c\u00f3mo tus destrezas encajan perfectamente con lo que buscan \u201d<\/h3>\n<p><iframe src=\"https:\/\/www.youtube.com\/embed\/KyihCF6uWxs\" width=\"560\" height=\"315\" frameborder=\"0\" allowfullscreen=\"allowfullscreen\"><\/iframe><\/p>\n<h3>Rachelle: \u201cEnse\u00f1ar las entrevistas de trabajo no es solo ense\u00f1ar el idioma, sino que se trata de entrenarlas\u201d<\/h3>\n<p><iframe src=\"https:\/\/www.youtube.com\/embed\/YKpdE_E9zNU\" width=\"560\" height=\"315\" frameborder=\"0\" allowfullscreen=\"allowfullscreen\"><\/iframe><\/p>\n<h2>Una forma econ\u00f3mica de prepararse para las entrevistas de trabajo en ingl\u00e9s<\/h2>\n<p>En Live-English.net, comprendemos tus necesidades. Estamos convencidos de que un curso centrado en tu objetivo puede marcar toda la diferencia. As\u00ed que, realiza las lecciones de ingl\u00e9s de entrevistas de trabajo con nuestro equipo de profesores experimentados y mejora tus oportunidades de conseguir el trabajo de tus sue\u00f1os. Reg\u00edstrate para una <a title=\"&quot;lecci\u00f3n\" href=\"https:\/\/live-english.net\/es\/descubrir\/\">lecci\u00f3n de prueba gratis<\/a> y habla de tu pr\u00f3xima entrevista de trabajo en ingl\u00e9s.<\/p>\n<h2>Nuestros consejos para prepararse antes de una entrevista en ingl\u00e9s<\/h2>\n<p>Una entrevista en ingl\u00e9s debe prepararse de modo <strong>organizado y eficaz<\/strong> a fin de que las respuestas se ajusten a lo que se est\u00e1 hablando. Al tratarse de un encuentro en ingl\u00e9s puede resultar un poco m\u00e1s estresante que una entrevista ordinaria, pero cinco \u00f3 diez sesiones con nuestros formadores har\u00e1n que se <strong>sienta mucho m\u00e1s c\u00f3modo<\/strong>.<\/p>\n<h2>Preparaci\u00f3n para la entrevista en ingl\u00e9s<\/h2>\n<p>Su profesor de ingl\u00e9s de negocios de Live-English.net, se preparar\u00e1 para hacerle las preguntas t\u00ed\u00adpicas de una entrevista. Tambi\u00e9n podr\u00e1 ayudarle a adquirir mayor experiencia en el \u00e1mbito de negocios en el que trabaja.<\/p>\n<p>Nuestros experimentados profesores de ingl\u00e9s le dar\u00e1n sugerencias sobre c\u00f3mo presentarse, responder bien a las respuestas durante la entrevista y adem\u00e1s se centrar\u00e1n en el campo de negocios que necesite aprender.<\/p>\n<p>Aproveche la oportunidad para prepararse bien antes de su entrevista para tener \u00e9xito. Elija un <strong>m\u00e9todo r\u00e1pido y eficaz<\/strong>: una vez hayan pasado 12 horas desde que se inscribi\u00f3 en la web, ya podr\u00e1 empezar con su primera lecci\u00f3n online. Si necesita empezar antes, por favor contacte con nosotros por tel\u00e9fono e intentaremos agilizar el proceso.<\/p>\n<p>Live-English.net le ofrece <a href=\"https:\/\/live-english.net\/es\/tarifas\/\">tarifas muy competitivas<\/a> para prepararse bien antes de que tenga sus entrevistas en ingl\u00e9s. \u00a1Este m\u00e9todo se adapta perfectamente a sus necesidades!<\/p>\n <aside id=\"custom_html-66\" class=\"widget_text widget widget_custom_html amr_widget\"><div class=\"textwidget custom-html-widget\"><div>\r\n\t<br><br>\r\n<\/div>\r\n<!--EN-->\r\n <!--FR-->\r\n<!--IT-->\r\n<!--DE-->\r\n<aside id=\"custom_html-78\" class=\"widget_text widget widget_custom_html amr_widget\"><div class=\"textwidget custom-html-widget\"><div><a href=\"https:\/\/member.booknstart.com\/trial-registration?lg=es&amp;referred_by=CTA&amp;office_id=3\" title=\"Book a Free Trial Lesson\" target=\"_blank\" rel=\"noopener\"><img alt=\"Book your free English trial lesson\" src='https:\/\/live-english.net\/wp-content\/uploads\/2023\/02\/CTA-prueba.jpg'><\/a>\t\r\n<\/div><\/div><\/aside> <!--ES-->\r\n <!--HE-->\r\n <!--RU--><\/div><\/aside>","protected":false},"excerpt":{"rendered":"<p>\u00bfVa a asistir pr\u00f3ximamente a una entrevista de trabajo en ingl\u00e9s? Prep\u00e1rese con Live-English.net y nuestros experimentados profesores nativos que le ayudar\u00e1n a aumentar sus posibilidades de conseguir un buen trabajo. Tanto si su entrevista es por tel\u00e9fono como en<\/p>\n","protected":false},"author":1,"featured_media":27188,"parent":560,"menu_order":0,"comment_status":"closed","ping_status":"closed","template":"","meta":{"_monsterinsights_skip_tracking":false,"_monsterinsights_sitenote_active":false,"_monsterinsights_sitenote_note":"","_monsterinsights_sitenote_category":0,"footnotes":""},"class_list":["post-568","page","type-page","status-publish","hentry"],"_links":{"self":[{"href":"https:\/\/live-english.net\/es\/wp-json\/wp\/v2\/pages\/568","targetHints":{"allow":["GET"]}}],"collection":[{"href":"https:\/\/live-english.net\/es\/wp-json\/wp\/v2\/pages"}],"about":[{"href":"https:\/\/live-english.net\/es\/wp-json\/wp\/v2\/types\/page"}],"author":[{"embeddable":true,"href":"https:\/\/live-english.net\/es\/wp-json\/wp\/v2\/users\/1"}],"replies":[{"embeddable":true,"href":"https:\/\/live-english.net\/es\/wp-json\/wp\/v2\/comments?post=568"}],"version-history":[{"count":13,"href":"https:\/\/live-english.net\/es\/wp-json\/wp\/v2\/pages\/568\/revisions"}],"predecessor-version":[{"id":43922,"href":"https:\/\/live-english.net\/es\/wp-json\/wp\/v2\/pages\/568\/revisions\/43922"}],"up":[{"embeddable":true,"href":"https:\/\/live-english.net\/es\/wp-json\/wp\/v2\/pages\/560"}],"wp:featuredmedia":[{"embeddable":true,"href":"https:\/\/live-english.net\/es\/wp-json\/wp\/v2\/media\/27188"}],"wp:attachment":[{"href":"https:\/\/live-english.net\/es\/wp-json\/wp\/v2\/media?parent=568"}],"curies":[{"name":"wp","href":"https:\/\/api.w.org\/{rel}","templated":true}]}}