{"id":571,"date":"2018-06-05T07:49:26","date_gmt":"2018-06-05T07:49:26","guid":{"rendered":"https:\/\/live-english.net\/?page_id=571"},"modified":"2025-11-12T13:24:30","modified_gmt":"2025-11-12T13:24:30","slug":"clases-conversacionales-en-ingles","status":"publish","type":"page","link":"https:\/\/live-english.net\/es\/cursos-ingles-online\/clases-conversacionales-en-ingles\/","title":{"rendered":"Curso de conversaci\u00f3n de ingl\u00e9s"},"content":{"rendered":"\t\t<div data-elementor-type=\"wp-page\" data-elementor-id=\"571\" class=\"elementor elementor-571 elementor-105\" data-elementor-post-type=\"page\">\n\t\t\t\t\t\t<section class=\"elementor-section elementor-top-section elementor-element elementor-element-60f6e86 elementor-section-boxed elementor-section-height-default elementor-section-height-default\" data-id=\"60f6e86\" data-element_type=\"section\">\n\t\t\t\t\t\t<div class=\"elementor-container elementor-column-gap-default\">\n\t\t\t\t\t<div class=\"elementor-column elementor-col-100 elementor-top-column elementor-element elementor-element-c9980c8\" data-id=\"c9980c8\" data-element_type=\"column\">\n\t\t\t<div class=\"elementor-widget-wrap\">\n\t\t\t\t\t\t\t<\/div>\n\t\t<\/div>\n\t\t\t\t\t<\/div>\n\t\t<\/section>\n\t\t\t\t<section class=\"elementor-section elementor-top-section elementor-element elementor-element-a32cfbe elementor-section-stretched elementor-section-boxed elementor-section-height-default elementor-section-height-default\" data-id=\"a32cfbe\" data-element_type=\"section\" data-settings=\"{&quot;stretch_section&quot;:&quot;section-stretched&quot;}\">\n\t\t\t\t\t\t<div class=\"elementor-container elementor-column-gap-default\">\n\t\t\t\t\t<div class=\"elementor-column elementor-col-100 elementor-top-column elementor-element elementor-element-d5eacd0\" data-id=\"d5eacd0\" data-element_type=\"column\">\n\t\t\t<div class=\"elementor-widget-wrap elementor-element-populated\">\n\t\t\t\t\t\t<div class=\"elementor-element elementor-element-80a565e elementor-widget elementor-widget-heading\" data-id=\"80a565e\" data-element_type=\"widget\" data-widget_type=\"heading.default\">\n\t\t\t\t<div class=\"elementor-widget-container\">\n\t\t\t\t\t<h2 class=\"elementor-heading-title elementor-size-default\">Curso de conversaci\u00f3n  <span style=\"color:#023E8A\">de ingl\u00e9s<\/span><\/h2>\t\t\t\t<\/div>\n\t\t\t\t<\/div>\n\t\t\t\t<div class=\"elementor-element elementor-element-f205854 elementor-widget elementor-widget-text-editor\" data-id=\"f205854\" data-element_type=\"widget\" data-widget_type=\"text-editor.default\">\n\t\t\t\t<div class=\"elementor-widget-container\">\n\t\t\t\t\t\t\t\t\t<p>El curso de conversaci\u00f3n en ingl\u00e9s es un curso personalizado que lo ayudar\u00e1 a desarrollar la confianza para hablar ingl\u00e9s en funci\u00f3n de temas de conversaci\u00f3n espec\u00edficos. Para preparar su clase, elija un art\u00edculo de nuestro StudyBox, nuestra plataforma de aprendizaje, y luego discuta temas actuales, cultura, tecnolog\u00eda y muchos otros temas con su maestro. Adem\u00e1s del vocabulario clave para estudiar y aplicar a diferentes situaciones, obtendr\u00e1s preguntas que te ayudar\u00e1n a comprender mejor el material de estudio.\u00a0<\/p>\t\t\t\t\t\t\t\t<\/div>\n\t\t\t\t<\/div>\n\t\t\t\t\t<\/div>\n\t\t<\/div>\n\t\t\t\t\t<\/div>\n\t\t<\/section>\n\t\t\t\t<section class=\"elementor-section elementor-top-section elementor-element elementor-element-3e4abc4 elementor-section-stretched elementor-section-boxed elementor-section-height-default elementor-section-height-default\" data-id=\"3e4abc4\" data-element_type=\"section\" data-settings=\"{&quot;stretch_section&quot;:&quot;section-stretched&quot;}\">\n\t\t\t\t\t\t<div class=\"elementor-container elementor-column-gap-default\">\n\t\t\t\t\t<div class=\"elementor-column elementor-col-25 elementor-top-column elementor-element elementor-element-0589c4c\" data-id=\"0589c4c\" data-element_type=\"column\">\n\t\t\t<div class=\"elementor-widget-wrap elementor-element-populated\">\n\t\t\t\t\t\t<div class=\"elementor-element elementor-element-eca941a elementor-cta--skin-classic elementor-animated-content elementor-bg-transform elementor-bg-transform-zoom-in elementor-widget elementor-widget-call-to-action\" data-id=\"eca941a\" data-element_type=\"widget\" data-widget_type=\"call-to-action.default\">\n\t\t\t\t<div class=\"elementor-widget-container\">\n\t\t\t\t\t\t\t<div class=\"elementor-cta\">\n\t\t\t\t\t<div class=\"elementor-cta__bg-wrapper\">\n\t\t\t\t<div class=\"elementor-cta__bg elementor-bg\" style=\"background-image: url(https:\/\/live-english.net\/wp-content\/uploads\/2023\/06\/Accento-Americano-1024x576.jpg);\" role=\"img\" aria-label=\"Accento Americano\"><\/div>\n\t\t\t\t<div class=\"elementor-cta__bg-overlay\"><\/div>\n\t\t\t<\/div>\n\t\t\t\t\t\t\t<div class=\"elementor-cta__content\">\n\t\t\t\t\n\t\t\t\t\t\t\t\t\t<h2 class=\"elementor-cta__title elementor-cta__content-item elementor-content-item\">\n\t\t\t\t\t\t<a title='Acento americano ' href='https:\/\/live-english.net\/es\/cursos-ingles-online\/clases-conversacionales-en-ingles\/ingles-acento-americano\/'> Curso de Acento Americano <\/a>\t\t\t\t\t<\/h2>\n\t\t\t\t\n\t\t\t\t\n\t\t\t\t\t\t\t\t\t<div class=\"elementor-cta__button-wrapper elementor-cta__content-item elementor-content-item \">\n\t\t\t\t\t<a class=\"elementor-cta__button elementor-button elementor-size-\" href=\"https:\/\/live-english.net\/es\/cursos-ingles-online\/clases-conversacionales-en-ingles\/ingles-acento-americano\/\" title=\"American English Course\">\n\t\t\t\t\t\tM\u00e1s informaci\u00f3n\t\t\t\t\t<\/a>\n\t\t\t\t\t<\/div>\n\t\t\t\t\t\t\t<\/div>\n\t\t\t\t\t\t<\/div>\n\t\t\t\t\t\t<\/div>\n\t\t\t\t<\/div>\n\t\t\t\t\t<\/div>\n\t\t<\/div>\n\t\t\t\t<div class=\"elementor-column elementor-col-25 elementor-top-column elementor-element elementor-element-1f09c9e\" data-id=\"1f09c9e\" data-element_type=\"column\">\n\t\t\t<div class=\"elementor-widget-wrap elementor-element-populated\">\n\t\t\t\t\t\t<div class=\"elementor-element elementor-element-70fff10 elementor-cta--skin-classic elementor-animated-content elementor-bg-transform elementor-bg-transform-zoom-in elementor-widget elementor-widget-call-to-action\" data-id=\"70fff10\" data-element_type=\"widget\" data-widget_type=\"call-to-action.default\">\n\t\t\t\t<div class=\"elementor-widget-container\">\n\t\t\t\t\t\t\t<div class=\"elementor-cta\">\n\t\t\t\t\t<div class=\"elementor-cta__bg-wrapper\">\n\t\t\t\t<div class=\"elementor-cta__bg elementor-bg\" style=\"background-image: url(https:\/\/live-english.net\/wp-content\/uploads\/2023\/06\/Accento-Britannico-1024x576.jpg);\" role=\"img\" aria-label=\"Accento Britannico\"><\/div>\n\t\t\t\t<div class=\"elementor-cta__bg-overlay\"><\/div>\n\t\t\t<\/div>\n\t\t\t\t\t\t\t<div class=\"elementor-cta__content\">\n\t\t\t\t\n\t\t\t\t\t\t\t\t\t<h2 class=\"elementor-cta__title elementor-cta__content-item elementor-content-item\">\n\t\t\t\t\t\t<a title='Acento  brit\u00e1nico' href='https:\/\/live-english.net\/es\/cursos-ingles-online\/clases-conversacionales-en-ingles\/acento-britanico\/'>Curso de Acento Brit\u00e1nico <\/a>\t\t\t\t\t<\/h2>\n\t\t\t\t\n\t\t\t\t\n\t\t\t\t\t\t\t\t\t<div class=\"elementor-cta__button-wrapper elementor-cta__content-item elementor-content-item \">\n\t\t\t\t\t<a class=\"elementor-cta__button elementor-button elementor-size-\" href=\"https:\/\/live-english.net\/es\/cursos-ingles-online\/clases-conversacionales-en-ingles\/acento-britanico\/\" title=\"British English Course\">\n\t\t\t\t\t\tM\u00e1s informaci\u00f3n\t\t\t\t\t<\/a>\n\t\t\t\t\t<\/div>\n\t\t\t\t\t\t\t<\/div>\n\t\t\t\t\t\t<\/div>\n\t\t\t\t\t\t<\/div>\n\t\t\t\t<\/div>\n\t\t\t\t\t<\/div>\n\t\t<\/div>\n\t\t\t\t<div class=\"elementor-column elementor-col-25 elementor-top-column elementor-element elementor-element-19050ae\" data-id=\"19050ae\" data-element_type=\"column\">\n\t\t\t<div class=\"elementor-widget-wrap elementor-element-populated\">\n\t\t\t\t\t\t<div class=\"elementor-element elementor-element-f91baf2 elementor-cta--skin-classic elementor-animated-content elementor-bg-transform elementor-bg-transform-zoom-in elementor-widget elementor-widget-call-to-action\" data-id=\"f91baf2\" data-element_type=\"widget\" data-widget_type=\"call-to-action.default\">\n\t\t\t\t<div class=\"elementor-widget-container\">\n\t\t\t\t\t\t\t<div class=\"elementor-cta\">\n\t\t\t\t\t<div class=\"elementor-cta__bg-wrapper\">\n\t\t\t\t<div class=\"elementor-cta__bg elementor-bg\" style=\"background-image: url(https:\/\/live-english.net\/wp-content\/uploads\/2023\/06\/Live-English-website-Banner-3-2-1024x576.jpg);\" role=\"img\" aria-label=\"mezcla de acentos\"><\/div>\n\t\t\t\t<div class=\"elementor-cta__bg-overlay\"><\/div>\n\t\t\t<\/div>\n\t\t\t\t\t\t\t<div class=\"elementor-cta__content\">\n\t\t\t\t\n\t\t\t\t\t\t\t\t\t<h2 class=\"elementor-cta__title elementor-cta__content-item elementor-content-item\">\n\t\t\t\t\t\t<a title='Mezcla de acentos' href='https:\/\/live-english.net\/es\/cursos-ingles-online\/clases-conversacionales-en-ingles\/curso-conversacion-ingles-mezcla-acentos\/ '>Mezcla de acentos<\/a>\t\t\t\t\t<\/h2>\n\t\t\t\t\n\t\t\t\t\n\t\t\t\t\t\t\t\t\t<div class=\"elementor-cta__button-wrapper elementor-cta__content-item elementor-content-item \">\n\t\t\t\t\t<a class=\"elementor-cta__button elementor-button elementor-size-\" href=\"https:\/\/live-english.net\/es\/cursos-ingles-online\/clases-conversacionales-en-ingles\/curso-conversacion-ingles-mezcla-acentos\/\" title=\"Mix of English Accents\">\n\t\t\t\t\t\tM\u00e1s informaci\u00f3n\t\t\t\t\t<\/a>\n\t\t\t\t\t<\/div>\n\t\t\t\t\t\t\t<\/div>\n\t\t\t\t\t\t<\/div>\n\t\t\t\t\t\t<\/div>\n\t\t\t\t<\/div>\n\t\t\t\t\t<\/div>\n\t\t<\/div>\n\t\t\t\t<div class=\"elementor-column elementor-col-25 elementor-top-column elementor-element elementor-element-a55a7a8\" data-id=\"a55a7a8\" data-element_type=\"column\">\n\t\t\t<div class=\"elementor-widget-wrap elementor-element-populated\">\n\t\t\t\t\t\t<div class=\"elementor-element elementor-element-da9dd30 elementor-cta--skin-classic elementor-animated-content elementor-bg-transform elementor-bg-transform-zoom-in elementor-widget elementor-widget-call-to-action\" data-id=\"da9dd30\" data-element_type=\"widget\" data-widget_type=\"call-to-action.default\">\n\t\t\t\t<div class=\"elementor-widget-container\">\n\t\t\t\t\t\t\t<div class=\"elementor-cta\">\n\t\t\t\t\t<div class=\"elementor-cta__bg-wrapper\">\n\t\t\t\t<div class=\"elementor-cta__bg elementor-bg\" style=\"background-image: url(https:\/\/live-english.net\/wp-content\/uploads\/2023\/06\/Live-English-website-Banner-6-1-1024x576.jpg);\" role=\"img\" aria-label=\"ingl\u00e9s para niveles elementales\"><\/div>\n\t\t\t\t<div class=\"elementor-cta__bg-overlay\"><\/div>\n\t\t\t<\/div>\n\t\t\t\t\t\t\t<div class=\"elementor-cta__content\">\n\t\t\t\t\n\t\t\t\t\t\t\t\t\t<h2 class=\"elementor-cta__title elementor-cta__content-item elementor-content-item\">\n\t\t\t\t\t\t<a title='Ingl\u00e9s para  niveles elementales' href='https:\/\/live-english.net\/es\/cursos-ingles-online\/clases-conversacionales-en-ingles\/ingles-niveles-elementales\/'>Niveles elementales<\/a>\t\t\t\t\t<\/h2>\n\t\t\t\t\n\t\t\t\t\n\t\t\t\t\t\t\t\t\t<div class=\"elementor-cta__button-wrapper elementor-cta__content-item elementor-content-item \">\n\t\t\t\t\t<a class=\"elementor-cta__button elementor-button elementor-size-\" href=\"https:\/\/live-english.net\/es\/cursos-ingles-online\/clases-conversacionales-en-ingles\/ingles-niveles-elementales\/\" title=\"Elementary Levels English Course\">\n\t\t\t\t\t\tM\u00e1s informaci\u00f3n\t\t\t\t\t<\/a>\n\t\t\t\t\t<\/div>\n\t\t\t\t\t\t\t<\/div>\n\t\t\t\t\t\t<\/div>\n\t\t\t\t\t\t<\/div>\n\t\t\t\t<\/div>\n\t\t\t\t\t<\/div>\n\t\t<\/div>\n\t\t\t\t\t<\/div>\n\t\t<\/section>\n\t\t\t\t<section class=\"elementor-section elementor-top-section elementor-element elementor-element-89eb729 elementor-section-full_width elementor-section-stretched elementor-section-height-default elementor-section-height-default\" data-id=\"89eb729\" data-element_type=\"section\" data-settings=\"{&quot;stretch_section&quot;:&quot;section-stretched&quot;,&quot;background_background&quot;:&quot;classic&quot;}\">\n\t\t\t\t\t\t<div class=\"elementor-container elementor-column-gap-default\">\n\t\t\t\t\t<div class=\"elementor-column elementor-col-100 elementor-top-column elementor-element elementor-element-b70d618\" data-id=\"b70d618\" data-element_type=\"column\">\n\t\t\t<div class=\"elementor-widget-wrap elementor-element-populated\">\n\t\t\t\t\t\t<section class=\"elementor-section elementor-inner-section elementor-element elementor-element-5dc9097 elementor-section-boxed elementor-section-height-default elementor-section-height-default\" data-id=\"5dc9097\" data-element_type=\"section\">\n\t\t\t\t\t\t<div class=\"elementor-container elementor-column-gap-default\">\n\t\t\t\t\t<div class=\"elementor-column elementor-col-100 elementor-inner-column elementor-element elementor-element-96d60ca\" data-id=\"96d60ca\" data-element_type=\"column\">\n\t\t\t<div class=\"elementor-widget-wrap elementor-element-populated\">\n\t\t\t\t\t\t<div class=\"elementor-element elementor-element-734982a elementor-widget elementor-widget-text-editor\" data-id=\"734982a\" data-element_type=\"widget\" data-widget_type=\"text-editor.default\">\n\t\t\t\t<div class=\"elementor-widget-container\">\n\t\t\t\t\t\t\t\t\t<p>Con Live-English.net mejorar\u00e1 su ingl\u00e9s hablado, tomando clases regulares con nuestros profesores nativos. Nuestras clases de conversaci\u00f3n de ingl\u00e9s por Zoom, Google Meet o tel\u00e9fono siempre est\u00e1n adaptadas a sus necesidades. Al concentrarnos en temas que realmente le interesan, aprender\u00e1 m\u00e1s f\u00e1cilmente y con m\u00e1s entusiasmo.\u00a0<\/p><h2>Curso de conversaci\u00f3n de ingl\u00e9s online<\/h2><p>Resumiendo, esos son las ventajas de nuestras clases de conversaci\u00f3n de ingl\u00e9s online:<\/p><ul><li>Aprender\u00e1 concentr\u00e1ndose en temas basados en sus necesidades, metas y intereses,<\/li><li>Usted puede elegir el acento de su profesor<\/li><li>Usted puede estudiar con distintos profesores para as\u00ed experimentar una variedad de m\u00e9todos de ense\u00f1anza<\/li><li>Le proveemos el material para sus clases<\/li><\/ul><p><aside id=\"custom_html-81\" class=\"widget_text widget widget_custom_html amr_widget\"><div class=\"textwidget custom-html-widget\"><!--EN-->\r\n <!--FR-->\r\n<!--IT-->\r\n<!--DE-->\r\n<aside id=\"custom_html-85\" class=\"widget_text widget widget_custom_html amr_widget\"><div class=\"textwidget custom-html-widget\"><a href=\"https:\/\/member.booknstart.com\/trial-registration?lg=es&#038;referred_by=sCTA&#038;office_id=3\" title=\"Book a Free Trial Lesson\" target=\"_blank\" rel=\"noopener\"><img decoding=\"async\" src=\"https:\/\/live-english.net\/wp-content\/uploads\/2023\/02\/sCTA-es.jpg\" alt=\"Book your Free English Trial lesson\" \/><\/a><\/div><\/aside> <!--ES-->\r\n <!--HE\r\n[do_widget id=custom_html-72] <!--RU-->\r\n<div>\r\n\t<br><br>\r\n<\/div><\/div><\/aside><\/p><h2>\u00bfCu\u00e1l curso de ingl\u00e9s online es el mejor para m\u00ed?<\/h2><p><a title=\"Acento americano curso de ingl\u00e9s\" href=\"https:\/\/live-english.net\/es\/english-courses\/spoken-english-course\/english-conversation-course-american-accent\/\">Acento americano<\/a> : una experiencia de inmersi\u00f3n completa por el idioma y la cultura Americana con profesores nativos de distintas provincias.<\/p><p><a title=\"curso de ingl\u00e9s Acento brit\u00e1nico\" href=\"https:\/\/live-english.net\/es\/english-courses\/spoken-english-course\/english-conversation-course-british-accent\/\"> Acento brit\u00e1nico <\/a> : una manera espectacular para trabajar en su acento brit\u00e1nico y conocer de cerca a la cultura fascinante que lo gener\u00f3.<\/p><p><a title=\"curso de ingl\u00e9s Mezcla de acentos\" href=\"https:\/\/live-english.net\/es\/english-courses\/spoken-english-course\/english-conversation-course-mix-accents\/\"> Mezcla de acentos <\/a> : una experiencia que lo lleva alrededor del mundo y que le ayudar\u00e1 a comprender hablantes nativos de ingl\u00e9s de varios pa\u00edses adem\u00e1s de practicar su ingl\u00e9s con varios profesores<\/p><p><a title=\"curso de ingl\u00e9s Estudiantes J\u00f3venes\" href=\"https:\/\/live-english.net\/es\/english-courses\/spoken-english-course\/english-conversation-course-teenagers\/\"> Estudiantes J\u00f3venes <\/a> : un programa creado para j\u00f3venes quienes desean mejorar sus habilidades de ingl\u00e9s con un profesor especializado<\/p><p><a title=\"Niveles inferiores curso de ingl\u00e9s\" href=\"https:\/\/live-english.net\/es\/english-courses\/spoken-english-course\/english-conversation-course-elementary-levels\/\"> Niveles inferiores <\/a> : comenzar siempre es lo m\u00e1s complicado. Por eso, los primeros pasos deber\u00edan ser acompa\u00f1ados por un profesor profesional especializado en ingl\u00e9s para adultos quienes aun no tuvieron mucho contacto con el idioma ingl\u00e9s.<\/p><h2>Hable ingl\u00e9s fluidamente<\/h2><p>Si\u00e9ntese seguro al hablar ingl\u00e9s con su familia, amigos, durante sus viajes o con sus socios y colegas. Usted elige tomar sus clases v\u00eda Zoom o por tel\u00e9fono para mejorar sus habilidades orales sin tener que salir de su casa u oficina.<\/p><h2>\u00bfPara quienes son las clases de conversaci\u00f3n online?<\/h2><p>Si ya tiene un nivel b\u00e1sico de ingl\u00e9s, obtendr\u00e1 grandes ventajas de nuestros cursos de conversaci\u00f3n de ingl\u00e9s. \u00a1Las clases se dictan 100% en ingl\u00e9s lo que es la mejor manera para mejorar sus conocimientos! Los temas de las clases se definen acorde a su nivel, sus metas y sus intereses. Es la soluci\u00f3n perfecta si desea hablar ingl\u00e9s fluidamente y poder acceder a un profesor seg\u00fan su conveniencia.<\/p><p>Todos nuestros profesores cuentan con experiencia y son hablantes nativos del idioma. Al estudiar con ellos aprender\u00e1 m\u00e1s acerca de las culturas diferentes del mundo ingl\u00e9s. Todos cuentan con conocimientos y experiencias distintas. \u00a1Conozca los <a href=\"https:\/\/live-english.net\/es\/escuela-idiomas-virtual\/profesores-ingles-online\/\">mejores profesores de ingl\u00e9s<\/a> que elegimos para Usted!<\/p><h2>\u00bfC\u00f3mo funciona un curso de conversaci\u00f3n de ingl\u00e9s?<\/h2><p>Para comenzar su curso de conversaci\u00f3n de ingl\u00e9s online, necesita reservar una clase en el \u00e1rea de miembros de nuestra p\u00e1gina. A la hora de su Zoom,Googlee Meet o por tel\u00e9fono, dependiendo de que Usted eligi\u00f3. Nosotros recomendamos que est\u00e9 conectado ya unos minutos antes del comienzo de su clase para as\u00ed evitar demoras.<\/p><p>Si se trata de su primera clase, se presentar\u00e1 y discutir\u00e1 sus metas u intereses con su profesor. Por lo general puede hacerlo durante su <a href=\"https:\/\/live-english.net\/es\/prueba\/\">evaluaci\u00f3n gratuita<\/a>.<\/p><p>Se cubre una gran cantidad de temas. Muchas veces las clases se basan en alg\u00fan art\u00edculo de nuestro StudyBox que Usted elije antes de la clase. Nuestra meta principal es de alentarlo a trabajar su ingl\u00e9s a base de temas que le interesan personalmente para que as\u00ed logre agrandar su vocabulario, mejorar su gram\u00e1tica y obtener fluidez junto con confianza al hablar ingl\u00e9s.<\/p><p>Si Usted practica con regularidad, sus habilidades orales mejorar\u00e1n r\u00e1pidamente.<\/p><p>Ya una clase por semana le ayudar\u00e1 a mantener su nivel. Es una buena velocidad para personas que cuentan con un buen nivel de ingl\u00e9s porque ya han vivido alg\u00fan tiempo en un pa\u00eds habla inglesa y ahora no quieren perder ese nivel.<\/p><p>Dos sesiones de 45 minutos cada una o tres sesiones de 30 minutes por semana le dar\u00e1n la posibilidad de mejorar sus habilidades.<\/p><h2>\u00bfPor qu\u00e9 elegir Live-English.net para estudiar ingl\u00e9s conversacional?<\/h2><p>Con Live-English.net Usted elige experiencia y cualidad. Por m\u00e1s que una d\u00e9cada miles de estudiantes de todo el mundo nos han confiado para ayudarles a hablar ingl\u00e9s fluidamente. Somos especialistas en ense \u00f1 ar ingl\u00e9s como idioma extranjero. Nuestros profesores son completamente calificados y reciben entrenamiento continuo. Todos nuestros profesores son hablantes nativos de ingl\u00e9s y adem\u00e1s de sus habilidades educativas cuentan con diferentes conocimientos profesionales \u2013 desde finanzas hasta ciencias e arte.<\/p><p>Lo m\u00e1s importante: En Live-English.net Usted nunca solo ser\u00e1 un n\u00famero.<\/p><p>Recibir\u00e1 atenci\u00f3n personal, se discutir\u00e1n y evaluar\u00e1n sus necesidades y metas y su camino hacia un ingl\u00e9s completamente fluido ser\u00e1 m\u00e1s f\u00e1cil contando con profesores interesados y un equipo atento.<\/p><h2>Nuestras clases de conversaci\u00f3n de ingl\u00e9s<\/h2><p><iframe src=\"https:\/\/www.youtube.com\/embed\/9pGlJsJvj94\" width=\"560\" height=\"315\" frameborder=\"0\" allowfullscreen=\"allowfullscreen\"><\/iframe><\/p><p><iframe src=\"https:\/\/www.youtube.com\/embed\/AN6dM8PWQMY\" width=\"560\" height=\"315\" frameborder=\"0\" allowfullscreen=\"allowfullscreen\"><\/iframe><\/p><h2>Para seguir leyendo:<\/h2><ul><li>Consejos en nuestro <a title=\"blog para estudiantes de ingl\u00e9s\" href=\"https:\/\/live-english.net\/es\/blog\/\">blog para estudiantes de ingl\u00e9s<\/a> , Aprenda c\u00f3mo mejorar su ingl\u00e9s hablado hoy en d\u00eda<\/li><li>\u00bfPor qu\u00e9 usar <a title=\"Zoom para su curso de conversaci\u00f3n de ingl\u00e9s\" href=\"https:\/\/live-english.net\/es\/online-english-school\/english-video-conference-zoom\/\"> Zoom para su curso de conversaci\u00f3n de ingl\u00e9s <\/a> ?<\/li><li>\u00bfEs un <a title=\"curso de conversaci\u00f3n de ingl\u00e9s por telefono\" href=\"https:\/\/live-english.net\/es\/online-english-school\/english-by-phone\/\"> curso de conversaci\u00f3n de ingl\u00e9s por telefono <\/a> lo mejor para m\u00ed?<\/li><li>Lea los <a title=\"comentarios de nuestros estudiantes\" href=\"https:\/\/live-english.net\/es\/testimonials-students\/\"> comentarios de nuestros estudiantes <\/a> de todo el mundo<\/li><\/ul><hr \/>\t\t\t\t\t\t\t\t<\/div>\n\t\t\t\t<\/div>\n\t\t\t\t\t<\/div>\n\t\t<\/div>\n\t\t\t\t\t<\/div>\n\t\t<\/section>\n\t\t\t\t\t<\/div>\n\t\t<\/div>\n\t\t\t\t\t<\/div>\n\t\t<\/section>\n\t\t\t\t<section class=\"elementor-section elementor-top-section elementor-element elementor-element-7ddfd4e7 elementor-section-boxed elementor-section-height-default elementor-section-height-default\" data-id=\"7ddfd4e7\" data-element_type=\"section\">\n\t\t\t\t\t\t<div class=\"elementor-container elementor-column-gap-default\">\n\t\t\t\t\t<div class=\"elementor-column elementor-col-100 elementor-top-column elementor-element elementor-element-760e6945\" data-id=\"760e6945\" data-element_type=\"column\">\n\t\t\t<div class=\"elementor-widget-wrap\">\n\t\t\t\t\t\t\t<\/div>\n\t\t<\/div>\n\t\t\t\t\t<\/div>\n\t\t<\/section>\n\t\t\t\t<\/div>\n\t\t <aside id=\"custom_html-66\" class=\"widget_text widget widget_custom_html amr_widget\"><div class=\"textwidget custom-html-widget\"><div>\r\n\t<br><br>\r\n<\/div>\r\n<!--EN-->\r\n <!--FR-->\r\n<!--IT-->\r\n<!--DE-->\r\n<aside id=\"custom_html-78\" class=\"widget_text widget widget_custom_html amr_widget\"><div class=\"textwidget custom-html-widget\"><div><a href=\"https:\/\/member.booknstart.com\/trial-registration?lg=es&amp;referred_by=CTA&amp;office_id=3\" title=\"Book a Free Trial Lesson\" target=\"_blank\" rel=\"noopener\"><img alt=\"Book your free English trial lesson\" src='https:\/\/live-english.net\/wp-content\/uploads\/2023\/02\/CTA-prueba.jpg'><\/a>\t\r\n<\/div><\/div><\/aside> <!--ES-->\r\n <!--HE-->\r\n <!--RU--><\/div><\/aside>","protected":false},"excerpt":{"rendered":"<p>Curso de conversaci\u00f3n de ingl\u00e9s El curso de conversaci\u00f3n en ingl\u00e9s es un curso personalizado que lo ayudar\u00e1 a desarrollar la confianza para hablar ingl\u00e9s en funci\u00f3n de temas de conversaci\u00f3n espec\u00edficos. Para preparar su clase, elija un art\u00edculo de<\/p>\n","protected":false},"author":1,"featured_media":10197,"parent":560,"menu_order":0,"comment_status":"closed","ping_status":"closed","template":"elementor_header_footer","meta":{"_monsterinsights_skip_tracking":false,"_monsterinsights_sitenote_active":false,"_monsterinsights_sitenote_note":"","_monsterinsights_sitenote_category":0,"footnotes":""},"class_list":["post-571","page","type-page","status-publish","hentry"],"_links":{"self":[{"href":"https:\/\/live-english.net\/es\/wp-json\/wp\/v2\/pages\/571","targetHints":{"allow":["GET"]}}],"collection":[{"href":"https:\/\/live-english.net\/es\/wp-json\/wp\/v2\/pages"}],"about":[{"href":"https:\/\/live-english.net\/es\/wp-json\/wp\/v2\/types\/page"}],"author":[{"embeddable":true,"href":"https:\/\/live-english.net\/es\/wp-json\/wp\/v2\/users\/1"}],"replies":[{"embeddable":true,"href":"https:\/\/live-english.net\/es\/wp-json\/wp\/v2\/comments?post=571"}],"version-history":[{"count":7,"href":"https:\/\/live-english.net\/es\/wp-json\/wp\/v2\/pages\/571\/revisions"}],"predecessor-version":[{"id":43796,"href":"https:\/\/live-english.net\/es\/wp-json\/wp\/v2\/pages\/571\/revisions\/43796"}],"up":[{"embeddable":true,"href":"https:\/\/live-english.net\/es\/wp-json\/wp\/v2\/pages\/560"}],"wp:featuredmedia":[{"embeddable":true,"href":"https:\/\/live-english.net\/es\/wp-json\/wp\/v2\/media\/10197"}],"wp:attachment":[{"href":"https:\/\/live-english.net\/es\/wp-json\/wp\/v2\/media?parent=571"}],"curies":[{"name":"wp","href":"https:\/\/api.w.org\/{rel}","templated":true}]}}