{"id":577,"date":"2018-06-05T07:53:52","date_gmt":"2018-06-05T07:53:52","guid":{"rendered":"https:\/\/live-english.net\/?page_id=577"},"modified":"2023-03-16T16:12:22","modified_gmt":"2023-03-16T16:12:22","slug":"clases-ingles-telefono","status":"publish","type":"page","link":"https:\/\/live-english.net\/es\/escuela-idiomas-virtual\/clases-ingles-telefono\/","title":{"rendered":"Clases de ingl\u00e9s por tel\u00e9fono"},"content":{"rendered":"<p>Aprenda ingl\u00e9s por tel\u00e9fono con un profesor nativo. Es muy conveniente y lo \u00fanico que necesita para comenzar es una l\u00ednea telef\u00f3nica fija. Si quieres flexibilidad para aprender ingl\u00e9s desde cualquier lugar o, tal vez, tienes una conexi\u00f3n a internet lenta, aprende ingl\u00e9s por tel\u00e9fono fijo o m\u00f3vil. Es una forma c\u00f3moda y r\u00e1pida de potenciar tus destrezas de expresi\u00f3n oral en ingl\u00e9s. <\/p>\n<h2>\u00bfPor qu\u00e9 clases de ingl\u00e9s por tel\u00e9fono?<\/h2>\n<p>Live-English.net le brinda la posibilidad de elegir entre <a href=\"https:\/\/live-english.net\/es\/escuela-idiomas-virtual\/clases-ingles-skype\/\" title=\"clases de ingl\u00e9s por Skype\"> clases de ingl\u00e9s por Skype<\/a> o clases de ingl\u00e9s por tel\u00e9fono.<br \/>\n<br \/>\nRecomendamos las clases de ingl\u00e9s por tel\u00e9fono principalmente para aquellos alumnos que ya cuentan con un <b>buen nivel de ingl\u00e9s<\/b> (intermedio-alto o niveles avanzados \u2013 si su nivel de ingl\u00e9s es menor, le recomendamos nuestras clases por Skype o Zoom que permiten m\u00e1s interacci\u00f3n con el profesor).<br \/>\n<aside id=\"custom_html-81\" class=\"widget_text widget widget_custom_html amr_widget\"><div class=\"textwidget custom-html-widget\"><!--EN-->\r\n <!--FR-->\r\n<!--IT-->\r\n<!--DE-->\r\n<aside id=\"custom_html-85\" class=\"widget_text widget widget_custom_html amr_widget\"><div class=\"textwidget custom-html-widget\"><a href=\"https:\/\/member.booknstart.com\/trial-registration?lg=es&amp;referred_by=sCTA&amp;office_id=3\" title=\"Book a Free Trial Lesson\" target=\"_blank\" rel=\"noopener\"><img decoding=\"async\" src=\"https:\/\/live-english.net\/wp-content\/uploads\/2023\/02\/sCTA-es.jpg\" alt=\"Book your Free English Trial lesson\" \/><\/a><\/div><\/aside> <!--ES-->\r\n <!--HE\r\n[do_widget id=custom_html-72] <!--RU-->\r\n<div>\r\n\t<br><br>\r\n<\/div><\/div><\/aside><\/p>\n<h2>Ingl\u00e9s de negocios por tel\u00e9fono<\/h2>\n<p>Muchos profesionales eligen lecciones de ingl\u00e9s por tel\u00e9fono simplemente porque proporciona flexibilidad, se adapta f\u00e1cilmente a un horario ajetreado y les ayuda a preparar llamadas telef\u00f3nicas de negocios.<\/p>\n<p>Incluso si prefieres la comunicaci\u00f3n escrita, habr\u00e1 un momento en que necesites utilizar una llamada telef\u00f3nica para la comunicaci\u00f3n de negocios en ingl\u00e9s, lo cual puede resultar aterrador. Aprender ingl\u00e9s por tel\u00e9fono te ayudar\u00e1 a aumentar tu seguridad y a comunicarte en ingl\u00e9s de forma eficaz con tus colegas o clientes.<\/p>\n<p>Nuestro <a href=\"https:\/\/live-english.net\/es\/cursos-ingles-online\/clases-ingles-negocios\/\" title=\"Curso de Ingl\u00e9s Profesional\">Curso de ingl\u00e9s profesional y de negocios<\/a> y de Negocios te ayudar\u00e1 a ganar confianza en situaciones relacionadas con el trabajo mejorando tus destrezas de comunicaci\u00f3n en ingl\u00e9s.<\/p>\n<h2>Aprendiendo ingl\u00e9s por tel\u00e9fono<\/h2>\n<ul>\n<li>Es la manera ideal para preparar una <b>llamada telef\u00f3nica en ingl\u00e9s<\/b> o tambi\u00e9n una teleconferencia<\/li>\n<li>Te daremos un n\u00famero de tel\u00e9fono local y el n\u00famero de acceso de tu profesor<\/li>\n<li>Le facilitamos un n\u00famero de tel\u00e9fono local junto con el n\u00famero de contacto de su profesor<\/li>\n<li>Clases de ingl\u00e9s por tel\u00e9fono son de <b>s\u00f3lo 30 minutos<\/b> lo que le permite acomodarlas f\u00e1cilmente en su agenda<\/li>\n<li>Tendr\u00e1 acceso a nuestro StudyBox \u2013 una librer\u00eda online con diversos art\u00edculos y recursos que le permite elegir el material que m\u00e1s le conviene<\/li>\n<li>\u00a1Puede aprender ingl\u00e9s por tel\u00e9fono en <b>su casa, la oficina o en cualquier otro lugar del mundo!<\/b><\/li>\n<\/ul>\n<h2>Comienza hoy sus clases de ingl\u00e9s por tel\u00e9fono<\/h2>\n<p><b>No pierda tiempo o dinero<\/b> yendo a una escuela de ingl\u00e9s, comienza a aprender ingl\u00e9s por tel\u00e9fono:<br \/>\n<br \/>\nEcha un vistazo a nuestros  <a href=\"https:\/\/live-english.net\/es\/precios-y-planes\/\" title=\"Precios de lecciones Telef\u00f3nicas en Ingl\u00e9s\"> precios diferentes de lecciones Telef\u00f3nicas en Ingl\u00e9s<\/a> y aprovecha la oportunidad a fin de hacer espacio para tus clases de ingl\u00e9s.<br \/>\n<br \/>\nNuestros <a href=\"https:\/\/live-english.net\/online-english-school\/english-teachers\/\" title=\"profesores de ingl\u00e9s online\">profesores de ingl\u00e9s online<\/a> no s\u00f3lo son profesionales experimentados, sino muy simp\u00e1ticos y dispuestos a ayudarle a aprender ingl\u00e9s por tel\u00e9fono en las mejores condiciones.<br \/>\n<br \/>\nReg\u00edstrese a aprender ingl\u00e9s por tel\u00e9fono ahora.<\/p>\n<p><iframe src=\"https:\/\/www.youtube.com\/embed\/CrqLxw32rdc?rel=0&amp;controls=0\" width=\"560\" height=\"315\" frameborder=\"0\" allowfullscreen=\"allowfullscreen\"><\/iframe><\/p>\n <aside id=\"custom_html-66\" class=\"widget_text widget widget_custom_html amr_widget\"><div class=\"textwidget custom-html-widget\"><div>\r\n\t<br><br>\r\n<\/div>\r\n<!--EN-->\r\n <!--FR-->\r\n<!--IT-->\r\n<!--DE-->\r\n<aside id=\"custom_html-78\" class=\"widget_text widget widget_custom_html amr_widget\"><div class=\"textwidget custom-html-widget\"><div><a href=\"https:\/\/member.booknstart.com\/trial-registration?lg=es&amp;referred_by=CTA&amp;office_id=3\" title=\"Book a Free Trial Lesson\" target=\"_blank\" rel=\"noopener\"><img alt=\"Book your free English trial lesson\" src='https:\/\/live-english.net\/wp-content\/uploads\/2023\/02\/CTA-prueba.jpg'><\/a>\t\r\n<\/div><\/div><\/aside> <!--ES-->\r\n <!--HE-->\r\n <!--RU--><\/div><\/aside>","protected":false},"excerpt":{"rendered":"<p>Aprenda ingl\u00e9s por tel\u00e9fono con un profesor nativo. Es muy conveniente y lo \u00fanico que necesita para comenzar es una l\u00ednea telef\u00f3nica fija. Si quieres flexibilidad para aprender ingl\u00e9s desde cualquier lugar o, tal vez, tienes una conexi\u00f3n a internet<\/p>\n","protected":false},"author":1,"featured_media":25115,"parent":574,"menu_order":0,"comment_status":"closed","ping_status":"closed","template":"","meta":{"_monsterinsights_skip_tracking":false,"_monsterinsights_sitenote_active":false,"_monsterinsights_sitenote_note":"","_monsterinsights_sitenote_category":0,"footnotes":""},"class_list":["post-577","page","type-page","status-publish","hentry"],"_links":{"self":[{"href":"https:\/\/live-english.net\/es\/wp-json\/wp\/v2\/pages\/577","targetHints":{"allow":["GET"]}}],"collection":[{"href":"https:\/\/live-english.net\/es\/wp-json\/wp\/v2\/pages"}],"about":[{"href":"https:\/\/live-english.net\/es\/wp-json\/wp\/v2\/types\/page"}],"author":[{"embeddable":true,"href":"https:\/\/live-english.net\/es\/wp-json\/wp\/v2\/users\/1"}],"replies":[{"embeddable":true,"href":"https:\/\/live-english.net\/es\/wp-json\/wp\/v2\/comments?post=577"}],"version-history":[{"count":5,"href":"https:\/\/live-english.net\/es\/wp-json\/wp\/v2\/pages\/577\/revisions"}],"predecessor-version":[{"id":25136,"href":"https:\/\/live-english.net\/es\/wp-json\/wp\/v2\/pages\/577\/revisions\/25136"}],"up":[{"embeddable":true,"href":"https:\/\/live-english.net\/es\/wp-json\/wp\/v2\/pages\/574"}],"wp:featuredmedia":[{"embeddable":true,"href":"https:\/\/live-english.net\/es\/wp-json\/wp\/v2\/media\/25115"}],"wp:attachment":[{"href":"https:\/\/live-english.net\/es\/wp-json\/wp\/v2\/media?parent=577"}],"curies":[{"name":"wp","href":"https:\/\/api.w.org\/{rel}","templated":true}]}}