{"id":795,"date":"2018-06-07T07:30:51","date_gmt":"2018-06-07T07:30:51","guid":{"rendered":"https:\/\/live-english.net\/?page_id=795"},"modified":"2026-02-17T12:33:04","modified_gmt":"2026-02-17T12:33:04","slug":"test-de-nivel","status":"publish","type":"page","link":"https:\/\/live-english.net\/es\/test-de-nivel\/","title":{"rendered":"Test de nivel de ingl\u00e9s"},"content":{"rendered":"\t\t<div data-elementor-type=\"wp-page\" data-elementor-id=\"795\" class=\"elementor elementor-795 elementor-772\" data-elementor-post-type=\"page\">\n\t\t\t\t\t\t<section class=\"elementor-section elementor-top-section elementor-element elementor-element-061bd06 elementor-section-boxed elementor-section-height-default elementor-section-height-default\" data-id=\"061bd06\" data-element_type=\"section\">\n\t\t\t\t\t\t<div class=\"elementor-container elementor-column-gap-default\">\n\t\t\t\t\t<div class=\"elementor-column elementor-col-100 elementor-top-column elementor-element elementor-element-597cda3\" data-id=\"597cda3\" data-element_type=\"column\">\n\t\t\t<div class=\"elementor-widget-wrap elementor-element-populated\">\n\t\t\t\t\t\t<div class=\"elementor-element elementor-element-f19e746 elementor-widget elementor-widget-html\" data-id=\"f19e746\" data-element_type=\"widget\" data-widget_type=\"html.default\">\n\t\t\t\t<div class=\"elementor-widget-container\">\n\t\t\t\t\t<script src=\"https:\/\/member.booknstart.com\/embed\/level-test\/eCJ77aMqz21AS4DSfs0TGoJHmkP2GQkR\"><\/script>\t\t\t\t<\/div>\n\t\t\t\t<\/div>\n\t\t\t\t\t<\/div>\n\t\t<\/div>\n\t\t\t\t\t<\/div>\n\t\t<\/section>\n\t\t\t\t<section class=\"elementor-section elementor-top-section elementor-element elementor-element-5f976b42 elementor-section-boxed elementor-section-height-default elementor-section-height-default\" data-id=\"5f976b42\" data-element_type=\"section\">\n\t\t\t\t\t\t<div class=\"elementor-container elementor-column-gap-default\">\n\t\t\t\t\t<div class=\"elementor-column elementor-col-100 elementor-top-column elementor-element elementor-element-2d3ef3a2\" data-id=\"2d3ef3a2\" data-element_type=\"column\">\n\t\t\t<div class=\"elementor-widget-wrap elementor-element-populated\">\n\t\t\t\t\t\t<div class=\"elementor-element elementor-element-158d437d elementor-widget elementor-widget-text-editor\" data-id=\"158d437d\" data-element_type=\"widget\" data-widget_type=\"text-editor.default\">\n\t\t\t\t<div class=\"elementor-widget-container\">\n\t\t\t\t\t\t\t\t\t<h2>Sobre el test de nivel de ingl\u00e9s en l\u00ednea<\/h2><p>Responde a las preguntas de arriba y comprueba tu ingl\u00e9s gratuitamente con solo unos clics. Al realizar las preguntas de gram\u00e1tica y vocabulario, el ejercicio de comprensi\u00f3n lectora y la parte de comprensi\u00f3n auditiva, tendr\u00e1s una idea mejor de cu\u00e1l es tu nivel de ingl\u00e9s.<\/p><p>Si tu puntuaci\u00f3n es superior a 12, tu nivel de ingl\u00e9s es lo bastante bueno para mejorar tu ingl\u00e9s con nuestro m\u00e9todo. Reg\u00edstrate para una <a title=\"clase de prueba de ingl\u00e9s gratuita\" href=\"https:\/\/live-english.net\/es\/free-trial\/\">clase de prueba gratuita<\/a> y hablar con uno de los profesores sobre tus necesidades y objetivos.<\/p>\t\t\t\t\t\t\t\t<\/div>\n\t\t\t\t<\/div>\n\t\t\t\t\t<\/div>\n\t\t<\/div>\n\t\t\t\t\t<\/div>\n\t\t<\/section>\n\t\t\t\t<\/div>\n\t\t <aside id=\"custom_html-66\" class=\"widget_text widget widget_custom_html amr_widget\"><div class=\"textwidget custom-html-widget\"><div>\r\n\t<br><br>\r\n<\/div>\r\n<!--EN-->\r\n <!--FR-->\r\n<!--IT-->\r\n<!--DE-->\r\n<aside id=\"custom_html-78\" class=\"widget_text widget widget_custom_html amr_widget\"><div class=\"textwidget custom-html-widget\"><div><a href=\"https:\/\/member.booknstart.com\/trial-registration?lg=es&amp;referred_by=CTA&amp;office_id=3\" title=\"Book a Free Trial Lesson\" target=\"_blank\" rel=\"noopener\"><img alt=\"Book your free English trial lesson\" src='https:\/\/live-english.net\/wp-content\/uploads\/2023\/02\/CTA-prueba.jpg'><\/a>\t\r\n<\/div><\/div><\/aside> <!--ES-->\r\n <!--HE-->\r\n <!--RU--><\/div><\/aside>","protected":false},"excerpt":{"rendered":"<p>Sobre el test de nivel de ingl\u00e9s en l\u00ednea Responde a las preguntas de arriba y comprueba tu ingl\u00e9s gratuitamente con solo unos clics. Al realizar las preguntas de gram\u00e1tica y vocabulario, el ejercicio de comprensi\u00f3n lectora y la parte<\/p>\n","protected":false},"author":1,"featured_media":10437,"parent":0,"menu_order":0,"comment_status":"closed","ping_status":"closed","template":"","meta":{"_monsterinsights_skip_tracking":false,"_monsterinsights_sitenote_active":false,"_monsterinsights_sitenote_note":"","_monsterinsights_sitenote_category":0,"footnotes":""},"class_list":["post-795","page","type-page","status-publish","hentry"],"_links":{"self":[{"href":"https:\/\/live-english.net\/es\/wp-json\/wp\/v2\/pages\/795","targetHints":{"allow":["GET"]}}],"collection":[{"href":"https:\/\/live-english.net\/es\/wp-json\/wp\/v2\/pages"}],"about":[{"href":"https:\/\/live-english.net\/es\/wp-json\/wp\/v2\/types\/page"}],"author":[{"embeddable":true,"href":"https:\/\/live-english.net\/es\/wp-json\/wp\/v2\/users\/1"}],"replies":[{"embeddable":true,"href":"https:\/\/live-english.net\/es\/wp-json\/wp\/v2\/comments?post=795"}],"version-history":[{"count":5,"href":"https:\/\/live-english.net\/es\/wp-json\/wp\/v2\/pages\/795\/revisions"}],"predecessor-version":[{"id":44192,"href":"https:\/\/live-english.net\/es\/wp-json\/wp\/v2\/pages\/795\/revisions\/44192"}],"wp:featuredmedia":[{"embeddable":true,"href":"https:\/\/live-english.net\/es\/wp-json\/wp\/v2\/media\/10437"}],"wp:attachment":[{"href":"https:\/\/live-english.net\/es\/wp-json\/wp\/v2\/media?parent=795"}],"curies":[{"name":"wp","href":"https:\/\/api.w.org\/{rel}","templated":true}]}}