{"id":10053,"date":"2020-03-22T13:29:05","date_gmt":"2020-03-22T13:29:05","guid":{"rendered":"https:\/\/live-english.net\/?page_id=10053"},"modified":"2023-06-12T13:57:21","modified_gmt":"2023-06-12T13:57:21","slug":"accent-britannique","status":"publish","type":"page","link":"https:\/\/live-english.net\/fr\/cours-anglais-ligne\/cours-conversation-anglais\/accent-britannique\/","title":{"rendered":"Cours de conversation en anglais: accent britannique"},"content":{"rendered":"<p>Pour pouvoir parler avec un accent britannique, il faut \u00eatre suffisamment en contact avec cet accent \u00e0 travers les media (la t\u00e9l\u00e9vision, la radio, les journaux) ainsi que pratiquer la prononciation avec des Anglais. A Live-English.net, nous proposons d&rsquo;\u00e9tudier avec des professeurs de diverses nationalit\u00e9s, et en particulier des professseurs britanniques. Si vous r\u00eavez de parler anglais comme un <em>British<\/em>, ce cours d&rsquo;anglais britannique est fait pour vous!<\/p>\n<h2>Qu&rsquo;est-ce que le cours de conversation d&rsquo;anglais britannique ?<\/h2>\n<p>Ce cours vous donne la possibilit\u00e9 d&rsquo;apprendre l&rsquo;anglais avec des professeurs venant de Grande-Bretagne exclusivement. L&rsquo;objectif est de cr\u00e9er une immersion compl\u00e8te et de se sentir en Angleterre sans quitter son salon.<br \/>\n<aside id=\"custom_html-81\" class=\"widget_text widget widget_custom_html amr_widget\"><div class=\"textwidget custom-html-widget\"><!--EN-->\r\n<aside id=\"custom_html-82\" class=\"widget_text widget widget_custom_html amr_widget\"><div class=\"textwidget custom-html-widget\"><a href=\"https:\/\/member.booknstart.com\/trial-registration?lg=fr&amp;referred_by=sCTA&amp;office_id=3\" title=\"Book a Free Trial Lesson\" target=\"_blank\" rel=\"noopener\"><img decoding=\"async\" src=\"https:\/\/live-english.net\/wp-content\/uploads\/2023\/02\/sCTA-fr2.jpg\" alt=\"Book your Free English Trial lesson\" \/><\/a><\/div><\/aside> <!--FR-->\r\n<!--IT-->\r\n<!--DE-->\r\n <!--ES-->\r\n <!--HE\r\n[do_widget id=custom_html-72] <!--RU-->\r\n<div>\r\n\t<br><br>\r\n<\/div><\/div><\/aside><\/p>\n<h2>Que trouve-t-on dans le cours d&rsquo;anglais de conversation, accent britannique ?<\/h2>\n<p>Apprendre avec des professeurs britanniques vous permettra de se concentrer sur les comp\u00e9tences suivantes:<\/p>\n<ul>\n<li>vous am\u00e9liorerez votre accent britannique<\/li>\n<li>vous aurez une meilleure connaissance de la culture britannique<\/li>\n<li>il vous sera plus facile de comprendre les Anglais et autres Britanniques<\/li>\n<li>vous pourrez \u00eatre en contact avec des professeurs britanniques provenants de diff\u00e9rentes r\u00e9gions (l&rsquo;Angleterre, l&rsquo;Ecosse, l&rsquo;Irlande) et vous pourrez comprendre les diff\u00e9rences qui existent entre ces r\u00e9gions.<\/li>\n<\/ul>\n<h2>A qui sont destin\u00e9s les cours de conversation d&rsquo;anglais britannique ?<\/h2>\n<p>Les cours de conversation d&rsquo;anglais britannique sont destin\u00e9s \u00e0 tous ceux qui, \u00e9tudiants, professionnels, voyageurs, s&rsquo;int\u00e9ressent \u00e0 la culture britannique. Beaucoup de ceux qui choisissent ce cours ont pass\u00e9 un certain temps en Grande-Bretagne ou ont l&rsquo;intention de la visiter.<\/p>\n<h2>Comment fonctionnent les cours d&rsquo;anglais de conversation, accent britannique?<\/h2>\n<p>En choisissant les cours d&rsquo;anglais britannique, vous avez acc\u00e8s \u00e0 un large \u00e9ventail de ressources p\u00e9dagogiques sp\u00e9cifiques \u00e0 l&rsquo;anglais britannique dans la Study Box: l&rsquo;actualit\u00e9 britannique, la culture britannique, etc. Les professeurs qui enseignent en ligne par Skype, Zoom ou par t\u00e9l\u00e9phone sont tous britanniques. Un cours par semaine est id\u00e9al pour ceux qui ont d\u00e9j\u00e0 un bon niveau d&rsquo;anglais et qui souhaitent maitenir leur niveau. Si l&rsquo;objectif est de monter de niveau, deux \u00e0 trois cours d&rsquo;anglais de conversation sont recommand\u00e9s. Nous recommandons \u00e9galement de pratiquer avec 2 professeurs afin de ne pas s&rsquo;habituer \u00e0 un seul accent britannique sp\u00e9cifique.<\/p>\n<h2>Vous souhaitez apprendre plus que l&rsquo;anglais britannique?<\/h2>\n<p>Veuillez noter que nous proposons \u00e9galement des cours d\u00e9di\u00e9s \u00e0 am\u00e9liorer son <a href=\"https:\/\/live-english.net\/english-courses\/spoken-english-course\/english-conversation-course-american-accent\/\" title=\"accent am\u00e9ricain\">accent am\u00e9ricain<\/a>, et une s\u00e9rie de cours pour ceux qui souhaitent conna\u00eetre <a href=\"https:\/\/live-english.net\/english-courses\/spoken-english-course\/english-conversation-course-british-accent\/\" title=\"diff\u00e9rents accents anglais\">diff\u00e9rents accents<\/a> et avec des cours de conversation avec des professeurs de diff\u00e9rents pays tels que les Etats-Unis, l&rsquo;Angleterre, l&rsquo;Australie, l&rsquo;Afrique du Sud, etc.<\/p>\n<p><strong>Si vous souhaitez avoir plus d&rsquo;informations sur nos cours d&rsquo;anglais britannique, inscrivez-vous \u00e0 un <a href=\"https:\/\/live-english.net\/free-trial\/\" title=\"cours d&#039;essai d&#039;anglais gratuit\">cours d&rsquo;essai gratuit<\/a> et discutez de vos besoins et objectifs linguistiques avec l&rsquo;un de nos professeurs.<\/strong><\/p>\n<h2>Vous aimez l&rsquo;accent British? Suivez-nous sur Instagram!<\/h2>\n<blockquote class=\"instagram-media\" data-instgrm-captioned data-instgrm-permalink=\"https:\/\/www.instagram.com\/p\/CgHlSzlNVkt\/?utm_source=ig_embed&amp;utm_campaign=loading\" data-instgrm-version=\"14\" style=\" background:#FFF; border:0; border-radius:3px; box-shadow:0 0 1px 0 rgba(0,0,0,0.5),0 1px 10px 0 rgba(0,0,0,0.15); margin: 1px; max-width:540px; min-width:326px; padding:0; width:99.375%; width:-webkit-calc(100% - 2px); width:calc(100% - 2px);\">\n<div style=\"padding:16px;\"> <a href=\"https:\/\/www.instagram.com\/p\/CgHlSzlNVkt\/?utm_source=ig_embed&amp;utm_campaign=loading\" style=\" background:#FFFFFF; line-height:0; padding:0 0; text-align:center; text-decoration:none; width:100%;\" target=\"_blank\" rel=\"noopener\"> <\/p>\n<div style=\" display: flex; flex-direction: row; align-items: center;\">\n<div style=\"background-color: #F4F4F4; border-radius: 50%; flex-grow: 0; height: 40px; margin-right: 14px; width: 40px;\"><\/div>\n<div style=\"display: flex; flex-direction: column; flex-grow: 1; justify-content: center;\">\n<div style=\" background-color: #F4F4F4; border-radius: 4px; flex-grow: 0; height: 14px; margin-bottom: 6px; width: 100px;\"><\/div>\n<div style=\" background-color: #F4F4F4; border-radius: 4px; flex-grow: 0; height: 14px; width: 60px;\"><\/div>\n<\/div>\n<\/div>\n<div style=\"padding: 19% 0;\"><\/div>\n<div style=\"display:block; height:50px; margin:0 auto 12px; width:50px;\"><svg width=\"50px\" height=\"50px\" viewBox=\"0 0 60 60\" version=\"1.1\" xmlns=\"https:\/\/www.w3.org\/2000\/svg\" xmlns:xlink=\"https:\/\/www.w3.org\/1999\/xlink\"><g stroke=\"none\" stroke-width=\"1\" fill=\"none\" fill-rule=\"evenodd\"><g transform=\"translate(-511.000000, -20.000000)\" fill=\"#000000\"><g><path d=\"M556.869,30.41 C554.814,30.41 553.148,32.076 553.148,34.131 C553.148,36.186 554.814,37.852 556.869,37.852 C558.924,37.852 560.59,36.186 560.59,34.131 C560.59,32.076 558.924,30.41 556.869,30.41 M541,60.657 C535.114,60.657 530.342,55.887 530.342,50 C530.342,44.114 535.114,39.342 541,39.342 C546.887,39.342 551.658,44.114 551.658,50 C551.658,55.887 546.887,60.657 541,60.657 M541,33.886 C532.1,33.886 524.886,41.1 524.886,50 C524.886,58.899 532.1,66.113 541,66.113 C549.9,66.113 557.115,58.899 557.115,50 C557.115,41.1 549.9,33.886 541,33.886 M565.378,62.101 C565.244,65.022 564.756,66.606 564.346,67.663 C563.803,69.06 563.154,70.057 562.106,71.106 C561.058,72.155 560.06,72.803 558.662,73.347 C557.607,73.757 556.021,74.244 553.102,74.378 C549.944,74.521 548.997,74.552 541,74.552 C533.003,74.552 532.056,74.521 528.898,74.378 C525.979,74.244 524.393,73.757 523.338,73.347 C521.94,72.803 520.942,72.155 519.894,71.106 C518.846,70.057 518.197,69.06 517.654,67.663 C517.244,66.606 516.755,65.022 516.623,62.101 C516.479,58.943 516.448,57.996 516.448,50 C516.448,42.003 516.479,41.056 516.623,37.899 C516.755,34.978 517.244,33.391 517.654,32.338 C518.197,30.938 518.846,29.942 519.894,28.894 C520.942,27.846 521.94,27.196 523.338,26.654 C524.393,26.244 525.979,25.756 528.898,25.623 C532.057,25.479 533.004,25.448 541,25.448 C548.997,25.448 549.943,25.479 553.102,25.623 C556.021,25.756 557.607,26.244 558.662,26.654 C560.06,27.196 561.058,27.846 562.106,28.894 C563.154,29.942 563.803,30.938 564.346,32.338 C564.756,33.391 565.244,34.978 565.378,37.899 C565.522,41.056 565.552,42.003 565.552,50 C565.552,57.996 565.522,58.943 565.378,62.101 M570.82,37.631 C570.674,34.438 570.167,32.258 569.425,30.349 C568.659,28.377 567.633,26.702 565.965,25.035 C564.297,23.368 562.623,22.342 560.652,21.575 C558.743,20.834 556.562,20.326 553.369,20.18 C550.169,20.033 549.148,20 541,20 C532.853,20 531.831,20.033 528.631,20.18 C525.438,20.326 523.257,20.834 521.349,21.575 C519.376,22.342 517.703,23.368 516.035,25.035 C514.368,26.702 513.342,28.377 512.574,30.349 C511.834,32.258 511.326,34.438 511.181,37.631 C511.035,40.831 511,41.851 511,50 C511,58.147 511.035,59.17 511.181,62.369 C511.326,65.562 511.834,67.743 512.574,69.651 C513.342,71.625 514.368,73.296 516.035,74.965 C517.703,76.634 519.376,77.658 521.349,78.425 C523.257,79.167 525.438,79.673 528.631,79.82 C531.831,79.965 532.853,80.001 541,80.001 C549.148,80.001 550.169,79.965 553.369,79.82 C556.562,79.673 558.743,79.167 560.652,78.425 C562.623,77.658 564.297,76.634 565.965,74.965 C567.633,73.296 568.659,71.625 569.425,69.651 C570.167,67.743 570.674,65.562 570.82,62.369 C570.966,59.17 571,58.147 571,50 C571,41.851 570.966,40.831 570.82,37.631\"><\/path><\/g><\/g><\/g><\/svg><\/div>\n<div style=\"padding-top: 8px;\">\n<div style=\" color:#3897f0; font-family:Arial,sans-serif; font-size:14px; font-style:normal; font-weight:550; line-height:18px;\">View this post on Instagram<\/div>\n<\/div>\n<div style=\"padding: 12.5% 0;\"><\/div>\n<div style=\"display: flex; flex-direction: row; margin-bottom: 14px; align-items: center;\">\n<div>\n<div style=\"background-color: #F4F4F4; border-radius: 50%; height: 12.5px; width: 12.5px; transform: translateX(0px) translateY(7px);\"><\/div>\n<div style=\"background-color: #F4F4F4; height: 12.5px; transform: rotate(-45deg) translateX(3px) translateY(1px); width: 12.5px; flex-grow: 0; margin-right: 14px; margin-left: 2px;\"><\/div>\n<div style=\"background-color: #F4F4F4; border-radius: 50%; height: 12.5px; width: 12.5px; transform: translateX(9px) translateY(-18px);\"><\/div>\n<\/div>\n<div style=\"margin-left: 8px;\">\n<div style=\" background-color: #F4F4F4; border-radius: 50%; flex-grow: 0; height: 20px; width: 20px;\"><\/div>\n<div style=\" width: 0; height: 0; border-top: 2px solid transparent; border-left: 6px solid #f4f4f4; border-bottom: 2px solid transparent; transform: translateX(16px) translateY(-4px) rotate(30deg)\"><\/div>\n<\/div>\n<div style=\"margin-left: auto;\">\n<div style=\" width: 0px; border-top: 8px solid #F4F4F4; border-right: 8px solid transparent; transform: translateY(16px);\"><\/div>\n<div style=\" background-color: #F4F4F4; flex-grow: 0; height: 12px; width: 16px; transform: translateY(-4px);\"><\/div>\n<div style=\" width: 0; height: 0; border-top: 8px solid #F4F4F4; border-left: 8px solid transparent; transform: translateY(-4px) translateX(8px);\"><\/div>\n<\/div>\n<\/div>\n<div style=\"display: flex; flex-direction: column; flex-grow: 1; justify-content: center; margin-bottom: 24px;\">\n<div style=\" background-color: #F4F4F4; border-radius: 4px; flex-grow: 0; height: 14px; margin-bottom: 6px; width: 224px;\"><\/div>\n<div style=\" background-color: #F4F4F4; border-radius: 4px; flex-grow: 0; height: 14px; width: 144px;\"><\/div>\n<\/div>\n<p><\/a><\/p>\n<p style=\" color:#c9c8cd; font-family:Arial,sans-serif; font-size:14px; line-height:17px; margin-bottom:0; margin-top:8px; overflow:hidden; padding:8px 0 7px; text-align:center; text-overflow:ellipsis; white-space:nowrap;\"><a href=\"https:\/\/www.instagram.com\/p\/CgHlSzlNVkt\/?utm_source=ig_embed&amp;utm_campaign=loading\" style=\" color:#c9c8cd; font-family:Arial,sans-serif; font-size:14px; font-style:normal; font-weight:normal; line-height:17px; text-decoration:none;\" target=\"_blank\" rel=\"noopener\">A post shared by Live English | Business English for professionals (@live_englishschool)<\/a><\/p>\n<\/div>\n<\/blockquote>\n<p> <script async src=\"\/\/www.instagram.com\/embed.js\"><\/script><\/p>\n <aside id=\"custom_html-66\" class=\"widget_text widget widget_custom_html amr_widget\"><div class=\"textwidget custom-html-widget\"><div>\r\n\t<br><br>\r\n<\/div>\r\n<!--EN-->\r\n<aside id=\"custom_html-74\" class=\"widget_text widget widget_custom_html amr_widget\"><div class=\"textwidget custom-html-widget\"><div><a href=\"https:\/\/member.booknstart.com\/trial-registration?lg=fr&amp;referred_by=CTA&amp;office_id=3\" title=\"Book a Free Trial Lesson\" target=\"_blank\" rel=\"noopener\"><img alt=\"Book your free English trial lesson\" src='https:\/\/live-english.net\/wp-content\/uploads\/2023\/02\/CTA-cours-gratuit.jpg'><\/a>\t\r\n<\/div><\/div><\/aside> <!--FR-->\r\n<!--IT-->\r\n<!--DE-->\r\n <!--ES-->\r\n <!--HE-->\r\n <!--RU--><\/div><\/aside>","protected":false},"excerpt":{"rendered":"<p>Pour pouvoir parler avec un accent britannique, il faut \u00eatre suffisamment en contact avec cet accent \u00e0 travers les media (la t\u00e9l\u00e9vision, la radio, les journaux) ainsi que pratiquer la prononciation avec des Anglais. A Live-English.net, nous proposons d&rsquo;\u00e9tudier avec<\/p>\n","protected":false},"author":1,"featured_media":28690,"parent":266,"menu_order":0,"comment_status":"closed","ping_status":"closed","template":"","meta":{"_monsterinsights_skip_tracking":false,"_monsterinsights_sitenote_active":false,"_monsterinsights_sitenote_note":"","_monsterinsights_sitenote_category":0,"footnotes":""},"class_list":["post-10053","page","type-page","status-publish","hentry"],"_links":{"self":[{"href":"https:\/\/live-english.net\/fr\/wp-json\/wp\/v2\/pages\/10053","targetHints":{"allow":["GET"]}}],"collection":[{"href":"https:\/\/live-english.net\/fr\/wp-json\/wp\/v2\/pages"}],"about":[{"href":"https:\/\/live-english.net\/fr\/wp-json\/wp\/v2\/types\/page"}],"author":[{"embeddable":true,"href":"https:\/\/live-english.net\/fr\/wp-json\/wp\/v2\/users\/1"}],"replies":[{"embeddable":true,"href":"https:\/\/live-english.net\/fr\/wp-json\/wp\/v2\/comments?post=10053"}],"version-history":[{"count":4,"href":"https:\/\/live-english.net\/fr\/wp-json\/wp\/v2\/pages\/10053\/revisions"}],"predecessor-version":[{"id":28622,"href":"https:\/\/live-english.net\/fr\/wp-json\/wp\/v2\/pages\/10053\/revisions\/28622"}],"up":[{"embeddable":true,"href":"https:\/\/live-english.net\/fr\/wp-json\/wp\/v2\/pages\/266"}],"wp:featuredmedia":[{"embeddable":true,"href":"https:\/\/live-english.net\/fr\/wp-json\/wp\/v2\/media\/28690"}],"wp:attachment":[{"href":"https:\/\/live-english.net\/fr\/wp-json\/wp\/v2\/media?parent=10053"}],"curies":[{"name":"wp","href":"https:\/\/api.w.org\/{rel}","templated":true}]}}