{"id":10263,"date":"2020-04-20T07:09:32","date_gmt":"2020-04-20T07:09:32","guid":{"rendered":"https:\/\/live-english.net\/?page_id=10263"},"modified":"2023-06-21T08:23:14","modified_gmt":"2023-06-21T08:23:14","slug":"ressources-humaines","status":"publish","type":"page","link":"https:\/\/live-english.net\/fr\/cours-anglais-ligne\/cours-anglais-affaires\/ressources-humaines\/","title":{"rendered":"Anglais des affaires pour les ressources humaines"},"content":{"rendered":"<p>Si votre domaine professionnel est les ressources humaines ou li\u00e9 aux ressources humaines, ce cours d&rsquo;anglais des affaires est fait pour vous.<\/p>\n<p>Traitez de sujets RH avec des professeurs anglophones qui ont travaill\u00e9 dans le domain des ressources humaines et boostez votre anglais.<\/p>\n<h2>Qu&rsquo;est-ce que le cours d&rsquo;anglais des affaires sp\u00e9cialis\u00e9 en ressources humaines?<\/h2>\n<p>La gestion des ressources humaines implique une vision strat\u00e9gique et une approche op\u00e9rationnelle de la gestion du personnel, de la culture d&rsquo;entreprise et de l&rsquo;environnement de travail.<br \/>\nLe r\u00f4le des professionnels RH est d&rsquo;assurer que les ressources principales de l&rsquo;entreprise, \u00e0 savoir le capital humain, sont nourries et soutenues \u00e0 travers la cr\u00e9ation et la gestion de programmes, de d\u00e9cisions et de proc\u00e9dures dont l&rsquo;objectif est d&rsquo;encourager et de promouvoir un environnement propice au d\u00e9veloppement de l&rsquo;entreprise et \u00e0 la relations entre les employ\u00e9s et le management. Une bonne ma\u00eetrise de l&rsquo;anglais et du vocabulaire RH est cruciale pour les \u00e9quipes qui se d\u00e9veloppent \u00e0 l&rsquo;international et qui doivent communiquer avec des coll\u00e8gues \u00e9trangers.<br \/>\n<aside id=\"custom_html-81\" class=\"widget_text widget widget_custom_html amr_widget\"><div class=\"textwidget custom-html-widget\"><!--EN-->\r\n<aside id=\"custom_html-82\" class=\"widget_text widget widget_custom_html amr_widget\"><div class=\"textwidget custom-html-widget\"><a href=\"https:\/\/member.booknstart.com\/trial-registration?lg=fr&amp;referred_by=sCTA&amp;office_id=3\" title=\"Book a Free Trial Lesson\" target=\"_blank\" rel=\"noopener\"><img decoding=\"async\" src=\"https:\/\/live-english.net\/wp-content\/uploads\/2023\/02\/sCTA-fr2.jpg\" alt=\"Book your Free English Trial lesson\" \/><\/a><\/div><\/aside> <!--FR-->\r\n<!--IT-->\r\n<!--DE-->\r\n <!--ES-->\r\n <!--HE\r\n[do_widget id=custom_html-72] <!--RU-->\r\n<div>\r\n\t<br><br>\r\n<\/div><\/div><\/aside><\/p>\n<h2>Qu\u2019est-ce qui est compris dans le cours d&rsquo;anglais des affaires sp\u00e9cialis\u00e9 en ressources humaines?<\/h2>\n<p>Les RH sont un domaine tr\u00e8s vaste qui comprend de nombreuses facettes qui peuvent \u00eatre explor\u00e9es au besoin, par exemple :<\/p>\n<ul>\n<li>Les salaires<\/li>\n<li>La fid\u00e9lisation des employ\u00e9s<\/li>\n<li>Le droit du travail<\/li>\n<li>Les licenciements<\/li>\n<li>L&rsquo;entretien d&#8217;embauche du point de vue des RH<\/li>\n<li>Les relations de travail<\/li>\n<li>Le d\u00e9veloppement de l&rsquo;organisation<\/li>\n<li>Le recrutement<\/li>\n<li>La selection des employ\u00e9s<\/li>\n<li>La formation du personnel<\/li>\n<li>La planification strat\u00e9gique<\/li>\n<li>La prsychologie du travail<\/li>\n<\/ul>\n<h2>Qui peut b\u00e9n\u00e9ficier du cours d\u2019anglais des affaires sp\u00e9cialis\u00e9 en ressources humaines?<\/h2>\n<p>Id\u00e9alement, votre anglais est d\u00e9j\u00e0 au niveau interm\u00e9diare ou avanc\u00e9. Ce cours peut convenir \u00e0 diff\u00e9rents types de professionnels: un g\u00e9rant d&rsquo;une petite entreprise, un responsable de recrutement, un chasseur de t\u00eate, un directeur des ressources humaines, un responsable de formation, un \u00ab\u00a0Chief Happiness Officer\u00a0\u00bb trouveront des informations pr\u00e9cieuses dans ces cours d&rsquo;anglais.<\/p>\n<h2>Comment fonctionnent les cours d\u2019anglais des affaires RH?<\/h2>\n<p>En choisissant l\u2019objectif anglais des affaires &#8211; ressources humaines, vous avez acc\u00e8s, dans la Study Box, \u00e0 un large choix de ressources p\u00e9dagogiques d\u00e9di\u00e9es aux ressources humaines. Les professeurs qui enseignent en ligne par Skype, Zoom ou par t\u00e9l\u00e9phone, sont tous form\u00e9s aux ressources humaines ou ont une exp\u00e9rience ant\u00e9rieure dans les ressources humaines. Un cours par semaine est une bonne cadence pour ceux qui ont d\u00e9j\u00e0 un bon niveau d\u2019anglais et qui souhaitent maintenir leur niveau. Si l\u2019objectif est de monter de niveau, nous recommandons alors 2 \u00e0 3 cours de conversation en anglais par semaine. Il est \u00e9galement recommand\u00e9 d\u2019\u00e9tudier avec 2 professeurs afin de ne pas s\u2019habituer \u00e0 un seul accent.<\/p>\n<p>Notez \u00e9galement que nous proposons une s\u00e9rie de cours d\u00e9di\u00e9s \u00e0 d&rsquo;autres domaines de l&rsquo;<a title=\"anglais des affaires\" href=\"https:\/\/live-english.net\/english-courses\/business-english-course\/\">anglais des affaires<\/a>.<\/p>\n<p><strong>Si vous souhaitez avoir plus d\u2019informations sur nos cours d\u2019anglais des affaires pour les ressources humaines, inscrivez-vous \u00e0 un <a title=\"cours d\u2019essai d&#039;anglais gratuit\" href=\"https:\/\/live-english.net\/free-trial\/\">cours d\u2019essai gratuit<\/a> et discutez de vos besoins et objectifs linguistiques avec l\u2019un de nos professeurs.<\/strong><\/p>\n <aside id=\"custom_html-66\" class=\"widget_text widget widget_custom_html amr_widget\"><div class=\"textwidget custom-html-widget\"><div>\r\n\t<br><br>\r\n<\/div>\r\n<!--EN-->\r\n<aside id=\"custom_html-74\" class=\"widget_text widget widget_custom_html amr_widget\"><div class=\"textwidget custom-html-widget\"><div><a href=\"https:\/\/member.booknstart.com\/trial-registration?lg=fr&amp;referred_by=CTA&amp;office_id=3\" title=\"Book a Free Trial Lesson\" target=\"_blank\" rel=\"noopener\"><img alt=\"Book your free English trial lesson\" src='https:\/\/live-english.net\/wp-content\/uploads\/2023\/02\/CTA-cours-gratuit.jpg'><\/a>\t\r\n<\/div><\/div><\/aside> <!--FR-->\r\n<!--IT-->\r\n<!--DE-->\r\n <!--ES-->\r\n <!--HE-->\r\n <!--RU--><\/div><\/aside>","protected":false},"excerpt":{"rendered":"<p>Si votre domaine professionnel est les ressources humaines ou li\u00e9 aux ressources humaines, ce cours d&rsquo;anglais des affaires est fait pour vous. Traitez de sujets RH avec des professeurs anglophones qui ont travaill\u00e9 dans le domain des ressources humaines et<\/p>\n","protected":false},"author":1,"featured_media":29321,"parent":277,"menu_order":0,"comment_status":"closed","ping_status":"closed","template":"","meta":{"_monsterinsights_skip_tracking":false,"_monsterinsights_sitenote_active":false,"_monsterinsights_sitenote_note":"","_monsterinsights_sitenote_category":0,"footnotes":""},"class_list":["post-10263","page","type-page","status-publish","hentry"],"_links":{"self":[{"href":"https:\/\/live-english.net\/fr\/wp-json\/wp\/v2\/pages\/10263","targetHints":{"allow":["GET"]}}],"collection":[{"href":"https:\/\/live-english.net\/fr\/wp-json\/wp\/v2\/pages"}],"about":[{"href":"https:\/\/live-english.net\/fr\/wp-json\/wp\/v2\/types\/page"}],"author":[{"embeddable":true,"href":"https:\/\/live-english.net\/fr\/wp-json\/wp\/v2\/users\/1"}],"replies":[{"embeddable":true,"href":"https:\/\/live-english.net\/fr\/wp-json\/wp\/v2\/comments?post=10263"}],"version-history":[{"count":2,"href":"https:\/\/live-english.net\/fr\/wp-json\/wp\/v2\/pages\/10263\/revisions"}],"predecessor-version":[{"id":29359,"href":"https:\/\/live-english.net\/fr\/wp-json\/wp\/v2\/pages\/10263\/revisions\/29359"}],"up":[{"embeddable":true,"href":"https:\/\/live-english.net\/fr\/wp-json\/wp\/v2\/pages\/277"}],"wp:featuredmedia":[{"embeddable":true,"href":"https:\/\/live-english.net\/fr\/wp-json\/wp\/v2\/media\/29321"}],"wp:attachment":[{"href":"https:\/\/live-english.net\/fr\/wp-json\/wp\/v2\/media?parent=10263"}],"curies":[{"name":"wp","href":"https:\/\/api.w.org\/{rel}","templated":true}]}}