{"id":10692,"date":"2020-05-12T09:47:12","date_gmt":"2020-05-12T09:47:12","guid":{"rendered":"https:\/\/live-english.net\/?page_id=10692"},"modified":"2025-11-27T11:57:10","modified_gmt":"2025-11-27T11:57:10","slug":"anglais-affaires-general","status":"publish","type":"page","link":"https:\/\/live-english.net\/fr\/cours-anglais-ligne\/cours-anglais-affaires\/anglais-affaires-general\/","title":{"rendered":"Cours d&rsquo;anglais des affaires g\u00e9n\u00e9ral"},"content":{"rendered":"<p>Si vous avez pour objectif de pouvoir discuter de sujets d&rsquo;anglais des affaires avec des coll\u00e8gues ou des clients, ce cours est fait pour vous.<br \/>\nVous apprendrez avec des professeurs anglophones qui ont une bonne connaissance de l&rsquo;anglais commercial et qui ont aussi une exp\u00e9rience professionnelle business.<\/p>\n<h2>Pourquoi un cours d&rsquo;anglais des affaires g\u00e9n\u00e9raliste?<\/h2>\n<p>L&rsquo;anglais des affaires est utile lorsqu&rsquo;on doit communiquer en anglais dans un cadre professionnel. Il est assez diff\u00e9rent de l&rsquo;anglais g\u00e9n\u00e9ral. En concentrant l&rsquo;apprentissage sur de th\u00e8mes professionnels, vous gagnerez en confiance et pourrez plus facilement interagir en anglais avec vos coll\u00e8gues ou clients.<\/p>\n<p>Le contenu des cours est tr\u00e8s flexible. Vous pourrez \u00e0 la fois \u00e9tudier l&rsquo;anglais des affaires pour parler plus couramment dans un cadre professionnel, mais aussi aborder des th\u00e8me d&rsquo;anglais g\u00e9n\u00e9ral, que ce soit le vocabulaire ou la grammaire.<br \/>\n<aside id=\"custom_html-81\" class=\"widget_text widget widget_custom_html amr_widget\"><div class=\"textwidget custom-html-widget\"><!--EN-->\r\n<aside id=\"custom_html-82\" class=\"widget_text widget widget_custom_html amr_widget\"><div class=\"textwidget custom-html-widget\"><a href=\"https:\/\/member.booknstart.com\/trial-registration?lg=fr&amp;referred_by=sCTA&amp;office_id=3\" title=\"Book a Free Trial Lesson\" target=\"_blank\" rel=\"noopener\"><img decoding=\"async\" src=\"https:\/\/live-english.net\/wp-content\/uploads\/2023\/02\/sCTA-fr2.jpg\" alt=\"Book your Free English Trial lesson\" \/><\/a><\/div><\/aside> <!--FR-->\r\n<!--IT-->\r\n<!--DE-->\r\n <!--ES-->\r\n <!--HE\r\n[do_widget id=custom_html-72] <!--RU-->\r\n<div>\r\n\t<br><br>\r\n<\/div><\/div><\/aside><\/p>\n<h2>Qu&rsquo;est inclu dans le cours d&rsquo;anglais des affaires g\u00e9n\u00e9ral?<\/h2>\n<p>Vous avez la possilit\u00e9 d&rsquo;\u00e9tudier avec des professeurs d&rsquo;anglais en ligne par Zoom ou Google Meet qui sont sp\u00e9cialis\u00e9s en anglais des affaires. C&rsquo;est un grand avantage de pouvoir apprendre avec un professeur qui comprend vos probl\u00e9matiques et vos d\u00e9fis, et qui pourra vous aider \u00e0 mieux communiquer en anglais pour le travail.<\/p>\n<p>Vous aurez \u00e9galement acc\u00e8s \u00e0 des ressources p\u00e9dagogiques sp\u00e9cifiques \u00e0 l&rsquo;anglais des affaires via la Study Box.<\/p>\n<h2>Cours d&rsquo;anglais des affaires g\u00e9n\u00e9raliste: pour qui?<\/h2>\n<p>Si vous \u00eates un professionel qui a besoin de l&rsquo;anglais pour le travail, cette formation est pour vous.<\/p>\n<p>Une bonne connaissance de l&rsquo;anglais commercial peut contribuer au d\u00e9veloppement de votre carri\u00e8re, \u00e0 la r\u00e9ussite de votre entreprise ou \u00e0 l&rsquo;obtention de nouvelles opportunit\u00e9s, quel que soit votre domaine d&rsquo;activit\u00e9. Si vous souhaitez travailler \u00e0 l&rsquo;internationale, une bonne ma\u00eetrise de l&rsquo;anglais des affaires est le minimum requis dans le monde actuel.<\/p>\n<p>En tant que professionnel, le d\u00e9veloppement de votre carri\u00e8re d\u00e9pendra de la valeur que vous apportez \u00e0 votre entreprise. Si vous \u00eates capable de g\u00e9rer des situations professionnelles en anglais, de bien communiquer avec votre partenaires commerciaux, clients ou coll\u00e8gues. C&rsquo;est le meilleur investissement que vous pourrez faire.<\/p>\n<table>\n<tbody>\n<tr>\n<td bgcolor=\"#F8F8F8\" width=\"500\">\n<h2>Ressources d&rsquo;anglais des affaires: livret gratuit<\/h2>\n<p>Lorsque vous vous inscrivez \u00e0 notre cours d&rsquo;anglais des affaires, vous avez acc\u00e8s \u00e0 notre livret d&rsquo;anglais des affaires qui couvre 20 situations de travail: du vocabulaire cl\u00e9, des questions relatives au sujet et une \u00e9tude de cas pour appliquer ce que vous avez appris.<\/p>\n<p><img decoding=\"async\" class=\"aligncenter size-medium wp-image-3372\" src=\"https:\/\/live-english.net\/wp-content\/uploads\/2022\/12\/business-english-ebook.jpeg\" alt=\"ebook anglais des affaires\" height=\"300\" \/><br \/>\nCompl\u00e9tez le formulaire suivant pour acc\u00e9der \u00e0 l&rsquo;extrait de notre livret d&rsquo;anglais des affaires:<\/p>\n<hr \/>\n<form class=\"af-form-wrapper\" accept-charset=\"UTF-8\" action=\"https:\/\/member.booknstart.com\/lead\" method=\"post\">\n<div style=\"display: none;\"><input name=\"office\" type=\"hidden\" value=\"3\" \/><br \/>\n<input name=\"email\" type=\"hidden\" value=\"\" \/><br \/>\n<input name=\"lg\" type=\"hidden\" value=\"fr\" \/><br \/>\n<input name=\"leadsource\" type=\"hidden\" value=\"8\" \/><br \/>\n<input name=\"redirect\" type=\"hidden\" value=\"21\" \/><\/div>\n<div id=\"af-form-484139495\" class=\"af-form\">\n<div id=\"af-body-484139495\" class=\"af-body af-standards\">\n<div class=\"af-element\">\n<p><label class=\"previewLabel\" for=\"awf_field-34440661-first\">Pr\u00e9nom:<\/label><\/p>\n<div class=\"af-textWrap\"><input id=\"awf_field-34440661-first\" class=\"text\" tabindex=\"400\" name=\"fname\" type=\"text\" value=\"\" \/><\/div>\n<div class=\"af-clear\"><\/div>\n<\/div>\n<div class=\"af-element\">\n<p><label class=\"previewLabel\" for=\"awf_field-34440661-last\">Nom:<\/label><\/p>\n<div class=\"af-textWrap\"><input id=\"awf_field-34440661-last\" class=\"text\" tabindex=\"401\" name=\"lname\" type=\"text\" value=\"\" \/><\/div>\n<div class=\"af-clear\"><\/div>\n<\/div>\n<div class=\"af-element\">\n<p><label class=\"previewLabel\" for=\"awf_field-34440662\">Email: <\/label><\/p>\n<div class=\"af-textWrap\"><input id=\"awf_field-34440662\" class=\"text\" tabindex=\"402\" name=\"alternate\" type=\"text\" value=\"\" \/><\/div>\n<div class=\"af-clear\"><\/div>\n<\/div>\n<div class=\"af-element buttonContainer\">\n<p><input class=\"submit\" tabindex=\"403\" name=\"submit\" type=\"submit\" value=\"Envoyer\" \/><\/p>\n<div class=\"af-clear\"><\/div>\n<\/div>\n<div class=\"af-element privacyPolicy\" style=\"text-align: center;\">\n<p>Nous respectons votre vie priv\u00e9e et les mesures RGDP.<\/p>\n<div class=\"af-clear\"><\/div>\n<\/div>\n<\/div>\n<\/div>\n<\/form>\n<\/td>\n<\/tr>\n<\/tbody>\n<\/table>\n<h2>Blog d&rsquo;anglais des affaires<\/h2>\n<p>N&rsquo;h\u00e9sitez pas \u00e0 consulter notre <a title=\"blog d&#039;anglais des affaires\" href=\"https:\/\/live-english.net\/fr\/category\/anglais-affaires\/\">blog d&rsquo;anglais des affaires<\/a> et am\u00e9liorez vos comp\u00e9tences: des ressources d&rsquo;anglais de affaires, des vid\u00e9o, des articles pour vous aider \u00e0 am\u00e9liorer votre vocabulaire.<\/p>\n<hr \/>\n <aside id=\"custom_html-66\" class=\"widget_text widget widget_custom_html amr_widget\"><div class=\"textwidget custom-html-widget\"><div>\r\n\t<br><br>\r\n<\/div>\r\n<!--EN-->\r\n<aside id=\"custom_html-74\" class=\"widget_text widget widget_custom_html amr_widget\"><div class=\"textwidget custom-html-widget\"><div><a href=\"https:\/\/member.booknstart.com\/trial-registration?lg=fr&amp;referred_by=CTA&amp;office_id=3\" title=\"Book a Free Trial Lesson\" target=\"_blank\" rel=\"noopener\"><img alt=\"Book your free English trial lesson\" src='https:\/\/live-english.net\/wp-content\/uploads\/2023\/02\/CTA-cours-gratuit.jpg'><\/a>\t\r\n<\/div><\/div><\/aside> <!--FR-->\r\n<!--IT-->\r\n<!--DE-->\r\n <!--ES-->\r\n <!--HE-->\r\n <!--RU--><\/div><\/aside>","protected":false},"excerpt":{"rendered":"<p>Si vous avez pour objectif de pouvoir discuter de sujets d&rsquo;anglais des affaires avec des coll\u00e8gues ou des clients, ce cours est fait pour vous. Vous apprendrez avec des professeurs anglophones qui ont une bonne connaissance de l&rsquo;anglais commercial et<\/p>\n","protected":false},"author":1,"featured_media":29129,"parent":277,"menu_order":1,"comment_status":"closed","ping_status":"closed","template":"","meta":{"_monsterinsights_skip_tracking":false,"_monsterinsights_sitenote_active":false,"_monsterinsights_sitenote_note":"","_monsterinsights_sitenote_category":0,"footnotes":""},"class_list":["post-10692","page","type-page","status-publish","hentry"],"_links":{"self":[{"href":"https:\/\/live-english.net\/fr\/wp-json\/wp\/v2\/pages\/10692","targetHints":{"allow":["GET"]}}],"collection":[{"href":"https:\/\/live-english.net\/fr\/wp-json\/wp\/v2\/pages"}],"about":[{"href":"https:\/\/live-english.net\/fr\/wp-json\/wp\/v2\/types\/page"}],"author":[{"embeddable":true,"href":"https:\/\/live-english.net\/fr\/wp-json\/wp\/v2\/users\/1"}],"replies":[{"embeddable":true,"href":"https:\/\/live-english.net\/fr\/wp-json\/wp\/v2\/comments?post=10692"}],"version-history":[{"count":5,"href":"https:\/\/live-english.net\/fr\/wp-json\/wp\/v2\/pages\/10692\/revisions"}],"predecessor-version":[{"id":43924,"href":"https:\/\/live-english.net\/fr\/wp-json\/wp\/v2\/pages\/10692\/revisions\/43924"}],"up":[{"embeddable":true,"href":"https:\/\/live-english.net\/fr\/wp-json\/wp\/v2\/pages\/277"}],"wp:featuredmedia":[{"embeddable":true,"href":"https:\/\/live-english.net\/fr\/wp-json\/wp\/v2\/media\/29129"}],"wp:attachment":[{"href":"https:\/\/live-english.net\/fr\/wp-json\/wp\/v2\/media?parent=10692"}],"curies":[{"name":"wp","href":"https:\/\/api.w.org\/{rel}","templated":true}]}}