{"id":10882,"date":"2020-05-18T13:42:53","date_gmt":"2020-05-18T13:42:53","guid":{"rendered":"https:\/\/live-english.net\/?page_id=10882"},"modified":"2023-06-21T09:18:11","modified_gmt":"2023-06-21T09:18:11","slug":"anglais-professionnel-sciences-technologies","status":"publish","type":"page","link":"https:\/\/live-english.net\/fr\/cours-anglais-ligne\/cours-anglais-affaires\/anglais-professionnel-sciences-technologies\/","title":{"rendered":"Cours d&rsquo;anglais professionnel: sciences et technologies"},"content":{"rendered":"<p>Vous avez l&rsquo;impression que vous avez du mal \u00e0 communiquer en anglais dans des situations professionnelles, notamment lorsque vous assistez \u00e0 des conf\u00e9rences scientifiques ou \u00e0 des r\u00e9unions professionnelles? Si c&rsquo;est le cas, ces cours d&rsquo;anglais professionnel d\u00e9di\u00e9 aux sciences et \u00e0 la technologie vous aidera grandement.<\/p>\n<h2>A qui sont destin\u00e9s les cours d&rsquo;anglais professionnel sp\u00e9cialis\u00e9 en sciences et technologies?<\/h2>\n<p>Dans ce monde qui \u00e9volue si rapidement, des cours d&rsquo;anglais pour les sciences et technologies sont un investissement appr\u00e9ciable pour tous ceux qui veulent r\u00e9ussir dans ces domaines et rester dans la course. En tant que professionnel qui \u00e9volue dans un environnement international, communiquer en anglais est une n\u00e9cessit\u00e9. Si vous \u00eates:<\/p>\n<ul>\n<li>Ing\u00e9nieur<\/li>\n<li>Chimiste<\/li>\n<li>Informaticien<\/li>\n<li>Administrateur de r\u00e9seau<\/li>\n<li>D\u00e9veloppeur de logiciel<\/li>\n<li>Chercheur<\/li>\n<li>toute autre profession scientifique<\/li>\n<\/ul>\n<aside id=\"custom_html-81\" class=\"widget_text widget widget_custom_html amr_widget\"><div class=\"textwidget custom-html-widget\"><!--EN-->\r\n<aside id=\"custom_html-82\" class=\"widget_text widget widget_custom_html amr_widget\"><div class=\"textwidget custom-html-widget\"><a href=\"https:\/\/member.booknstart.com\/trial-registration?lg=fr&amp;referred_by=sCTA&amp;office_id=3\" title=\"Book a Free Trial Lesson\" target=\"_blank\" rel=\"noopener\"><img decoding=\"async\" src=\"https:\/\/live-english.net\/wp-content\/uploads\/2023\/02\/sCTA-fr2.jpg\" alt=\"Book your Free English Trial lesson\" \/><\/a><\/div><\/aside> <!--FR-->\r\n<!--IT-->\r\n<!--DE-->\r\n <!--ES-->\r\n <!--HE\r\n[do_widget id=custom_html-72] <!--RU-->\r\n<div>\r\n\t<br><br>\r\n<\/div><\/div><\/aside>\n<h2>Pourquoi une formation d&rsquo;anglais sp\u00e9cialis\u00e9 dans les sciences et les technologies?<\/h2>\n<p>La plupart des professions qui sont li\u00e9es aux sciences et aux technologies requi\u00e8rent un niveau d&rsquo;anglais op\u00e9rationnel. Ainsi, il est probable que vous soyez amen\u00e9s \u00e0 parler anglais au sujet de vos projets de travail, sans oubli\u00e9 bien s\u00fbr aussi \u00eatre capable de mener une conversation informelle avant une r\u00e9union ou lors de networking.<\/p>\n<p>Maintenant est le moment d&rsquo;investir de son temps et \u00e9nergie pour am\u00e9liorer votre anglais afin d&rsquo;\u00eatre plus \u00e0 l&rsquo;aise lors de votre prochaine discussion avec des coll\u00e8gues, partenaires ou clients \u00e9trangers.<\/p>\n<p>Assister \u00e0 des r\u00e9unions et des conf\u00e9rences en anglais, ainsi que r\u00e9seauter en anglais ne sera plus un probl\u00e8me.<\/p>\n<p>Il existe de nombreux avantages \u00e0 prendre des cours d&rsquo;anglais scientifiques pr\u00e9cis\u00e9ment:<\/p>\n<p><strong>1. La communication internationale:<\/strong> l&rsquo;anglais est la langue par excellence pour le domaine scientifique et technologique, que ce soit pour publier des articles scientifiques ou pour pr\u00e9senter ses travaux lors de conf\u00e9rences internationales.<\/p>\n<p><strong>2. L&rsquo;acc\u00e8s \u00e0 l&rsquo;information scientifique:<\/strong> l&rsquo;anglais est la langue de la plupart des publications scientifiques, donc une bonne ma\u00eetrise de l&rsquo;anglais permet d&rsquo;acc\u00e9der \u00e0 ces ressources plus facilement et \u00e0 conna\u00eetre les derniers d\u00e9veloppements technologiques dans son domaine.<\/p>\n<p><strong>3. L&rsquo;\u00e9volution de carri\u00e8re:<\/strong> une bonne connaissance et pratique de l&rsquo;anglais peut vous donner un avantage concurrentiel par rapport \u00e0 des coll\u00e8gues qui n&rsquo;auraient pas fait l&rsquo;effort d&rsquo;investir dans leur comp\u00e9tences en anglais, tant sur le recherche d&#8217;emploi que sur son ouverture \u00e0 des opportunit\u00e9s professionnelles \u00e0 l&rsquo;international, pour les affaires, la recherche ou la technologie.<\/p>\n<p><strong>4. La collaboration scientifique:<\/strong> la ma\u00eetriese de l&rsquo;anglais facilite la collaboration entre chercheurs, scientifiques, ing\u00e9nieurs \u00e0 l&rsquo;international et le partage d&rsquo;id\u00e9e et d&rsquo;expertises diverses.<\/p>\n<p><strong>5. Une meilleure capacit\u00e9 \u00e0 r\u00e9soudre des probl\u00e8mes:<\/strong> sa capacit\u00e9 \u00e0 bien communiquer en anglais peut aider chaque individu \u00e0 clarifier sa pens\u00e9e et \u00e0 mieux articuler ses id\u00e9es afin de r\u00e9soudre des probl\u00e8mes ou prendre de meilleures d\u00e9cicions.<\/p>\n<h2>Qu&rsquo;est-ce qui est inclus dans le cours d&rsquo;anglais professionel Sciences et Technologies?<\/h2>\n<p>Dans ce module de cours, vous aurez acc\u00e8s \u00e0 des professeurs d&rsquo;anglais qui comprennent le monde des sciences et des technologies. Ils vous donneront la terminologie et le jargon n\u00e9cessaire pour toute situation de travail qui implique les sciences et la technologie.<br \/>\nDe plus, vous pourrez choisir des articles relatifs aux sciences et technologie dans la Study Box. A travers d&rsquo;articles scientifiques du monde r\u00e9el, vous pourrez discuter de sujets proches des sujets que vous traitez dans votre activit\u00e9 professionnelle.<br \/>\nNous vous encourageons \u00e9galement de choisir des ressources qui sont pour vous un challenge afin de vous pousser \u00e0 acqu\u00e9rir un vocabulaire vaste.<\/p>\n<h2>Apprendre l&rsquo;anglais scientifique avec un professeur d\u00e9di\u00e9<\/h2>\n<p>Jeremy est l&rsquo;un de nos professeurs d&rsquo;anglais scientifique. Dip\u00f4m\u00e9 en sciences d&rsquo;une grande universit\u00e9 anglaise, il se livre \u00e0 une discussion fructueuse sur les th\u00e8mes scientifiques qui vous int\u00e9ressent. Sa compr\u00e9hension du sujet permet d&rsquo;\u00e9lever la conversation et d&rsquo;avoir un contenu riche et stimulant. Regardez ce qu&rsquo;il en dit.<br \/>\n<iframe src=\"https:\/\/www.youtube.com\/embed\/KnFxsk3KE7Y\" width=\"560\" height=\"315\" frameborder=\"0\" allowfullscreen=\"allowfullscreen\"><\/iframe><\/p>\n<h2>Comment se d\u00e9roulent les cours d&rsquo;anglais professionnels sp\u00e9cialis\u00e9s en anglais scientifique?<\/h2>\n<p>En choisissant l&rsquo;objectif \u00ab\u00a0sciences et technologie\u00a0\u00bb, vous avez acc\u00e8s \u00e0 un large \u00e9ventail de ressources p\u00e9dagogiques dans la Study Box qui sont ax\u00e9s sciences et technologies. Les professeurs d&rsquo;anglais, qui vous sont propos\u00e9s, enseignent en ligne par Skype, Zoom ou par t\u00e9l\u00e9phone. Ils ont \u00e9t\u00e9 s\u00e9lectionn\u00e9s non seulement pour leurs connaissances du domaine, mais ont \u00e9galement \u00e9t\u00e9 form\u00e9s pour vous apporter la meilleure exp\u00e9rience d&rsquo;apprentissage. Un cours par semain est id\u00e9al pour ceux qui ont d\u00e9j\u00e0 un bon niveau d&rsquo;anglais et qui souhaitent se maintenir. Si l&rsquo;objectif est de monter de niveau, alors 2-3 cours par semaine sont recommend\u00e9s. C&rsquo;est \u00e9galement une bonne habitude d&rsquo;\u00e9tuder avec 2 professeurs diff\u00e9rents afin de ne pas s&rsquo;habituer \u00e0 un seul accent.<\/p>\n<p>Depuis 2007, Live-English.net a aid\u00e9 des milliers de professionnels qui travaillent dans le domaine des sciences et de la technologie \u00e0 am\u00e9liorer leur anglais notamment \u00e0 l&rsquo;oral. Vous souhaitez en savoir plus? Inscrivez-vous d\u00e8s maintenant \u00e0 un <a href=\"https:\/\/live-english.net\/free-trial\/\">cours d&rsquo;essai gratuit<\/a>!<\/p>\n <aside id=\"custom_html-66\" class=\"widget_text widget widget_custom_html amr_widget\"><div class=\"textwidget custom-html-widget\"><div>\r\n\t<br><br>\r\n<\/div>\r\n<!--EN-->\r\n<aside id=\"custom_html-74\" class=\"widget_text widget widget_custom_html amr_widget\"><div class=\"textwidget custom-html-widget\"><div><a href=\"https:\/\/member.booknstart.com\/trial-registration?lg=fr&amp;referred_by=CTA&amp;office_id=3\" title=\"Book a Free Trial Lesson\" target=\"_blank\" rel=\"noopener\"><img alt=\"Book your free English trial lesson\" src='https:\/\/live-english.net\/wp-content\/uploads\/2023\/02\/CTA-cours-gratuit.jpg'><\/a>\t\r\n<\/div><\/div><\/aside> <!--FR-->\r\n<!--IT-->\r\n<!--DE-->\r\n <!--ES-->\r\n <!--HE-->\r\n <!--RU--><\/div><\/aside>","protected":false},"excerpt":{"rendered":"<p>Vous avez l&rsquo;impression que vous avez du mal \u00e0 communiquer en anglais dans des situations professionnelles, notamment lorsque vous assistez \u00e0 des conf\u00e9rences scientifiques ou \u00e0 des r\u00e9unions professionnelles? Si c&rsquo;est le cas, ces cours d&rsquo;anglais professionnel d\u00e9di\u00e9 aux sciences<\/p>\n","protected":false},"author":1,"featured_media":24229,"parent":277,"menu_order":0,"comment_status":"closed","ping_status":"closed","template":"","meta":{"_monsterinsights_skip_tracking":false,"_monsterinsights_sitenote_active":false,"_monsterinsights_sitenote_note":"","_monsterinsights_sitenote_category":0,"footnotes":""},"class_list":["post-10882","page","type-page","status-publish","hentry"],"_links":{"self":[{"href":"https:\/\/live-english.net\/fr\/wp-json\/wp\/v2\/pages\/10882","targetHints":{"allow":["GET"]}}],"collection":[{"href":"https:\/\/live-english.net\/fr\/wp-json\/wp\/v2\/pages"}],"about":[{"href":"https:\/\/live-english.net\/fr\/wp-json\/wp\/v2\/types\/page"}],"author":[{"embeddable":true,"href":"https:\/\/live-english.net\/fr\/wp-json\/wp\/v2\/users\/1"}],"replies":[{"embeddable":true,"href":"https:\/\/live-english.net\/fr\/wp-json\/wp\/v2\/comments?post=10882"}],"version-history":[{"count":4,"href":"https:\/\/live-english.net\/fr\/wp-json\/wp\/v2\/pages\/10882\/revisions"}],"predecessor-version":[{"id":29448,"href":"https:\/\/live-english.net\/fr\/wp-json\/wp\/v2\/pages\/10882\/revisions\/29448"}],"up":[{"embeddable":true,"href":"https:\/\/live-english.net\/fr\/wp-json\/wp\/v2\/pages\/277"}],"wp:featuredmedia":[{"embeddable":true,"href":"https:\/\/live-english.net\/fr\/wp-json\/wp\/v2\/media\/24229"}],"wp:attachment":[{"href":"https:\/\/live-english.net\/fr\/wp-json\/wp\/v2\/media?parent=10882"}],"curies":[{"name":"wp","href":"https:\/\/api.w.org\/{rel}","templated":true}]}}