{"id":11041,"date":"2020-05-25T14:36:20","date_gmt":"2020-05-25T14:36:20","guid":{"rendered":"https:\/\/live-english.net\/?page_id=11041"},"modified":"2023-06-22T07:29:28","modified_gmt":"2023-06-22T07:29:28","slug":"developpement-personnel","status":"publish","type":"page","link":"https:\/\/live-english.net\/fr\/cours-anglais-ligne\/cours-anglais-affaires\/developpement-personnel\/","title":{"rendered":"Anglais des affaires: d\u00e9veloppement personnel"},"content":{"rendered":"<p>Apprendre l&rsquo;anglais sous le prisme du d\u00e9veloppement personnel est ce que nous proposons avec ce cours d&rsquo;anglais des affaires sp\u00e9cialis\u00e9 en d\u00e9veloppement personnel. Par Skype, Zoom ou t\u00e9l\u00e9phone, les professeurs de langue anglaise vous permettont d&rsquo;approfondir ce domaine.<\/p>\n<h2>Qu&rsquo;est-ce que le d\u00e9veloppement personnel<\/h2>\n<p>Le d\u00e9veloppement personnel est souvent appel\u00e9 \u201csoft skills\u201d en anglais. Le march\u00e9 du travail actuel demande certaines qualit\u00e9s personnelles de savoir-\u00eatre, quelle que soit le poste pour lequel on postule. Par exemple, un directeur de ventes doit pouvoir motiver ses \u00e9quipes, communiquer en toute confiance, n\u00e9gocier des contrats et avoir un quotien \u00e9motionnel \u00e9lev\u00e9.<\/p>\n<p>Ce cours d&rsquo;anglais sp\u00e9cialis\u00e9 en d\u00e9veloppement personnel comprend des activit\u00e9s qui permettent d&rsquo;am\u00e9liorer la prise de conscience de son identit\u00e9, de ses talents et de son potentiel, de construire son capital humain, de faciliter son employablilit\u00e9, et contribue \u00e0 r\u00e9aliser ses r\u00eaves et aspirations. Apprendre \u00e0 g\u00e9rer ces situations en anglais vous permettra de d\u00e9velopper votre capacit\u00e9 \u00e0 communiquer dans un environnement international.<\/p>\n<h2>Qu&rsquo;est inclu dans le cours d&rsquo;anglais des affaires sp\u00e9cialis\u00e9 en d\u00e9veloppement personnel?<\/h2>\n<p>Le d\u00e9veloppement personnel est un vaste sujet. Les cours d&rsquo;anglais peuvent couvrir les domaines suivants:<\/p>\n<ul>\n<li>La gestion du changement<\/li>\n<li>Le coaching, mentoring<\/li>\n<li>La communication<\/li>\n<li>Les relations interpersonnelles<\/li>\n<li>Le leadership<\/li>\n<li>Les capacit\u00e9s d&rsquo;\u00e9coute<\/li>\n<li>La motivation<\/li>\n<li>La n\u00e9gociation<\/li>\n<li>Le travail d&rsquo;\u00e9quipe<\/li>\n<li>La gestion du temps<\/li>\n<\/ul>\n<aside id=\"custom_html-81\" class=\"widget_text widget widget_custom_html amr_widget\"><div class=\"textwidget custom-html-widget\"><!--EN-->\r\n<aside id=\"custom_html-82\" class=\"widget_text widget widget_custom_html amr_widget\"><div class=\"textwidget custom-html-widget\"><a href=\"https:\/\/member.booknstart.com\/trial-registration?lg=fr&amp;referred_by=sCTA&amp;office_id=3\" title=\"Book a Free Trial Lesson\" target=\"_blank\" rel=\"noopener\"><img decoding=\"async\" src=\"https:\/\/live-english.net\/wp-content\/uploads\/2023\/02\/sCTA-fr2.jpg\" alt=\"Book your Free English Trial lesson\" \/><\/a><\/div><\/aside> <!--FR-->\r\n<!--IT-->\r\n<!--DE-->\r\n <!--ES-->\r\n <!--HE\r\n[do_widget id=custom_html-72] <!--RU-->\r\n<div>\r\n\t<br><br>\r\n<\/div><\/div><\/aside>\n<h2>Pour qui est le cours d&rsquo;anglais sp\u00e9cialis\u00e9 en d\u00e9veloppement personnel?<\/h2>\n<p>Id\u00e9alement, votre anglais est d\u00e9j\u00e0 au moins au niveau interm\u00e9diaire. Vous souhaitez travailler sur votre d\u00e9veloppement personnel en g\u00e9n\u00e9ral et pratiquer l&rsquo;anglais autour de ces probl\u00e9matiques. Ces cours sont particuli\u00e8rement adapt\u00e9s aux professeurs, guides, conseillers, consultants, coaches et chefs d&rsquo;\u00e9quipe.<\/p>\n<h2>Comment fonctionne le cours d&rsquo;anglais en ligne de d\u00e9veloppement personnel?<\/h2>\n<p>En choisissant la sp\u00e9cialit\u00e9 d\u00e9veloppement personnel pour les cours d&rsquo;anglais des affaires, vous avez acc\u00e8s \u00e0 une vaste panoplie de ressources p\u00e9dagogiques li\u00e9es au d\u00e9veloppement personnel. Les professeurs d&rsquo;anglais qui enseignent par Skype, Zoom ou par t\u00e9l\u00e9phone ont l&rsquo;exp\u00e9rience \u00e0 la fois dans l&rsquo;enseignement de l&rsquo;anglais et dans le d\u00e9veloppement personnel. Ils connaissent la terminologie du d\u00e9veloppement personnel ainsi que les ressources p\u00e9dagogiques utilis\u00e9es. Un cours par semaine est une bonne cadence pour ceux qui ont d\u00e9j\u00e0 un niveau avanc\u00e9 et qui souhaitent maintenir leur niveau (apr\u00e8s un retour d&rsquo;expatriation par exemple). Si votre objectif est de monter de niveau, nous recommandons 2-3 cours d&rsquo;anglais par semaine. C&rsquo;est aussi un bon principe d&rsquo;\u00e9tudier avec 2 professeurs diff\u00e9rents afin de ne pas s&rsquo;habituer \u00e0 une seule fa\u00e7on de parler.<\/p>\n<p>Veuillez noter que nous proposons un large \u00e9ventail de sp\u00e9cialit\u00e9s d&rsquo; <a title=\"anglais des affaires\" href=\"https:\/\/live-english.net\/english-courses\/business-english-course\/\">anglais des affaires<\/a> afin de vous aider \u00e0 progresser dans le domaine qui vous int\u00e9resse le plus.<\/p>\n<p>Souhaitez-vous en apprendre davantage sur notre cours d&rsquo;anglais des affaires sp\u00e9cialis\u00e9 en d\u00e9veloppement personnel? Inscrivez-vous d\u00e8s maintenant \u00e0 un <a title=\"cours d&#039;essai gratuit d&#039;anglais\" href=\"https:\/\/live-english.net\/free-trial\/\">cours d&rsquo;essai gratuit<\/a> et discutez de vos objectifs en anglais et des moyens pour y parvenir avec l&rsquo;un de nos professeurs.<\/p>\n <aside id=\"custom_html-66\" class=\"widget_text widget widget_custom_html amr_widget\"><div class=\"textwidget custom-html-widget\"><div>\r\n\t<br><br>\r\n<\/div>\r\n<!--EN-->\r\n<aside id=\"custom_html-74\" class=\"widget_text widget widget_custom_html amr_widget\"><div class=\"textwidget custom-html-widget\"><div><a href=\"https:\/\/member.booknstart.com\/trial-registration?lg=fr&amp;referred_by=CTA&amp;office_id=3\" title=\"Book a Free Trial Lesson\" target=\"_blank\" rel=\"noopener\"><img alt=\"Book your free English trial lesson\" src='https:\/\/live-english.net\/wp-content\/uploads\/2023\/02\/CTA-cours-gratuit.jpg'><\/a>\t\r\n<\/div><\/div><\/aside> <!--FR-->\r\n<!--IT-->\r\n<!--DE-->\r\n <!--ES-->\r\n <!--HE-->\r\n <!--RU--><\/div><\/aside>","protected":false},"excerpt":{"rendered":"<p>Apprendre l&rsquo;anglais sous le prisme du d\u00e9veloppement personnel est ce que nous proposons avec ce cours d&rsquo;anglais des affaires sp\u00e9cialis\u00e9 en d\u00e9veloppement personnel. Par Skype, Zoom ou t\u00e9l\u00e9phone, les professeurs de langue anglaise vous permettont d&rsquo;approfondir ce domaine. Qu&rsquo;est-ce que<\/p>\n","protected":false},"author":1,"featured_media":29526,"parent":277,"menu_order":0,"comment_status":"closed","ping_status":"closed","template":"","meta":{"_monsterinsights_skip_tracking":false,"_monsterinsights_sitenote_active":false,"_monsterinsights_sitenote_note":"","_monsterinsights_sitenote_category":0,"footnotes":""},"class_list":["post-11041","page","type-page","status-publish","hentry"],"_links":{"self":[{"href":"https:\/\/live-english.net\/fr\/wp-json\/wp\/v2\/pages\/11041","targetHints":{"allow":["GET"]}}],"collection":[{"href":"https:\/\/live-english.net\/fr\/wp-json\/wp\/v2\/pages"}],"about":[{"href":"https:\/\/live-english.net\/fr\/wp-json\/wp\/v2\/types\/page"}],"author":[{"embeddable":true,"href":"https:\/\/live-english.net\/fr\/wp-json\/wp\/v2\/users\/1"}],"replies":[{"embeddable":true,"href":"https:\/\/live-english.net\/fr\/wp-json\/wp\/v2\/comments?post=11041"}],"version-history":[{"count":2,"href":"https:\/\/live-english.net\/fr\/wp-json\/wp\/v2\/pages\/11041\/revisions"}],"predecessor-version":[{"id":29534,"href":"https:\/\/live-english.net\/fr\/wp-json\/wp\/v2\/pages\/11041\/revisions\/29534"}],"up":[{"embeddable":true,"href":"https:\/\/live-english.net\/fr\/wp-json\/wp\/v2\/pages\/277"}],"wp:featuredmedia":[{"embeddable":true,"href":"https:\/\/live-english.net\/fr\/wp-json\/wp\/v2\/media\/29526"}],"wp:attachment":[{"href":"https:\/\/live-english.net\/fr\/wp-json\/wp\/v2\/media?parent=11041"}],"curies":[{"name":"wp","href":"https:\/\/api.w.org\/{rel}","templated":true}]}}