{"id":11293,"date":"2020-06-10T08:36:58","date_gmt":"2020-06-10T08:36:58","guid":{"rendered":"https:\/\/live-english.net\/?page_id=11293"},"modified":"2023-06-14T05:54:57","modified_gmt":"2023-06-14T05:54:57","slug":"cours-conversation-anglaise-melange-accents","status":"publish","type":"page","link":"https:\/\/live-english.net\/fr\/cours-anglais-ligne\/cours-conversation-anglais\/cours-conversation-anglaise-melange-accents\/","title":{"rendered":"Cours de conversation anglaise: m\u00e9lange d&rsquo;accents"},"content":{"rendered":"<p>Vous ne savez jamais de quelle origine peuvent \u00eatre vos coll\u00e8gues ou partenaires commerciaux anglophone.<br \/>\nNous recommandons d&rsquo;apprendre avec des professeurs anglophones originaires de diff\u00e9rents pays ou r\u00e9gions. Il n&rsquo;est pas souhaitable de s&rsquo;habituer \u00e0 un seul accent, parce que, dans la vraie vie, on peut \u00eatre amen\u00e9 \u00e0 parler entre autres avec des Am\u00e9ricains, de Anglais, des Australiens, des N\u00e9o-Z\u00e9landais. Alors pourquoi se limiter \u00e0 apprendre l&rsquo;anglais avec un professeur venant d&rsquo;un pays anglophone en particulier?<br \/>\n<aside id=\"custom_html-81\" class=\"widget_text widget widget_custom_html amr_widget\"><div class=\"textwidget custom-html-widget\"><!--EN-->\r\n<aside id=\"custom_html-82\" class=\"widget_text widget widget_custom_html amr_widget\"><div class=\"textwidget custom-html-widget\"><a href=\"https:\/\/member.booknstart.com\/trial-registration?lg=fr&amp;referred_by=sCTA&amp;office_id=3\" title=\"Book a Free Trial Lesson\" target=\"_blank\" rel=\"noopener\"><img decoding=\"async\" src=\"https:\/\/live-english.net\/wp-content\/uploads\/2023\/02\/sCTA-fr2.jpg\" alt=\"Book your Free English Trial lesson\" \/><\/a><\/div><\/aside> <!--FR-->\r\n<!--IT-->\r\n<!--DE-->\r\n <!--ES-->\r\n <!--HE\r\n[do_widget id=custom_html-72] <!--RU-->\r\n<div>\r\n\t<br><br>\r\n<\/div><\/div><\/aside><\/p>\n<h2>Qu&rsquo;est-ce que le cours de conversation anglaise: m\u00e9lange d&rsquo;accents?<\/h2>\n<p>Ce cours d&rsquo;anglais de conversation vous donnera la possibilit\u00e9 d&rsquo;apprendre l&rsquo;anglais avec des professeurs provenant de nombreux pays anglophones (les Etats-Unis, le Royaume-Uni, le Canada, l&rsquo;Australie, la Nouvelle-Z\u00e9lande, l&rsquo;Afrique du Sud). L&rsquo;objectif est de cr\u00e9er une immersion compl\u00e8te comme si vous \u00e9tiez dans ces diff\u00e9rents pays.<br \/>\n<img fetchpriority=\"high\" decoding=\"async\" src=\"https:\/\/live-english.net\/wp-content\/uploads\/2021\/07\/Mix-of-Accents-English-Speaking-Countries-1-scaled.jpg\" alt=\"\" width=\"2560\" height=\"1148\" class=\"alignnone size-full wp-image-14650\" srcset=\"https:\/\/live-english.net\/wp-content\/uploads\/2021\/07\/Mix-of-Accents-English-Speaking-Countries-1-scaled.jpg 2560w, https:\/\/live-english.net\/wp-content\/uploads\/2021\/07\/Mix-of-Accents-English-Speaking-Countries-1-300x135.jpg 300w, https:\/\/live-english.net\/wp-content\/uploads\/2021\/07\/Mix-of-Accents-English-Speaking-Countries-1-1024x459.jpg 1024w, https:\/\/live-english.net\/wp-content\/uploads\/2021\/07\/Mix-of-Accents-English-Speaking-Countries-1-768x345.jpg 768w, https:\/\/live-english.net\/wp-content\/uploads\/2021\/07\/Mix-of-Accents-English-Speaking-Countries-1-1536x689.jpg 1536w, https:\/\/live-english.net\/wp-content\/uploads\/2021\/07\/Mix-of-Accents-English-Speaking-Countries-1-2048x919.jpg 2048w\" sizes=\"(max-width: 2560px) 100vw, 2560px\" \/><\/p>\n<h2>Qu&rsquo;est-ce qui est inclus dans le cours de conversation anglaise: m\u00e9lange d&rsquo;accents?<\/h2>\n<p>Apprendre l&rsquo;anglais avec des professeurs de diff\u00e9rents pays anglophones offre l&rsquo;avantage de travailler sur diff\u00e9rentes comp\u00e9tences:<\/p>\n<ul>\n<li>vous am\u00e9liorez votre accent anglais et vous \u00eates plus sensible aux diff\u00e9rences de prononciation et de grammaire entre l&rsquo;Anglais am\u00e9ricain et l&rsquo;anglais britannique<\/li>\n<li>vous vous familiarisez avec la culture anglo-saxonne<\/li>\n<li>il vous est plus facile de comprendre les anglophones, d&rsquo;o\u00f9 qu&rsquo;ils viennent<\/li>\n<li>vous parlez avec des professeurs de diff\u00e9rentes nationalit\u00e9s et comprenez leurs diff\u00e9rences et similitudes.<\/li>\n<\/ul>\n<p>Regardez cette vid\u00e9o sur ce que pense notre professeur Sharon \u00e0 propos des cours de conversation d&rsquo;anglais et ce qu&rsquo;on apprend de la culture des diff\u00e9rents pays:<\/p>\n<p><iframe width=\"560\" height=\"315\" src=\"https:\/\/www.youtube.com\/embed\/Ogzs_IGY27w\" frameborder=\"0\" allow=\"accelerometer; autoplay; encrypted-media; gyroscope; picture-in-picture\" allowfullscreen><\/iframe><\/p>\n<h2>A qui est destin\u00e9 le cours de conversation anglaise: m\u00e9lange d&rsquo;accents?<\/h2>\n<p>Le cours de conversation anglaise &#8211; m\u00e9lange d&rsquo;accents est destin\u00e9 \u00e0 tous ceux qui, \u00e9tudiants, professionnels, voyageurs, sont int\u00e9ress\u00e9s par l&rsquo;anglais dans sa globalit\u00e9. Beaucoup de nos membres ont pass\u00e9 du temps dans un pays anglophone ou ont l&rsquo;intention de s&rsquo;y rendre prochainement.<\/p>\n<p>Veuillez noter que si vous souhaitez parler \u00e0 des professeurs d&rsquo;une nationalit\u00e9 en particulier, vous pouvez choisir l&rsquo;objectif <a href=\"https:\/\/live-english.net\/english-courses\/spoken-english-course\/english-conversation-course-american-accent\/\" title=\"cours d&#039;anglais accent am\u00e9ricain\">accent am\u00e9ricain<\/a> ou <a href=\"https:\/\/live-english.net\/english-courses\/spoken-english-course\/english-conversation-course-british-accent\/\" title=\"cours d&#039;anglais accent britannique\">accent britannique<\/a>.<\/p>\n<p>En choisissant des cours d&rsquo;anglais o\u00f9 vous avez acc\u00e8s \u00e0 des accents vari\u00e9s, vous avez acc\u00e8s \u00e0 un vaster choix de ressources dans la Study Box, et les professeurs qui enseignent en ligne par Skype, Zoom ou t\u00e9l\u00e9phone proviennent de nombreux pays anglophones. Un cours par semaine est une bonne cadence pour ceux qui ont un bon niveau d&rsquo;anglais et qui souhaitent le maintenir, pour monter de niveau, il est recommand\u00e9 de prendre 2-3 cours par semaine en variant les professeurs.<\/p>\n<p><strong>Vous souhaitez en apprendre davantage sur les cours de conversation en anglais? Inscrivez-vous d\u00e8s maintenant \u00e0 un <a href=\"https:\/\/live-english.net\/free-trial\/\" title=\"Essayez un cours d&#039;anglais gratuitement\">cours d&rsquo;essai gratuit<\/a> au cours duquel vous pourrez recevoir une \u00e9valuation de vos besoins et nos conseils pour vous am\u00e9liorer en anglais.<\/strong><\/p>\n <aside id=\"custom_html-66\" class=\"widget_text widget widget_custom_html amr_widget\"><div class=\"textwidget custom-html-widget\"><div>\r\n\t<br><br>\r\n<\/div>\r\n<!--EN-->\r\n<aside id=\"custom_html-74\" class=\"widget_text widget widget_custom_html amr_widget\"><div class=\"textwidget custom-html-widget\"><div><a href=\"https:\/\/member.booknstart.com\/trial-registration?lg=fr&amp;referred_by=CTA&amp;office_id=3\" title=\"Book a Free Trial Lesson\" target=\"_blank\" rel=\"noopener\"><img alt=\"Book your free English trial lesson\" src='https:\/\/live-english.net\/wp-content\/uploads\/2023\/02\/CTA-cours-gratuit.jpg'><\/a>\t\r\n<\/div><\/div><\/aside> <!--FR-->\r\n<!--IT-->\r\n<!--DE-->\r\n <!--ES-->\r\n <!--HE-->\r\n <!--RU--><\/div><\/aside>","protected":false},"excerpt":{"rendered":"<p>Vous ne savez jamais de quelle origine peuvent \u00eatre vos coll\u00e8gues ou partenaires commerciaux anglophone. Nous recommandons d&rsquo;apprendre avec des professeurs anglophones originaires de diff\u00e9rents pays ou r\u00e9gions. Il n&rsquo;est pas souhaitable de s&rsquo;habituer \u00e0 un seul accent, parce que,<\/p>\n","protected":false},"author":1,"featured_media":28919,"parent":266,"menu_order":0,"comment_status":"closed","ping_status":"closed","template":"","meta":{"_monsterinsights_skip_tracking":false,"_monsterinsights_sitenote_active":false,"_monsterinsights_sitenote_note":"","_monsterinsights_sitenote_category":0,"footnotes":""},"class_list":["post-11293","page","type-page","status-publish","hentry"],"_links":{"self":[{"href":"https:\/\/live-english.net\/fr\/wp-json\/wp\/v2\/pages\/11293","targetHints":{"allow":["GET"]}}],"collection":[{"href":"https:\/\/live-english.net\/fr\/wp-json\/wp\/v2\/pages"}],"about":[{"href":"https:\/\/live-english.net\/fr\/wp-json\/wp\/v2\/types\/page"}],"author":[{"embeddable":true,"href":"https:\/\/live-english.net\/fr\/wp-json\/wp\/v2\/users\/1"}],"replies":[{"embeddable":true,"href":"https:\/\/live-english.net\/fr\/wp-json\/wp\/v2\/comments?post=11293"}],"version-history":[{"count":3,"href":"https:\/\/live-english.net\/fr\/wp-json\/wp\/v2\/pages\/11293\/revisions"}],"predecessor-version":[{"id":14695,"href":"https:\/\/live-english.net\/fr\/wp-json\/wp\/v2\/pages\/11293\/revisions\/14695"}],"up":[{"embeddable":true,"href":"https:\/\/live-english.net\/fr\/wp-json\/wp\/v2\/pages\/266"}],"wp:featuredmedia":[{"embeddable":true,"href":"https:\/\/live-english.net\/fr\/wp-json\/wp\/v2\/media\/28919"}],"wp:attachment":[{"href":"https:\/\/live-english.net\/fr\/wp-json\/wp\/v2\/media?parent=11293"}],"curies":[{"name":"wp","href":"https:\/\/api.w.org\/{rel}","templated":true}]}}