{"id":11773,"date":"2020-07-20T07:17:50","date_gmt":"2020-07-20T07:17:50","guid":{"rendered":"https:\/\/live-english.net\/?page_id=11773"},"modified":"2023-06-22T09:28:53","modified_gmt":"2023-06-22T09:28:53","slug":"ielts","status":"publish","type":"page","link":"https:\/\/live-english.net\/fr\/cours-anglais-ligne\/preparation-examen-anglais\/ielts\/","title":{"rendered":"Pr\u00e9paration \u00e0 l&rsquo;examen d&rsquo;anglais de l&rsquo;IELTS"},"content":{"rendered":"<p>Pr\u00e9parer l&rsquo;IELTS en ligne avec Live-English.net vous aidera \u00e0 passer en revue les \u00e9l\u00e9ments indispensibles pour r\u00e9ussir votre examen. Les professeurs d&rsquo;anglais en ligne qui sont amen\u00e9s \u00e0 vous aider ont \u00e9t\u00e9 form\u00e9s \u00e0 cet examen et ont une connaissance pointue de ce qui est demand\u00e9. Certains de nos professeurs sont m\u00eame des examninateurs officiels de l&rsquo;examen.<\/p>\n<h2>Qu&rsquo;est-ce que l&rsquo;examen d&rsquo;anglais de l&rsquo;IELTS ?<\/h2>\n<p>IELTS signigie <em>International English Language Testing System<\/em>. C&rsquo;est l&rsquo;un des tests internationaux d&rsquo;anglais les plus reconnus. Il se compose de 4 parties: la compr\u00e9hension orale, la compr\u00e9hension \u00e9crite, l&rsquo;expression orale et l&rsquo;expression \u00e9crite. Chaque comp\u00e9tence test\u00e9e est not\u00e9e sur une \u00e9chelle de 0 \u00e0 9 points qui correspond \u00e0 un niveau bien pr\u00e9cis.<\/p>\n<p>Le <a title=\"test de compr\u00e9hension orale de l'IELTS\" href=\"https:\/\/live-english.net\/ielts-listening-tips\/\">test de compr\u00e9hension orale de l&rsquo;IELTS<\/a> dure 30 minutes. Les quatre sections sur lesquelles le candidat est amen\u00e9 \u00e0 plancher sont des dialogues ou monologues que l&rsquo;on \u00e9coute une fois seulement.<\/p>\n<p>Le <a title=\"test de compr\u00e9hension \u00e9crite de l'IELTS\" href=\"https:\/\/live-english.net\/reading-section-ielts\/\">test de compr\u00e9hension \u00e9crite de l&rsquo;IELTS<\/a> dure 60 minutes. Il y a trois sections en ordre croissant de difficult\u00e9.<\/p>\n<p>Le <a title=\"test d'expression \u00e9crite de l'IELTS\" href=\"https:\/\/live-english.net\/writing-ielts\/\">test d&rsquo;expression \u00e9crite de l&rsquo;IELTS<\/a> dure 60 minutes. Il y a deux r\u00e9dactions \u00e0 \u00e9crire.<\/p>\n<p>Le <a title=\"test d'expression orale de l'IELTS\" href=\"https:\/\/live-english.net\/score-you-want-ielts-speaking\/\">test d&rsquo;expression orale de l&rsquo;IELTS<\/a> est compos\u00e9 de trois parties avec un examinateur de l&rsquo;IELTS : un entretien introductif, un monologue du candidat pendant une \u00e0 deux minutes sur un sujet particulier, une discussion autour du sujet abord\u00e9 pendant le monologue. Au total, l&rsquo;entretien dure un peu moins de 15 minutes.<br \/>\n<aside id=\"custom_html-81\" class=\"widget_text widget widget_custom_html amr_widget\"><div class=\"textwidget custom-html-widget\"><!--EN-->\r\n<aside id=\"custom_html-82\" class=\"widget_text widget widget_custom_html amr_widget\"><div class=\"textwidget custom-html-widget\"><a href=\"https:\/\/member.booknstart.com\/trial-registration?lg=fr&amp;referred_by=sCTA&amp;office_id=3\" title=\"Book a Free Trial Lesson\" target=\"_blank\" rel=\"noopener\"><img decoding=\"async\" src=\"https:\/\/live-english.net\/wp-content\/uploads\/2023\/02\/sCTA-fr2.jpg\" alt=\"Book your Free English Trial lesson\" \/><\/a><\/div><\/aside> <!--FR-->\r\n<!--IT-->\r\n<!--DE-->\r\n <!--ES-->\r\n <!--HE\r\n[do_widget id=custom_html-72] <!--RU-->\r\n<div>\r\n\t<br><br>\r\n<\/div><\/div><\/aside><\/p>\n<h2>Qu&rsquo;est inclus dans la pr\u00e9paration \u00e0 l&rsquo;examen de l&rsquo;IELTS ?<\/h2>\n<ul>\n<li>Au d\u00e9part, vous aurez une vue d&rsquo;ensemble de l&rsquo;examen, vous pourrez voir les diff\u00e9rents types d&rsquo;exercices sur lesquels vous devrez travailler et vous comprendrez le syst\u00e8me de notation pour que vous puissiez bien comprendre ce qui est attendu de vous.<\/li>\n<li>Vous vous entra\u00eenerez sur des exercices-types de l&rsquo;IELTS.<\/li>\n<li>Vous recevrez des conseils pour monter de niveau en anglais.<\/li>\n<li>Votre professeurs vous apportera la motivtion et la confiance en soi dont vous avez besoin pour r\u00e9ussir l&rsquo;examen de l&rsquo;IELTS.<\/li>\n<\/ul>\n<h2>Apprendez avec des professeurs experts de l&rsquo;IELTS<\/h2>\n<p>Les professeurs qui vous sont propos\u00e9s pour pr\u00e9parer l&rsquo;examen de l&rsquo;IELTS ont une longue exp\u00e9rience de cet examen et comprennent les diff\u00e9rentes comp\u00e9tences sur lesquelles travailler afin de r\u00e9ussir \u00e0 obtenir le score qu&rsquo;il vous faut.<\/p>\n<p>Jeremy, professeur d&rsquo;anglais en ligne \u00e0 Live-English.net, partage avec nous sa vision de l&rsquo;IELTS:<\/p>\n<p><iframe src=\"https:\/\/www.youtube.com\/embed\/SOG7wUygVlE\" width=\"560\" height=\"315\" frameborder=\"0\" allowfullscreen=\"allowfullscreen\"><\/iframe><\/p>\n<h2>A qui est destin\u00e9 le cours de pr\u00e9paration \u00e0 l&rsquo;IELTS ?<\/h2>\n<p>Ce cours est destin\u00e9 \u00e0 tous ceux qui doivent pr\u00e9parer l&rsquo;examen de l&rsquo;IELTS dans les prochaines semaines ou prochains mois. Que vous soyez \u00e9tudiant, professionnel, en cours d&rsquo;expatriation, nous vous aiderons \u00e0 obtenir le score qu&rsquo;il vous est n\u00e9cessaire d&rsquo;obtenir \u00e0 l&rsquo;IELTS. Vous pouvez pr\u00e9parer l&rsquo;IELTS sur plusieurs mois ou de fa\u00e7on intensive dans les semaines qui pr\u00e9c\u00e8dent la date de votre examen.<\/p>\n<p><strong>Vous souhaitez en savoir plus sur le cours de pr\u00e9paration \u00e0 l&rsquo;examen IELTS? Inscrivez-vous d\u00e8s maintenant \u00e0 un <a title=\"cours d&#039;essai d&#039;anglais gratuit\" href=\"https:\/\/live-english.net\/free-trial\/\">cours d&rsquo;essai gratuit<\/a> et discutez de vos besoins et objectifs avec l&rsquo;un de nos professeurs d&rsquo;anglais en ligne.<\/strong><\/p>\n <aside id=\"custom_html-66\" class=\"widget_text widget widget_custom_html amr_widget\"><div class=\"textwidget custom-html-widget\"><div>\r\n\t<br><br>\r\n<\/div>\r\n<!--EN-->\r\n<aside id=\"custom_html-74\" class=\"widget_text widget widget_custom_html amr_widget\"><div class=\"textwidget custom-html-widget\"><div><a href=\"https:\/\/member.booknstart.com\/trial-registration?lg=fr&amp;referred_by=CTA&amp;office_id=3\" title=\"Book a Free Trial Lesson\" target=\"_blank\" rel=\"noopener\"><img alt=\"Book your free English trial lesson\" src='https:\/\/live-english.net\/wp-content\/uploads\/2023\/02\/CTA-cours-gratuit.jpg'><\/a>\t\r\n<\/div><\/div><\/aside> <!--FR-->\r\n<!--IT-->\r\n<!--DE-->\r\n <!--ES-->\r\n <!--HE-->\r\n <!--RU--><\/div><\/aside>","protected":false},"excerpt":{"rendered":"<p>Pr\u00e9parer l&rsquo;IELTS en ligne avec Live-English.net vous aidera \u00e0 passer en revue les \u00e9l\u00e9ments indispensibles pour r\u00e9ussir votre examen. Les professeurs d&rsquo;anglais en ligne qui sont amen\u00e9s \u00e0 vous aider ont \u00e9t\u00e9 form\u00e9s \u00e0 cet examen et ont une connaissance<\/p>\n","protected":false},"author":1,"featured_media":29601,"parent":280,"menu_order":0,"comment_status":"closed","ping_status":"closed","template":"","meta":{"footnotes":""},"class_list":["post-11773","page","type-page","status-publish","hentry"],"_links":{"self":[{"href":"https:\/\/live-english.net\/fr\/wp-json\/wp\/v2\/pages\/11773","targetHints":{"allow":["GET"]}}],"collection":[{"href":"https:\/\/live-english.net\/fr\/wp-json\/wp\/v2\/pages"}],"about":[{"href":"https:\/\/live-english.net\/fr\/wp-json\/wp\/v2\/types\/page"}],"author":[{"embeddable":true,"href":"https:\/\/live-english.net\/fr\/wp-json\/wp\/v2\/users\/1"}],"replies":[{"embeddable":true,"href":"https:\/\/live-english.net\/fr\/wp-json\/wp\/v2\/comments?post=11773"}],"version-history":[{"count":4,"href":"https:\/\/live-english.net\/fr\/wp-json\/wp\/v2\/pages\/11773\/revisions"}],"predecessor-version":[{"id":29609,"href":"https:\/\/live-english.net\/fr\/wp-json\/wp\/v2\/pages\/11773\/revisions\/29609"}],"up":[{"embeddable":true,"href":"https:\/\/live-english.net\/fr\/wp-json\/wp\/v2\/pages\/280"}],"wp:featuredmedia":[{"embeddable":true,"href":"https:\/\/live-english.net\/fr\/wp-json\/wp\/v2\/media\/29601"}],"wp:attachment":[{"href":"https:\/\/live-english.net\/fr\/wp-json\/wp\/v2\/media?parent=11773"}],"curies":[{"name":"wp","href":"https:\/\/api.w.org\/{rel}","templated":true}]}}